{"id":91,"date":"2013-08-17T15:41:52","date_gmt":"2013-08-17T15:41:52","guid":{"rendered":"http:\/\/desafioglobal.org\/pt\/?page_id=91"},"modified":"2015-05-05T17:25:31","modified_gmt":"2015-05-05T17:25:31","slug":"informes-de-politicas-publicas","status":"publish","type":"page","link":"http:\/\/desafioglobal.org\/pt\/documentos\/informes-de-politicas-publicas\/","title":{"rendered":"Informes de Pol\u00edtica P\u00fablica"},"content":{"rendered":"<p><strong>DESAFIO Informe de Pol\u00edtica P\u00fablica 1<\/strong><\/p>\n<p><a href=\"http:\/\/desafioglobal.org\/pt\/wp-content\/uploads\/sites\/3\/2013\/09\/DESAFIO-Informe-de-Pol\u00edticas-P\u00fablicas-1-Portugu\u00e9s.pdf\" target=\"_blank\"><img decoding=\"async\" loading=\"lazy\" class=\"alignleft wp-image-707 size-medium\" src=\"http:\/\/desafioglobal.org\/pt\/wp-content\/uploads\/sites\/3\/2015\/05\/Capa-Informe-1-Portugu\u00eas-213x300.png\" alt=\"\" width=\"213\" height=\"300\" srcset=\"http:\/\/desafioglobal.org\/pt\/wp-content\/uploads\/sites\/3\/2015\/05\/Capa-Informe-1-Portugu\u00eas-213x300.png 213w, http:\/\/desafioglobal.org\/pt\/wp-content\/uploads\/sites\/3\/2015\/05\/Capa-Informe-1-Portugu\u00eas-728x1024.png 728w, http:\/\/desafioglobal.org\/pt\/wp-content\/uploads\/sites\/3\/2015\/05\/Capa-Informe-1-Portugu\u00eas-624x878.png 624w, http:\/\/desafioglobal.org\/pt\/wp-content\/uploads\/sites\/3\/2015\/05\/Capa-Informe-1-Portugu\u00eas.png 876w\" sizes=\"(max-width: 213px) 100vw, 213px\" \/><\/a><\/p>\n<p>&nbsp;<\/p>\n<p>&nbsp;<\/p>\n<p>&nbsp;<\/p>\n<p>&nbsp;<\/p>\n<p>&nbsp;<\/p>\n<p>&nbsp;<\/p>\n<p>&nbsp;<\/p>\n<p><a href=\"http:\/\/desafioglobal.org\/pt\/wp-content\/uploads\/sites\/3\/2013\/09\/DESAFIO-Informe-de-Pol\u00edticas-P\u00fablicas-1-Portugu\u00e9s.pdf\">Baixar DESAFIO Informe de Pol\u00edtica P\u00fablica 1<\/a><\/p>\n<p><strong>DESAFIO Informe de Pol\u00edtica P\u00fablica 2<\/strong><\/p>\n<p><a href=\"http:\/\/desafioglobal.org\/pt\/wp-content\/uploads\/sites\/3\/2015\/05\/DESAFIO-Policy-Brief-2-portugu\u00eas.pdf\"><img decoding=\"async\" loading=\"lazy\" class=\"alignleft wp-image-701 size-medium\" src=\"http:\/\/desafioglobal.org\/pt\/wp-content\/uploads\/sites\/3\/2015\/05\/Capa-Informe-2-portugu\u00eas-214x300.jpg\" alt=\"Capa Informe 2 (portugu\u00eas)\" width=\"214\" height=\"300\" srcset=\"http:\/\/desafioglobal.org\/pt\/wp-content\/uploads\/sites\/3\/2015\/05\/Capa-Informe-2-portugu\u00eas-214x300.jpg 214w, http:\/\/desafioglobal.org\/pt\/wp-content\/uploads\/sites\/3\/2015\/05\/Capa-Informe-2-portugu\u00eas-731x1024.jpg 731w, http:\/\/desafioglobal.org\/pt\/wp-content\/uploads\/sites\/3\/2015\/05\/Capa-Informe-2-portugu\u00eas-624x874.jpg 624w, http:\/\/desafioglobal.org\/pt\/wp-content\/uploads\/sites\/3\/2015\/05\/Capa-Informe-2-portugu\u00eas.jpg 1662w\" sizes=\"(max-width: 214px) 100vw, 214px\" \/><\/a><\/p>\n<p>&nbsp;<\/p>\n<p>&nbsp;<\/p>\n<p>&nbsp;<\/p>\n<p>&nbsp;<\/p>\n<p>&nbsp;<\/p>\n<p>&nbsp;<\/p>\n<p>&nbsp;<\/p>\n<p><a href=\"http:\/\/desafioglobal.org\/pt\/wp-content\/uploads\/sites\/3\/2015\/05\/DESAFIO-Policy-Brief-2-portugu\u00eas.pdf\">Baixar DESAFIO Informe de Pol\u00edtica P\u00fablica 2 <\/a><\/p>\n","protected":false},"excerpt":{"rendered":"<p>DESAFIO Informe de Pol\u00edtica P\u00fablica 1 &nbsp; &nbsp; &nbsp; &nbsp; &nbsp; &nbsp; &nbsp; Baixar DESAFIO Informe de Pol\u00edtica P\u00fablica 1 DESAFIO Informe de Pol\u00edtica P\u00fablica 2 &nbsp; &nbsp; &nbsp; &nbsp; &nbsp; &nbsp; &nbsp; Baixar DESAFIO Informe de Pol\u00edtica P\u00fablica 2<\/p>\n","protected":false},"author":2,"featured_media":0,"parent":89,"menu_order":0,"comment_status":"closed","ping_status":"open","template":"","meta":[],"_links":{"self":[{"href":"http:\/\/desafioglobal.org\/pt\/wp-json\/wp\/v2\/pages\/91"}],"collection":[{"href":"http:\/\/desafioglobal.org\/pt\/wp-json\/wp\/v2\/pages"}],"about":[{"href":"http:\/\/desafioglobal.org\/pt\/wp-json\/wp\/v2\/types\/page"}],"author":[{"embeddable":true,"href":"http:\/\/desafioglobal.org\/pt\/wp-json\/wp\/v2\/users\/2"}],"replies":[{"embeddable":true,"href":"http:\/\/desafioglobal.org\/pt\/wp-json\/wp\/v2\/comments?post=91"}],"version-history":[{"count":12,"href":"http:\/\/desafioglobal.org\/pt\/wp-json\/wp\/v2\/pages\/91\/revisions"}],"predecessor-version":[{"id":708,"href":"http:\/\/desafioglobal.org\/pt\/wp-json\/wp\/v2\/pages\/91\/revisions\/708"}],"up":[{"embeddable":true,"href":"http:\/\/desafioglobal.org\/pt\/wp-json\/wp\/v2\/pages\/89"}],"wp:attachment":[{"href":"http:\/\/desafioglobal.org\/pt\/wp-json\/wp\/v2\/media?parent=91"}],"curies":[{"name":"wp","href":"https:\/\/api.w.org\/{rel}","templated":true}]}}