{"id":900,"date":"2016-11-11T03:01:31","date_gmt":"2016-11-11T03:01:31","guid":{"rendered":"http:\/\/desafioglobal.org\/pt\/?page_id=900"},"modified":"2020-08-03T19:20:31","modified_gmt":"2020-08-03T19:20:31","slug":"seminario-em-buenos-aires-argentina-21-de-outubro-de-2016","status":"publish","type":"page","link":"http:\/\/desafioglobal.org\/pt\/reunioes\/reunioes-abertas\/reunioes-pos-projeto\/seminario-em-buenos-aires-argentina-21-de-outubro-de-2016\/","title":{"rendered":"Semin\u00e1rio em Buenos Aires, Argentina, 21 de outubro de 2016"},"content":{"rendered":"<h2>Semin\u00e1rio Internacional de Pesquisa e Debate \u2013 \u201cDemocratiza\u00e7\u00e3o da Governan\u00e7a dos Servi\u00e7os de \u00c1gua e Esgotos por Meio de Inova\u00e7\u00f5es Sociot\u00e9cnicas\u201d<\/h2>\n<p>O evento teve lugar na Cidade Aut\u00f3noma de Buenos Aires. Durante o Semin\u00e1rio foram apresentados resultados do Projeto DESAFIO relevantes para a situa\u00e7\u00e3o que confrontam os servi\u00e7os essenciais de agua e esgotamento sanit\u00e1rio em Argentina, Brasil e Col\u00f4mbia.<\/p>\n<p>&nbsp;<\/p>\n<h3>Programa<\/h3>\n<p><strong>21 de outubro de 2016, 9:00-18:00, <a href=\"http:\/\/www.ccborges.org.ar\/\">Centro Cultural Jorge Luis Borges<\/a>, Cidade Aut\u00f3noma de Buenos Aires, Argentina<\/strong><\/p>\n<p>&nbsp;<\/p>\n<p>9:30 &#8211; 9:45<br \/>\n<strong>Abertura<\/strong> \u201cIntrodu\u00e7\u00e3o e Apresenta\u00e7\u00e3o do Projeto DESAFIO\u201d<\/p>\n<p><strong>Jos\u00e9 Esteban Castro<\/strong>, Conselho Nacional de Pesquisas Cient\u00edficas e T\u00e9cnicas (CONICET), Argentina, Coordenador do Projeto DESAFIO e da Rede WATERLAT-GOBACIT.<br \/>\n<a title=\"DESAFIO Project Seminars, October 2016, Argentina\" href=\"https:\/\/www.flickr.com\/photos\/125391306@N03\/31132408286\/in\/dateposted-public\/\" data-flickr-embed=\"true\"><img decoding=\"async\" loading=\"lazy\" src=\"https:\/\/c7.staticflickr.com\/6\/5675\/31132408286_9e13f65fb8_z.jpg\" alt=\"DESAFIO Project Seminars, October 2016, Argentina\" width=\"640\" height=\"427\"><\/a><script src=\"\/\/embedr.flickr.com\/assets\/client-code.js\" async=\"\" charset=\"utf-8\"><\/script><br \/>\n&nbsp;<br \/>\n<a href=\"https:\/\/youtu.be\/F7RyY4Mxj3Q\">Assista aqui ao v\u00eddeo<\/a><br \/>\n<a href=\"http:\/\/desafioglobal.org\/General PDFs \/Castro211016.pdf\">Baixe aqui a apresenta\u00e7\u00e3o em Powerpoint<\/a><br \/>\n&nbsp;&nbsp;<\/p>\n<p>10:00 \u2013 12:30<\/p>\n<p><strong>Mesa 1<\/strong><\/p>\n<p><strong>Emilio Lentini<\/strong>, Subsecretar\u00eda de Recursos H\u00eddricos da Argentina, Buenos Aires<br \/>\n<a title=\"DESAFIO Project Seminars, October 2016, Argentina\" href=\"https:\/\/www.flickr.com\/photos\/125391306@N03\/30801018220\/in\/dateposted-public\/\" data-flickr-embed=\"true\"><img decoding=\"async\" loading=\"lazy\" src=\"https:\/\/c5.staticflickr.com\/6\/5456\/30801018220_154ddf1cbf_z.jpg\" alt=\"DESAFIO Project Seminars, October 2016, Argentina\" width=\"640\" height=\"427\"><\/a><script src=\"\/\/embedr.flickr.com\/assets\/client-code.js\" async=\"\" charset=\"utf-8\"><\/script><br \/>\n&nbsp;<br \/>\n<a href=\"https:\/\/youtu.be\/MkBZnUw03B4\">Assista aqui ao v\u00eddeo<\/a><br \/>\n<a href=\"http:\/\/desafioglobal.org\/General PDFs \/Lentini211016.pdf\">Baixe aqui a apresenta\u00e7\u00e3o em Powerpoint<\/a><br \/>\n&nbsp;&nbsp;<\/p>\n<p><strong>Helder Cortez<\/strong>, Sistema Integrado de Saneamento Rural (SISAR), Companhia de \u00c1gua e Esgoto do Cear\u00e1 (CAGECE), Fortaleza, Cear\u00e1, Brasil<br \/>\n<a title=\"DESAFIO Project Seminars, October 2016, Argentina\" href=\"https:\/\/www.flickr.com\/photos\/125391306@N03\/31168249025\/in\/dateposted-public\/\" data-flickr-embed=\"true\"><img decoding=\"async\" loading=\"lazy\" src=\"https:\/\/c2.staticflickr.com\/6\/5829\/31168249025_e4f3c74833_z.jpg\" alt=\"DESAFIO Project Seminars, October 2016, Argentina\" width=\"581\" height=\"640\"><\/a><script src=\"\/\/embedr.flickr.com\/assets\/client-code.js\" async=\"\" charset=\"utf-8\"><\/script><br \/>\n&nbsp;<br \/>\n<a href=\"https:\/\/youtu.be\/wJvUWDARD5Q\">Assista aqui ao v\u00eddeo<\/a><br \/>\n<a href=\"http:\/\/desafioglobal.org\/General PDFs \/Cortez211016.pdf\">Baixe aqui a apresenta\u00e7\u00e3o em Powerpoint<\/a><br \/>\n&nbsp;&nbsp;<\/p>\n<p><strong>Rodolfo J. Rojas<\/strong>, Agua y Saneamientos Argentinos S.A. (AySA), Buenos Aires, Argentina<br \/>\n<a title=\"DESAFIO Project Seminars, October 2016, Argentina\" href=\"https:\/\/www.flickr.com\/photos\/125391306@N03\/30361059333\/in\/dateposted-public\/\" data-flickr-embed=\"true\"><img decoding=\"async\" loading=\"lazy\" src=\"https:\/\/c6.staticflickr.com\/6\/5576\/30361059333_7824384331_z.jpg\" alt=\"DESAFIO Project Seminars, October 2016, Argentina\" width=\"640\" height=\"427\"><\/a><script src=\"\/\/embedr.flickr.com\/assets\/client-code.js\" async=\"\" charset=\"utf-8\"><\/script><br \/>\n&nbsp;<br \/>\n<a href=\"https:\/\/youtu.be\/pPFqQRKGexM\">Assista aqui ao v\u00eddeo<\/a><br \/>\n<a href=\"http:\/\/desafioglobal.org\/Presentations\/Rojas.pdf\">Baixe aqui a apresenta\u00e7\u00e3o em Powerpoint<\/a><br \/>\n&nbsp;&nbsp;<\/p>\n<p><strong>Miguel Pe\u00f1a Var\u00f3n<\/strong>, Instituto de Pesquisa e Desenvolvimento em Abastecimento de \u00c1gua, Saneamento Ambiental e Conserva\u00e7\u00e3o do Recurso H\u00eddrico (CINARA), Universidade do Vale (UNIVALLE), Cali, Col\u00f4mbia<br \/>\n<a title=\"DESAFIO Project Seminars, October 2016, Argentina\" href=\"https:\/\/www.flickr.com\/photos\/125391306@N03\/31168267515\/in\/dateposted-public\/\" data-flickr-embed=\"true\"><img decoding=\"async\" loading=\"lazy\" src=\"https:\/\/c4.staticflickr.com\/6\/5807\/31168267515_045b1049b3_z.jpg\" alt=\"DESAFIO Project Seminars, October 2016, Argentina\" width=\"640\" height=\"529\"><\/a><script src=\"\/\/embedr.flickr.com\/assets\/client-code.js\" async=\"\" charset=\"utf-8\"><\/script><br \/>\n&nbsp;<br \/>\n&nbsp;<br \/>\n<a href=\"https:\/\/youtu.be\/GTjLr4YtIK0\">Assista aqui ao v\u00eddeo<\/a><br \/>\n<a href=\"http:\/\/desafioglobal.org\/General PDFs \/Pena211016.pdf\">Baixe aqui a apresenta\u00e7\u00e3o em Powerpoint<\/a><br \/>\n&nbsp;&nbsp;<\/p>\n<p><strong>Gabriela Sacco<\/strong>, Funda\u00e7\u00e3o dos Trabalhadores Sanitaristas para a Forma\u00e7\u00e3o e o Desenvolvimento (FUTRASAFODE), Buenos Aires, Argentina<br \/>\n<a title=\"DESAFIO Project Seminars, October 2016, Argentina\" href=\"https:\/\/www.flickr.com\/photos\/125391306@N03\/31054237131\/in\/dateposted-public\/\" data-flickr-embed=\"true\"><img decoding=\"async\" loading=\"lazy\" src=\"https:\/\/c4.staticflickr.com\/6\/5331\/31054237131_b47db6941d_z.jpg\" alt=\"DESAFIO Project Seminars, October 2016, Argentina\" width=\"640\" height=\"563\"><\/a><script src=\"\/\/embedr.flickr.com\/assets\/client-code.js\" async=\"\" charset=\"utf-8\"><\/script><br \/>\n&nbsp;<br \/>\n<a href=\"https:\/\/youtu.be\/FfyaH3QYNjM\">Assista aqui ao v\u00eddeo<\/a><br \/>\n<a href=\"http:\/\/desafioglobal.org\/Presentations\/Sacco.pdf\">Baixe aqui a apresenta\u00e7\u00e3o em Powerpoint<\/a><br \/>\n&nbsp;&nbsp;<\/p>\n<p>&nbsp;<\/p>\n<p><strong>Intervalo<\/strong><\/p>\n<p>&nbsp;<\/p>\n<p>14:00 \u2013 16:30<\/p>\n<p><strong>Mesa 2<\/strong><\/p>\n<p><strong>Margarita Portapila<\/strong>, Conselho Nacional de Pesquisas Cient\u00edficas e T\u00e9cnicas (CONICET) e Centro Internacional Franco Argentino de Ci\u00eancias da Informa\u00e7\u00e3o e de Sistemas (CIFASIS), Universidade Nacional de Rosario (UNR), Argentina, Coordenadora local do estudo de caso de Santa Fe do Projeto DESAFIO.<br \/>\n<a title=\"DESAFIO Project Seminars, October 2016, Argentina\" href=\"https:\/\/www.flickr.com\/photos\/125391306@N03\/31054230911\/in\/dateposted-public\/\" data-flickr-embed=\"true\"><img decoding=\"async\" loading=\"lazy\" src=\"https:\/\/c8.staticflickr.com\/6\/5807\/31054230911_ecd3fc1265_z.jpg\" alt=\"DESAFIO Project Seminars, October 2016, Argentina\" width=\"640\" height=\"601\"><\/a><script src=\"\/\/embedr.flickr.com\/assets\/client-code.js\" async=\"\" charset=\"utf-8\"><\/script><br \/>\n&nbsp;<br \/>\n<a href=\"https:\/\/youtu.be\/YwlAG3v7Uuk\">Assista aqui ao v\u00eddeo<\/a><br \/>\n<a href=\"http:\/\/desafioglobal.org\/General PDFs \/Portapila211016.pdf\">Baixe aqui a apresenta\u00e7\u00e3o em Powerpoint<\/a><br \/>\n&nbsp;&nbsp;<\/p>\n<p><strong>Hermelinda Maria Rocha Ferreira<\/strong>, Gerente de Apoio aos Organismos de Bacias Hidrogr\u00e1ficas,&nbsp;Ag\u00eancia Pernambucana de \u00c1guas e Clima (APAC), Recife, Brasil<br \/>\n<a title=\"DESAFIO Project Seminars, October 2016, Argentina\" href=\"https:\/\/www.flickr.com\/photos\/125391306@N03\/30346974184\/in\/dateposted-public\/\" data-flickr-embed=\"true\"><img decoding=\"async\" loading=\"lazy\" src=\"https:\/\/c1.staticflickr.com\/6\/5819\/30346974184_e0fe8944e0_z.jpg\" alt=\"DESAFIO Project Seminars, October 2016, Argentina\" width=\"640\" height=\"424\"><\/a><script src=\"\/\/embedr.flickr.com\/assets\/client-code.js\" async=\"\" charset=\"utf-8\"><\/script><br \/>\n&nbsp;<br \/>\n<a href=\"https:\/\/youtu.be\/8PxgOW-IfY8\">Assista aqui ao v\u00eddeo<\/a><br \/>\n<a href=\"http:\/\/desafioglobal.org\/General PDFs \/Ferreira211016.pdf\">Baixe aqui a apresenta\u00e7\u00e3o em Powerpoint<\/a><br \/>\n&nbsp;&nbsp;<\/p>\n<p><strong>Roberto Nowicki<\/strong>, Funda\u00e7\u00e3o dos Trabalhadores Sanitaristas para a Forma\u00e7\u00e3o e o Desenvolvimento (FUTRASAFODE), Buenos Aires, Argentina<br \/>\n<a title=\"DESAFIO Project Seminars, October 2016, Argentina\" href=\"https:\/\/www.flickr.com\/photos\/125391306@N03\/31132288436\/in\/dateposted-public\/\" data-flickr-embed=\"true\"><img decoding=\"async\" loading=\"lazy\" src=\"https:\/\/c5.staticflickr.com\/6\/5599\/31132288436_bacd515a3f_z.jpg\" alt=\"DESAFIO Project Seminars, October 2016, Argentina\" width=\"640\" height=\"456\"><\/a><script src=\"\/\/embedr.flickr.com\/assets\/client-code.js\" async=\"\" charset=\"utf-8\"><\/script><br \/>\n&nbsp;<br \/>\n<a href=\"https:\/\/youtu.be\/XHOxgULAwqs\">Assista aqui ao v\u00eddeo<\/a><br \/>\n<a href=\"http:\/\/desafioglobal.org\/Presentations\/Nowicki.pdf\">Baixe aqui a apresenta\u00e7\u00e3o em Powerpoint<\/a><br \/>\n&nbsp;&nbsp;<\/p>\n<p><strong>Mar\u00eda Eva Koutsovitis<\/strong>, C\u00e1tedra Livre de Engenharia Comunit\u00e1ria (CLIC), Universidade de Buenos Aires (UBA), e Foro H\u00eddrico de Lomas de Zamora, Buenos Aires.<br \/>\n<a title=\"DESAFIO Project Seminars, October 2016, Argentina\" href=\"https:\/\/www.flickr.com\/photos\/125391306@N03\/30800914150\/in\/dateposted-public\/\" data-flickr-embed=\"true\"><img decoding=\"async\" loading=\"lazy\" src=\"https:\/\/c7.staticflickr.com\/6\/5770\/30800914150_23cdc81a41_z.jpg\" alt=\"DESAFIO Project Seminars, October 2016, Argentina\" width=\"640\" height=\"423\"><\/a><script src=\"\/\/embedr.flickr.com\/assets\/client-code.js\" async=\"\" charset=\"utf-8\"><\/script><br \/>\n&nbsp;<br \/>\n<a href=\"https:\/\/youtu.be\/DW2Ycn0TlI4\">Assista aqui ao v\u00eddeo<\/a><br \/>\n<a href=\"http:\/\/desafioglobal.org\/Presentations\/Koutsovitisetal.pdf\">Baixe aqui a apresenta\u00e7\u00e3o em Powerpoint<\/a><br \/>\n&nbsp;&nbsp;<\/p>\n<p><strong>Jos\u00e9 Esteban Castro<\/strong>, Conselho Nacional de Pesquisas Cient\u00edficas e T\u00e9cnicas (CONICET), Argentina, Coordenador do Projeto DESAFIO e da Rede WATERLAT-GOBACIT.<br \/>\n&nbsp;<br \/>\n<a href=\"https:\/\/youtu.be\/0I4OskgM8zQ\">Assista aqui ao v\u00eddeo<\/a><br \/>\n<a href=\"http:\/\/desafioglobal.org\/General PDFs \/Castrob211016.pdf\">Baixe aqui a apresenta\u00e7\u00e3o em Powerpoint<\/a><br \/>\n&nbsp;&nbsp;<\/p>\n<p><strong>Foto do grupo<\/strong><br \/>\n&nbsp;<br \/>\n<a title=\"DESAFIO Project Seminars, October 2016, Argentina\" href=\"https:\/\/www.flickr.com\/photos\/125391306@N03\/31132245386\/in\/dateposted-public\/\" data-flickr-embed=\"true\"><img decoding=\"async\" loading=\"lazy\" src=\"https:\/\/c3.staticflickr.com\/6\/5801\/31132245386_5f536fcba6_z.jpg\" alt=\"DESAFIO Project Seminars, October 2016, Argentina\" width=\"640\" height=\"432\"><\/a><script src=\"\/\/embedr.flickr.com\/assets\/client-code.js\" async=\"\" charset=\"utf-8\"><\/script><br \/>\n&nbsp;<\/p>\n<hr>\n<p>&nbsp;<\/p>\n<p>Organizada conjuntamente pela <a href=\"http:\/\/www.waterlat.org\/\">Rede WATERLAT-GOBACIT<\/a>, com o <a href=\"http:\/\/www.unr.edu.ar\/cei\">Centro de Estudos Interdisciplinares (CEI)<\/a> y el <a href=\"http:\/\/www.cifasis-conicet.gov.ar\/index.html\">Centro Internacional Franco Argentino de Ci\u00eancias da Informa\u00e7\u00e3o e de Sistemas (CIFASIS)<\/a> da Universidade Nacional de Rosario (UNR).<\/p>\n<p style=\"text-align: justify;\"><a href=\"http:\/\/desafioglobal.org\/es\/wp-content\/uploads\/sites\/2\/2015\/03\/WATERLAT-DOS-LINEAS.jpg\"><img decoding=\"async\" loading=\"lazy\" class=\" wp-image-766\" src=\"http:\/\/desafioglobal.org\/es\/wp-content\/uploads\/sites\/2\/2015\/03\/WATERLAT-DOS-LINEAS-300x105.jpg\" alt=\"WATERLAT DOS LINEAS\" width=\"189\" height=\"66\"><\/a>&nbsp;<a href=\"http:\/\/desafioglobal.org\/es\/wp-content\/uploads\/sites\/2\/2016\/10\/cei-logo-png.png\"><img decoding=\"async\" loading=\"lazy\" class=\"wp-image-976\" src=\"http:\/\/desafioglobal.org\/es\/wp-content\/uploads\/sites\/2\/2016\/10\/cei-logo-png-300x212.png\" alt=\"cei-logo-png\" width=\"125\" height=\"88\"><\/a>&nbsp;<a href=\"http:\/\/desafioglobal.org\/es\/wp-content\/uploads\/sites\/2\/2013\/07\/unr.jpg\"><img decoding=\"async\" loading=\"lazy\" class=\" wp-image-134\" src=\"http:\/\/desafioglobal.org\/es\/wp-content\/uploads\/sites\/2\/2013\/07\/unr.jpg\" alt=\"unr\" width=\"82\" height=\"82\"><\/a><\/p>\n<p>&nbsp;<\/p>\n<p>Com apoio de:<\/p>\n<p><a href=\"http:\/\/www.ungs.edu.ar\/ms_ungs\/\">Universidade Nacional de General Sarmiento (UNGS)<\/a>, Buenos Aires<br \/>\n<a href=\"http:\/\/futrasafode.org\/\">Funda\u00e7\u00e3o dos Trabalhadores Sanitaristas para a Forma\u00e7\u00e3o e o Desenvolvimento (FUTRASAFODE)<\/a>, Buenos Aires<br \/>\n<a href=\"http:\/\/www.encuentromundi.org\/\">C\u00e1tedra do Di\u00e1logo e da Cultura do Encontro, Funda\u00e7\u00e3o Panamericana para o Desenvolvimento Integral dos Altos Estudos<\/a><br \/>\nUniversidade Nacional de Tres de Febrero (UNTREF)<br \/>\n<a href=\"http:\/\/www.ina.gov.ar\/\">Instituto Nacional da \u00c1gua (INA), Argentina<\/a>,<br \/>\n<a href=\"http:\/\/www.world-psi.org\/es\/home\">Internacional de Servi\u00e7os P\u00fablicos (ISP)<\/a><\/p>\n<p style=\"text-align: justify;\"><a href=\"http:\/\/desafioglobal.org\/es\/wp-content\/uploads\/sites\/2\/2016\/10\/UNGS.jpg\"><img decoding=\"async\" loading=\"lazy\" class=\" wp-image-991\" src=\"http:\/\/desafioglobal.org\/es\/wp-content\/uploads\/sites\/2\/2016\/10\/UNGS-300x113.jpg\" alt=\"ungs\" width=\"162\" height=\"61\"><\/a>&nbsp;<a href=\"http:\/\/desafioglobal.org\/es\/wp-content\/uploads\/sites\/2\/2016\/10\/futrasafode_logo_ok-color-1.jpg\"><img decoding=\"async\" loading=\"lazy\" class=\" wp-image-988\" src=\"http:\/\/desafioglobal.org\/es\/wp-content\/uploads\/sites\/2\/2016\/10\/futrasafode_logo_ok-color-1-286x300.jpg\" alt=\"futrasafode_logo_ok-color-1\" width=\"91\" height=\"96\"><\/a>&nbsp;<a href=\"http:\/\/desafioglobal.org\/es\/wp-content\/uploads\/sites\/2\/2016\/10\/LogoEncuentro.jpg\"><img decoding=\"async\" loading=\"lazy\" class=\" wp-image-989\" src=\"http:\/\/desafioglobal.org\/es\/wp-content\/uploads\/sites\/2\/2016\/10\/LogoEncuentro-300x96.jpg\" alt=\"logoencuentro\" width=\"184\" height=\"59\"><\/a>&nbsp;<a href=\"http:\/\/desafioglobal.org\/es\/wp-content\/uploads\/sites\/2\/2016\/10\/ISP-Logo.gif\"><img decoding=\"async\" loading=\"lazy\" class=\"wp-image-977\" src=\"http:\/\/desafioglobal.org\/es\/wp-content\/uploads\/sites\/2\/2016\/10\/ISP-Logo.gif\" alt=\"isp-logo\" width=\"117\" height=\"63\"><\/a>&nbsp;<a href=\"http:\/\/desafioglobal.org\/es\/wp-content\/uploads\/sites\/2\/2016\/10\/Logo_CLiC.png\"><img decoding=\"async\" loading=\"lazy\" class=\"  wp-image-1001 aligncenter\" src=\"http:\/\/desafioglobal.org\/es\/wp-content\/uploads\/sites\/2\/2016\/10\/Logo_CLiC-300x186.png\" alt=\"logo_clic\" width=\"90\" height=\"56\"><\/a><\/p>\n","protected":false},"excerpt":{"rendered":"<p>Semin\u00e1rio Internacional de Pesquisa e Debate \u2013 \u201cDemocratiza\u00e7\u00e3o da Governan\u00e7a dos Servi\u00e7os de \u00c1gua e Esgotos por Meio de Inova\u00e7\u00f5es Sociot\u00e9cnicas\u201d O evento teve lugar na Cidade Aut\u00f3noma de Buenos Aires. Durante o Semin\u00e1rio foram apresentados resultados do Projeto DESAFIO relevantes para a situa\u00e7\u00e3o que confrontam os servi\u00e7os essenciais de agua e esgotamento sanit\u00e1rio em [&hellip;]<\/p>\n","protected":false},"author":3,"featured_media":0,"parent":783,"menu_order":0,"comment_status":"closed","ping_status":"closed","template":"page-templates\/full-width.php","meta":[],"_links":{"self":[{"href":"http:\/\/desafioglobal.org\/pt\/wp-json\/wp\/v2\/pages\/900"}],"collection":[{"href":"http:\/\/desafioglobal.org\/pt\/wp-json\/wp\/v2\/pages"}],"about":[{"href":"http:\/\/desafioglobal.org\/pt\/wp-json\/wp\/v2\/types\/page"}],"author":[{"embeddable":true,"href":"http:\/\/desafioglobal.org\/pt\/wp-json\/wp\/v2\/users\/3"}],"replies":[{"embeddable":true,"href":"http:\/\/desafioglobal.org\/pt\/wp-json\/wp\/v2\/comments?post=900"}],"version-history":[{"count":4,"href":"http:\/\/desafioglobal.org\/pt\/wp-json\/wp\/v2\/pages\/900\/revisions"}],"predecessor-version":[{"id":926,"href":"http:\/\/desafioglobal.org\/pt\/wp-json\/wp\/v2\/pages\/900\/revisions\/926"}],"up":[{"embeddable":true,"href":"http:\/\/desafioglobal.org\/pt\/wp-json\/wp\/v2\/pages\/783"}],"wp:attachment":[{"href":"http:\/\/desafioglobal.org\/pt\/wp-json\/wp\/v2\/media?parent=900"}],"curies":[{"name":"wp","href":"https:\/\/api.w.org\/{rel}","templated":true}]}}