{"id":9,"date":"2013-07-08T20:03:29","date_gmt":"2013-07-08T20:03:29","guid":{"rendered":"http:\/\/desafioglobal.org\/pt\/?page_id=9"},"modified":"2015-08-20T22:02:57","modified_gmt":"2015-08-20T22:02:57","slug":"reunioes","status":"publish","type":"page","link":"http:\/\/desafioglobal.org\/pt\/reunioes\/","title":{"rendered":"Reuni\u00f5es"},"content":{"rendered":"<p>Durante o per\u00edodo do projeto (1-2-2013 at\u00e9 31-7-2015), DESAFIO organizou uma variedade de reuni\u00f5es que cobriram as atividades de coordena\u00e7\u00e3o e gest\u00e3o, de pesquisa, do engajamento com o p\u00fablico e da dissemina\u00e7\u00e3o das nossas atividades e resultados. Agrupamos estes eventos em Reuni\u00f5es do Projeto e Reuni\u00f5es de Engajamento e Dissemina\u00e7\u00e3o. Nosso <a href=\"http:\/\/desafioglobal.org\/pt\/boletim\/\">Boletim<\/a> apresentou informa\u00e7\u00e3o regular sobre estas reuni\u00f5es. Adicionalmente, os s\u00f3cios decidiram organizar Reuni\u00f5es P\u00f3s-Projeto, autofinanciadas, depois do fim do projeto em julho de 2015. Estes encontros tem a finalidade de potencializar as atividades de dissemina\u00e7\u00e3o de resultados da pesquisa e a intera\u00e7\u00e3o com atores sociais relevantes aos temas do projeto.<\/p>\n<h2>Reuni\u00f5es do Projeto<\/h2>\n<p>A Equipe do DESAFIO realizou em total tr\u00eas reuni\u00f5es presenciais durante a vida do Projeto, em fevereiro de 2013, em agosto de 2014, e em julho de 2015 (ver abaixo Reuni\u00f5es Presenciais do Projeto). Estas foram reuni\u00f5es plen\u00e1rias presenciais com a participa\u00e7\u00e3o dos representantes de todas as institui\u00e7\u00f5es da Equipe de Pesquisa para discutir o avan\u00e7o do projeto e desenvolver planos para as seguintes etapas. Em geral, convidamos a estas reuni\u00f5es aos integrantes do nosso <a href=\"http:\/\/desafioglobal.org\/pt\/coordenacao\/comite\/\">Comit\u00ea Assessor Estrat\u00e9gico<\/a> e dos <a href=\"http:\/\/desafioglobal.org\/pt\/coordenacao\/comites-de-assessoramento-dos-estudos-de-caso\/\">Comit\u00eas Assessores dos Estudos de Caso<\/a>. Estas reuni\u00f5es presenciais inclu\u00edram sess\u00f5es da Equipe de Gest\u00e3o do Projeto, que esteve encarregada das decis\u00f5es sobre o avan\u00e7o e a gest\u00e3o do projeto.<\/p>\n<p>Veja mais detalhes das nossas tr\u00eas <a href=\"http:\/\/desafioglobal.org\/pt\/reunioes-internas\/\"> Reuni\u00f5es Presenciais do Projeto aqui<\/a>.<\/p>\n<p>Entre estas tr\u00eas reuni\u00f5es presenciais nosso projeto realizou regularmente reuni\u00f5es plen\u00e1rias virtuais da Equipe de Pesquisa, via Internet, com objetivos similares. Entre a primeira e a segunda reuni\u00e3o presencial nosso projeto realizou quatro reuni\u00f5es plen\u00e1rias virtuais, nos dias 18 de junho de 2013, 26 de agosto de 2013, 25 de novembro de 2013 e 19 de mar\u00e7o de 2014. Entre a segunda e a terceira reuni\u00e3o presencial, realizamos tr\u00eas reuni\u00f5es virtuais nos dias 13 de janeiro, 24 de abril e 8 de julho de 2015.<\/p>\n<p>Adicionalmente, a Unidade de Coordena\u00e7\u00e3o do Projeto teve uma comunica\u00e7\u00e3o regular, normalmente semanal, em pessoa ou pelo telefone, correio eletr\u00f4nico ou Internet. O Coordenador do Projeto tamb\u00e9m realizou reuni\u00f5es regulares, presenciais e virtuais, com os integrantes das Equipes de Pesquisa e de Gest\u00e3o do Projeto locais na Argentina, Brasil, Col\u00f4mbia e Portugal. Estes encontros inclu\u00edram reuni\u00f5es individuais programadas, presenciais e virtuais, com cada equipe de pesquisa encarregada dos <a href=\"http:\/\/desafioglobal.org\/pt\/estudos-de-caso\/\">dez Estudos de Caso do projeto<\/a>, para discutir o avan\u00e7o da pesquisa. Estas reuni\u00f5es inclu\u00edram regularmente aos integrantes do nosso <a href=\"http:\/\/desafioglobal.org\/pt\/coordenacao\/comite\/\">Comit\u00ea Assessor Estrat\u00e9gico<\/a> e dos <a href=\"http:\/\/desafioglobal.org\/pt\/coordenacao\/comites-de-assessoramento-dos-estudos-de-caso\/\">Comit\u00eas Assessores dos Estudos de Caso<\/a>.<\/p>\n<h2>Reuni\u00f5es de Engajamento e Dissemina\u00e7\u00e3o<\/h2>\n<p>DESAFIO organizou uma s\u00e9rie de eventos orientados a envolver aos atores relevantes ao projeto nas nossas atividades de pesquisa e dissemina\u00e7\u00e3o. Para isto, convidamos aos membros das comunidades locais com as quais trabalhamos nos nossos estudos de caso, e aos representantes de institui\u00e7\u00f5es do setor p\u00fablico, ONGs, organiza\u00e7\u00f5es sociais, sindicatos de trabalhadores e outros atores relevantes, incluindo especialistas, acad\u00eamicos e estudantes, e outros professionais que trabalham nesta linha de pesquisa.<\/p>\n<p>Aproveitando que nosso Projeto realizou tr\u00eas grandes reuni\u00f5es plen\u00e1rias internacionais presenciais, com a participa\u00e7\u00e3o de todos os integrantes s\u00eanior de nossa Equipe de Pesquisa, tamb\u00e9m organizamos confer\u00eancias e semin\u00e1rios durante a mesma semana das nossas Reuni\u00f5es do Projeto. Organizamos uma Confer\u00eancia Internacional no dia 25 de fevereiro de 2013, um Curso e Semin\u00e1rio Internacional no dia 29 de agosto de 2014, e nossa Segunda Confer\u00eancia Internacional nos dias 27 e 28 de julho de 2015.<\/p>\n<p>Veja mais detalhes das nossas <a href=\"http:\/\/desafioglobal.org\/pt\/reunioes-abertas\/\"> Reuni\u00f5es de Engajamento e Dissemina\u00e7\u00e3o aqui<\/a>.<\/p>\n<p>Adicionalmente, organizamos reuni\u00f5es regulares de engajamento e dissemina\u00e7\u00e3o ao n\u00edvel local, regional e nacional nos pa\u00edses participantes no DESAFIO, assim como tamb\u00e9m ao n\u00edvel internacional. Estes eventos inclu\u00edram a participa\u00e7\u00e3o dos integrantes do DESAFIO em reuni\u00f5es professionais e acad\u00eamicas, assim como tamb\u00e9m a organiza\u00e7\u00e3o de sess\u00f5es especiais nas reuni\u00f5es anuais da <a href=\"http:\/\/waterlat.org\/pt\/encontros\/encontros-abertos\/\"> Rede WATERLAT-GOBACIT<\/a>.<\/p>\n<h2>Reuni\u00f5es P\u00f3s-Projeto<\/h2>\n<p>Os s\u00f3cios decidiram organizar um n\u00famero de reuni\u00f5es depois do fim do projeto em julho de 2015 para ampliar o impacto do projeto entre poss\u00edveis benefici\u00e1rios dos achados da pesquisa, potencializando as atividades de dissemina\u00e7\u00e3o e a intera\u00e7\u00e3o com atores sociais relevantes. Estas reuni\u00f5es s\u00e3o autofinanciadas pelos s\u00f3cios, em colabora\u00e7\u00e3o com institui\u00e7\u00f5es p\u00fablicas e da sociedade civil, e com o apoio da <a href=\"http:\/\/waterlat.org\/pt\/encontros\/encontros-abertos\/\"> Rede WATERLAT-GOBACIT<\/a>.<br \/>\nLeia mais sobre nossas reuni\u00f5es no <a href=\"http:\/\/desafioglobal.org\/pt\/boletim\/\">Boletim do DESAFIO<\/a>.<\/p>\n<p>&nbsp;<\/p>\n<p>&nbsp;<\/p>\n","protected":false},"excerpt":{"rendered":"<p>Durante o per\u00edodo do projeto (1-2-2013 at\u00e9 31-7-2015), DESAFIO organizou uma variedade de reuni\u00f5es que cobriram as atividades de coordena\u00e7\u00e3o e gest\u00e3o, de pesquisa, do engajamento com o p\u00fablico e da dissemina\u00e7\u00e3o das nossas atividades e resultados. Agrupamos estes eventos em Reuni\u00f5es do Projeto e Reuni\u00f5es de Engajamento e Dissemina\u00e7\u00e3o. Nosso Boletim apresentou informa\u00e7\u00e3o regular [&hellip;]<\/p>\n","protected":false},"author":1,"featured_media":0,"parent":0,"menu_order":0,"comment_status":"closed","ping_status":"closed","template":"page-templates\/full-width.php","meta":[],"_links":{"self":[{"href":"http:\/\/desafioglobal.org\/pt\/wp-json\/wp\/v2\/pages\/9"}],"collection":[{"href":"http:\/\/desafioglobal.org\/pt\/wp-json\/wp\/v2\/pages"}],"about":[{"href":"http:\/\/desafioglobal.org\/pt\/wp-json\/wp\/v2\/types\/page"}],"author":[{"embeddable":true,"href":"http:\/\/desafioglobal.org\/pt\/wp-json\/wp\/v2\/users\/1"}],"replies":[{"embeddable":true,"href":"http:\/\/desafioglobal.org\/pt\/wp-json\/wp\/v2\/comments?post=9"}],"version-history":[{"count":16,"href":"http:\/\/desafioglobal.org\/pt\/wp-json\/wp\/v2\/pages\/9\/revisions"}],"predecessor-version":[{"id":782,"href":"http:\/\/desafioglobal.org\/pt\/wp-json\/wp\/v2\/pages\/9\/revisions\/782"}],"wp:attachment":[{"href":"http:\/\/desafioglobal.org\/pt\/wp-json\/wp\/v2\/media?parent=9"}],"curies":[{"name":"wp","href":"https:\/\/api.w.org\/{rel}","templated":true}]}}