{"id":89,"date":"2013-08-17T15:39:47","date_gmt":"2013-08-17T15:39:47","guid":{"rendered":"http:\/\/desafioglobal.org\/pt\/?page_id=89"},"modified":"2014-11-05T22:20:39","modified_gmt":"2014-11-05T22:20:39","slug":"documentos","status":"publish","type":"page","link":"http:\/\/desafioglobal.org\/pt\/documentos\/","title":{"rendered":"Dissemina\u00e7\u00e3o"},"content":{"rendered":"<p>Aqui apresentamos materiais produzidos para difundir informa\u00e7\u00e3o sobre nossas atividades e produtos, assim como informes de prensa, entrevistas, e outros elementos relacionados com nosso projeto.<\/p>\n<p style=\"padding-left: 30px;\"><strong><em><span style=\"color: #0000ff;\"><span style=\"color: #ff0000;\">Novo!<\/span> <a href=\"http:\/\/ec.europa.eu\/programmes\/horizon2020\/en\/news\/horizon-2020-brief-eu-framework-programme-research-innovation\"><span style=\"color: #0000ff;\">Horizonte 2020<\/span><\/a>, o maior programa de Pesquisa e Inova\u00e7\u00e3o da UE at\u00e9 hoje, com \u20ac80 bilh\u00f5es de financiamento, publicou um informe sobre o andamento de DESAFIO numa nota sobre projetos exitosos financiados pela UE no site oficial do programa. <a href=\"http:\/\/ec.europa.eu\/programmes\/horizon2020\/en\/news\/sanitation-gets-social\"><span style=\"color: #0000ff;\">Confira aqui.<\/span><\/a><\/span><\/em><\/strong><\/p>\n<h3><\/h3>\n<h3><\/h3>\n<h3><a href=\"http:\/\/desafioglobal.org\/pt\/boletim\/\">Boletim<\/a><\/h3>\n<h3><a href=\"http:\/\/desafioglobal.org\/pt\/boletim\/\">Informes de Pol\u00edticas P\u00fablicas<\/a><\/h3>\n<h3><a href=\"http:\/\/desafioglobal.org\/pt\/documentos\/folheto-de-publicidade\/\">Folhetos, Posters<\/a><\/h3>\n","protected":false},"excerpt":{"rendered":"<p>Aqui apresentamos materiais produzidos para difundir informa\u00e7\u00e3o sobre nossas atividades e produtos, assim como informes de prensa, entrevistas, e outros elementos relacionados com nosso projeto. Novo! Horizonte 2020, o maior programa de Pesquisa e Inova\u00e7\u00e3o da UE at\u00e9 hoje, com \u20ac80 bilh\u00f5es de financiamento, publicou um informe sobre o andamento de DESAFIO numa nota sobre [&hellip;]<\/p>\n","protected":false},"author":2,"featured_media":0,"parent":0,"menu_order":0,"comment_status":"closed","ping_status":"open","template":"","meta":[],"_links":{"self":[{"href":"http:\/\/desafioglobal.org\/pt\/wp-json\/wp\/v2\/pages\/89"}],"collection":[{"href":"http:\/\/desafioglobal.org\/pt\/wp-json\/wp\/v2\/pages"}],"about":[{"href":"http:\/\/desafioglobal.org\/pt\/wp-json\/wp\/v2\/types\/page"}],"author":[{"embeddable":true,"href":"http:\/\/desafioglobal.org\/pt\/wp-json\/wp\/v2\/users\/2"}],"replies":[{"embeddable":true,"href":"http:\/\/desafioglobal.org\/pt\/wp-json\/wp\/v2\/comments?post=89"}],"version-history":[{"count":10,"href":"http:\/\/desafioglobal.org\/pt\/wp-json\/wp\/v2\/pages\/89\/revisions"}],"predecessor-version":[{"id":626,"href":"http:\/\/desafioglobal.org\/pt\/wp-json\/wp\/v2\/pages\/89\/revisions\/626"}],"wp:attachment":[{"href":"http:\/\/desafioglobal.org\/pt\/wp-json\/wp\/v2\/media?parent=89"}],"curies":[{"name":"wp","href":"https:\/\/api.w.org\/{rel}","templated":true}]}}