{"id":822,"date":"2015-09-16T17:06:21","date_gmt":"2015-09-16T17:06:21","guid":{"rendered":"http:\/\/desafioglobal.org\/pt\/?page_id=822"},"modified":"2015-11-27T10:41:12","modified_gmt":"2015-11-27T10:41:12","slug":"materializando-o-direito-a-agua-e-aos-servicos-de-saneamento-basico-dia-2","status":"publish","type":"page","link":"http:\/\/desafioglobal.org\/pt\/reunioes\/reunioes-abertas\/reunioes-pos-projeto\/seminar-in-brasilia-9-10-september-2015\/materializando-o-direito-a-agua-e-aos-servicos-de-saneamento-basico-dia-2\/","title":{"rendered":"Materializando o Direito \u00e0 \u00c0gua e aos Servi\u00e7os de Saneamento B\u00e1sico &#8211; Dia 2"},"content":{"rendered":"<h2>Apresenta\u00e7\u00e3o do Livro <span style=\"text-decoration: underline;\">O Direito a \u00c0gua<\/span>, Bras\u00edlia, 10 de setembro de 2015<\/h2>\n<p><a title=\"The Right to Water as Public Policy\/O Direito a \u00c1gua como Pol\u00edtica P\u00fablica\" href=\"https:\/\/www.flickr.com\/photos\/125391306@N03\/21278501499\/\" data-flickr-embed=\"true\"><img decoding=\"async\" loading=\"lazy\" class=\"aligncenter\" src=\"https:\/\/farm1.staticflickr.com\/654\/21278501499_28e8e68269_z.jpg\" alt=\"The Right to Water as Public Policy\/O Direito a \u00c1gua como Pol\u00edtica P\u00fablica\" width=\"452\" height=\"640\" \/><\/a><script src=\"\/\/embedr.flickr.com\/assets\/client-code.js\" async=\"\" charset=\"utf-8\"><\/script><\/p>\n<h3>Programa<\/h3>\n<p><strong>Panelistas<\/strong>:<\/p>\n<p><strong>Jos\u00e9 Esteban Castro<\/strong>, Universidade de Newcastle, Reino Unido, Coordenador da Rede WATERLAT-GOBACIT<\/p>\n<p><strong>L\u00e9o Heller<\/strong>, Centro de Pesquisas Ren\u00e9 Rachou\/CPqRR, Funda\u00e7\u00e3o Oswaldo Cruz e Relator Especial da ONU Para o Direito Humano a \u00c0gua e ao Esgotamento Sanit\u00e1rio<\/p>\n<p><strong>Maria da Piedade Morais<\/strong>, Instituto de Pesquisa Econ\u00f4mica Aplicada (IPEA)<\/p>\n<p><strong>Hermelinda Rocha<\/strong>, Universidade Federal de Pernambuco (UFPE) \/ Agencia Pernambucana de \u00c1guas e Clima (APAC) <a title=\"The Right to Water as Public Policy\/O Direito a \u00c1gua como Pol\u00edtica P\u00fablica\" href=\"https:\/\/www.flickr.com\/photos\/125391306@N03\/21439731776\/\" data-flickr-embed=\"true\"><img decoding=\"async\" loading=\"lazy\" class=\"aligncenter\" src=\"https:\/\/farm6.staticflickr.com\/5809\/21439731776_e783a33254_z.jpg\" alt=\"The Right to Water as Public Policy\/O Direito a \u00c1gua como Pol\u00edtica P\u00fablica\" width=\"640\" height=\"458\" \/><\/a><script src=\"\/\/embedr.flickr.com\/assets\/client-code.js\" async=\"\" charset=\"utf-8\"><\/script><\/p>\n<p>&nbsp;<\/p>\n<p><strong>Moderador<\/strong>:<\/p>\n<p><strong>Marco Aur\u00e9lio Costa<\/strong>, Diretor de Estudos e Pol\u00edticas Regionais, Urbanas e Ambientais, Instituto de Pesquisa Econ\u00f4mica Aplicada (IPEA)<br \/>\n<a title=\"The Right to Water as Public Policy\/O Direito a \u00c1gua como Pol\u00edtica P\u00fablica\" href=\"https:\/\/www.flickr.com\/photos\/125391306@N03\/21278677178\/\" data-flickr-embed=\"true\"><img decoding=\"async\" loading=\"lazy\" class=\"aligncenter\" src=\"https:\/\/farm6.staticflickr.com\/5835\/21278677178_e910574673_z.jpg\" alt=\"The Right to Water as Public Policy\/O Direito a \u00c1gua como Pol\u00edtica P\u00fablica\" width=\"640\" height=\"424\" \/><\/a><script src=\"\/\/embedr.flickr.com\/assets\/client-code.js\" async=\"\" charset=\"utf-8\"><\/script><\/p>\n<h3><a href=\"https:\/\/youtu.be\/53SG-q4M-gQ?list=PLx6qphzdSP6tRENnfg6Df0smjG7MFCM9s\">V\u00eddeo completo das apresenta\u00e7\u00f5es<\/a><\/h3>\n<p>&nbsp;<\/p>\n<p><strong>Coment\u00e1rios<\/strong>:<\/p>\n<p><strong>Ernani Cir\u00edaco de Miranda<\/strong>, Diretor do Departamento de Articula\u00e7\u00e3o Institucional, Secretaria Nacional de Saneamento Ambiental, Minist\u00e9rio das Cidades<\/p>\n<p><strong>Marcos Helano Montenegro<\/strong>, Presidente, Associa\u00e7\u00e3o Brasileira de Engenharia Sanit\u00e1ria do Distrito Federal (ABES-DF), Bras\u00edlia <a title=\"The Right to Water as Public Policy\/O Direito a \u00c1gua como Pol\u00edtica P\u00fablica\" href=\"https:\/\/www.flickr.com\/photos\/125391306@N03\/21439915516\/\" data-flickr-embed=\"true\"><img decoding=\"async\" loading=\"lazy\" class=\"aligncenter\" src=\"https:\/\/farm1.staticflickr.com\/568\/21439915516_333f2918a7_z.jpg\" alt=\"The Right to Water as Public Policy\/O Direito a \u00c1gua como Pol\u00edtica P\u00fablica\" width=\"640\" height=\"424\" \/><\/a><script src=\"\/\/embedr.flickr.com\/assets\/client-code.js\" async=\"\" charset=\"utf-8\"><\/script><\/p>\n<p>&nbsp;<\/p>\n<p><strong>Moderador<\/strong>:<\/p>\n<p><strong>Marco Aur\u00e9lio Costa<\/strong>, Diretor de Estudos e Pol\u00edticas Regionais, Urbanas e Ambientais, Instituto de Pesquisa Econ\u00f4mica Aplicada (IPEA)<\/p>\n<p>&nbsp;<\/p>\n<h3><a href=\"https:\/\/youtu.be\/Zz8hrkypsqg?list=PLx6qphzdSP6tRENnfg6Df0smjG7MFCM9s\">V\u00eddeo completo dos coment\u00e1rios e da discuss\u00e3o<\/a><\/h3>\n<p>&nbsp;<br \/>\n<strong>12:30 Encerramento<\/strong><\/p>\n<p><a title=\"The Right to Water as Public Policy\/O Direito a \u00c1gua como Pol\u00edtica P\u00fablica\" href=\"https:\/\/www.flickr.com\/photos\/125391306@N03\/21277802638\/\" data-flickr-embed=\"true\"><img decoding=\"async\" loading=\"lazy\" class=\"aligncenter\" src=\"https:\/\/farm1.staticflickr.com\/722\/21277802638_8bcddb994f_z.jpg\" alt=\"The Right to Water as Public Policy\/O Direito a \u00c1gua como Pol\u00edtica P\u00fablica\" width=\"640\" height=\"473\" \/><\/a><script src=\"\/\/embedr.flickr.com\/assets\/client-code.js\" async=\"\" charset=\"utf-8\"><\/script><\/p>\n<hr \/>\n<p>&nbsp;<\/p>\n<p>Organizada conjuntamente pelo Instituto de Pesquisa Econ\u00f4mica Aplicada (IPEA), a Rede WATERLAT-GOBACIT, a Secretaria Nacional de Saneamento Ambiental, Minist\u00e9rio das Cidades (MinCid), o Instituto de Rela\u00e7\u00f5es Internacionais (IREL), Universidade de Bras\u00edlia, e a Associa\u00e7\u00e3o Brasileira de Engenharia Sanit\u00e1ria, Distrito Federal (ABES-DF), Bras\u00edlia.<\/p>\n<p><a href=\"http:\/\/www.ipea.gov.br\/\">Auditorio do IPEA<\/a>, Bras\u00edlia, 10 de setembro de 2015.<\/p>\n","protected":false},"excerpt":{"rendered":"<p>Apresenta\u00e7\u00e3o do Livro O Direito a \u00c0gua, Bras\u00edlia, 10 de setembro de 2015 Programa Panelistas: Jos\u00e9 Esteban Castro, Universidade de Newcastle, Reino Unido, Coordenador da Rede WATERLAT-GOBACIT L\u00e9o Heller, Centro de Pesquisas Ren\u00e9 Rachou\/CPqRR, Funda\u00e7\u00e3o Oswaldo Cruz e Relator Especial da ONU Para o Direito Humano a \u00c0gua e ao Esgotamento Sanit\u00e1rio Maria da Piedade [&hellip;]<\/p>\n","protected":false},"author":3,"featured_media":0,"parent":801,"menu_order":0,"comment_status":"closed","ping_status":"closed","template":"page-templates\/full-width.php","meta":[],"_links":{"self":[{"href":"http:\/\/desafioglobal.org\/pt\/wp-json\/wp\/v2\/pages\/822"}],"collection":[{"href":"http:\/\/desafioglobal.org\/pt\/wp-json\/wp\/v2\/pages"}],"about":[{"href":"http:\/\/desafioglobal.org\/pt\/wp-json\/wp\/v2\/types\/page"}],"author":[{"embeddable":true,"href":"http:\/\/desafioglobal.org\/pt\/wp-json\/wp\/v2\/users\/3"}],"replies":[{"embeddable":true,"href":"http:\/\/desafioglobal.org\/pt\/wp-json\/wp\/v2\/comments?post=822"}],"version-history":[{"count":4,"href":"http:\/\/desafioglobal.org\/pt\/wp-json\/wp\/v2\/pages\/822\/revisions"}],"predecessor-version":[{"id":865,"href":"http:\/\/desafioglobal.org\/pt\/wp-json\/wp\/v2\/pages\/822\/revisions\/865"}],"up":[{"embeddable":true,"href":"http:\/\/desafioglobal.org\/pt\/wp-json\/wp\/v2\/pages\/801"}],"wp:attachment":[{"href":"http:\/\/desafioglobal.org\/pt\/wp-json\/wp\/v2\/media?parent=822"}],"curies":[{"name":"wp","href":"https:\/\/api.w.org\/{rel}","templated":true}]}}