{"id":814,"date":"2015-09-15T18:20:16","date_gmt":"2015-09-15T18:20:16","guid":{"rendered":"http:\/\/desafioglobal.org\/pt\/?page_id=814"},"modified":"2015-11-11T08:42:04","modified_gmt":"2015-11-11T08:42:04","slug":"materializando-o-direito-a-agua-e-aos-servicos-de-saneamento-basico-dia-1","status":"publish","type":"page","link":"http:\/\/desafioglobal.org\/pt\/reunioes\/reunioes-abertas\/reunioes-pos-projeto\/seminar-in-brasilia-9-10-september-2015\/materializando-o-direito-a-agua-e-aos-servicos-de-saneamento-basico-dia-1\/","title":{"rendered":"Materializando o Direito \u00e0 \u00c0gua e aos Servi\u00e7os de Saneamento B\u00e1sico &#8211; Dia 1"},"content":{"rendered":"<h2>Semin\u00e1rio de Pesquisa e Debate \u2013 Projeto DESAFIO\u2013 9 de setembro de 2015<\/h2>\n<p><a title=\"DESAFIO - Second Post-Project Meeting \/ Segunda Reuni\u00f3n Pos-Proyecto, Brasilia, 9-10 September 2015\" href=\"https:\/\/www.flickr.com\/photos\/125391306@N03\/21253801618\/\" data-flickr-embed=\"true\"><img decoding=\"async\" loading=\"lazy\" class=\" aligncenter\" src=\"https:\/\/farm6.staticflickr.com\/5698\/21253801618_f2d43d25a4_z.jpg\" alt=\"DESAFIO - Second Post-Project Meeting \/ Segunda Reuni\u00f3n Pos-Proyecto, Brasilia, 9-10 September 2015\" width=\"494\" height=\"640\" \/><\/a><script src=\"\/\/embedr.flickr.com\/assets\/client-code.js\" async=\"\" charset=\"utf-8\"><\/script><\/p>\n<h3>Programa<\/h3>\n<p><strong>09:00-10:00 Mesa de Abertura<\/strong><\/p>\n<p><strong>Eiiti Sato<\/strong>, Diretor da Assessoria de Assuntos Internacionais, Universidade de Bras\u00edlia (INT\/UnB)<\/p>\n<p><strong>Ernani Cir\u00edaco de Miranda<\/strong>, Diretor do Departamento de Articula\u00e7\u00e3o Institucional, Secretaria Nacional de Saneamento Ambiental, Minist\u00e9rio das Cidades, Bras\u00edlia<\/p>\n<p><strong>Marcos Helano Montenegro<\/strong>, Presidente, Associa\u00e7\u00e3o Brasileira de Engenharia Sanit\u00e1ria, Distrito Federal (ABES-DF), Bras\u00edlia. Membro do <a href=\"http:\/\/desafioglobal.org\/pt\/coordenacao\/comite\/\">Comit\u00ea Assessor Estrat\u00e9gico do Projeto DESAFIO<\/a><\/p>\n<p><strong>Jos\u00e9 Esteban Castro<\/strong>, Coordenador do Projeto e da Rede WATERLAT-GOBACIT, Universidade de Newcastle, Reino Unido <\/p>\n<h3><a href=\"https:\/\/youtu.be\/7FB2gR1zV_o\">V\u00eddeo completo da Mesa de Abertura<\/a><\/h3>\n<p><a title=\"DESAFIO - Second Post-Project Meeting \/ Segunda Reuni\u00f3n Pos-Proyecto, Brasilia, 9-10 September 2015\" href=\"https:\/\/www.flickr.com\/photos\/125391306@N03\/21253196908\/\" data-flickr-embed=\"true\"><img decoding=\"async\" loading=\"lazy\" class=\" aligncenter\" src=\"https:\/\/farm1.staticflickr.com\/636\/21253196908_a596df9126_z.jpg\" alt=\"DESAFIO - Second Post-Project Meeting \/ Segunda Reuni\u00f3n Pos-Proyecto, Brasilia, 9-10 September 2015\" width=\"640\" height=\"327\" \/><\/a><script src=\"\/\/embedr.flickr.com\/assets\/client-code.js\" async=\"\" charset=\"utf-8\"><\/script><\/p>\n<p>&nbsp;<\/p>\n<p><strong>10:00-12:30 Mesa 1. Materializando o direito humano \u00e0 \u00e0gua: o desafio em perspectiva<\/strong><\/p>\n<p><strong>Ernani Cir\u00edaco de Miranda<\/strong>, Diretor do Departamento de Articula\u00e7\u00e3o Institucional, Secretaria Nacional de Saneamento Ambiental, Minist\u00e9rio das Cidades, Bras\u00edlia<\/p>\n<p><strong>Marcos Helano Montenegro<\/strong>, Presidente, Associa\u00e7\u00e3o Brasileira de Engenharia Sanit\u00e1ria, Distrito Federal (ABES-DF), Bras\u00edlia. Membro do <a href=\"http:\/\/desafioglobal.org\/pt\/coordenacao\/comite\/\">Comit\u00ea Assessor Estrat\u00e9gico do Projeto DESAFIO<\/a><\/p>\n<p><strong>Francisco dos Santos Lopes<\/strong>, Secret\u00e1rio Executivo, Associa\u00e7\u00e3o Nacional dos Servi\u00e7os Municipais de Saneamento (ASSEMAE), Bras\u00edlia<\/p>\n<p><strong>Juliana Zancul<\/strong>, Coordenadora, \u00c1rea de Saneamento Rural, Departamento de Engenharia e Sa\u00fade P\u00fablica, Funda\u00e7\u00e3o Nacional de Sa\u00fade (FUNASA), Minist\u00e9rio de Sa\u00fade, Bras\u00edlia<\/p>\n<p><strong>Jos\u00e9 Esteban Castro<\/strong>, Coordenador do Projeto e da Rede WATERLAT-GOBACIT, Universidade de Newcastle, Reino Unido<\/p>\n<h3><a href=\"https:\/\/youtu.be\/-IiNvfgsZEk?list=PLx6qphzdSP6sxHigH5SMJSfaa31tYyl8u\">V\u00eddeo completo da Mesa 1<\/a><\/h3>\n<p>&nbsp;<\/p>\n<p><strong>Apresenta\u00e7\u00f5es Mesa 1 em pdf:<\/strong><br \/>\n<a href=\"http:\/\/desafioglobal.org\/General PDFs \/Francisco Lopes.pdf\">Francisco Lopes, ASSEMAE<\/a><\/p>\n<p><a title=\"DESAFIO - Second Post-Project Meeting \/ Segunda Reuni\u00f3n Pos-Proyecto, Brasilia, 9-10 September 2015\" href=\"https:\/\/www.flickr.com\/photos\/125391306@N03\/21253814059\/\" data-flickr-embed=\"true\"><img decoding=\"async\" loading=\"lazy\" class=\" aligncenter\" src=\"https:\/\/farm1.staticflickr.com\/733\/21253814059_6ac79ec238_z.jpg\" alt=\"DESAFIO - Second Post-Project Meeting \/ Segunda Reuni\u00f3n Pos-Proyecto, Brasilia, 9-10 September 2015\" width=\"640\" height=\"338\" \/><\/a><script src=\"\/\/embedr.flickr.com\/assets\/client-code.js\" async=\"\" charset=\"utf-8\"><\/script><\/p>\n<p>&nbsp;<\/p>\n<p><strong>12:30-14:00 Almo\u00e7o<\/strong><\/p>\n<p><strong>14:00-18:30 Mesa 2. Li\u00e7\u00f5es das experi\u00eancias do estudo: os achados em contexto<\/strong><\/p>\n<p><span style=\"text-decoration: underline;\">Primeira parte \u2013 Li\u00e7\u00f5es do Projeto: saneamento rural<\/span><\/p>\n<p><strong>Marcondes Sobreira<\/strong>, Sistema Integrado de Saneamento Rural (SISAR), Companhia de \u00c1gua e Esgoto do Cear\u00e1 (CAGECE), Fortaleza, Cear\u00e1, Brasil<\/p>\n<p><strong>Miguel Pe\u00f1a Var\u00f3n<\/strong>, Director, Instituto de Pesquisa e Desenvolvimento de Servi\u00e7os de \u00c1gua, Saneamento Ambiental, e Conserva\u00e7\u00e3o do Recurso H\u00eddrico (CINARA), Universidade do Vale (UNIVALLE), Cali, Col\u00f4mbia <a title=\"DESAFIO - Second Post-Project Meeting \/ Segunda Reuni\u00f3n Pos-Proyecto, Brasilia, 9-10 September 2015\" href=\"https:\/\/www.flickr.com\/photos\/125391306@N03\/21252708528\/\" data-flickr-embed=\"true\"><img decoding=\"async\" loading=\"lazy\" class=\" aligncenter\" src=\"https:\/\/farm6.staticflickr.com\/5780\/21252708528_9c7ca5f139_z.jpg\" alt=\"DESAFIO - Second Post-Project Meeting \/ Segunda Reuni\u00f3n Pos-Proyecto, Brasilia, 9-10 September 2015\" width=\"640\" height=\"321\" \/><\/a><script src=\"\/\/embedr.flickr.com\/assets\/client-code.js\" async=\"\" charset=\"utf-8\"><\/script><\/p>\n<p>&nbsp;<\/p>\n<p><span style=\"text-decoration: underline;\"> Segunda parte \u2013 Li\u00e7\u00f5es do Projeto: \u00e1reas urbanas vulner\u00e1veis<\/span><\/p>\n<p><strong>C\u00e9sar Rissoli<\/strong>, Gerente, Companhia de Saneamento Ambiental do Distrito Federal (CAESB), Bras\u00edlia<\/p>\n<p><strong>Hermelinda Rocha<\/strong>, Pesquisadora, Universidade Federal de Pernambuco (UFPE), e Gerente, Departamento de Apoio aos Organismos de Bacias Hidrogr\u00e1ficas, Ag\u00eancia Pernambucana de \u00c1guas e Clima (APAC), Recife, Brasil<\/p>\n<h3><a href=\"https:\/\/youtu.be\/LhJ3Y0bt9Jw?list=PLx6qphzdSP6sxHigH5SMJSfaa31tYyl8u\">V\u00eddeo completo da Mesa 2<\/a><\/h3>\n<p>&nbsp;<\/p>\n<p><strong>Apresenta\u00e7\u00f5es Mesa 2 em pdf<\/strong><br \/>\n<a href=\"http:\/\/desafioglobal.org\/General PDFs \/CAGECE.pdf\">Marcondes Sobreira, CAGECE<\/a><br \/>\n<a href=\"http:\/\/desafioglobal.org\/General PDFs \/Miguel Pena.pdf\">Miguel Pe\u00f1a, UNIVALLE<\/a><br \/>\n<a href=\"http:\/\/desafioglobal.org\/General PDFs \/Cesar Rissoli.pdf\">C\u00e9sar Rissoli, CAESB<\/a><br \/>\n<a href=\"http:\/\/desafioglobal.org\/General PDFs \/Hermelinda Rocha.pdf\">Hermelinda Rocha, UFPE-APAC<\/a><\/p>\n<p><a title=\"DESAFIO - Second Post-Project Meeting \/ Segunda Reuni\u00f3n Pos-Proyecto, Brasilia, 9-10 September 2015\" href=\"https:\/\/www.flickr.com\/photos\/125391306@N03\/21253240669\/\" data-flickr-embed=\"true\"><img decoding=\"async\" loading=\"lazy\" class=\" aligncenter\" src=\"https:\/\/farm6.staticflickr.com\/5755\/21253240669_21406d7d8d_z.jpg\" alt=\"DESAFIO - Second Post-Project Meeting \/ Segunda Reuni\u00f3n Pos-Proyecto, Brasilia, 9-10 September 2015\" width=\"640\" height=\"378\" \/><\/a><script src=\"\/\/embedr.flickr.com\/assets\/client-code.js\" async=\"\" charset=\"utf-8\"><\/script><\/p>\n<p>&nbsp;<\/p>\n<p><strong>18:30 Encerramento<\/strong> <a title=\"DESAFIO - Second Post-Project Meeting \/ Segunda Reuni\u00f3n Pos-Proyecto, Brasilia, 9-10 September 2015\" href=\"https:\/\/www.flickr.com\/photos\/125391306@N03\/21448591531\/\" data-flickr-embed=\"true\"><img decoding=\"async\" loading=\"lazy\" class=\" aligncenter\" src=\"https:\/\/farm1.staticflickr.com\/704\/21448591531_27a6ff1642_z.jpg\" alt=\"DESAFIO - Second Post-Project Meeting \/ Segunda Reuni\u00f3n Pos-Proyecto, Brasilia, 9-10 September 2015\" width=\"640\" height=\"357\" \/><\/a><script src=\"\/\/embedr.flickr.com\/assets\/client-code.js\" async=\"\" charset=\"utf-8\"><\/script><\/p>\n<hr \/>\n<p>&nbsp;<\/p>\n<p>Organizada conjuntamente pela Rede WATERLAT-GOBACIT, o Instituto de Pesquisa Econ\u00f4mica Aplicada (IPEA), a Secretaria Nacional de Saneamento Ambiental, Minist\u00e9rio das Cidades (MinCid), o Instituto de Rela\u00e7\u00f5es Internacionais (IREL), Universidade de Bras\u00edlia, e a Associa\u00e7\u00e3o Brasileira de Engenharia Sanit\u00e1ria, Distrito Federal (ABES-DF), Bras\u00edlia.<\/p>\n<p><a href=\"http:\/\/irel.unb.br\/\">Auditorio do Instituto de Rela\u00e7\u00f5es Internacionais (IREL), Universidade de Bras\u00edlia<\/a>, Brasilia, Brasil 9 de setembro de 2015.<\/p>\n","protected":false},"excerpt":{"rendered":"<p>Semin\u00e1rio de Pesquisa e Debate \u2013 Projeto DESAFIO\u2013 9 de setembro de 2015 Programa 09:00-10:00 Mesa de Abertura Eiiti Sato, Diretor da Assessoria de Assuntos Internacionais, Universidade de Bras\u00edlia (INT\/UnB) Ernani Cir\u00edaco de Miranda, Diretor do Departamento de Articula\u00e7\u00e3o Institucional, Secretaria Nacional de Saneamento Ambiental, Minist\u00e9rio das Cidades, Bras\u00edlia Marcos Helano Montenegro, Presidente, Associa\u00e7\u00e3o Brasileira [&hellip;]<\/p>\n","protected":false},"author":3,"featured_media":0,"parent":801,"menu_order":0,"comment_status":"closed","ping_status":"closed","template":"page-templates\/full-width.php","meta":[],"_links":{"self":[{"href":"http:\/\/desafioglobal.org\/pt\/wp-json\/wp\/v2\/pages\/814"}],"collection":[{"href":"http:\/\/desafioglobal.org\/pt\/wp-json\/wp\/v2\/pages"}],"about":[{"href":"http:\/\/desafioglobal.org\/pt\/wp-json\/wp\/v2\/types\/page"}],"author":[{"embeddable":true,"href":"http:\/\/desafioglobal.org\/pt\/wp-json\/wp\/v2\/users\/3"}],"replies":[{"embeddable":true,"href":"http:\/\/desafioglobal.org\/pt\/wp-json\/wp\/v2\/comments?post=814"}],"version-history":[{"count":7,"href":"http:\/\/desafioglobal.org\/pt\/wp-json\/wp\/v2\/pages\/814\/revisions"}],"predecessor-version":[{"id":856,"href":"http:\/\/desafioglobal.org\/pt\/wp-json\/wp\/v2\/pages\/814\/revisions\/856"}],"up":[{"embeddable":true,"href":"http:\/\/desafioglobal.org\/pt\/wp-json\/wp\/v2\/pages\/801"}],"wp:attachment":[{"href":"http:\/\/desafioglobal.org\/pt\/wp-json\/wp\/v2\/media?parent=814"}],"curies":[{"name":"wp","href":"https:\/\/api.w.org\/{rel}","templated":true}]}}