{"id":801,"date":"2015-08-28T16:35:13","date_gmt":"2015-08-28T16:35:13","guid":{"rendered":"http:\/\/desafioglobal.org\/pt\/?page_id=801"},"modified":"2015-09-16T17:08:55","modified_gmt":"2015-09-16T17:08:55","slug":"seminar-in-brasilia-9-10-september-2015","status":"publish","type":"page","link":"http:\/\/desafioglobal.org\/pt\/reunioes\/reunioes-abertas\/reunioes-pos-projeto\/seminar-in-brasilia-9-10-september-2015\/","title":{"rendered":"Semin\u00e1rio em Bras\u00edlia, 9-10 de setembro de 2015"},"content":{"rendered":"<h2>Materializando o Direito \u00e0 \u00c1gua e aos Servi\u00e7os de Saneamento B\u00e1sico<\/h2>\n<p><strong>9-10 de setembro de 2015, Bras\u00edlia<\/strong><\/p>\n<p><strong><a href=\"http:\/\/desafioglobal.org\/pt\/reunioes\/reunioes-abertas\/reunioes-pos-projeto\/seminar-in-brasilia-9-10-september-2015\/materializando-o-direito-a-agua-e-aos-servicos-de-saneamento-basico-dia-1\/\">Dia 1: Semin\u00e1rio de Pesquisa e Debate \u2013 Projeto DESAFIO<\/a><\/strong>, Auditorio do Instituto de Rela\u00e7\u00f5es Internacionais (IREL), Universidade de Bras\u00edlia, Bras\u00edlia, 9 de setembro de 2015.<\/p>\n<p><strong><a href=\"http:\/\/desafioglobal.org\/pt\/reunioes\/reunioes-abertas\/reunioes-pos-projeto\/seminar-in-brasilia-9-10-september-2015\/materializando-o-direito-a-agua-e-aos-servicos-de-saneamento-basico-dia-2\/\">Dia 2: Apresenta\u00e7\u00e3o do Livro: <span style=\"text-decoration: underline;\">O Direito \u00e0 \u00c1gua como Pol\u00edtica P\u00fablica na Am\u00e9rica Latina: uma Explora\u00e7\u00e3o Te\u00f3rica e Emp\u00edrica<\/span>, Jos\u00e9 Esteban Castro, L\u00e9o Heller, e Maria da Piedade Morais (Eds.), Bras\u00edlia: Instituto de Pesquisa Econ\u00f4mica Aplicada (IPEA) \u2013 Rede WATERLAT-GOBACIT, 2015.<\/a><\/strong> Audit\u00f3rio, Instituto de Pesquisa Econ\u00f4mica Aplicada (IPEA), 16\u00ba Andar, Quadra 1, Bloco J, Ed. BNDES, Bras\u00edlia, DF, 10 de setembro de 2015<\/p>\n<p>&nbsp;<\/p>\n<hr \/>\n<p><span style=\"text-decoration: underline;\"><strong>Organiza\u00e7\u00e3o<\/strong><\/span><\/p>\n<p><strong>Jos\u00e9 Esteban Castro<\/strong>, Universidade de Newcastle, Reino Unido, Coordenador do Projeto DESAFIO e da Rede WATERLAT-GOBACIT<\/p>\n<p><strong>Maria da Piedade Morais<\/strong>, Diretoria de Estudos e Pol\u00edticas Regionais, Urbanas e Ambientais (Dirur), Instituto de Pesquisa Econ\u00f4mica Aplicada (IPEA), Bras\u00edlia<\/p>\n<p><strong>Ernani Cir\u00edaco de Miranda<\/strong>, Diretor do Departamento de Articula\u00e7\u00e3o Institucional, Secretaria Nacional de Saneamento Ambiental, Minist\u00e9rio das Cidades, Bras\u00edlia<\/p>\n<p><strong>Marcionila Fernandes<\/strong>, Universidade Estadual da Para\u00edba (UEPB) e Instituto de Rela\u00e7\u00f5es Internacionais (IREL), Universidade de Bras\u00edlia<\/p>\n<p><strong>Marcos Helano Montenegro<\/strong>, Presidente, Associa\u00e7\u00e3o Brasileira de Engenharia Sanit\u00e1ria, Distrito Federal (ABES-DF).\u00a0Membro do <a href=\"http:\/\/desafioglobal.org\/pt\/coordenacao\/comite\/\">Comit\u00ea Assessor Estrat\u00e9gico do Projeto DESAFIO<\/a><\/p>\n","protected":false},"excerpt":{"rendered":"<p>Materializando o Direito \u00e0 \u00c1gua e aos Servi\u00e7os de Saneamento B\u00e1sico 9-10 de setembro de 2015, Bras\u00edlia Dia 1: Semin\u00e1rio de Pesquisa e Debate \u2013 Projeto DESAFIO, Auditorio do Instituto de Rela\u00e7\u00f5es Internacionais (IREL), Universidade de Bras\u00edlia, Bras\u00edlia, 9 de setembro de 2015. Dia 2: Apresenta\u00e7\u00e3o do Livro: O Direito \u00e0 \u00c1gua como Pol\u00edtica P\u00fablica [&hellip;]<\/p>\n","protected":false},"author":3,"featured_media":0,"parent":783,"menu_order":0,"comment_status":"closed","ping_status":"closed","template":"page-templates\/full-width.php","meta":[],"_links":{"self":[{"href":"http:\/\/desafioglobal.org\/pt\/wp-json\/wp\/v2\/pages\/801"}],"collection":[{"href":"http:\/\/desafioglobal.org\/pt\/wp-json\/wp\/v2\/pages"}],"about":[{"href":"http:\/\/desafioglobal.org\/pt\/wp-json\/wp\/v2\/types\/page"}],"author":[{"embeddable":true,"href":"http:\/\/desafioglobal.org\/pt\/wp-json\/wp\/v2\/users\/3"}],"replies":[{"embeddable":true,"href":"http:\/\/desafioglobal.org\/pt\/wp-json\/wp\/v2\/comments?post=801"}],"version-history":[{"count":7,"href":"http:\/\/desafioglobal.org\/pt\/wp-json\/wp\/v2\/pages\/801\/revisions"}],"predecessor-version":[{"id":825,"href":"http:\/\/desafioglobal.org\/pt\/wp-json\/wp\/v2\/pages\/801\/revisions\/825"}],"up":[{"embeddable":true,"href":"http:\/\/desafioglobal.org\/pt\/wp-json\/wp\/v2\/pages\/783"}],"wp:attachment":[{"href":"http:\/\/desafioglobal.org\/pt\/wp-json\/wp\/v2\/media?parent=801"}],"curies":[{"name":"wp","href":"https:\/\/api.w.org\/{rel}","templated":true}]}}