{"id":8,"date":"2013-07-08T20:03:29","date_gmt":"2013-07-08T20:03:29","guid":{"rendered":"http:\/\/desafioglobal.org\/pt\/?page_id=8"},"modified":"2015-02-25T14:15:33","modified_gmt":"2015-02-25T14:15:33","slug":"comite","status":"publish","type":"page","link":"http:\/\/desafioglobal.org\/pt\/coordenacao\/comite\/","title":{"rendered":"Comit\u00ea Assessor Estrat\u00e9gico"},"content":{"rendered":"<h3>Dr. Javier Gonzaga<\/h3>\n<p>Professor Associado, Centro de Pesquisas Juridicas, Pol\u00edticas e Sociais, Faculdade de Ci\u00eancias Juridicas e Sociais, <a href=\"http:\/\/www.ucaldas.edu.co\/\">Universidade de Caldas<\/a>, Manizales, Col\u00f4mbia. Membro do Grupo de Estudos do Observat\u00f3rio de Conflitos Ambientais (OCA).<\/p>\n<h4>Bartiria Lima<\/h4>\n<p>L\u00edder do Movimento de Reforma Urbana no Brasil. Membro da <a href=\"http:\/\/www.conam.org.br\/\">Confedera\u00e7\u00e3o Nacional das Associa\u00e7\u00f5es de Moradores (CONAM)<\/a> e Assessor do <a href=\"http:\/\/www.cidades.gov.br\/\">Conselho Nacional das Cidades, Minist\u00e9rio das Cidades<\/a>, Brasil.<\/p>\n<h4>Eng. Antonio Miranda Neto<\/h4>\n<p>Ex Secretario de \u00c1gua e Saneamento, Munic\u00edpio de Recife, Pernambuco, Brasil. Membro do <a href=\"http:\/\/www.unsgab.org\/\">Conselho de Assessoramento ao Secret\u00e1rio-Geral da ONU para Assuntos de \u00c1gua e Saneamento (UNSGAB)<\/a>.<\/p>\n<h4>Eng. Marcos Helano Montenegro<\/h4>\n<p>Ex Diretor do Departamento de Desenvolvimento e Coopera\u00e7\u00e3o T\u00e9cnica, Secretaria Nacional de Saneamento Ambiental (SNSA), Minist\u00e9rio das Cidades, Brasil. Superintendente de Res\u00edduos S\u00f3lidos, <a href=\"http:\/\/www.adasa.df.gov.br\/\">Ag\u00eancia Reguladora de \u00c1guas, Energia e Saneamento B\u00e1sico do Distrito Federal (ADASA)<\/a>, Bras\u00edlia, Brasil.<\/p>\n<h4>Dra. Olga Ravella<\/h4>\n<p>Vice Diretora, <a href=\"http:\/\/www.iipac.unlp.edu.ar\/\">Instituto de Pesquisa e Pol\u00edticas do Ambiente Constru\u00eddo (IIPAC)<\/a>, Universidade Nacional de La Plata, Argentina.<\/p>\n","protected":false},"excerpt":{"rendered":"<p>Dr. Javier Gonzaga Professor Associado, Centro de Pesquisas Juridicas, Pol\u00edticas e Sociais, Faculdade de Ci\u00eancias Juridicas e Sociais, Universidade de Caldas, Manizales, Col\u00f4mbia. Membro do Grupo de Estudos do Observat\u00f3rio de Conflitos Ambientais (OCA). Bartiria Lima L\u00edder do Movimento de Reforma Urbana no Brasil. Membro da Confedera\u00e7\u00e3o Nacional das Associa\u00e7\u00f5es de Moradores (CONAM) e Assessor [&hellip;]<\/p>\n","protected":false},"author":1,"featured_media":0,"parent":7,"menu_order":0,"comment_status":"closed","ping_status":"closed","template":"page-templates\/full-width.php","meta":[],"_links":{"self":[{"href":"http:\/\/desafioglobal.org\/pt\/wp-json\/wp\/v2\/pages\/8"}],"collection":[{"href":"http:\/\/desafioglobal.org\/pt\/wp-json\/wp\/v2\/pages"}],"about":[{"href":"http:\/\/desafioglobal.org\/pt\/wp-json\/wp\/v2\/types\/page"}],"author":[{"embeddable":true,"href":"http:\/\/desafioglobal.org\/pt\/wp-json\/wp\/v2\/users\/1"}],"replies":[{"embeddable":true,"href":"http:\/\/desafioglobal.org\/pt\/wp-json\/wp\/v2\/comments?post=8"}],"version-history":[{"count":12,"href":"http:\/\/desafioglobal.org\/pt\/wp-json\/wp\/v2\/pages\/8\/revisions"}],"predecessor-version":[{"id":576,"href":"http:\/\/desafioglobal.org\/pt\/wp-json\/wp\/v2\/pages\/8\/revisions\/576"}],"up":[{"embeddable":true,"href":"http:\/\/desafioglobal.org\/pt\/wp-json\/wp\/v2\/pages\/7"}],"wp:attachment":[{"href":"http:\/\/desafioglobal.org\/pt\/wp-json\/wp\/v2\/media?parent=8"}],"curies":[{"name":"wp","href":"https:\/\/api.w.org\/{rel}","templated":true}]}}