{"id":784,"date":"2015-08-21T13:23:20","date_gmt":"2015-08-21T13:23:20","guid":{"rendered":"http:\/\/desafioglobal.org\/pt\/?page_id=784"},"modified":"2015-09-25T10:20:54","modified_gmt":"2015-09-25T10:20:54","slug":"primeira-reuniao-pos-projeto","status":"publish","type":"page","link":"http:\/\/desafioglobal.org\/pt\/reunioes\/reunioes-abertas\/reunioes-pos-projeto\/primeira-reuniao-pos-projeto\/","title":{"rendered":"Semin\u00e1rio em Recife, 19 de agosto de 2015"},"content":{"rendered":"<h2>Democratiza\u00e7\u00e3o da Pol\u00edtica de Servi\u00e7os de Saneamento B\u00e1sico por Meio de Inova\u00e7\u00f5es Sociot\u00e9cnicas. Li\u00e7\u00f5es para enfrentar os desafios<\/h2>\n<p><a title=\"DESAFIO - First Post-Project Meeting \/ Primera Reuni\u00f3n Pos-Proyecto, Recife, 19 August 2015\" href=\"https:\/\/www.flickr.com\/photos\/125391306@N03\/20750143581\/\" data-flickr-embed=\"true\"><img decoding=\"async\" loading=\"lazy\" class=\" aligncenter\" src=\"https:\/\/farm1.staticflickr.com\/650\/20750143581_2c99381c48_z.jpg\" alt=\"DESAFIO - First Post-Project Meeting \/ Primera Reuni\u00f3n Pos-Proyecto, Recife, 19 August 2015\" width=\"513\" height=\"640\" \/><\/a><script src=\"\/\/embedr.flickr.com\/assets\/client-code.js\" async=\"\" charset=\"utf-8\"><\/script><\/p>\n<h3>Programa<\/h3>\n<p><strong>09:00-10:00 Mesa de Abertura<\/strong> \u00a0<\/p>\n<p><strong>Luciano Roberto Rosas de Siqueira<\/strong>, Vice-Prefeito de Recife<\/p>\n<p><strong>Edrise Fragoso<\/strong>, Secretaria de Saneamento, Prefeitura de Recife<\/p>\n<p><strong>Suzana Maria Gico Lima Montenegro<\/strong>, Universidade Federal de Pernambuco (UFPE)<\/p>\n<p><strong>Paulo Rubem Santiago Ferreira<\/strong>, Presidente, Funda\u00e7\u00e3o Joaquim Nabuco<\/p>\n<p><strong>Jaime Jos\u00e9<\/strong>, Sindicato dos Urbanit\u00e1rios, Pernambuco<\/p>\n<p><strong>Adelmo Ara\u00fajo<\/strong>, Federa\u00e7\u00e3o de \u00d3rg\u00e3os para Assist\u00eancia Social e Educacional (FASE), Pernambuco, Membro do Comit\u00ea Assessor Local do Projeto DESAFIO<\/p>\n<p><strong>Jos\u00e9 Esteban Castro<\/strong>, Newcastle University, Coordenador do Projeto DESAFIO<\/p>\n<h3><a href=\"https:\/\/youtu.be\/Nt-3wAR7vBw?list=PLx6qphzdSP6sxHigH5SMJSfaa31tYyl8u\">Video completo da Mesa de Abertura<\/a><\/h3>\n<p>&nbsp;<\/p>\n<p><span style=\"text-decoration: underline;\">Passagens da Mesa de Abertura <\/span><\/p>\n<p><em>Esse semin\u00e1rio ajuda a fazer hist\u00f3ria no Brasil, a hist\u00f3ria da luta popular no Brasil, porque tem rela\u00e7\u00e3o com esses grandes desafios da [democratiza\u00e7\u00e3o] da sociedade brasileira nesse momento.<\/em><\/p>\n<p><strong>Luciano Roberto Rosas de Siqueira<\/strong>, Vice-Prefeito de Recife \u00a0 \u00a0 \u00a0 \u00a0 \u00a0 \u00a0<\/p>\n<p>&nbsp;<\/p>\n<p><em>As quest\u00f5es [a resolver em Brazil] exigem solu\u00e7\u00f5es que podem ser aplicadas localmente mais elas exigem um projeto de desenvolvimento do pais, um projeto de pol\u00edtica de desenvolvimento urbano, a constru\u00e7\u00e3o de cidades sustent\u00e1veis [&#8230;] voc\u00eas podem desde j\u00e1 contar com a <a href=\"http:\/\/www.fundaj.gov.br\/\">Funda\u00e7\u00e3o Joaquim Nabuco<\/a>, com nossos pesquisadores, analistas, assistentes, para que podamos fazer essa discuss\u00e3o e avan\u00e7ar, consolidar essas experi\u00eancias [bem sucedidas que ser\u00e3o discutidas nesse semin\u00e1rio]. O que n\u00f3s estamos cobrando e reiterando \u00e9 exatamente uma pol\u00edtica nacional de financiamento, uma pol\u00edtica de metas, uma pol\u00edtica de controle social, afastando cada vez mais [a pol\u00edtica de privatiza\u00e7\u00e3o dos servi\u00e7os de saneamento que est\u00e1 em andamento, porque] n\u00e3o \u00e9 esse o pa\u00eds que n\u00f3s queremos. Parab\u00e9ns aos organizadores e podem contar com a Funda\u00e7ao Joaquim Nabuco nessa estrat\u00e9gia. <\/em><\/p>\n<p><strong>Paulo Rubem Santiago Ferreira<\/strong>, Presidente, Funda\u00e7\u00e3o Joaquim Nabuco \u00a0 \u00a0 \u00a0 \u00a0 \u00a0<\/p>\n<p>&nbsp;<\/p>\n<p><em>Esse semin\u00e1rio vem em um momento muito oportuno. Eu participei na <a href=\" http:\/\/desafioglobal.org\/pt\/reunioes\/reunioes-abertas\/conferencia\/ \">Primeira Confer\u00eancia Internacional do Projeto DESAFIO l\u00e1 na Universidade Federal de Pernambuco <\/a> [&#8230;] n\u00f3s estamos aqui junto com outros diretores do Sindicato dos Urbanit\u00e1rios para participar desse semin\u00e1rio [&#8230;] esse semin\u00e1rio cai num bom momento, um momento em que o Brasil est\u00e1 numa efervesc\u00eancia e n\u00f3s temos que nos envolver nessa efervesc\u00eancia para passar em limpo o que tem de errado neste pa\u00eds. Parab\u00e9ns aos organizadores e a todos os que est\u00e3o aqui para participar desse semin\u00e1rio.<\/em><\/p>\n<p><strong>Jaime Jos\u00e9<\/strong>, Sindicato dos Urbanit\u00e1rios, Recife \u00a0 \u00a0 \u00a0 \u00a0 \u00a0<\/p>\n<p>&nbsp;<\/p>\n<p><em>A FASE integrou esse projeto desde o in\u00edcio por entender a import\u00e2ncia do instrumental que um projeto como esse poderia trazer para refor\u00e7ar a luta pelo saneamento e o controle social [&#8230;] esperamos que os resultados dessa pesquisa apontem para avan\u00e7ar no processo de mobiliza\u00e7\u00e3o, de controle social, para que o tema do saneamento vire uma pol\u00edtica p\u00fablica sistem\u00e1tica, efetiva, e n\u00e3o uma coisa pontual dependente de quem est\u00e1 no governo l\u00e1. <\/em><\/p>\n<p><strong>Adelmo Ara\u00fajo<\/strong>, Federa\u00e7\u00e3o de \u00d3rg\u00e3os para Assist\u00eancia Social e Educacional (FASE), Pernambuco,\u00a0Membro do <a href=\"http:\/\/desafioglobal.org\/pt\/coordenacao\/comites-de-assessoramento-dos-estudos-de-caso\/\/\">Comit\u00ea Assessor de Estudo de Caso Local do Projeto DESAFIO<\/a>, Recife \u00a0 \u00a0 \u00a0<\/p>\n<p>&nbsp;<\/p>\n<p><em>Podemos dizer que o projeto [DESAFIO] n\u00e3o foi sobre \u00e1gua e esgotamento sanit\u00e1rio, [j\u00e1 que esse tema] \u00e9 como uma janela para ver outra coisa que nos interessa mais, que \u00e9 o processo de democratiza\u00e7\u00e3o da sociedade. O tema de \u00e1gua e esgotamento sanit\u00e1rio, o saneamento b\u00e1sico, \u00e9 um dos muitos temas que tem que ver com democratizar a sociedade, n\u00e3o somente no plano eleitoral mais democratizar a sociedade no plano material, o plano concreto, real. De fato, sim vamos a falar [neste semin\u00e1rio] sobre \u00e1gua e esgotamento sanit\u00e1rio, embora \u00e9 porque estamos interessados em como democratizar a pol\u00edtica de servi\u00e7os p\u00fablicos, incluindo a pol\u00edtica de saneamento b\u00e1sico.<\/em><\/p>\n<p><strong> Jos\u00e9 Esteban Castro<\/strong>, Newcastle University, Coordenador do Projeto DESAFIO <a title=\"DESAFIO - First Post-Project Meeting \/ Primera Reuni\u00f3n Pos-Proyecto, Recife, 19 August 2015\" href=\"https:\/\/www.flickr.com\/photos\/125391306@N03\/20734410772\/\" data-flickr-embed=\"true\"><img decoding=\"async\" loading=\"lazy\" class=\" aligncenter\" src=\"https:\/\/farm6.staticflickr.com\/5812\/20734410772_e1197c6426_z.jpg\" alt=\"DESAFIO - First Post-Project Meeting \/ Primera Reuni\u00f3n Pos-Proyecto, Recife, 19 August 2015\" width=\"640\" height=\"408\" \/><\/a><script src=\"\/\/embedr.flickr.com\/assets\/client-code.js\" async=\"\" charset=\"utf-8\"><\/script><\/p>\n<p>&nbsp;<\/p>\n<p><strong>10:00-13:00 Mesa 1 \u2013 Obst\u00e1culos e facilitadores do processo de democratiza\u00e7\u00e3o da pol\u00edtica e da gest\u00e3o do saneamento<\/strong><\/p>\n<p><strong>Andr\u00e9 Monteiro<\/strong>, Centro de Pesquisas Aggeu Magalh\u00e3es (CPqAM), Funda\u00e7\u00e3o Oswaldo Cruz (Fiocruz)<\/p>\n<p><strong>Ana L\u00facia Britto<\/strong> Universidade Federal de Rio de Janeiro (UFRJ)<\/p>\n<p><strong>Hermelinda Rocha<\/strong>, Universidade Federal de Pernambuco (UFPE) e Agencia Pernambucana de \u00c1guas e Clima (APAC)<\/p>\n<p><strong>Otaciana Ribeiro Alves<\/strong>, Sistema Integrado de Saneamento Rural (SISAR), Companhia de \u00c1gua e Esgoto do Cear\u00e1 (CAGECE)<\/p>\n<p><strong>Colin Brown<\/strong>, Universidade Federal de Minas Gerais (UFMG)<\/p>\n<p><strong>Evanildo Barbosa<\/strong>, Federa\u00e7\u00e3o de \u00d3rg\u00e3os para Assist\u00eancia Social e Educacional (FASE), Pernambuco, Membro do Comit\u00ea Assessor Local do Projeto DESAFIO<\/p>\n<h3><a href=\"https:\/\/youtu.be\/sX13-m9tS5I?list=PLx6qphzdSP6sxHigH5SMJSfaa31tYyl8u\">Video completo da Mesa 1<\/a><\/h3>\n<p>&nbsp;<\/p>\n<p><strong>Apresenta\u00e7\u00f5es Mesa 1 em pdf:<\/strong><br \/>\n<a href=\"http:\/\/desafioglobal.org\/General PDFs \/Hermelinda.pdf\">Hermelinda Rocha<\/a><br \/>\n<a href=\"http:\/\/desafioglobal.org\/General PDFs \/Otaciana Alves.pdf\">Otaciana Alves<\/a><br \/>\n<a href=\"http:\/\/desafioglobal.org\/General PDFs \/Colin Brown.pdf\">Colin Brown<\/a><\/p>\n<p><a title=\"DESAFIO - First Post-Project Meeting \/ Primera Reuni\u00f3n Pos-Proyecto, Recife, 19 August 2015\" href=\"https:\/\/www.flickr.com\/photos\/125391306@N03\/20555322638\/\" data-flickr-embed=\"true\"><img decoding=\"async\" loading=\"lazy\" class=\" aligncenter\" src=\"https:\/\/farm1.staticflickr.com\/698\/20555322638_2b4d93a3e9_z.jpg\" alt=\"DESAFIO - First Post-Project Meeting \/ Primera Reuni\u00f3n Pos-Proyecto, Recife, 19 August 2015\" width=\"640\" height=\"431\" \/><\/a><script src=\"\/\/embedr.flickr.com\/assets\/client-code.js\" async=\"\" charset=\"utf-8\"><\/script><\/p>\n<p><strong>13:00-14:00 Almo\u00e7o<\/strong> \u00a0 \u00a0<\/p>\n<p><strong>14:00-17:00 Mesa 2 \u2013 Os desafios que confronta a democratiza\u00e7\u00e3o da pol\u00edtica e da gest\u00e3o do saneamento no nordeste brasileiro<\/strong> \u00a0 \u00a0<\/p>\n<p><strong>Paulo Rubem Santiago Ferreira<\/strong>, Presidente, Funda\u00e7\u00e3o Joaquim Nabuco<\/p>\n<p><strong>Antonio Miranda Neto<\/strong>, Ex Secret\u00e1rio de Saneamento, Prefeitura de Recife, e Membro do <a href=\"http:\/\/www.unsgab.org\/\"> Conselho de Assessoramento ao Secret\u00e1rio-Geral da ONU para Assuntos de \u00c1gua e Saneamento (UNSGAB)<\/a><\/p>\n<p><strong>Jos\u00e9 Carlos Melo<\/strong>, Ex Vice-Prefeito de Recife<\/p>\n<p><strong>Cidoval Morais de Sousa<\/strong>, Universidade Estadual da Para\u00edba (UEPB)<\/p>\n<p><strong>Jo\u00e3o Jos\u00e9 da Silva<\/strong>, F\u00f3rum Estadual da Reforma Urbana (FERU), Pernambuco \u00a0<\/p>\n<h3><a href=\"https:\/\/youtu.be\/sA_fR7skkSY?list=PLx6qphzdSP6sxHigH5SMJSfaa31tYyl8u\">Video completo da Mesa 2<\/a><\/h3>\n<p>&nbsp;<\/p>\n<p><strong>Apresenta\u00e7\u00f5es Mesa 2 em pdf:<\/strong> <a href=\"http:\/\/desafioglobal.org\/General PDFs \/da Silva.pdf\">Jo\u00e3o Jos\u00e9 da Silva<\/a> <a title=\"DESAFIO - First Post-Project Meeting \/ Primera Reuni\u00f3n Pos-Proyecto, Recife, 19 August 2015\" href=\"https:\/\/www.flickr.com\/photos\/125391306@N03\/20555212818\/\" data-flickr-embed=\"true\"><img decoding=\"async\" loading=\"lazy\" class=\" aligncenter\" src=\"https:\/\/farm1.staticflickr.com\/717\/20555212818_b1de460f3b_z.jpg\" alt=\"DESAFIO - First Post-Project Meeting \/ Primera Reuni\u00f3n Pos-Proyecto, Recife, 19 August 2015\" width=\"640\" height=\"221\" \/><\/a><script src=\"\/\/embedr.flickr.com\/assets\/client-code.js\" async=\"\" charset=\"utf-8\"><\/script><\/p>\n<p>&nbsp;<\/p>\n<p><strong>17:00 Encerramento e distribui\u00e7\u00e3o de c\u00f3pias impressas do livro<\/strong> <a href=\"http:\/\/www.ipea.gov.br\/portal\/index.php?option=com_content&amp;view=article&amp;id=25137&amp;Itemid=383\"> O Direito \u00e0 \u00c1gua como Pol\u00edtica P\u00fablica na Am\u00e9rica Latina: uma Explora\u00e7\u00e3o Te\u00f3rica e Emp\u00edrica<\/a>, Jos\u00e9 Esteban Castro, L\u00e9o Heller e Maria da Piedade Moraes (Eds.), Bras\u00edlia: IPEA e Rede WATERLAT-GOBACIT, 2015.<\/p>\n<p><strong>Jos\u00e9 Esteban Castro<\/strong>, Newcastle University<\/p>\n<p>&nbsp;<\/p>\n<p><a title=\"DESAFIO - First Post-Project Meeting \/ Primera Reuni\u00f3n Pos-Proyecto, Recife, 19 August 2015\" href=\"https:\/\/www.flickr.com\/photos\/125391306@N03\/20733710532\/\" data-flickr-embed=\"true\"><img decoding=\"async\" loading=\"lazy\" class=\" aligncenter\" src=\"https:\/\/farm6.staticflickr.com\/5630\/20733710532_684b3dbfce_z.jpg\" alt=\"DESAFIO - First Post-Project Meeting \/ Primera Reuni\u00f3n Pos-Proyecto, Recife, 19 August 2015\" width=\"640\" height=\"427\" \/><\/a><script src=\"\/\/embedr.flickr.com\/assets\/client-code.js\" async=\"\" charset=\"utf-8\"><\/script><\/p>\n<p>&nbsp;<\/p>\n<p><strong>Rela\u00e7\u00e3o de Institui\u00e7\u00f5es Participantes<\/strong>:<\/p>\n<p>Prefeitura do Recife \u2013 Gabinete do Vice Prefeito<br \/>\nSecretaria de Saneamento do Recife<br \/>\nCAGECE &#8211; Companhia de \u00c1gua e Esgoto do Cear\u00e1<br \/>\nCOMPESA \u2013 Companhia de \u00c1gua e Esgoto de Pernambuco<br \/>\nPRORURAL \u2013 Programa de Apoio ao Pequeno Produtor Rural (ProRural)<br \/>\nSECID &#8211; Secretaria Estadual das Cidades<br \/>\nF\u00f3rum do PREZEIS \u2013 Plano de Regulariza\u00e7\u00e3o das Zonas especiais de Interesse Social<br \/>\nFASE &#8211; Federa\u00e7\u00e3o de \u00d3rg\u00e3os para Assist\u00eancia Social e Educacional<br \/>\nUFMG \u2013 Universidade Federal de Minas Gerais<br \/>\nUFRJ &#8211; Universidade Federal do Rio de Janeiro<br \/>\nUEPB \u2013 Universidade Estadual da Para\u00edba<br \/>\nUFPE &#8211; Universidade Federal de Pernambuco<br \/>\nFUNDAJ \u2013 Funda\u00e7\u00e3o Joaquim Nabuco<br \/>\nSUDENE \u2013 Superintend\u00eancia do Desenvolvimento do Nordeste<br \/>\nAPEVISA \u2013 Ag\u00eancia Pernambucana de Vigil\u00e2ncia Sanit\u00e1ria<br \/>\nABES\/PE &#8211; Associa\u00e7\u00e3o Brasileira de Engenharia Sanit\u00e1ria &#8211; Se\u00e7\u00e3o Pernambuco<br \/>\nAPAC \u2013 Ag\u00eancia Pernambucana de \u00c1guas e Clima<br \/>\nFIOCRUZ \u2013 Funda\u00e7\u00e3o Oswaldo Cruz<br \/>\nTCU \u2013 Tribunal de Contas da Uni\u00e3o<br \/>\nTCE \u2013 Tribunal de Contas do Estado de Pernambuco<br \/>\nMPPE &#8211; Minist\u00e9rio Publico de Pernambuco<br \/>\nTECNOSENG \u2013 Consultoria em Engenharia<br \/>\nFALCONSULT Engenharia\u00a0 \u2013 Consultoria em Engenharia<br \/>\nGrupo Comunit\u00e1rio do Coque<br \/>\nConselho da Cidade de Abreu e Lima<br \/>\nMNLM \u2013 Movimento Nacional de Luta pela Moradia<br \/>\nAssocia\u00e7\u00e3o dos Moradores da Mustardinha<br \/>\nCERPOMA \u2013 Centro de Reabilita\u00e7\u00e3o Popular da Mustardinha<br \/>\nAPPMA \u2013 Associa\u00e7\u00e3o de Prote\u00e7\u00e3o e Preserva\u00e7\u00e3o do Meio Ambiente<br \/>\nCOMUL Mustardinha \u2013 Comiss\u00e3o de Urbaniza\u00e7\u00e3o e Legaliza\u00e7\u00e3o da Posse da Terra<br \/>\nZEIS \u2013 Zona de Interesse Social de Sitio do Berardo<br \/>\nFIJ \u2013 Federa\u00e7\u00e3o de Entidades de Ibura e Jord\u00e3o<br \/>\nGr\u00eamio Recreativo Vi\u00favas Virgens da Mustardinha<br \/>\nMLPC\/PE \u2013 Movimento de Luta Popular e Comunit\u00e1rio de Pernambuco<br \/>\nONG &#8211; Grupo Mulher Maravilha<br \/>\nSISMAL \u2013 Sindicatos dos Servidores Municipais de Abreu e Lima<br \/>\nSINDURB- Sindicato dos Trabalhadores Urbanos de Pernambuco<\/p>\n<hr \/>\n<p>&nbsp;<\/p>\n<p>Organizado conjuntamente pela Universidade Federal de Pernambuco (UFPE), Newcastle University, Reino Unido, Rede WATERLAT-GOBACIT, e Federa\u00e7\u00e3o de \u00d3rg\u00e3os para Assist\u00eancia Social e Educacional (FASE), Pernambuco, Brasil.<\/p>\n<p><a href=\"http:\/\/www.sindsprev.org.br\/\">Audit\u00f3rio do Sindicato dos Trabalhadores P\u00fablicos Federais em Sa\u00fade e Previd\u00eancia Social no Estado de Pernambuco (SINDSPREV)<\/a>, Pernambuco, Recife, Brasil 19 de agosto de 2015.<\/p>\n","protected":false},"excerpt":{"rendered":"<p>Democratiza\u00e7\u00e3o da Pol\u00edtica de Servi\u00e7os de Saneamento B\u00e1sico por Meio de Inova\u00e7\u00f5es Sociot\u00e9cnicas. Li\u00e7\u00f5es para enfrentar os desafios Programa 09:00-10:00 Mesa de Abertura \u00a0 Luciano Roberto Rosas de Siqueira, Vice-Prefeito de Recife Edrise Fragoso, Secretaria de Saneamento, Prefeitura de Recife Suzana Maria Gico Lima Montenegro, Universidade Federal de Pernambuco (UFPE) Paulo Rubem Santiago Ferreira, Presidente, [&hellip;]<\/p>\n","protected":false},"author":3,"featured_media":0,"parent":783,"menu_order":0,"comment_status":"closed","ping_status":"closed","template":"page-templates\/full-width.php","meta":[],"_links":{"self":[{"href":"http:\/\/desafioglobal.org\/pt\/wp-json\/wp\/v2\/pages\/784"}],"collection":[{"href":"http:\/\/desafioglobal.org\/pt\/wp-json\/wp\/v2\/pages"}],"about":[{"href":"http:\/\/desafioglobal.org\/pt\/wp-json\/wp\/v2\/types\/page"}],"author":[{"embeddable":true,"href":"http:\/\/desafioglobal.org\/pt\/wp-json\/wp\/v2\/users\/3"}],"replies":[{"embeddable":true,"href":"http:\/\/desafioglobal.org\/pt\/wp-json\/wp\/v2\/comments?post=784"}],"version-history":[{"count":16,"href":"http:\/\/desafioglobal.org\/pt\/wp-json\/wp\/v2\/pages\/784\/revisions"}],"predecessor-version":[{"id":841,"href":"http:\/\/desafioglobal.org\/pt\/wp-json\/wp\/v2\/pages\/784\/revisions\/841"}],"up":[{"embeddable":true,"href":"http:\/\/desafioglobal.org\/pt\/wp-json\/wp\/v2\/pages\/783"}],"wp:attachment":[{"href":"http:\/\/desafioglobal.org\/pt\/wp-json\/wp\/v2\/media?parent=784"}],"curies":[{"name":"wp","href":"https:\/\/api.w.org\/{rel}","templated":true}]}}