{"id":783,"date":"2015-08-21T13:01:50","date_gmt":"2015-08-21T13:01:50","guid":{"rendered":"http:\/\/desafioglobal.org\/pt\/?page_id=783"},"modified":"2016-11-30T02:01:35","modified_gmt":"2016-11-30T02:01:35","slug":"reunioes-pos-projeto","status":"publish","type":"page","link":"http:\/\/desafioglobal.org\/pt\/reunioes\/reunioes-abertas\/reunioes-pos-projeto\/","title":{"rendered":"Reuni\u00f5es P\u00f3s-Projeto"},"content":{"rendered":"<p>Os s\u00f3cios decidiram organizar um n\u00famero de reuni\u00f5es depois do fim do projeto em julho de 2015 para ampliar o impacto do projeto entre poss\u00edveis benefici\u00e1rios dos achados da pesquisa, potencializando as atividades de dissemina\u00e7\u00e3o e a intera\u00e7\u00e3o com atores sociais relevantes. Estas reuni\u00f5es s\u00e3o autofinanciadas pelos s\u00f3cios, em colabora\u00e7\u00e3o com institui\u00e7\u00f5es p\u00fablicas e da sociedade civil, e com o apoio da <a href=\"http:\/\/waterlat.org\/pt\/\">Rede WATERLAT-GOBACIT<\/a>.<\/p>\n<p>&nbsp;<\/p>\n<h3>Primeira Reuni\u00e3o P\u00f3s-Projeto<\/h3>\n<p>A Primeira Reuni\u00e3o P\u00f3s-Projeto foi um Semin\u00e1rio organizado pela Universidade Federal de Pernambuco (UFPE), a Newcastle University do Reino Unido, a Rede WATERLAT-GOBACIT, e a Federa\u00e7\u00e3o de \u00d3rg\u00e3os para Assist\u00eancia Social e Educacional (FASE), Pernambuco, Brasil. O Semin\u00e1rio teve lugar na cidade de Recife, Brasil, no 19 de agosto de 2015. <a href=\"http:\/\/desafioglobal.org\/pt\/reunioes\/reunioes-abertas\/reunioes-pos-projeto\/primeira-reuniao-pos-projeto\/\">Visite aqui a p\u00e1gina da Primeira Reuni\u00e3o P\u00f3s-Projeto<\/a>.<\/p>\n<h3>Segunda Reuni\u00e3o P\u00f3s-Projeto<\/h3>\n<p>A Segunda Reuni\u00e3o P\u00f3s-Projeto \u00e9 um Semin\u00e1rio organizado conjuntamente pela Rede WATERLAT-GOBACIT, o Instituto de Pesquisa Econ\u00f4mica Aplicada (IPEA), a Secretaria Nacional de Saneamento Ambiental (SNSA) do Minist\u00e9rio das Cidades (MinCid), e o Instituto de Rela\u00e7\u00f5es Internacionais (IREL) da Universidade de Bras\u00edlia. O Semin\u00e1rio ter\u00e1 lugar em Bras\u00edlia, no 9 e 10 de setembro de 2015. <a href=\"http:\/\/desafioglobal.org\/pt\/reunioes\/reunioes-abertas\/reunioes-pos-projeto\/seminar-in-brasilia-9-10-september-2015\/\">Visite aqui a p\u00e1gina da Segunda Reuni\u00e3o P\u00f3s-Projeto<\/a>.<\/p>\n<h3>Terceira Reuni\u00e3o P\u00f3s-Projeto<\/h3>\n<p>A Terceira Reuni\u00e3o P\u00f3s-Projeto foi uma s\u00e9rie de eventos organizados conjuntamente pela Rede WATERLAT-GOBACIT e a Universidade Nacional de Rosario (UNR \u2013 Argentina). Os eventos ocorreram em Santa Fe, Argentina, de 17 a 19 de outubro, e em Buenos Aires, Argentina, no 21 de outubro de 2016. <a href=\"http:\/\/desafioglobal.org\/es\/reuniones\/reuniones-abiertas\/reuniones-pos-proyecto\/test\/\">Visite aqui a p\u00e1gina do evento em Santa Fe, 17-19 de outubro de 2016<\/a>. <a href=\"http:\/\/desafioglobal.org\/pt\/reunioes\/reunioes-abertas\/reunioes-pos-projeto\/seminario-em-buenos-aires-argentina-21-de-outubro-de-2016\/\">Visite aqui a p\u00e1gina do evento em Buenos Aires, 21 de outubro de 2016<\/a>.<\/p>\n","protected":false},"excerpt":{"rendered":"<p>Os s\u00f3cios decidiram organizar um n\u00famero de reuni\u00f5es depois do fim do projeto em julho de 2015 para ampliar o impacto do projeto entre poss\u00edveis benefici\u00e1rios dos achados da pesquisa, potencializando as atividades de dissemina\u00e7\u00e3o e a intera\u00e7\u00e3o com atores sociais relevantes. Estas reuni\u00f5es s\u00e3o autofinanciadas pelos s\u00f3cios, em colabora\u00e7\u00e3o com institui\u00e7\u00f5es p\u00fablicas e da [&hellip;]<\/p>\n","protected":false},"author":3,"featured_media":0,"parent":431,"menu_order":0,"comment_status":"closed","ping_status":"closed","template":"page-templates\/full-width.php","meta":[],"_links":{"self":[{"href":"http:\/\/desafioglobal.org\/pt\/wp-json\/wp\/v2\/pages\/783"}],"collection":[{"href":"http:\/\/desafioglobal.org\/pt\/wp-json\/wp\/v2\/pages"}],"about":[{"href":"http:\/\/desafioglobal.org\/pt\/wp-json\/wp\/v2\/types\/page"}],"author":[{"embeddable":true,"href":"http:\/\/desafioglobal.org\/pt\/wp-json\/wp\/v2\/users\/3"}],"replies":[{"embeddable":true,"href":"http:\/\/desafioglobal.org\/pt\/wp-json\/wp\/v2\/comments?post=783"}],"version-history":[{"count":8,"href":"http:\/\/desafioglobal.org\/pt\/wp-json\/wp\/v2\/pages\/783\/revisions"}],"predecessor-version":[{"id":910,"href":"http:\/\/desafioglobal.org\/pt\/wp-json\/wp\/v2\/pages\/783\/revisions\/910"}],"up":[{"embeddable":true,"href":"http:\/\/desafioglobal.org\/pt\/wp-json\/wp\/v2\/pages\/431"}],"wp:attachment":[{"href":"http:\/\/desafioglobal.org\/pt\/wp-json\/wp\/v2\/media?parent=783"}],"curies":[{"name":"wp","href":"https:\/\/api.w.org\/{rel}","templated":true}]}}