{"id":761,"date":"2015-08-05T22:18:25","date_gmt":"2015-08-05T22:18:25","guid":{"rendered":"http:\/\/desafioglobal.org\/pt\/?page_id=761"},"modified":"2015-11-11T12:52:21","modified_gmt":"2015-11-11T12:52:21","slug":"programa-da-segunda-conferencia-internacional","status":"publish","type":"page","link":"http:\/\/desafioglobal.org\/pt\/reunioes\/reunioes-abertas\/segunda-conferencia-internacional\/programa-da-segunda-conferencia-internacional\/","title":{"rendered":"Programa da Segunda Confer\u00eancia Internacional"},"content":{"rendered":"<header class=\"entry-header\">\n<h3 style=\"text-align: center;\"><span style=\"font-size: 1.142857143rem; line-height: 1.846153846;\">\u201cDemocratiza\u00e7\u00e3o da Pol\u00edtica de Servi\u00e7os de Saneamento B\u00e1sico por Meio de Inova\u00e7\u00f5es Sociot\u00e9cnicas. Li\u00e7\u00f5es para enfrentar os desafios&#8221;.<\/span><\/h3>\n<\/header>\n<p><a href=\"http:\/\/desafioglobal.org\/wp-content\/uploads\/2015\/07\/Logo-Segunda-Conferencia.jpg\"><img decoding=\"async\" loading=\"lazy\" class=\"aligncenter  wp-image-976\" src=\"http:\/\/desafioglobal.org\/wp-content\/uploads\/2015\/07\/Logo-Segunda-Conferencia-287x300.jpg\" alt=\"Logo Segunda Conferencia\" width=\"82\" height=\"86\" \/><\/a><\/p>\n<div class=\"entry-content\">\n<p><strong>Segunda Feira 27 de julho<\/strong><\/p>\n<p>8:00 Registro de participantes<\/p>\n<p>9:00 &#8211; 10:00 <strong>Sess\u00e3o de Abertura<\/strong><\/p>\n<p>Ana L\u00facia Britto, Universidade Federal de Rio de Janeiro (UFRJ), Coordenadora Local<\/p>\n<p>Margareth da Silva Pereira, Coordenadora do PROURB, Universidade Federal de Rio de Janeiro (UFRJ)<\/p>\n<p>Jos\u00e9 Esteban Castro, Universidade de Newcastle, Reino Unido, Coordenador do Projeto DESAFIO<\/p>\n<p>&nbsp;<\/p>\n<p>10:00 &#8211; 11:00 <strong>Apresenta\u00e7\u00e3o do Projeto DESAFIO<\/strong><\/p>\n<p>Jos\u00e9 Esteban Castro, Universidade de Newcastle, UK<\/p>\n<p>&nbsp;<\/p>\n<h3><a href=\"https:\/\/youtu.be\/bJYy73-fORk?list=PLx6qphzdSP6vKteiCnxipiFxrpl6PRAUa\">V\u00eddeo completo da Sess\u00e3o de Abertura e da Apresenta\u00e7\u00e3o do Projeto<\/a><\/h3>\n<p>&nbsp;<\/p>\n<p>11:00 \u2013 11:30 Descanso<\/p>\n<p>11:30 \u2013 13:30 <strong>Mesa 1. \u201cPensando nas causas: a produ\u00e7\u00e3o e reprodu\u00e7\u00e3o da vulnerabilidade e o processo de democratiza\u00e7\u00e3o no setor de saneamento b\u00e1sico\u201d.<\/strong><\/p>\n<p><a title=\"DESAFIO - Second International Conference \/ Segunda Conferencia Internacional\" href=\"https:\/\/www.flickr.com\/photos\/125391306@N03\/20323235951\/\" data-flickr-embed=\"true\"><img decoding=\"async\" loading=\"lazy\" class=\" aligncenter\" src=\"https:\/\/farm1.staticflickr.com\/283\/20323235951_262b654725_z.jpg\" alt=\"DESAFIO - Second International Conference \/ Segunda Conferencia Internacional\" width=\"640\" height=\"427\" \/><\/a><\/p>\n<p><span style=\"text-decoration: underline;\">Ponentes<\/span>:<\/p>\n<p>Henri Acselrad, Universidade Federal de Rio de Janeiro (UFRJ), Brasil<\/p>\n<p>Mariela Garc\u00eda, Universidade do Vale (UNIVALLE), Cali, Col\u00f4mbia<\/p>\n<p>Andr\u00e9 Monteiro, Funda\u00e7\u00e3o Oswaldo Cruz (Fiocruz), Recife, Brasil<\/p>\n<p>Norma Valencio, Universidade de S\u00e3o Paulo (USP), Brasil<\/p>\n<p>S\u00e9rgio Portella, Funda\u00e7\u00e3o Oswaldo Cruz (Fiocruz), Rio de Janeiro, Brasil<\/p>\n<p><span style=\"text-decoration: underline;\">Moderadora<\/span>: Ana L\u00facia Britto, Universidade Federal de Rio de Janeiro (UFRJ), Brasil<\/p>\n<p>&nbsp;<\/p>\n<h3><a href=\"https:\/\/youtu.be\/hc91MHEoaDM?list=PLx6qphzdSP6vKteiCnxipiFxrpl6PRAUa\">V\u00eddeo completo da Mesa 1<\/a><\/h3>\n<p>&nbsp;<\/p>\n<p><span style=\"text-decoration: underline;\">Apresenta\u00e7\u00f5es da Mesa 1 dispon\u00edveis para baixar<\/span>:<\/p>\n<p>Mariela Garc\u00eda &#8211; <a href=\"http:\/\/desafioglobal.org\/General PDFs \/M1 Mariela Garcia.pdf\">Baixe aqui a apresenta\u00e7\u00e3o<\/a><\/p>\n<p>Andr\u00e9 Monteiro &#8211; <a href=\"http:\/\/desafioglobal.org\/General PDFs \/M1 Andre Monteiro.pdf\">Baixe aqui a apresenta\u00e7\u00e3o<\/a><\/p>\n<p>&nbsp;<\/p>\n<p>13:30: 15:00 Almo\u00e7o<\/p>\n<p>&nbsp;<\/p>\n<p>15:00 \u2013 18:00 <strong>Mesa 2. \u201cNa busca das for\u00e7as da mudan\u00e7a: fatores, condi\u00e7\u00f5es, e processos que permitem explicar como surgiram as inova\u00e7\u00f5es\u201d.<\/strong><\/p>\n<p><a title=\"DESAFIO - Second International Conference \/ Segunda Conferencia Internacional\" href=\"https:\/\/www.flickr.com\/photos\/125391306@N03\/20130471479\/\" data-flickr-embed=\"true\"><img decoding=\"async\" loading=\"lazy\" class=\" aligncenter\" src=\"https:\/\/farm1.staticflickr.com\/415\/20130471479_472396590b_z.jpg\" alt=\"DESAFIO - Second International Conference \/ Segunda Conferencia Internacional\" width=\"640\" height=\"427\" \/><\/a><script src=\"\/\/embedr.flickr.com\/assets\/client-code.js\" async=\"\" type=\"mce-no\/type\" charset=\"utf-8\"><\/script><a title=\"DESAFIO - Second International Conference \/ Segunda Conferencia Internacional\" href=\"https:\/\/www.flickr.com\/photos\/125391306@N03\/20130390179\/\" data-flickr-embed=\"true\"><img decoding=\"async\" loading=\"lazy\" class=\" aligncenter\" src=\"https:\/\/farm1.staticflickr.com\/345\/20130390179_7d8068c404_z.jpg\" alt=\"DESAFIO - Second International Conference \/ Segunda Conferencia Internacional\" width=\"640\" height=\"427\" \/><\/a><script src=\"\/\/embedr.flickr.com\/assets\/client-code.js\" async=\"\" type=\"mce-no\/type\" charset=\"utf-8\"><\/script><\/p>\n<p><span style=\"text-decoration: underline;\">Ponentes Parte 1<\/span>:<\/p>\n<p>Helder Cortez, Companhia de \u00c1gua e Esgoto do Cear\u00e1 (CAGECE), Cear\u00e1, Brasil<\/p>\n<p>Antonio Miranda, Ex Secret\u00e1rio Municipal de Saneamento, Recife, Brasil<\/p>\n<p>Andr\u00e9s Toro e Julieth Vargas, Universidade do Vale (UNIVALLE), Cali, Col\u00f4mbia<\/p>\n<p><span style=\"text-decoration: underline;\">Moderador<\/span>: L\u00e9o Heller, Universidade Federal de Minas Gerais (UFMG)<\/p>\n<p>&nbsp;<\/p>\n<h3><a href=\"https:\/\/youtu.be\/GIVEm827SHs?list=PLx6qphzdSP6vKteiCnxipiFxrpl6PRAUa\">V\u00eddeo completo da Mesa 2, Parte 1<\/a><\/h3>\n<p>&nbsp;<\/p>\n<p><span style=\"text-decoration: underline;\">Ponentes Parte 2<\/span>:<\/p>\n<p>Delmo Vilela, Universidade Federal de Minas Gerais (UFMG), Brasil<\/p>\n<p>Suy\u00e1 Quintslr, Universidade Federal de Rio de Janeiro (UFRJ), Brasil<\/p>\n<p><span style=\"text-decoration: underline;\">Moderador<\/span>: L\u00e9o Heller, Universidade Federal de Minas Gerais (UFMG)<\/p>\n<p>&nbsp;<\/p>\n<h3><a href=\"https:\/\/youtu.be\/wvd8z2YaDZU?list=PLx6qphzdSP6vKteiCnxipiFxrpl6PRAUa\">V\u00eddeo completo da Mesa 2, Parte 2<\/a><\/h3>\n<p>&nbsp;<\/p>\n<p><span style=\"text-decoration: underline;\">Apresenta\u00e7\u00f5es da Mesa 2 dispon\u00edveis para baixar<\/span>:<\/p>\n<p>Antonio Miranda &#8211; <a href=\"http:\/\/desafioglobal.org\/General PDFs \/M2 Antonio Miranda.pdf\">Baixe aqui a apresenta\u00e7\u00e3o<\/a><\/p>\n<p>Delmo Vilela &#8211; <a href=\"http:\/\/desafioglobal.org\/General PDFs \/M2 Delmo Vilela.pdf\">Baixe aqui a apresenta\u00e7\u00e3o<\/a><\/p>\n<p>Helder Cortez &#8211; <a href=\"http:\/\/desafioglobal.org\/General PDFs \/M2 Helder Cortez.pdf\">Baixe aqui a apresenta\u00e7\u00e3o<\/a><\/p>\n<p>Suy\u00e1 Quintslr &#8211; <a href=\"http:\/\/desafioglobal.org\/General PDFs \/M2 Suya Quintslr.pdf\">Baixe aqui a apresenta\u00e7\u00e3o<\/a><\/p>\n<p>Andr\u00e9s Toro e Julieth Vargas (1) &#8211; <a href=\"http:\/\/desafioglobal.org\/General PDFs \/M2 Toro y Vargas 1.pdf\">Baixe aqui a apresenta\u00e7\u00e3o<\/a><\/p>\n<p>Andr\u00e9s Toro e Julieth Vargas (2) &#8211; <a href=\"http:\/\/desafioglobal.org\/General PDFs \/M2 Toro y Vargas 2.pdf\">Baixe aqui a apresenta\u00e7\u00e3o<\/a><\/p>\n<p>&nbsp;<\/p>\n<p>18:00 \u2013 18:30 <strong>Apresenta\u00e7\u00e3o de Livro:<\/strong><\/p>\n<p>Jos\u00e9 Esteban Castro, L\u00e9o Heller, e Mar\u00eda da Piedade Morais (Eds.), <a href=\"http:\/\/www.ipea.gov.br\/portal\/index.php?option=com_content&amp;view=article&amp;id=25137&amp;Itemid=383\">O Direito \u00e0 \u00c1gua como Pol\u00edtica P\u00fablica na Am\u00e9rica Latina: uma Explora\u00e7\u00e3o Te\u00f3rica e Emp\u00edrica<\/a>, Bras\u00edlia: Instituto de Pesquisa Econ\u00f4mica Aplicada (IPEA) e Rede WATERLAT-GOBACIT, 2015.<\/p>\n<p><a title=\"DESAFIO - Second International Conference \/ Segunda Conferencia Internacional\" href=\"https:\/\/www.flickr.com\/photos\/125391306@N03\/19694360524\/\" data-flickr-embed=\"true\"><img decoding=\"async\" loading=\"lazy\" class=\" aligncenter\" src=\"https:\/\/farm1.staticflickr.com\/544\/19694360524_d1ac8a3ca1_z.jpg\" alt=\"DESAFIO - Second International Conference \/ Segunda Conferencia Internacional\" width=\"640\" height=\"424\" \/><\/a><\/p>\n<p><script src=\"\/\/embedr.flickr.com\/assets\/client-code.js\" async=\"\" charset=\"utf-8\"><\/script>O livro foi apresentado pelos editores e duas coautoras: Ana L\u00facia Britto, Universidade Federal de Rio de Janeiro (UFRJ) e Hermelinda Ferreira, Ag\u00eancia Pernambucana de \u00c1gua e Clima (APAC). \u00a0 <\/p>\n<h3><a href=\"https:\/\/youtu.be\/WeyBPVxfQLM?list=PLx6qphzdSP6vKteiCnxipiFxrpl6PRAUa\">V\u00eddeo completo da apresenta\u00e7\u00e3o do livro<\/a><\/h3>\n<p>\u00a0 A editora IPEA forneceu generosamente c\u00f3pias impressas gratuitas do livro e foram distribu\u00eddas 95 c\u00f3pias no evento. O livro pode ser baixado gratuitamente nos formatos pdf e epub <a href=\"http:\/\/www.ipea.gov.br\/portal\/index.php?option=com_content&amp;view=article&amp;id=25137&amp;Itemid=383\">aqui<\/a>. \u00a0 \u00a0 <\/p>\n<hr \/>\n<\/div>\n<p>&nbsp;<\/p>\n<p><strong>Ter\u00e7a feira 28 de julho<\/strong><\/p>\n<p>09:00 \u2013 12:00 <strong>Mesa 3. \u201cOs \u2018por que\u2019. Fatores e processos facilitadores e obst\u00e1culos que contribuem a explicar os sucessos, os fracassos, e a possibilidade de replicar as inova\u00e7\u00f5es\u201d.<\/strong> <a title=\"DESAFIO - Second International Conference \/ Segunda Conferencia Internacional\" href=\"https:\/\/www.flickr.com\/photos\/125391306@N03\/19694244004\/\" data-flickr-embed=\"true\"><img decoding=\"async\" loading=\"lazy\" class=\" aligncenter\" src=\"https:\/\/farm4.staticflickr.com\/3721\/19694244004_97c4d39ea2_z.jpg\" alt=\"DESAFIO - Second International Conference \/ Segunda Conferencia Internacional\" width=\"640\" height=\"427\" \/><\/a><script src=\"\/\/embedr.flickr.com\/assets\/client-code.js\" async=\"\" charset=\"utf-8\"><\/script><\/p>\n<p><span style=\"text-decoration: underline;\">Ponentes<\/span>:<\/p>\n<p>Sonaly Rezende e Eliano Sousa, Universidade Federal de Minas Gerais (UFMG), Brasil<\/p>\n<p>Hermelinda Ferreira, Ag\u00eancia Pernambucana de \u00c1gua e Clima (APAC) e Universidade Federal de Pernambuco (UFPE), Recife, Brasil<\/p>\n<p>Claudia Valeria Silva Melo, Companhia de \u00c1gua e Esgoto do Cear\u00e1 (CAGECE), Cear\u00e1, Brasil<\/p>\n<p>Margarita Portapila e Sonia Omelianiuk, Universidade Nacional de Rosario (UNR), Argentina<\/p>\n<p>Rute Pinto, Instituto do Mar \u2013 Centro do Mar e Ambiente, Universidade de Coimbra (IMAR-UC), Portugal<\/p>\n<p><span style=\"text-decoration: underline;\">Moderadora<\/span>: Mariela Garc\u00eda, Universidade do Vale (UNIVALLE)<\/p>\n<p>&nbsp;<\/p>\n<h3><a href=\"https:\/\/youtu.be\/v_r3j5K2Dsg?list=PLx6qphzdSP6vKteiCnxipiFxrpl6PRAUa\">V\u00eddeo completo da Mesa 3<\/a><\/h3>\n<p>&nbsp;<\/p>\n<p><span style=\"text-decoration: underline;\">Apresenta\u00e7\u00f5es da Mesa 3 dispon\u00edveis para baixar<\/span>:<\/p>\n<p>Sonaly Rezende e Eliano Sousa &#8211; <a href=\"http:\/\/desafioglobal.org\/General PDFs \/M3 Rezende e Souza.pdf\">Baixe aqui a apresenta\u00e7\u00e3o<\/a><\/p>\n<p>Hermelinda Ferreira &#8211; <a href=\"http:\/\/desafioglobal.org\/General PDFs \/M3 Hermelinda Rocha.pdf\">Baixe aqui a apresenta\u00e7\u00e3o<\/a><\/p>\n<p>Claudia Valeria Silva Melo &#8211; <a href=\"http:\/\/desafioglobal.org\/General PDFs \/M3 Valeria Melo.pdf\">Baixe aqui a apresenta\u00e7\u00e3o<\/a><\/p>\n<p>Margarita Portapila e Sonia Omelianiuk &#8211; <a href=\"Baixe aqui a apresenta\u00e7\u00e3o\">Baje aqu\u00ed la presentaci\u00f3n<\/a><\/p>\n<p>Rute Pinto &#8211; <a href=\"http:\/\/desafioglobal.org\/General PDFs \/M3 Pinto et al.pdf\">Baixe aqui a apresenta\u00e7\u00e3o<\/a><\/p>\n<p>&nbsp;<\/p>\n<p>12:00 \u2013 13:30 <strong>Exibi\u00e7\u00e3o de p\u00f4steres e outros materiais<\/strong><\/p>\n<p><a title=\"DESAFIO - Second International Conference \/ Segunda Conferencia Internacional\" href=\"https:\/\/www.flickr.com\/photos\/125391306@N03\/20323505251\/\" data-flickr-embed=\"true\"><img decoding=\"async\" loading=\"lazy\" class=\" aligncenter\" src=\"https:\/\/farm1.staticflickr.com\/309\/20323505251_1155ac22bd_z.jpg\" alt=\"DESAFIO - Second International Conference \/ Segunda Conferencia Internacional\" width=\"640\" height=\"427\" \/><\/a><script src=\"\/\/embedr.flickr.com\/assets\/client-code.js\" async=\"\" charset=\"utf-8\"><\/script>Esta sess\u00e3o permitiu um espa\u00e7o para promover interc\u00e2mbios entre as equipes de pesquisa que desenvolveram os 10 estudos de caso do projeto e o p\u00fablico presente.<\/p>\n<p>&nbsp;<\/p>\n<p>13:30: 15:00 Almo\u00e7o \u00a0<\/p>\n<p>15:00 \u2013 18:00 <strong>Mesa 4, Parte 1. \u201cO Desafio continua: prioridades e alternativas para aprofundar o processo de democratiza\u00e7\u00e3o na aten\u00e7\u00e3o de comunidades vulner\u00e1veis\u201d.<\/strong> <a title=\"DESAFIO - Second International Conference \/ Segunda Conferencia Internacional\" href=\"https:\/\/www.flickr.com\/photos\/125391306@N03\/20322521621\/\" data-flickr-embed=\"true\"><img decoding=\"async\" loading=\"lazy\" class=\" aligncenter\" src=\"https:\/\/farm4.staticflickr.com\/3830\/20322521621_7e56623d49_z.jpg\" alt=\"DESAFIO - Second International Conference \/ Segunda Conferencia Internacional\" width=\"640\" height=\"427\" \/><\/a><script src=\"\/\/embedr.flickr.com\/assets\/client-code.js\" async=\"\" charset=\"utf-8\"><\/script><\/p>\n<p><span style=\"text-decoration: underline;\">Ponentes<\/span>:<\/p>\n<p>Ana L\u00facia Britto, Universidade Federal de Rio de Janeiro (UFRJ), Brasil<\/p>\n<p>Zara Texeira, Instituto do Mar \u2013 Centro do Mar e Ambiente, Universidade de Coimbra (IMAR-UC), Portugal<\/p>\n<p>Marcos Helano Montenegro, Ag\u00eancia Reguladora de \u00c1guas, Energia e Saneamento do Distrito Federal (ADASA), Bras\u00edlia, Brasil<\/p>\n<p><span style=\"text-decoration: underline;\">Moderador<\/span>: Jos\u00e9 Esteban Castro, Universidade de Newcastle, Reino Unido<\/p>\n<p>&nbsp;<\/p>\n<h3><a href=\"https:\/\/youtu.be\/4KvsdVBwwt8?list=PLx6qphzdSP6vKteiCnxipiFxrpl6PRAUa\">V\u00eddeo completo da Mesa 4, Parte 1<\/a><\/h3>\n<p>&nbsp;<\/p>\n<p><span style=\"text-decoration: underline;\">Apresenta\u00e7\u00f5es da Mesa 4, Parte 1, dispon\u00edveis para baixar<\/span>:<\/p>\n<p>Ana L\u00facia Britto &#8211; <a href=\"http:\/\/desafioglobal.org\/General PDFs \/M4 Britto.pdf\">Baixe aqui a apresenta\u00e7\u00e3o<\/a><\/p>\n<p>Zara Texeira &#8211; <a href=\"http:\/\/desafioglobal.org\/General PDFs \/M4 ZaraTeixeira.pdf\">Baixe aqui a apresenta\u00e7\u00e3o<\/a><\/p>\n<p>Marcos Helano Montenegro &#8211; <a href=\"http:\/\/desafioglobal.org\/General PDFs \/M4 Montenegro.pdf\">Baixe aqui a apresenta\u00e7\u00e3o<\/a><br \/>\n<strong>Mesa 4, Parte 2. \u201cO Desafio continua: prioridades e alternativas para aprofundar o processo de democratiza\u00e7\u00e3o na aten\u00e7\u00e3o de comunidades vulner\u00e1veis\u201d.<\/strong><br \/>\n<a title=\"DESAFIO - Second International Conference \/ Segunda Conferencia Internacional\" href=\"https:\/\/www.flickr.com\/photos\/125391306@N03\/20322397131\/\" data-flickr-embed=\"true\"><img decoding=\"async\" loading=\"lazy\" class=\" aligncenter\" src=\"https:\/\/farm1.staticflickr.com\/315\/20322397131_460123cb96_z.jpg\" alt=\"DESAFIO - Second International Conference \/ Segunda Conferencia Internacional\" width=\"640\" height=\"427\" \/><\/a><script src=\"\/\/embedr.flickr.com\/assets\/client-code.js\" async=\"\" charset=\"utf-8\"><\/script><span style=\"text-decoration: underline;\">Ponentes<\/span>:<\/p>\n<p>Miguel Pe\u00f1a, Universidade do Vale (UNIVALLE), Cali, Col\u00f4mbia<\/p>\n<p>L\u00e9o Heller, Universidade Federal de Minas Gerais (UFMG), Brasil<\/p>\n<p><span style=\"text-decoration: underline;\">Moderador<\/span>: Jos\u00e9 Esteban Castro, Universidade de Newcastle, Reino Unido \u00a0 \u00a0 <\/p>\n<h3><\/h3>\n<h3><a href=\"https:\/\/youtu.be\/CcIjguMDPdw?list=PLx6qphzdSP6vKteiCnxipiFxrpl6PRAUa\">V\u00eddeo completo da Mesa 4, Parte 2<\/a><\/h3>\n<p>&nbsp;<\/p>\n<p><span style=\"text-decoration: underline;\">Apresenta\u00e7\u00f5es da Mesa 4, Parte 2, dispon\u00edveis para baixar<\/span>: Miguel Pe\u00f1a &#8211; <a href=\"http:\/\/desafioglobal.org\/General PDFs \/M4 Pena.pdf\">Baixe aqui a apresenta\u00e7\u00e3o<\/a> L\u00e9o Heller &#8211; <a href=\"http:\/\/desafioglobal.org\/General PDFs \/M4 Heller.pdf\">Baixe aqui a apresenta\u00e7\u00e3o<\/a> \u00a0 <strong>18:00 \u2013 19:00 Mesa de Fechamento<\/strong> <a title=\"DESAFIO - Second International Conference \/ Segunda Conferencia Internacional\" href=\"https:\/\/www.flickr.com\/photos\/125391306@N03\/20307959082\/\" data-flickr-embed=\"true\"><img decoding=\"async\" loading=\"lazy\" class=\" aligncenter\" src=\"https:\/\/farm1.staticflickr.com\/355\/20307959082_85b9c8db9f_z.jpg\" alt=\"DESAFIO - Second International Conference \/ Segunda Conferencia Internacional\" width=\"640\" height=\"427\" \/><\/a><script src=\"\/\/embedr.flickr.com\/assets\/client-code.js\" async=\"\" charset=\"utf-8\"><\/script><\/p>\n<p><span style=\"text-decoration: underline;\">Ponentes<\/span>:<\/p>\n<p>Jos\u00e9 Esteban Castro, Universidade de Newcastle, Reino Unido, Coordenador do Projeto<\/p>\n<p>Ana L\u00facia Britto, Universidade Federal de R\u00edo de Janeiro (UFRJ), Brasil, Coordenadora Local<\/p>\n<p>&nbsp;<\/p>\n<h3><a href=\"https:\/\/youtu.be\/2vjqcc8fX4s?list=PLx6qphzdSP6vKteiCnxipiFxrpl6PRAUa\">V\u00eddeo completo da Mesa de Fechamento<\/a><\/h3>\n<p>&nbsp;<\/p>\n<hr \/>\n<p>A equipe organizadora da Confer\u00eancia<\/p>\n<p><a title=\"DESAFIO - Second International Conference \/ Segunda Conferencia Internacional\" href=\"https:\/\/www.flickr.com\/photos\/125391306@N03\/20129725489\/\" data-flickr-embed=\"true\"><img decoding=\"async\" loading=\"lazy\" class=\" aligncenter\" src=\"https:\/\/farm1.staticflickr.com\/470\/20129725489_8daeb159e7_z.jpg\" alt=\"DESAFIO - Second International Conference \/ Segunda Conferencia Internacional\" width=\"640\" height=\"427\" \/><\/a><script src=\"\/\/embedr.flickr.com\/assets\/client-code.js\" async=\"\" charset=\"utf-8\"><\/script><\/p>\n<hr \/>\n<p>Uma surpresa que nos brindou um membro do p\u00fablico: <a title=\"DESAFIO - Second International Conference \/ Segunda Conferencia Internacional\" href=\"https:\/\/www.flickr.com\/photos\/125391306@N03\/20316839355\/\" data-flickr-embed=\"true\"><img decoding=\"async\" loading=\"lazy\" class=\" aligncenter\" src=\"https:\/\/farm1.staticflickr.com\/528\/20316839355_0d950a0269_z.jpg\" alt=\"DESAFIO - Second International Conference \/ Segunda Conferencia Internacional\" width=\"640\" height=\"427\" \/><\/a><script src=\"\/\/embedr.flickr.com\/assets\/client-code.js\" async=\"\" charset=\"utf-8\"><\/script><\/p>\n<p>O virtuoso pianista Victor Zveibil, quem participou em nossa Confer\u00eancia, deleitou a audi\u00eancia com um miniconcerto. Ele trabalha como consultor em gest\u00e3o ambiental para o Governo de Rio de Janeiro.<\/p>\n<h3><a href=\"https:\/\/youtu.be\/VllDUEhfr-s?list=PLx6qphzdSP6u_RzjcUyQOWXZ9v3Y-H2kc\">Video completo do Mini Concerto de Victor Zveibil<\/a><\/h3>\n<hr \/>\n<p>&nbsp;<\/p>\n<p style=\"text-align: center;\">Organizadores:<\/p>\n<p style=\"text-align: center;\"><a href=\"http:\/\/desafioglobal.org\/wp-content\/uploads\/2013\/07\/ufr.jpg\"><img decoding=\"async\" loading=\"lazy\" class=\"aligncenter  wp-image-156\" src=\"http:\/\/desafioglobal.org\/wp-content\/uploads\/2013\/07\/ufr.jpg\" alt=\"ufr\" width=\"48\" height=\"59\" \/><\/a>Universidade Federal de Rio de Janeiro (UFRJ), Coordenador Local<\/p>\n<p style=\"text-align: center;\"><a href=\"http:\/\/desafioglobal.org\/wp-content\/uploads\/2013\/07\/ncllogo.png\"><img decoding=\"async\" loading=\"lazy\" class=\"aligncenter  wp-image-108\" src=\"http:\/\/desafioglobal.org\/wp-content\/uploads\/2013\/07\/ncllogo.png\" alt=\"ncllogo\" width=\"108\" height=\"36\" \/><\/a><br \/>\nUniversidade de Newcastle, Reino Unido, Coordenador do Projeto<\/p>\n<p style=\"text-align: center;\">Apoio para a dissemina\u00e7\u00e3o:<\/p>\n<p style=\"text-align: center;\"><a href=\"http:\/\/desafioglobal.org\/wp-content\/uploads\/2015\/03\/WATERLAT-DOS-LINEAS.jpg\"><img decoding=\"async\" loading=\"lazy\" class=\"aligncenter  wp-image-970\" src=\"http:\/\/desafioglobal.org\/wp-content\/uploads\/2015\/03\/WATERLAT-DOS-LINEAS-300x105.jpg\" alt=\"WATERLAT DOS LINEAS\" width=\"112\" height=\"39\" \/><\/a><\/p>\n<p style=\"text-align: center;\"><a href=\"http:\/\/www.waterlat.org\/\">Rede WATERLAT-GOBACIT<\/a><\/p>\n<p style=\"text-align: center;\">27-28 de enero de 2015<\/p>\n<p style=\"text-align: center;\">Local:<\/p>\n<p style=\"text-align: center;\"><a href=\"http:\/\/www.cbae.forum.ufrj.br\/\" target=\"_blank\">Col\u00e9gio Brasileiro de Altos Estudos (CBAE)<\/a><br \/>\nUniversidade Federal de Rio de Janeiro (UFRJ),<br \/>\nAv. Rui Barbosa, 762 \u2013 Praia do Flamengo, R\u00edo de Janeiro, Brasil.<\/p>\n","protected":false},"excerpt":{"rendered":"<p>\u201cDemocratiza\u00e7\u00e3o da Pol\u00edtica de Servi\u00e7os de Saneamento B\u00e1sico por Meio de Inova\u00e7\u00f5es Sociot\u00e9cnicas. Li\u00e7\u00f5es para enfrentar os desafios&#8221;. Segunda Feira 27 de julho 8:00 Registro de participantes 9:00 &#8211; 10:00 Sess\u00e3o de Abertura Ana L\u00facia Britto, Universidade Federal de Rio de Janeiro (UFRJ), Coordenadora Local Margareth da Silva Pereira, Coordenadora do PROURB, Universidade Federal de [&hellip;]<\/p>\n","protected":false},"author":3,"featured_media":0,"parent":665,"menu_order":0,"comment_status":"closed","ping_status":"closed","template":"page-templates\/full-width.php","meta":[],"_links":{"self":[{"href":"http:\/\/desafioglobal.org\/pt\/wp-json\/wp\/v2\/pages\/761"}],"collection":[{"href":"http:\/\/desafioglobal.org\/pt\/wp-json\/wp\/v2\/pages"}],"about":[{"href":"http:\/\/desafioglobal.org\/pt\/wp-json\/wp\/v2\/types\/page"}],"author":[{"embeddable":true,"href":"http:\/\/desafioglobal.org\/pt\/wp-json\/wp\/v2\/users\/3"}],"replies":[{"embeddable":true,"href":"http:\/\/desafioglobal.org\/pt\/wp-json\/wp\/v2\/comments?post=761"}],"version-history":[{"count":21,"href":"http:\/\/desafioglobal.org\/pt\/wp-json\/wp\/v2\/pages\/761\/revisions"}],"predecessor-version":[{"id":859,"href":"http:\/\/desafioglobal.org\/pt\/wp-json\/wp\/v2\/pages\/761\/revisions\/859"}],"up":[{"embeddable":true,"href":"http:\/\/desafioglobal.org\/pt\/wp-json\/wp\/v2\/pages\/665"}],"wp:attachment":[{"href":"http:\/\/desafioglobal.org\/pt\/wp-json\/wp\/v2\/media?parent=761"}],"curies":[{"name":"wp","href":"https:\/\/api.w.org\/{rel}","templated":true}]}}