{"id":713,"date":"2015-06-12T14:01:57","date_gmt":"2015-06-12T14:01:57","guid":{"rendered":"http:\/\/desafioglobal.org\/pt\/?page_id=713"},"modified":"2015-06-17T14:21:57","modified_gmt":"2015-06-17T14:21:57","slug":"jornal-da-comunidade","status":"publish","type":"page","link":"http:\/\/desafioglobal.org\/pt\/projeto\/estudos-de-caso\/intervention-case-4-1\/jornal-da-comunidade\/","title":{"rendered":"Jornal da Comunidade"},"content":{"rendered":"<p>O <em>Jornal da Comunidade de Lagedo<\/em>, contem informa\u00e7\u00e3o sobre as atividades relacionadas ao estudo de caso sobre <a title=\"Caso de Interven\u00e7\u00e3o 4.1\" href=\"http:\/\/desafioglobal.org\/pt\/projeto\/estudos-de-caso\/intervention-case-4-1\/\">Gera\u00e7\u00e3o Participativa de um Sistema de Tratamento de \u00c1gua numa Comunidade Quilombola de Minas Gerais, Brasil<\/a>. Seu objetivo \u00e9 facilitar a comunica\u00e7\u00e3o entre os pesquisadores e as comunidades participantes no estudo e a difus\u00e3o dos resultados deste. O Jornal \u00e9 produzido e distribu\u00eddo gratuitamente cada m\u00eas.<\/p>\n<p>Ano 2, No. 12 (Maio 2015)<\/p>\n<p style=\"text-align: left\"><a href=\"http:\/\/desafioglobal.org\/pt\/wp-content\/uploads\/sites\/3\/2015\/06\/2015-05-31-Ano-2-Num12.pdf\"><img decoding=\"async\" loading=\"lazy\" class=\"alignleft wp-image-727 size-medium\" src=\"http:\/\/desafioglobal.org\/pt\/wp-content\/uploads\/sites\/3\/2015\/06\/Num12-capa-211x300.png\" alt=\"Num12 capa\" width=\"211\" height=\"300\" srcset=\"http:\/\/desafioglobal.org\/pt\/wp-content\/uploads\/sites\/3\/2015\/06\/Num12-capa-211x300.png 211w, http:\/\/desafioglobal.org\/pt\/wp-content\/uploads\/sites\/3\/2015\/06\/Num12-capa.png 415w\" sizes=\"(max-width: 211px) 100vw, 211px\" \/><\/a><\/p>\n<p>&nbsp;<\/p>\n<p>&nbsp;<\/p>\n<p>&nbsp;<\/p>\n<p>&nbsp;<\/p>\n<p>&nbsp;<\/p>\n<p>&nbsp;<\/p>\n<p>&nbsp;<\/p>\n<p>Ano 2, No. 11 (Abril 2015) \u00a0 \u00a0 \u00a0 \u00a0 \u00a0 \u00a0 \u00a0 \u00a0 \u00a0 \u00a0 \u00a0Ano 2, No. 10 (Mar\u00e7o 2015)<\/p>\n<p style=\"text-align: left\"><a href=\"http:\/\/desafioglobal.org\/pt\/wp-content\/uploads\/sites\/3\/2015\/06\/2015-05-10-Ano-2-Num11.pdf\"><img decoding=\"async\" loading=\"lazy\" class=\"alignleft wp-image-726 size-medium\" src=\"http:\/\/desafioglobal.org\/pt\/wp-content\/uploads\/sites\/3\/2015\/06\/Num11-capa-210x300.png\" alt=\"Num11 capa\" width=\"210\" height=\"300\" srcset=\"http:\/\/desafioglobal.org\/pt\/wp-content\/uploads\/sites\/3\/2015\/06\/Num11-capa-210x300.png 210w, http:\/\/desafioglobal.org\/pt\/wp-content\/uploads\/sites\/3\/2015\/06\/Num11-capa.png 415w\" sizes=\"(max-width: 210px) 100vw, 210px\" \/><\/a><\/p>\n<p style=\"text-align: left\"><a href=\"http:\/\/desafioglobal.org\/pt\/wp-content\/uploads\/sites\/3\/2015\/06\/2015-03-29-Ano-2-Num10.pdf\"><img decoding=\"async\" loading=\"lazy\" class=\"alignleft wp-image-725 size-medium\" src=\"http:\/\/desafioglobal.org\/pt\/wp-content\/uploads\/sites\/3\/2015\/06\/Num10-capa-212x300.png\" alt=\"Num10 capa\" width=\"212\" height=\"300\" srcset=\"http:\/\/desafioglobal.org\/pt\/wp-content\/uploads\/sites\/3\/2015\/06\/Num10-capa-212x300.png 212w, http:\/\/desafioglobal.org\/pt\/wp-content\/uploads\/sites\/3\/2015\/06\/Num10-capa.png 416w\" sizes=\"(max-width: 212px) 100vw, 212px\" \/><\/a><\/p>\n<p>&nbsp;<\/p>\n<p>&nbsp;<\/p>\n<p>&nbsp;<\/p>\n<p>&nbsp;<\/p>\n<p>&nbsp;<\/p>\n<p>&nbsp;<\/p>\n<p>&nbsp;<\/p>\n<p>Ano 2, No. 9 (Fevereiro\u00a02015) \u00a0 \u00a0 \u00a0 \u00a0 \u00a0 \u00a0 \u00a0 Ano 2, No. 8 (Janeiro 2015)<\/p>\n<p style=\"text-align: left\"><a href=\"http:\/\/desafioglobal.org\/pt\/wp-content\/uploads\/sites\/3\/2015\/06\/2015-03-01-Ano-2-Num9.pdf\"><img decoding=\"async\" loading=\"lazy\" class=\"alignleft wp-image-724 size-medium\" src=\"http:\/\/desafioglobal.org\/pt\/wp-content\/uploads\/sites\/3\/2015\/06\/Num9-capa-214x300.png\" alt=\"Num9 capa\" width=\"214\" height=\"300\" srcset=\"http:\/\/desafioglobal.org\/pt\/wp-content\/uploads\/sites\/3\/2015\/06\/Num9-capa-214x300.png 214w, http:\/\/desafioglobal.org\/pt\/wp-content\/uploads\/sites\/3\/2015\/06\/Num9-capa.png 418w\" sizes=\"(max-width: 214px) 100vw, 214px\" \/><\/a><\/p>\n<p style=\"text-align: left\"><a href=\"http:\/\/desafioglobal.org\/pt\/wp-content\/uploads\/sites\/3\/2015\/06\/2015-01-25-Ano-2-Num8.pdf\"><img decoding=\"async\" loading=\"lazy\" class=\"alignleft wp-image-723 size-medium\" src=\"http:\/\/desafioglobal.org\/pt\/wp-content\/uploads\/sites\/3\/2015\/06\/Num8-capa-211x300.png\" alt=\"Num8 capa\" width=\"211\" height=\"300\" srcset=\"http:\/\/desafioglobal.org\/pt\/wp-content\/uploads\/sites\/3\/2015\/06\/Num8-capa-211x300.png 211w, http:\/\/desafioglobal.org\/pt\/wp-content\/uploads\/sites\/3\/2015\/06\/Num8-capa.png 412w\" sizes=\"(max-width: 211px) 100vw, 211px\" \/><\/a><\/p>\n<p>&nbsp;<\/p>\n<p>&nbsp;<\/p>\n<p>&nbsp;<\/p>\n<p>&nbsp;<\/p>\n<p>&nbsp;<\/p>\n<p>&nbsp;<\/p>\n<p>&nbsp;<\/p>\n<p>Ano 1, No. 7 (Dezembro 2014) \u00a0 \u00a0 \u00a0 \u00a0 \u00a0 \u00a0 \u00a0 Ano 1, No. 6 (Novembro 2014)<\/p>\n<p><a href=\"http:\/\/desafioglobal.org\/wp-content\/uploads\/2015\/06\/2014-12-14-Ano-1-Num7.pdf\"><img decoding=\"async\" loading=\"lazy\" class=\"alignleft wp-image-929 size-medium\" src=\"http:\/\/desafioglobal.org\/wp-content\/uploads\/2015\/06\/Num7-capa-212x300.png\" alt=\"Num7 capa\" width=\"212\" height=\"300\" \/><img decoding=\"async\" loading=\"lazy\" class=\"alignleft wp-image-926 size-medium\" src=\"http:\/\/desafioglobal.org\/wp-content\/uploads\/2015\/06\/Num6-capa-212x300.png\" alt=\"Num6 capa\" width=\"212\" height=\"300\" \/><\/a><\/p>\n<p>&nbsp;<\/p>\n<p>&nbsp;<\/p>\n<p>&nbsp;<\/p>\n<p>&nbsp;<\/p>\n<p>&nbsp;<\/p>\n<p>&nbsp;<\/p>\n<p>&nbsp;<\/p>\n<p>Ano 1, No. 5 (Outubro 2014) \u00a0 \u00a0 \u00a0 \u00a0 \u00a0 \u00a0 \u00a0 \u00a0 \u00a0Ano 1, No. 4 (Setembro 2014)<\/p>\n<p><a href=\"http:\/\/desafioglobal.org\/wp-content\/uploads\/2015\/06\/2014-09-28-Ano-1-Num5.pdf\"><img decoding=\"async\" loading=\"lazy\" class=\"alignleft wp-image-925 size-medium\" src=\"http:\/\/desafioglobal.org\/wp-content\/uploads\/2015\/06\/Num5-capa-214x300.png\" alt=\"Num5 capa\" width=\"214\" height=\"300\" \/><\/a><\/p>\n<p><a href=\"http:\/\/desafioglobal.org\/wp-content\/uploads\/2015\/06\/2014-09-07-Ano-1-Num4.pdf\"><img decoding=\"async\" loading=\"lazy\" class=\"alignleft wp-image-924 size-medium\" src=\"http:\/\/desafioglobal.org\/wp-content\/uploads\/2015\/06\/Num4-capa-214x300.png\" alt=\"Num4 capa\" width=\"214\" height=\"300\" \/><\/a><\/p>\n<p>&nbsp;<\/p>\n<p>&nbsp;<\/p>\n<p>&nbsp;<\/p>\n<p>&nbsp;<\/p>\n<p>&nbsp;<\/p>\n<p>&nbsp;<\/p>\n<p>&nbsp;<\/p>\n<p>Ano 1, No. 3 (Agosto 2014) \u00a0 \u00a0 \u00a0 \u00a0 \u00a0 \u00a0 \u00a0 \u00a0 \u00a0 \u00a0 Ano 1, No. 2 (Julho 2014)<\/p>\n<p><a href=\"http:\/\/desafioglobal.org\/wp-content\/uploads\/2015\/06\/2014-08-03-Ano-1-Num3.pdf\"><img decoding=\"async\" loading=\"lazy\" class=\"alignleft wp-image-923 size-medium\" src=\"http:\/\/desafioglobal.org\/wp-content\/uploads\/2015\/06\/Num3-capa-214x300.png\" alt=\"Num3 capa\" width=\"214\" height=\"300\" \/><\/a><\/p>\n<p><a href=\"http:\/\/desafioglobal.org\/wp-content\/uploads\/2015\/06\/2014-06-29-Ano-1-Num2.pdf\"><img decoding=\"async\" loading=\"lazy\" class=\"alignleft wp-image-922 size-medium\" src=\"http:\/\/desafioglobal.org\/wp-content\/uploads\/2015\/06\/Num2-capa-212x300.png\" alt=\"Num2 capa\" width=\"212\" height=\"300\" \/><\/a><\/p>\n<p>&nbsp;<\/p>\n<p>&nbsp;<\/p>\n<p>&nbsp;<\/p>\n<p>&nbsp;<\/p>\n<p>&nbsp;<\/p>\n<p>&nbsp;<\/p>\n<p>&nbsp;<\/p>\n<p>Ano 1, No. 1 (Junho 2014)<\/p>\n<p><a href=\"http:\/\/desafioglobal.org\/wp-content\/uploads\/2015\/06\/2014-06-01-Ano-1-Num1.pdf\"><img decoding=\"async\" loading=\"lazy\" class=\"alignleft wp-image-921 size-medium\" src=\"http:\/\/desafioglobal.org\/wp-content\/uploads\/2015\/06\/Num1-capa-213x300.png\" alt=\"Num1 capa\" width=\"213\" height=\"300\" \/><\/a><\/p>\n","protected":false},"excerpt":{"rendered":"<p>O Jornal da Comunidade de Lagedo, contem informa\u00e7\u00e3o sobre as atividades relacionadas ao estudo de caso sobre Gera\u00e7\u00e3o Participativa de um Sistema de Tratamento de \u00c1gua numa Comunidade Quilombola de Minas Gerais, Brasil. Seu objetivo \u00e9 facilitar a comunica\u00e7\u00e3o entre os pesquisadores e as comunidades participantes no estudo e a difus\u00e3o dos resultados deste. O [&hellip;]<\/p>\n","protected":false},"author":3,"featured_media":0,"parent":383,"menu_order":0,"comment_status":"closed","ping_status":"closed","template":"","meta":[],"_links":{"self":[{"href":"http:\/\/desafioglobal.org\/pt\/wp-json\/wp\/v2\/pages\/713"}],"collection":[{"href":"http:\/\/desafioglobal.org\/pt\/wp-json\/wp\/v2\/pages"}],"about":[{"href":"http:\/\/desafioglobal.org\/pt\/wp-json\/wp\/v2\/types\/page"}],"author":[{"embeddable":true,"href":"http:\/\/desafioglobal.org\/pt\/wp-json\/wp\/v2\/users\/3"}],"replies":[{"embeddable":true,"href":"http:\/\/desafioglobal.org\/pt\/wp-json\/wp\/v2\/comments?post=713"}],"version-history":[{"count":9,"href":"http:\/\/desafioglobal.org\/pt\/wp-json\/wp\/v2\/pages\/713\/revisions"}],"predecessor-version":[{"id":736,"href":"http:\/\/desafioglobal.org\/pt\/wp-json\/wp\/v2\/pages\/713\/revisions\/736"}],"up":[{"embeddable":true,"href":"http:\/\/desafioglobal.org\/pt\/wp-json\/wp\/v2\/pages\/383"}],"wp:attachment":[{"href":"http:\/\/desafioglobal.org\/pt\/wp-json\/wp\/v2\/media?parent=713"}],"curies":[{"name":"wp","href":"https:\/\/api.w.org\/{rel}","templated":true}]}}