{"id":7,"date":"2013-07-08T20:03:29","date_gmt":"2013-07-08T20:03:29","guid":{"rendered":"http:\/\/desafioglobal.org\/pt\/?page_id=7"},"modified":"2014-09-07T23:05:45","modified_gmt":"2014-09-07T23:05:45","slug":"coordenacao","status":"publish","type":"page","link":"http:\/\/desafioglobal.org\/pt\/coordenacao\/","title":{"rendered":"Coordena\u00e7\u00e3o e Gest\u00e3o do Projeto"},"content":{"rendered":"<h2> <\/h2>\n<h2>Unidade de Coordena\u00e7\u00e3o do Projeto<\/h2>\n<h4> <\/h4>\n<h4>Coordenador do Projeto<\/h4>\n<p>Prof. Jos\u00e9 Esteban Castro, Universidade de Newcastle, Reino Unido<\/p>\n<h4>Subcoordenador<\/h4>\n<p>Prof. L\u00e9o Heller, Universidade Federal de Minas Gerais, Belo Horizonte, Brasil<\/p>\n<h4>Asesor del Proyecto<\/h4>\n<p>Dr Jaime Amezaga, Universidade de Newcastle, Reino Unido<\/p>\n<h4>Administradora do Projeto<\/h4>\n<p>Dr Gisela Zapata, Universidade de Newcastle, Reino Unido<\/p>\n<p>&nbsp;<\/p>\n<p style=\"text-align: center\"><strong>______________________________________<\/strong><\/p>\n<p>&nbsp;<\/p>\n<h2>Equipe de Gest\u00e3o do Projeto<\/h2>\n<p>Prof. Jos\u00e9 Esteban Castro, Universidade de Newcastle, Reino Unido, Coordenador da Equipe<\/p>\n<p>Prof. L\u00e9o Heller, Universidade Federal de Minas Gerais, Belo Horizonte, Brasil<\/p>\n<p>Dr. Jaime Amezaga, Universidade de Newcastle, Reino Unido<\/p>\n<p>Mtra. Hermelinda Maria Rocha Ferreira, Universidade Federal de Pernambuco (UFPE), Recife, Brasil, em representa\u00e7\u00e3o da Dra. Suzana Maria Gico Lima Montenegro (UFPE)<\/p>\n<p>Dra. Ana L\u00facia Britto, Universidade Federal de Rio de Janeiro (UFRJ), Rio de Janeiro, Brasil<\/p>\n<p>Ing. Helder dos Santos Cortez, Companhia de \u00c1gua e Esgoto do Cear\u00e1 (CAGECE), Fortaleza, Brasil<\/p>\n<p>Dra. Margarita Portapila, Universidade Nacional de Rosario (UNR), Rosario, Argentina<\/p>\n<p>Prof. Miguel Pe\u00f1a, Universidade do Vale (UNIVALLE), Cali, Col\u00f4mbia<\/p>\n<p>Profa. Mariela Vargas, Universidade do Vale (UNIVALLE), Cali, Col\u00f4mbia<\/p>\n<p>Profa. Maria Cunha, IMAR-UC, Instituto do Mar, Universidade de Coimbra, Coimbra, Portugal<\/p>\n","protected":false},"excerpt":{"rendered":"<p>Unidade de Coordena\u00e7\u00e3o do Projeto Coordenador do Projeto Prof. Jos\u00e9 Esteban Castro, Universidade de Newcastle, Reino Unido Subcoordenador Prof. L\u00e9o Heller, Universidade Federal de Minas Gerais, Belo Horizonte, Brasil Asesor del Proyecto Dr Jaime Amezaga, Universidade de Newcastle, Reino Unido Administradora do Projeto Dr Gisela Zapata, Universidade de Newcastle, Reino Unido &nbsp; ______________________________________ &nbsp; Equipe [&hellip;]<\/p>\n","protected":false},"author":1,"featured_media":0,"parent":0,"menu_order":0,"comment_status":"closed","ping_status":"closed","template":"page-templates\/full-width.php","meta":[],"_links":{"self":[{"href":"http:\/\/desafioglobal.org\/pt\/wp-json\/wp\/v2\/pages\/7"}],"collection":[{"href":"http:\/\/desafioglobal.org\/pt\/wp-json\/wp\/v2\/pages"}],"about":[{"href":"http:\/\/desafioglobal.org\/pt\/wp-json\/wp\/v2\/types\/page"}],"author":[{"embeddable":true,"href":"http:\/\/desafioglobal.org\/pt\/wp-json\/wp\/v2\/users\/1"}],"replies":[{"embeddable":true,"href":"http:\/\/desafioglobal.org\/pt\/wp-json\/wp\/v2\/comments?post=7"}],"version-history":[{"count":8,"href":"http:\/\/desafioglobal.org\/pt\/wp-json\/wp\/v2\/pages\/7\/revisions"}],"predecessor-version":[{"id":562,"href":"http:\/\/desafioglobal.org\/pt\/wp-json\/wp\/v2\/pages\/7\/revisions\/562"}],"wp:attachment":[{"href":"http:\/\/desafioglobal.org\/pt\/wp-json\/wp\/v2\/media?parent=7"}],"curies":[{"name":"wp","href":"https:\/\/api.w.org\/{rel}","templated":true}]}}