{"id":666,"date":"2015-03-04T15:04:35","date_gmt":"2015-03-04T15:04:35","guid":{"rendered":"http:\/\/desafioglobal.org\/pt\/?page_id=666"},"modified":"2015-08-07T19:04:02","modified_gmt":"2015-08-07T19:04:02","slug":"terceira-reuniao-do-projeto-rio-de-janeiro","status":"publish","type":"page","link":"http:\/\/desafioglobal.org\/pt\/reunioes\/reunioes-internas\/terceira-reuniao-do-projeto-rio-de-janeiro\/","title":{"rendered":"Terceira Reuni\u00e3o do Projeto: Rio de Janeiro"},"content":{"rendered":"<p>A Terceira Reuni\u00e3o do Projeto DESAFIO se realizou no Rio de Janeiro de 27 a 31 de julho de 2015. A reuni\u00e3o foi organizada pelo nosso s\u00f3cio local, a Universidade Federal do Rio de Janeiro (UFRJ), com a lideran\u00e7a da nossa colega Ana L\u00facia Britto e sua equipe de colaboradores, com o apoio da Coordena\u00e7\u00e3o do projeto.<\/p>\n<p>Como parte das atividades da reuni\u00e3o, tivemos a Segunda Confer\u00eancia Internacional do Projeto DESAFIO. <a title=\"Segunda Confer\u00eancia Internacional\" href=\"http:\/\/desafioglobal.org\/pt\/reunioes\/reunioes-abertas\/segunda-conferencia-internacional\/\">Visite a p\u00e1gina da Confer\u00eancia<\/a>.<\/p>\n<p>&nbsp;<\/p>\n","protected":false},"excerpt":{"rendered":"<p>A Terceira Reuni\u00e3o do Projeto DESAFIO se realizou no Rio de Janeiro de 27 a 31 de julho de 2015. A reuni\u00e3o foi organizada pelo nosso s\u00f3cio local, a Universidade Federal do Rio de Janeiro (UFRJ), com a lideran\u00e7a da nossa colega Ana L\u00facia Britto e sua equipe de colaboradores, com o apoio da Coordena\u00e7\u00e3o [&hellip;]<\/p>\n","protected":false},"author":3,"featured_media":0,"parent":430,"menu_order":0,"comment_status":"closed","ping_status":"closed","template":"","meta":[],"_links":{"self":[{"href":"http:\/\/desafioglobal.org\/pt\/wp-json\/wp\/v2\/pages\/666"}],"collection":[{"href":"http:\/\/desafioglobal.org\/pt\/wp-json\/wp\/v2\/pages"}],"about":[{"href":"http:\/\/desafioglobal.org\/pt\/wp-json\/wp\/v2\/types\/page"}],"author":[{"embeddable":true,"href":"http:\/\/desafioglobal.org\/pt\/wp-json\/wp\/v2\/users\/3"}],"replies":[{"embeddable":true,"href":"http:\/\/desafioglobal.org\/pt\/wp-json\/wp\/v2\/comments?post=666"}],"version-history":[{"count":4,"href":"http:\/\/desafioglobal.org\/pt\/wp-json\/wp\/v2\/pages\/666\/revisions"}],"predecessor-version":[{"id":780,"href":"http:\/\/desafioglobal.org\/pt\/wp-json\/wp\/v2\/pages\/666\/revisions\/780"}],"up":[{"embeddable":true,"href":"http:\/\/desafioglobal.org\/pt\/wp-json\/wp\/v2\/pages\/430"}],"wp:attachment":[{"href":"http:\/\/desafioglobal.org\/pt\/wp-json\/wp\/v2\/media?parent=666"}],"curies":[{"name":"wp","href":"https:\/\/api.w.org\/{rel}","templated":true}]}}