{"id":665,"date":"2015-03-04T15:16:19","date_gmt":"2015-03-04T15:16:19","guid":{"rendered":"http:\/\/desafioglobal.org\/pt\/?page_id=665"},"modified":"2015-08-05T23:01:56","modified_gmt":"2015-08-05T23:01:56","slug":"segunda-conferencia-internacional","status":"publish","type":"page","link":"http:\/\/desafioglobal.org\/pt\/reunioes\/reunioes-abertas\/segunda-conferencia-internacional\/","title":{"rendered":"Segunda Confer\u00eancia Internacional"},"content":{"rendered":"<header class=\"entry-header\">\n<h3 style=\"text-align: center;\"><span style=\"font-size: 1.142857143rem; line-height: 1.846153846;\">\u201cDemocratiza\u00e7\u00e3o da pol\u00edtica dos servi\u00e7os de saneamento b\u00e1sico por meio de inova\u00e7\u00f5es sociot\u00e9cnicas. Li\u00e7\u00f5es para enfrentar os desafios&#8221;<\/span><\/h3>\n<p><a href=\"http:\/\/desafioglobal.org\/pt\/wp-content\/uploads\/sites\/3\/2015\/07\/Logo-Segunda-Conferencia.jpg\"><img decoding=\"async\" loading=\"lazy\" class=\"aligncenter  wp-image-750\" src=\"http:\/\/desafioglobal.org\/pt\/wp-content\/uploads\/sites\/3\/2015\/07\/Logo-Segunda-Conferencia-287x300.jpg\" alt=\"Logo Segunda Conferencia\" width=\"73\" height=\"76\" srcset=\"http:\/\/desafioglobal.org\/pt\/wp-content\/uploads\/sites\/3\/2015\/07\/Logo-Segunda-Conferencia-287x300.jpg 287w, http:\/\/desafioglobal.org\/pt\/wp-content\/uploads\/sites\/3\/2015\/07\/Logo-Segunda-Conferencia-979x1024.jpg 979w, http:\/\/desafioglobal.org\/pt\/wp-content\/uploads\/sites\/3\/2015\/07\/Logo-Segunda-Conferencia-624x653.jpg 624w, http:\/\/desafioglobal.org\/pt\/wp-content\/uploads\/sites\/3\/2015\/07\/Logo-Segunda-Conferencia.jpg 1157w\" sizes=\"(max-width: 73px) 100vw, 73px\" \/><\/a><\/p>\n<p>&nbsp;<\/p>\n<h3><a href=\"http:\/\/desafioglobal.org\/pt\/reunioes\/reunioes-abertas\/segunda-conferencia-internacional\/programa-da-segunda-conferencia-internacional\/\">Clique aqui para ver o Programa da Confer\u00eancia e baixar as apresenta\u00e7\u00f5es.<\/a><\/h3>\n<p><span style=\"text-decoration: underline;\">Galeria de fotos da Segunda Confer\u00eancia<\/span>:<br \/>\n<a title=\"DESAFIO Project \/ Proyecto DESAFIO, 2013-2015\" href=\"https:\/\/www.flickr.com\/photos\/125391306@N03\/sets\/72157646703365919\" data-flickr-embed=\"true\"><img decoding=\"async\" loading=\"lazy\" class=\" aligncenter\" src=\"https:\/\/farm4.staticflickr.com\/3836\/15108790962_f252b18016_z.jpg\" alt=\"DESAFIO Project \/ Proyecto DESAFIO, 2013-2015\" width=\"640\" height=\"480\" \/><\/a><script src=\"\/\/embedr.flickr.com\/assets\/client-code.js\" async=\"\" type=\"mce-no\/type\" charset=\"utf-8\"><\/script><\/p>\n<div class=\"entry-content\">\n<p style=\"text-align: center;\">Organizaram:<\/p>\n<p style=\"text-align: center;\"><a href=\"http:\/\/desafioglobal.org\/pt\/wp-content\/uploads\/sites\/3\/2013\/07\/ufr.jpg\"><img decoding=\"async\" loading=\"lazy\" class=\"aligncenter  wp-image-104\" src=\"http:\/\/desafioglobal.org\/pt\/wp-content\/uploads\/sites\/3\/2013\/07\/ufr.jpg\" alt=\"ufr\" width=\"44\" height=\"55\" \/><\/a>Universidade Federal de Rio de Janeiro (UFRJ),\u00a0Coordenador Local<\/p>\n<p style=\"text-align: center;\"><a href=\"http:\/\/desafioglobal.org\/pt\/wp-content\/uploads\/sites\/3\/2013\/07\/ncllogo.png\"><img decoding=\"async\" loading=\"lazy\" class=\"aligncenter  wp-image-102\" src=\"http:\/\/desafioglobal.org\/pt\/wp-content\/uploads\/sites\/3\/2013\/07\/ncllogo.png\" alt=\"ncllogo\" width=\"111\" height=\"37\" \/><\/a>Newcastle University, Reino Unido,\u00a0Coordenador do Projeto<\/p>\n<p style=\"text-align: center;\">Apoiram a dissemina\u00e7\u00e3o:<\/p>\n<p><a href=\"http:\/\/desafioglobal.org\/pt\/wp-content\/uploads\/sites\/3\/2015\/06\/WATERLAT-DOS-LINEAS.jpg\"><img decoding=\"async\" loading=\"lazy\" class=\"aligncenter  wp-image-738\" src=\"http:\/\/desafioglobal.org\/pt\/wp-content\/uploads\/sites\/3\/2015\/06\/WATERLAT-DOS-LINEAS-300x105.jpg\" alt=\"WATERLAT DOS LINEAS\" width=\"103\" height=\"36\" srcset=\"http:\/\/desafioglobal.org\/pt\/wp-content\/uploads\/sites\/3\/2015\/06\/WATERLAT-DOS-LINEAS-300x105.jpg 300w, http:\/\/desafioglobal.org\/pt\/wp-content\/uploads\/sites\/3\/2015\/06\/WATERLAT-DOS-LINEAS-1024x359.jpg 1024w, http:\/\/desafioglobal.org\/pt\/wp-content\/uploads\/sites\/3\/2015\/06\/WATERLAT-DOS-LINEAS-624x219.jpg 624w, http:\/\/desafioglobal.org\/pt\/wp-content\/uploads\/sites\/3\/2015\/06\/WATERLAT-DOS-LINEAS.jpg 1419w\" sizes=\"(max-width: 103px) 100vw, 103px\" \/><\/a><\/p>\n<p style=\"text-align: center;\"><a href=\"http:\/\/www.waterlat.org\/\">Rede WATERLAT-GOBACIT<\/a><\/p>\n<p>&nbsp;<\/p>\n<p style=\"text-align: center;\">LOCAL DO EVENTO:<\/p>\n<p style=\"text-align: center;\"><a href=\"http:\/\/www.cbae.forum.ufrj.br\/\">Col\u00e9gio Brasileiro de Altos Estudos (CBAE)<\/a><br \/>\nUniversidade Federal do Rio de Janeiro (UFRJ),<br \/>\nAv. Rui Barbosa, 762 \u2013 Praia do Flamengo, Rio de Janeiro, Brasil.<\/p>\n<\/div>\n<\/header>\n","protected":false},"excerpt":{"rendered":"<p>\u201cDemocratiza\u00e7\u00e3o da pol\u00edtica dos servi\u00e7os de saneamento b\u00e1sico por meio de inova\u00e7\u00f5es sociot\u00e9cnicas. Li\u00e7\u00f5es para enfrentar os desafios&#8221; &nbsp; Clique aqui para ver o Programa da Confer\u00eancia e baixar as apresenta\u00e7\u00f5es. Galeria de fotos da Segunda Confer\u00eancia: Organizaram: Universidade Federal de Rio de Janeiro (UFRJ),\u00a0Coordenador Local Newcastle University, Reino Unido,\u00a0Coordenador do Projeto Apoiram a dissemina\u00e7\u00e3o: [&hellip;]<\/p>\n","protected":false},"author":3,"featured_media":0,"parent":431,"menu_order":0,"comment_status":"closed","ping_status":"closed","template":"","meta":[],"_links":{"self":[{"href":"http:\/\/desafioglobal.org\/pt\/wp-json\/wp\/v2\/pages\/665"}],"collection":[{"href":"http:\/\/desafioglobal.org\/pt\/wp-json\/wp\/v2\/pages"}],"about":[{"href":"http:\/\/desafioglobal.org\/pt\/wp-json\/wp\/v2\/types\/page"}],"author":[{"embeddable":true,"href":"http:\/\/desafioglobal.org\/pt\/wp-json\/wp\/v2\/users\/3"}],"replies":[{"embeddable":true,"href":"http:\/\/desafioglobal.org\/pt\/wp-json\/wp\/v2\/comments?post=665"}],"version-history":[{"count":19,"href":"http:\/\/desafioglobal.org\/pt\/wp-json\/wp\/v2\/pages\/665\/revisions"}],"predecessor-version":[{"id":774,"href":"http:\/\/desafioglobal.org\/pt\/wp-json\/wp\/v2\/pages\/665\/revisions\/774"}],"up":[{"embeddable":true,"href":"http:\/\/desafioglobal.org\/pt\/wp-json\/wp\/v2\/pages\/431"}],"wp:attachment":[{"href":"http:\/\/desafioglobal.org\/pt\/wp-json\/wp\/v2\/media?parent=665"}],"curies":[{"name":"wp","href":"https:\/\/api.w.org\/{rel}","templated":true}]}}