{"id":6,"date":"2013-07-08T20:03:29","date_gmt":"2013-07-08T20:03:29","guid":{"rendered":"http:\/\/desafioglobal.org\/pt\/?page_id=6"},"modified":"2015-09-13T12:02:03","modified_gmt":"2015-09-13T12:02:03","slug":"socios","status":"publish","type":"page","link":"http:\/\/desafioglobal.org\/pt\/coordenacao\/socios\/","title":{"rendered":"Equipe de pesquisa"},"content":{"rendered":"<h3>1. <a href=\"http:\/\/www.ncl.ac.uk\/gps\/\">Universidade de Newcastle<\/a><strong>,<\/strong><strong> Reino Unido (Coordenador)<\/strong><\/h3>\n<p><a href=\"http:\/\/desafioglobal.org\/pt\/wp-content\/uploads\/sites\/3\/2013\/07\/ncllogo.png\"><img decoding=\"async\" loading=\"lazy\" class=\"alignnone size-full wp-image-102\" src=\"http:\/\/desafioglobal.org\/pt\/wp-content\/uploads\/sites\/3\/2013\/07\/ncllogo.png\" alt=\"ncllogo\" width=\"180\" height=\"60\" \/><\/a> <img decoding=\"async\" loading=\"lazy\" class=\"alignnone size-full wp-image-97\" style=\"margin-left: 20px;margin-right: 20px\" src=\"http:\/\/desafioglobal.org\/pt\/wp-content\/uploads\/sites\/3\/2013\/07\/GPS-logo.png\" alt=\"GPS-logo\" width=\"116\" height=\"60\" \/><\/p>\n<ul>\n<li>Prof. Jos\u00e9 Esteban Castro, Coordenador do Projeto<\/li>\n<li>Dr. Jaime Amezaga, Assessor do Projeto<\/li>\n<li>Dra. Marcionila Fernandes, Universidade Estadual da Para\u00edba (UEPB), Assessora Especial para Brasil<\/li>\n<li>Dra. Gisela Zapata, Pesquisadora Associada \/ Administradora do Projeto<\/li>\n<li>Ma. Circe Badillo Salas, Assistente Acad\u00eamica<\/li>\n<\/ul>\n<h3>2. <a href=\"http:\/\/www.desa.ufmg.br\/\">Universidade Federal de Minas Gerais (UFMG)<\/a><strong>,<\/strong><strong> Belo Horizonte, Brasil<\/strong><\/h3>\n<p><a href=\"http:\/\/desafioglobal.org\/pt\/wp-content\/uploads\/sites\/3\/2013\/07\/imgres.jpg\"><img decoding=\"async\" loading=\"lazy\" class=\"alignnone  wp-image-100\" src=\"http:\/\/desafioglobal.org\/pt\/wp-content\/uploads\/sites\/3\/2013\/07\/imgres-300x116.jpg\" alt=\"imgres\" width=\"158\" height=\"61\" srcset=\"http:\/\/desafioglobal.org\/pt\/wp-content\/uploads\/sites\/3\/2013\/07\/imgres-300x116.jpg 300w, http:\/\/desafioglobal.org\/pt\/wp-content\/uploads\/sites\/3\/2013\/07\/imgres.jpg 359w\" sizes=\"(max-width: 158px) 100vw, 158px\" \/><\/a><\/p>\n<ul>\n<li>Prof. L\u00e9o Heller, Subcoordenador do Projeto<\/li>\n<li>Prof. Cesar Mota<\/li>\n<li>Prof. Sonaly Rezende<\/li>\n<li>Prof. Valter L\u00facio de P\u00e1dua<\/li>\n<li>Prof. Carlos Augusto de Lemos Chernicharo<\/li>\n<li>Me. Jo\u00e3o Luiz Pena<\/li>\n<li>Me. Delmo Vilela<\/li>\n<li>Me. Sebasti\u00e3o Castro<\/li>\n<li>Me. Bernardo Aleixo<\/li>\n<li>Bela. B\u00e1rbara Passos<\/li>\n<li>Dr. Eliano Freitas<\/li>\n<li>Srta.\u00a0B\u00e1rbara Marques Costa<\/li>\n<li>Me. Colin Andrew Brown<\/li>\n<li>Bel. Allyson Sullyvan<\/li>\n<li>Srta. J\u00e9ssica Ayra Silva<\/li>\n<li>Srta. Tha\u00eds de Lima Machado<\/li>\n<\/ul>\n<h3>3. <a href=\"http:\/\/www.ufpe.br\/\">Universidade Federal de Pernambuco (UFPE)<\/a><strong>,<\/strong><strong> Recife, Brasil<\/strong><\/h3>\n<p><img decoding=\"async\" loading=\"lazy\" class=\"alignnone  wp-image-103\" src=\"http:\/\/desafioglobal.org\/pt\/wp-content\/uploads\/sites\/3\/2013\/07\/ufpe.png\" alt=\"ufpe\" width=\"108\" height=\"199\" \/><\/p>\n<ul>\n<li>Dra Suzana Maria Gico Lima Montenegro, Coordenadora Local<\/li>\n<li>Ma. Hermelinda Maria Rocha Ferreira, Sub Coordenadora<\/li>\n<li>Dr. Andr\u00e9 Monteiro<\/li>\n<li>Me. Alexandre S\u00e1vio Pereira Ramos<\/li>\n<\/ul>\n<p><span style=\"text-decoration: underline\">Assistentes de Pesquisa<\/span><\/p>\n<ul>\n<li>Dra. Cicera Gomes<\/li>\n<li>Lic. Ana Nery dos Santos, Centro de Desenvolvimento e Cidadania<\/li>\n<\/ul>\n<p><span style=\"text-decoration: underline\">Assist\u00eancia T\u00e9cnica (Question\u00e1rio)<\/span><\/p>\n<ul>\n<li>Eng. Jordelan Gabriel<\/li>\n<li>Eng. No\u00eamia Ramos Silva Ericson<\/li>\n<li>Mo. Evandro Cavalcanti Luna Morais<\/li>\n<li>Arq. Lea de Barros Cavalcanti<\/li>\n<li>Dr. Wayner Vieira de Souza, Centro de Pesquisas Aggeu Magalh\u00e3es (CPqAM), Funda\u00e7\u00e3o Oswaldo Cruz (Fiocruz)<\/li>\n<li>Dr. Eduardo Jaime Seara Pinto da Costa Ferraz, Centro de Pesquisas Aggeu Magalh\u00e3es (CPqAM), Funda\u00e7\u00e3o Oswaldo Cruz (Fiocruz)<\/li>\n<\/ul>\n<p><span style=\"text-decoration: underline\">Assistentes Tempor\u00e1rios de Pesquisa (Question\u00e1rio)<\/span><\/p>\n<ul>\n<li>Lic. Izabel Cristina Gast\u00e3o<\/li>\n<li>Lic. Patr\u00edcia Alexandre Sousa<\/li>\n<li>Lic. La\u00edse C\u00e1ndido<\/li>\n<li>Lic. Edigerlene L. Lins<\/li>\n<li>Sra. Gra\u00e7a Sim\u00f5es (estudante de licenciatura)<\/li>\n<\/ul>\n<p><span style=\"text-decoration: underline\">Apoio para o trabalho de campo<\/span><\/p>\n<ul>\n<li>Associa\u00e7\u00e3o de Moradores da Mustardinha<\/li>\n<li>Sr. Andr\u00e9 Albuquerque<\/li>\n<li>Sra. Marilene Silva da Costa<\/li>\n<li>Sr. Rodrigo Francisco dos Santos<\/li>\n<li>Sra. Helena Josefa de Mendon\u00e7a<\/li>\n<li>Sr. Jos\u00e9 Cassimiro<\/li>\n<li>Sr. Tayrone Viana<\/li>\n<li>Sr. Gilberto Vieira<\/li>\n<\/ul>\n<p><span style=\"text-decoration: underline\">In Memoriam<\/span><\/p>\n<ul>\n<li>Prof. Denis Ant\u00f4nio de Mendon\u00e7a Bernardes<\/li>\n<\/ul>\n<h3>4. <a href=\"http:\/\/www.ufrj.br\/\">Universidade Federal do Rio de Janeiro (UFRJ)<\/a><strong>, Rio de Janeiro, Brasil<\/strong><\/h3>\n<p><img decoding=\"async\" loading=\"lazy\" class=\"alignnone size-full wp-image-104\" src=\"http:\/\/desafioglobal.org\/pt\/wp-content\/uploads\/sites\/3\/2013\/07\/ufr.jpg\" alt=\"ufr\" width=\"100\" height=\"125\" \/><\/p>\n<ul>\n<li>Dra. Ana L\u00facia Britto<\/li>\n<li>Dr. Paulo Roberto Ferreira Carneiro<\/li>\n<li>Dr. Antonella Maiello<\/li>\n<li>Ma. Suy\u00e1 Quintslr<\/li>\n<li>Simone dos Santos Ramos<\/li>\n<li>Patr\u00edcia dos Santos Peixoto<\/li>\n<\/ul>\n<h3>5. <a href=\"http:\/\/www.cagece.com.br\/sisar\">Companhia de \u00c1gua e Esgoto do Cear\u00e1 (CAGECE)<\/a>, Fortaleza, Brasil<\/h3>\n<p><img decoding=\"async\" loading=\"lazy\" class=\"alignnone  wp-image-96\" src=\"http:\/\/desafioglobal.org\/pt\/wp-content\/uploads\/sites\/3\/2013\/07\/cagece-300x76.jpg\" alt=\"cagece\" width=\"216\" height=\"55\" srcset=\"http:\/\/desafioglobal.org\/pt\/wp-content\/uploads\/sites\/3\/2013\/07\/cagece-300x76.jpg 300w, http:\/\/desafioglobal.org\/pt\/wp-content\/uploads\/sites\/3\/2013\/07\/cagece.jpg 314w\" sizes=\"(max-width: 216px) 100vw, 216px\" \/><\/p>\n<ul>\n<li>Eng. Helder dos Santos Cortez<\/li>\n<li>Lic. Marcondes Sobreira<\/li>\n<li>Lic. Ronner Gondim<\/li>\n<li>Eng. Otaciana Ribeiro Alves<\/li>\n<li>Lic. Claudia Val\u00e9ria Silva Melo<\/li>\n<\/ul>\n<h3>6. <a href=\"http:\/\/unr.edu.ar\/\">Universidad Nacional de Rosario (UNR)<\/a><strong>,<\/strong> Rosario, Argentina<\/h3>\n<p><img decoding=\"async\" loading=\"lazy\" class=\"alignnone size-full wp-image-95\" src=\"http:\/\/desafioglobal.org\/pt\/wp-content\/uploads\/sites\/3\/2013\/07\/unr.jpg\" alt=\"unr\" width=\"100\" height=\"100\" \/><\/p>\n<ul>\n<li>Prof. Margarita Portapila<\/li>\n<li>Prof. Juan Carlos Mar\u00edn<\/li>\n<li>Dr. Alfredo Rigalli<\/li>\n<li>Ing. Jorge Postma<\/li>\n<li>Arq. Sonia Omelianiuk<\/li>\n<li>Dr. Martin Romagnoli<\/li>\n<li>Dra. Maela Lupo<\/li>\n<li>Dr. Gustavo Anton<\/li>\n<li>Lic. Gustavo Forte<\/li>\n<li>Ing. Gisela Maydana<\/li>\n<li>Lic. Brenda Fina<\/li>\n<li>Lic. Damiano Tagliavini<\/li>\n<li>Lic. Melisa\u00a0Orta<\/li>\n<li>Dr. Nicol\u00e1s Torres<\/li>\n<li>Lic. Hernan Escobar<\/li>\n<li>C.P.N. B\u00e1rbara Bertoni<\/li>\n<\/ul>\n<h3>7. <a href=\"http:\/\/www.univalle.edu.co\/\">Universidad del Valle\u00a0 (UNIVALLE)<\/a>, Cali, Col\u00f4mbia<\/h3>\n<p><img decoding=\"async\" loading=\"lazy\" class=\"alignnone size-full wp-image-105\" src=\"http:\/\/desafioglobal.org\/pt\/wp-content\/uploads\/sites\/3\/2013\/07\/univalle.jpg\" alt=\"univalle\" width=\"100\" height=\"100\" \/><\/p>\n<ul>\n<li>Prof. Miguel Pe\u00f1a-Varon<\/li>\n<li>Prof. Mariela Garc\u00eda Vargas<\/li>\n<li>Ing. Andres Fernando Toro<\/li>\n<li>Lic. Johanna Vidal<\/li>\n<li>Lic. Julieth Vanessa Vargas<\/li>\n<li>Lic. Victor Alfonso Ceron<\/li>\n<li>Lic. Shirley Paola Tamayo<\/li>\n<li>Tco. Eidenober Mena<\/li>\n<li>Vivian Orjuela<\/li>\n<\/ul>\n<h3>8. <a href=\"http:\/\/www1.ci.uc.pt\/imar\/unit\">Instituto do Mar &#8211; Centro do Mar e Ambiente, Universidade de Coimbra (IMAR-UC)<\/a><strong>,<\/strong> Coimbra, Portugal<\/h3>\n<p><img decoding=\"async\" loading=\"lazy\" class=\"alignnone size-full wp-image-98\" style=\"font-size: 1rem;line-height: 1\" src=\"http:\/\/desafioglobal.org\/pt\/wp-content\/uploads\/sites\/3\/2013\/07\/imar.jpg\" alt=\"imar\" width=\"100\" height=\"133\" \/><a href=\"http:\/\/desafioglobal.org\/pt\/wp-content\/uploads\/sites\/3\/2013\/07\/Imarfundotransp.gif\"><img decoding=\"async\" loading=\"lazy\" class=\"alignnone size-full wp-image-99\" style=\"margin-left: 20px;margin-right: 20px\" src=\"http:\/\/desafioglobal.org\/pt\/wp-content\/uploads\/sites\/3\/2013\/07\/Imarfundotransp.gif\" alt=\"Imarfundotransp\" width=\"133\" height=\"100\" \/><\/a><\/p>\n<ul>\n<li>Prof. Maria da Concei\u00e7\u00e3o Cunha<\/li>\n<li>Dra. Rute Pinto<\/li>\n<li>Dr. Jo\u00e3o Carlos Rosa Marques<\/li>\n<li>Lic Zara Teixeira<\/li>\n<\/ul>\n","protected":false},"excerpt":{"rendered":"<p>1. Universidade de Newcastle, Reino Unido (Coordenador) Prof. Jos\u00e9 Esteban Castro, Coordenador do Projeto Dr. Jaime Amezaga, Assessor do Projeto Dra. Marcionila Fernandes, Universidade Estadual da Para\u00edba (UEPB), Assessora Especial para Brasil Dra. Gisela Zapata, Pesquisadora Associada \/ Administradora do Projeto Ma. Circe Badillo Salas, Assistente Acad\u00eamica 2. Universidade Federal de Minas Gerais (UFMG), Belo [&hellip;]<\/p>\n","protected":false},"author":1,"featured_media":0,"parent":7,"menu_order":0,"comment_status":"closed","ping_status":"closed","template":"page-templates\/full-width.php","meta":[],"_links":{"self":[{"href":"http:\/\/desafioglobal.org\/pt\/wp-json\/wp\/v2\/pages\/6"}],"collection":[{"href":"http:\/\/desafioglobal.org\/pt\/wp-json\/wp\/v2\/pages"}],"about":[{"href":"http:\/\/desafioglobal.org\/pt\/wp-json\/wp\/v2\/types\/page"}],"author":[{"embeddable":true,"href":"http:\/\/desafioglobal.org\/pt\/wp-json\/wp\/v2\/users\/1"}],"replies":[{"embeddable":true,"href":"http:\/\/desafioglobal.org\/pt\/wp-json\/wp\/v2\/comments?post=6"}],"version-history":[{"count":46,"href":"http:\/\/desafioglobal.org\/pt\/wp-json\/wp\/v2\/pages\/6\/revisions"}],"predecessor-version":[{"id":813,"href":"http:\/\/desafioglobal.org\/pt\/wp-json\/wp\/v2\/pages\/6\/revisions\/813"}],"up":[{"embeddable":true,"href":"http:\/\/desafioglobal.org\/pt\/wp-json\/wp\/v2\/pages\/7"}],"wp:attachment":[{"href":"http:\/\/desafioglobal.org\/pt\/wp-json\/wp\/v2\/media?parent=6"}],"curies":[{"name":"wp","href":"https:\/\/api.w.org\/{rel}","templated":true}]}}