{"id":566,"date":"2014-09-11T13:45:02","date_gmt":"2014-09-11T13:45:02","guid":{"rendered":"http:\/\/desafioglobal.org\/pt\/?page_id=566"},"modified":"2015-10-27T23:03:50","modified_gmt":"2015-10-27T23:03:50","slug":"galeria","status":"publish","type":"page","link":"http:\/\/desafioglobal.org\/pt\/galeria\/","title":{"rendered":"Galeria"},"content":{"rendered":"<p>Esta se\u00e7\u00e3o utiliza diversos m\u00e9dios para comunicar-se com o p\u00fablico, circular informa\u00e7\u00e3o audiovisual sobre as atividades do projeto e disseminar resultados da pesquisa.<\/p>\n<p>&nbsp;<\/p>\n<p><strong>Lista de videos de reuni\u00f5es do Projeto DESAFIO em Youtube<\/strong><\/p>\n<p><iframe loading=\"lazy\" src=\"https:\/\/www.youtube.com\/embed\/videoseries?list=PLx6qphzdSP6vKteiCnxipiFxrpl6PRAUa\" width=\"560\" height=\"315\" frameborder=\"0\" allowfullscreen=\"allowfullscreen\"><\/iframe><\/p>\n<p>&nbsp;<\/p>\n<p><strong>Lista de videos de entrevistas e outras atividades do Projeto DESAFIO em Youtube<\/strong><\/p>\n<p><iframe loading=\"lazy\" src=\"\/\/www.youtube.com\/embed\/videoseries?list=PLx6qphzdSP6sxHigH5SMJSfaa31tYyl8u\" width=\"560\" height=\"315\" frameborder=\"0\" allowfullscreen=\"allowfullscreen\"><\/iframe><\/p>\n<p>&nbsp;<\/p>\n<p><strong>Sele\u00e7\u00e3o de fotografias de DESAFIO<\/strong><\/p>\n<p><object style=\"width: 533px; height: 304px;\" width=\"400\" height=\"300\" classid=\"clsid:d27cdb6e-ae6d-11cf-96b8-444553540000\" codebase=\"http:\/\/download.macromedia.com\/pub\/shockwave\/cabs\/flash\/swflash.cab#version=6,0,40,0\"><param name=\"flashvars\" value=\"offsite=true&amp;lang=en-us&amp;page_show_url=%2Fphotos%2F125391306%40N03%2Fsets%2F72157646703365919%2Fshow%2F&amp;page_show_back_url=%2Fphotos%2F125391306%40N03%2Fsets%2F72157646703365919%2F&amp;set_id=72157646703365919&amp;jump_to=\" \/><param name=\"allowFullScreen\" value=\"true\" \/><param name=\"src\" value=\"https:\/\/www.flickr.com\/apps\/slideshow\/show.swf?v=1811922554\" \/><param name=\"allowfullscreen\" value=\"true\" \/><embed style=\"width: 533px; height: 304px;\" width=\"400\" height=\"300\" type=\"application\/x-shockwave-flash\" src=\"https:\/\/www.flickr.com\/apps\/slideshow\/show.swf?v=1811922554\" flashvars=\"offsite=true&amp;lang=en-us&amp;page_show_url=%2Fphotos%2F125391306%40N03%2Fsets%2F72157646703365919%2Fshow%2F&amp;page_show_back_url=%2Fphotos%2F125391306%40N03%2Fsets%2F72157646703365919%2F&amp;set_id=72157646703365919&amp;jump_to=\" allowfullscreen=\"allowfullscreen\" allowfullscreen=\"allowfullscreen\" \/><\/object><\/p>\n","protected":false},"excerpt":{"rendered":"<p>Esta se\u00e7\u00e3o utiliza diversos m\u00e9dios para comunicar-se com o p\u00fablico, circular informa\u00e7\u00e3o audiovisual sobre as atividades do projeto e disseminar resultados da pesquisa. &nbsp; Lista de videos de reuni\u00f5es do Projeto DESAFIO em Youtube &nbsp; Lista de videos de entrevistas e outras atividades do Projeto DESAFIO em Youtube &nbsp; Sele\u00e7\u00e3o de fotografias de DESAFIO<\/p>\n","protected":false},"author":3,"featured_media":0,"parent":0,"menu_order":0,"comment_status":"closed","ping_status":"closed","template":"page-templates\/full-width.php","meta":[],"_links":{"self":[{"href":"http:\/\/desafioglobal.org\/pt\/wp-json\/wp\/v2\/pages\/566"}],"collection":[{"href":"http:\/\/desafioglobal.org\/pt\/wp-json\/wp\/v2\/pages"}],"about":[{"href":"http:\/\/desafioglobal.org\/pt\/wp-json\/wp\/v2\/types\/page"}],"author":[{"embeddable":true,"href":"http:\/\/desafioglobal.org\/pt\/wp-json\/wp\/v2\/users\/3"}],"replies":[{"embeddable":true,"href":"http:\/\/desafioglobal.org\/pt\/wp-json\/wp\/v2\/comments?post=566"}],"version-history":[{"count":4,"href":"http:\/\/desafioglobal.org\/pt\/wp-json\/wp\/v2\/pages\/566\/revisions"}],"predecessor-version":[{"id":854,"href":"http:\/\/desafioglobal.org\/pt\/wp-json\/wp\/v2\/pages\/566\/revisions\/854"}],"wp:attachment":[{"href":"http:\/\/desafioglobal.org\/pt\/wp-json\/wp\/v2\/media?parent=566"}],"curies":[{"name":"wp","href":"https:\/\/api.w.org\/{rel}","templated":true}]}}