{"id":558,"date":"2014-09-11T22:46:08","date_gmt":"2014-09-11T22:46:08","guid":{"rendered":"http:\/\/desafioglobal.org\/pt\/?page_id=558"},"modified":"2015-03-04T15:54:33","modified_gmt":"2015-03-04T15:54:33","slug":"programa-do-curso-e-seminario-international-cali-2014","status":"publish","type":"page","link":"http:\/\/desafioglobal.org\/pt\/reunioes\/reunioes-abertas\/international-course-and-seminar-cali-2014\/programa-do-curso-e-seminario-international-cali-2014\/","title":{"rendered":"Programa do Curso e Semin\u00e1rio International Cali 2014"},"content":{"rendered":"<h2>Curso sobre Elementos da Ecologia Pol\u00edtica<\/h2>\n<p>Audit\u00f3rio Valle del Cauca, Universidade do Vale (UNIVALLE), Cali, Col\u00f4mbia, 22-23 de agosto de 2014<br \/>\nProf. Jos\u00e9 Esteban Castro, Universidade de Newcastle, Reino Unido<\/p>\n<p><span style=\"text-decoration: underline\">Programa do Curso<\/span>:<\/p>\n<p><strong>Sess\u00e3o 1, 220814<\/strong>, Introdu\u00e7\u00e3o \u2013 \u201cAmbiente\u201d, \u201cnatureza\u201d e a emerg\u00eancia da Ecologia Pol\u00edtica<br \/>\n<strong> Sess\u00e3o 2, 220814<\/strong>, Os objetos da pesquisa<br \/>\n<strong> Sess\u00e3o 3, 220814<\/strong>, Debates te\u00f3ricos: realismo vs. construtivismo e estrutura vs. agencia<br \/>\n<strong> Sess\u00e3o 4, 230814<\/strong>, Conflitos ecol\u00f3gicos distributivos \u2013 \u00e1gua e cidadania<br \/>\n<strong> Sess\u00e3o 5, 290814<\/strong>, Semin\u00e1rio Internacional sobre \u201cConflitos Socioambientais Relacionados aos Servi\u00e7os B\u00e1sicos de Saneamento\u201d<\/p>\n<h2><\/h2>\n<h2>Semin\u00e1rio Internacional sobre \u201cConflitos Socioambientais Relacionados aos Servi\u00e7os B\u00e1sicos de Saneamento\u201d<\/h2>\n<p>Audit\u00f3rio Valle del Cauca, Universidade do Vale (UNIVALLE), Cali, Col\u00f4mbia, 29 de agosto de 2014<\/p>\n<h3>Abertura<\/h3>\n<p>Prof. Miguel Pe\u00f1a, Diretor, Instituto de Pesquisa e Desenvolvimento em Abastecimento de \u00c1gua, Saneamento Ambiental e Conserva\u00e7\u00e3o do Recurso H\u00eddrico (CINARA), Universidade do Vale (UNIVALLE)<\/p>\n<h3>Mesa Redonda I. Conflitos locais e regionais na Col\u00f4mbia<\/h3>\n<p>&#8220;Conflitos pela \u00e1gua na comunidade de Pavas, La Cumbre, Valle del Cauca&#8221;<br \/>\nPiedad Gabriel Libreros, Representante da comunidade de Pavas<br \/>\n<a href=\"http:\/\/desafioglobal.org\/General PDFs \/Comunidad Pavas.pdf\">Acesse aqui a apresenta\u00e7\u00e3o de Libreros<\/a>.<\/p>\n<p>&#8220;Conflitos pelo uso da \u00e1gua no R\u00edo Pance, Cali&#8221;<\/p>\n<p>Luis Dar\u00edo S\u00e1nchez Torres, CINARA, UNIVALLE<br \/>\n<a href=\"http:\/\/desafioglobal.org\/General PDFs \/Sanchez Torres.pdf\">Acesse aqui a apresenta\u00e7\u00e3o de S\u00e1nchez Torres<\/a>.<\/p>\n<p>&#8220;Estat\u00edsticas dos conflitos ambientais na Col\u00f4mbia&#8221;<\/p>\n<p>Mario Alejandro P\u00e9rez Rinc\u00f3n, CINARA, UNIVALLE<br \/>\n<a href=\"http:\/\/desafioglobal.org\/General PDFs \/Perez.pdf\">Acesse aqui a apresenta\u00e7\u00e3o de P\u00e9rez Rinc\u00f3n<\/a>.<\/p>\n<p>&#8220;Conflito Socioambiental Eco-cidade Navarro, Cali, Col\u00f4mbia&#8221;<\/p>\n<p>Miguel Pe\u00f1a, CINARA, UNIVALLE<br \/>\n<a href=\"http:\/\/desafioglobal.org\/General PDFs \/Pena.pdf\">Acesse aqui a apresenta\u00e7\u00e3o de Pe\u00f1a<\/a>.<\/p>\n<h3>Mesa Redonda II. Conflitos Internacionais: experi\u00eancias do Projeto DESAFIO<\/h3>\n<p>&#8220;Modelos tecnol\u00f3gicos em saneamento em \u00e1reas de baixa renda, Recife, Brasil. Potencialidades para a democratiza\u00e7\u00e3o do acesso e conflitos potenciais na gest\u00e3o &#8221;<br \/>\nHermelinda Ferreira, Universidade Federal de Pernambuco (UFPE) e Agencia Pernambucana de \u00c1gua e Clima (APAC), Recife, Brasil<br \/>\n<a href=\"http:\/\/desafioglobal.org\/General PDFs \/Ferreira.pdf\">Acesse aqui a apresenta\u00e7\u00e3o de Ferreira<\/a>.<\/p>\n<p>&#8220;Potenciais conflitos na implanta\u00e7\u00e3o de sistemas de abastecimento de \u00e1gua e banheiros em uma comunidade rural do Cear\u00e1, Brasil&#8221;<\/p>\n<p>L\u00e9o Heller, Universidade Federal de Minas Gerais, Brasil<br \/>\n<a href=\"http:\/\/desafioglobal.org\/General PDFs \/Heller.pdf\">Acesse aqui a apresenta\u00e7\u00e3o de Heller<\/a>.<\/p>\n<p>&#8220;O desafio dos servi\u00e7os de saneamento urbanos: planifica\u00e7\u00e3o estrat\u00e9gica para o melhoramento da gest\u00e3o dos lodos de esgoto\u201d<\/p>\n<p>Jaime Amezaga, Universidade de Newcastle, Reino Unido<br \/>\n<a href=\"http:\/\/desafioglobal.org\/General PDFs \/Amezaga.pdf\">Acesse aqui a apresenta\u00e7\u00e3o de Amezaga<\/a>.<\/p>\n","protected":false},"excerpt":{"rendered":"<p>Curso sobre Elementos da Ecologia Pol\u00edtica Audit\u00f3rio Valle del Cauca, Universidade do Vale (UNIVALLE), Cali, Col\u00f4mbia, 22-23 de agosto de 2014 Prof. Jos\u00e9 Esteban Castro, Universidade de Newcastle, Reino Unido Programa do Curso: Sess\u00e3o 1, 220814, Introdu\u00e7\u00e3o \u2013 \u201cAmbiente\u201d, \u201cnatureza\u201d e a emerg\u00eancia da Ecologia Pol\u00edtica Sess\u00e3o 2, 220814, Os objetos da pesquisa Sess\u00e3o 3, [&hellip;]<\/p>\n","protected":false},"author":4,"featured_media":0,"parent":556,"menu_order":0,"comment_status":"closed","ping_status":"closed","template":"page-templates\/full-width.php","meta":[],"_links":{"self":[{"href":"http:\/\/desafioglobal.org\/pt\/wp-json\/wp\/v2\/pages\/558"}],"collection":[{"href":"http:\/\/desafioglobal.org\/pt\/wp-json\/wp\/v2\/pages"}],"about":[{"href":"http:\/\/desafioglobal.org\/pt\/wp-json\/wp\/v2\/types\/page"}],"author":[{"embeddable":true,"href":"http:\/\/desafioglobal.org\/pt\/wp-json\/wp\/v2\/users\/4"}],"replies":[{"embeddable":true,"href":"http:\/\/desafioglobal.org\/pt\/wp-json\/wp\/v2\/comments?post=558"}],"version-history":[{"count":4,"href":"http:\/\/desafioglobal.org\/pt\/wp-json\/wp\/v2\/pages\/558\/revisions"}],"predecessor-version":[{"id":686,"href":"http:\/\/desafioglobal.org\/pt\/wp-json\/wp\/v2\/pages\/558\/revisions\/686"}],"up":[{"embeddable":true,"href":"http:\/\/desafioglobal.org\/pt\/wp-json\/wp\/v2\/pages\/556"}],"wp:attachment":[{"href":"http:\/\/desafioglobal.org\/pt\/wp-json\/wp\/v2\/media?parent=558"}],"curies":[{"name":"wp","href":"https:\/\/api.w.org\/{rel}","templated":true}]}}