{"id":557,"date":"2014-09-11T17:05:46","date_gmt":"2014-09-11T17:05:46","guid":{"rendered":"http:\/\/desafioglobal.org\/pt\/?page_id=557"},"modified":"2015-03-04T14:56:43","modified_gmt":"2015-03-04T14:56:43","slug":"segunda-reuniao-de-projeto-cali","status":"publish","type":"page","link":"http:\/\/desafioglobal.org\/pt\/reunioes\/reunioes-internas\/segunda-reuniao-de-projeto-cali\/","title":{"rendered":"Segunda Reuni\u00e3o do Projeto: Cali"},"content":{"rendered":"<p>A Segunda Reuni\u00e3o do Projeto DESAFIO teve lugar em Cali, Col\u00f4mbia, de 25 a 28 de agosto de 2014. O evento foi organizado pelo nosso s\u00f3cio local, a Universidade do Vale (UNIVALLE), com a lideran\u00e7a dos nossos colegas Miguel Pe\u00f1a e Mariela Garc\u00eda, e com o apoio do Coordenador do Projeto.<\/p>\n<p>Como parte das atividades da reuni\u00e3o, nossa equipe visitou \u00e0 comunidade de Mondomo, que \u00e9 o local de um dos estudos de caso do projeto. Este estudo avalia <a href=\"http:\/\/desafioglobal.org\/pt\/case-atual-3-3\/\">a implementa\u00e7\u00e3o de uma esta\u00e7\u00e3o de tratamento e um sistema de \u00e1gua geridos pela pr\u00f3pria comunidade<\/a>.<\/p>\n<p>Veja aqui a <a href=\"http:\/\/desafioglobal.org\/General%20PDFs%20\/Agenda%20Segunda%20Reunion%20DESAFIO%2025-290814.pdf\">Agenda da Segunda Reuni\u00e3o de Projeto (em espanhol)<\/a>.<\/p>\n<p>Pode consultar outros detalhes da reuni\u00e3o nas p\u00e1ginas do <a href=\"http:\/\/desafioglobal.org\/pt\/boletim\/\">Boletim do DESAFIO<\/a>.<\/p>\n<p>&nbsp;<\/p>\n","protected":false},"excerpt":{"rendered":"<p>A Segunda Reuni\u00e3o do Projeto DESAFIO teve lugar em Cali, Col\u00f4mbia, de 25 a 28 de agosto de 2014. O evento foi organizado pelo nosso s\u00f3cio local, a Universidade do Vale (UNIVALLE), com a lideran\u00e7a dos nossos colegas Miguel Pe\u00f1a e Mariela Garc\u00eda, e com o apoio do Coordenador do Projeto. Como parte das atividades [&hellip;]<\/p>\n","protected":false},"author":4,"featured_media":0,"parent":430,"menu_order":0,"comment_status":"closed","ping_status":"closed","template":"page-templates\/full-width.php","meta":[],"_links":{"self":[{"href":"http:\/\/desafioglobal.org\/pt\/wp-json\/wp\/v2\/pages\/557"}],"collection":[{"href":"http:\/\/desafioglobal.org\/pt\/wp-json\/wp\/v2\/pages"}],"about":[{"href":"http:\/\/desafioglobal.org\/pt\/wp-json\/wp\/v2\/types\/page"}],"author":[{"embeddable":true,"href":"http:\/\/desafioglobal.org\/pt\/wp-json\/wp\/v2\/users\/4"}],"replies":[{"embeddable":true,"href":"http:\/\/desafioglobal.org\/pt\/wp-json\/wp\/v2\/comments?post=557"}],"version-history":[{"count":4,"href":"http:\/\/desafioglobal.org\/pt\/wp-json\/wp\/v2\/pages\/557\/revisions"}],"predecessor-version":[{"id":669,"href":"http:\/\/desafioglobal.org\/pt\/wp-json\/wp\/v2\/pages\/557\/revisions\/669"}],"up":[{"embeddable":true,"href":"http:\/\/desafioglobal.org\/pt\/wp-json\/wp\/v2\/pages\/430"}],"wp:attachment":[{"href":"http:\/\/desafioglobal.org\/pt\/wp-json\/wp\/v2\/media?parent=557"}],"curies":[{"name":"wp","href":"https:\/\/api.w.org\/{rel}","templated":true}]}}