{"id":5,"date":"2013-07-08T20:03:29","date_gmt":"2013-07-08T20:03:29","guid":{"rendered":"http:\/\/desafioglobal.org\/pt\/?page_id=5"},"modified":"2013-08-20T14:28:53","modified_gmt":"2013-08-20T14:28:53","slug":"projeto","status":"publish","type":"page","link":"http:\/\/desafioglobal.org\/pt\/projeto\/","title":{"rendered":"Projeto"},"content":{"rendered":"<p><b style=\"line-height: 1.714285714; font-size: 1rem;\">Hip\u00f3teses e Argumentos<\/b><\/p>\n<p>DESAFIO parte da hip\u00f3tese que para enfrentar com sucesso os desafios encarados pelo Brasil e Am\u00e9rica Latina em geral em rela\u00e7\u00e3o \u00e0 universaliza\u00e7\u00e3o sustent\u00e1vel do acesso \u00e0 \u00e1gua pot\u00e1vel e servi\u00e7os de esgotamento sanit\u00e1rio requer solu\u00e7\u00f5es s\u00f3ciot\u00e9cnicas fundamentalmente radicais, que v\u00e3o \u00e0s ra\u00edzes do problema. Isto exige romper com o status quo vigente, o qual est\u00e1 dominado por solu\u00e7\u00f5es centradas na tecnologia, impostas desde acima e muitas vezes paternalistas e at\u00e9 mesmo autorit\u00e1rias. Tamb\u00e9m requer ir al\u00e9m da situa\u00e7\u00e3o dominante pela qual organiza\u00e7\u00f5es internacionais e pa\u00edses doadores, para mencionar apenas alguns dos atores principais neste campo, na teoria \u201cfavorecem\u201d inova\u00e7\u00f5es t\u00e9cnicas como sistemas de servi\u00e7os de saneamento b\u00e1sico de baixa escala (por exemplo, o sistema condominial do Brasil, os vendedores de \u00e1gua do Paraguai, etc.), mas na pr\u00e1tica continuam favorecendo a reprodu\u00e7\u00e3o de um status quo que privilegia interesses de curto prazo sobre as necessidades dos pobres e muito pobres.<b><\/b><\/p>\n<p>Para alcan\u00e7ar os Objetivos de Desenvolvimento do Mil\u00eanio (ODM), para n\u00e3o dizer a universaliza\u00e7\u00e3o plena dos servi\u00e7os de \u00e1gua e saneamento e outros servi\u00e7os essenciais, h\u00e1 uma necessidade de subordinar a pol\u00edtica e a tecnologia aos objetivos prim\u00e1rios de alcan\u00e7ar efic\u00e1cia e efetividade, e n\u00e3o apenas a efici\u00eancia, na presta\u00e7\u00e3o de servi\u00e7os de \u00e1gua e saneamento. Por exemplo, um an\u00e1lise da evid\u00eancia apresentada nos estudos\u00a0 recentes sugerem que, mesmo nos casos em que alguns aspectos do acesso \u00e0 \u00e1gua foram melhorados, ainda existe a necessidade de resolver o problema da qualidade da \u00e1gua. Para fornecer as ferramentas para o monitoramento r\u00e1pido, confi\u00e1vel e barato da qualidade da \u00e1gua a ser realizado em grande escala especialmente em comunidades vulner\u00e1veis\u200b, \u00e9 necess\u00e1rio desenvolver interven\u00e7\u00f5es sociot\u00e9cnicas inovadoras, incluindo avan\u00e7os tecnol\u00f3gicos e m\u00e9todos inovadores de valora\u00e7\u00e3o.<\/p>\n<p>Neste cen\u00e1rio, devem ser promovidas vigorosamente as tecnologias apropriadas que permitam melhorar o abastecimento e a qualidade da \u00e1gua, e a recupera\u00e7\u00e3o, reciclagem e reutiliza\u00e7\u00e3o de \u00e1gua, dentro das limita\u00e7\u00f5es ambientais e socioecon\u00f4micas locais. O sucesso no desenvolvimento e adop\u00e7\u00e3o dessas inova\u00e7\u00f5es sociot\u00e9cnicas requer uma abordagem de base com a participa\u00e7\u00e3o ativa das comunidades locais e outros atores relevantes em todas as etapas do processo de pesquisa-a\u00e7\u00e3o, desde sua concep\u00e7\u00e3o at\u00e9 seu desenho, implementa\u00e7\u00e3o, monitoramento e processo de valida\u00e7\u00e3o.<\/p>\n<p>DESAFIO tamb\u00e9m pretende fazer uma contribui\u00e7\u00e3o importante para uma melhor compreens\u00e3o das necessidades, oportunidades, obst\u00e1culos, fatores e processos que permitem a implementa\u00e7\u00e3o bem sucedida de solu\u00e7\u00f5es sociot\u00e9cnicas, atrav\u00e9s de pr\u00e1ticas de gest\u00e3o eficazes. \u00c9 amplamente reconhecido que o desenho de estrat\u00e9gias de pol\u00edtica orientadas \u00e0 produ\u00e7\u00e3o de transforma\u00e7\u00e3o social, principalmente entre popula\u00e7\u00f5es vulner\u00e1veis\u200b\u200b, requer uma a\u00e7\u00e3o coordenada em diferentes n\u00edveis (princ\u00edpio da subsidiariedade), com a participa\u00e7\u00e3o p\u00fablica de todos os setores (cidadania ativa), incluindo mulheres e crian\u00e7as, a transpar\u00eancia, e presta\u00e7\u00e3o de contas. Nosso objetivo \u00e9 produzir conhecimento sobre as estruturas econ\u00f4micas, socio-pol\u00edticas, culturais e pol\u00edtico-institucionais necess\u00e1rias em cada uma das comunidades participantes a fim de desenvolver inova\u00e7\u00f5es sociot\u00e9cnicas adequadas, que gerem cen\u00e1rios alternativos de desenvolvimento econ\u00f4mico e social na \u00e1rea da gest\u00e3o dos servi\u00e7os de \u00e1gua e esgotamento sanit\u00e1rio.<\/p>\n<p>Isso vai nos permitir identificar os obst\u00e1culos e oportunidades existentes para melhorar o acesso a tecnologias de \u00e1gua, especialmente para aqueles setores da popula\u00e7\u00e3o que s\u00e3o os principais alvos dos Objetivos de Desenvolvimento do Mil\u00eanio, os pobres e os setores mais vulner\u00e1veis\u200b\u200b, em particular as mulheres (que geralmente arcam com o \u00f4nus da reprodu\u00e7\u00e3o social do n\u00facleo familiar). Ao trabalhar em estreita colabora\u00e7\u00e3o com as pr\u00f3prias comunidades, bem como com as autoridades locais e outras autoridades competentes, esperamos facilitar um processo de di\u00e1logo e de coopera\u00e7\u00e3o entre sectores que muitas vezes continuam a trabalhar em isolamento (por exemplo, as autoridades de bacia e os gestores dos servi\u00e7os de \u00e1gua e saneamento), que \u00e9 um dos principais entraves para o sucesso nestas \u00e1reas de pol\u00edtica.<\/p>\n<p>DESAFIO promover\u00e1 tamb\u00e9m a nossa capacidade de aproveitar as solu\u00e7\u00f5es sociot\u00e9cnicas apropriadas e inovadoras existentes e o desenvolvimento de novas solu\u00e7\u00f5es para a presta\u00e7\u00e3o de SAS seguros. Tamb\u00e9m ir\u00e1 facilitar a transfer\u00eancia de tecnologias e boas pr\u00e1ticas e o desenvolvimento de recomenda\u00e7\u00f5es sobre como as solu\u00e7\u00f5es sociot\u00e9cnicas consideradas podem ser apoiadas e implementadas em diferentes contextos socioecon\u00f4micos e culturais no Brasil, Am\u00e9rica Latina e outros pa\u00edses do Sul.<\/p>\n","protected":false},"excerpt":{"rendered":"<p>Hip\u00f3teses e Argumentos DESAFIO parte da hip\u00f3tese que para enfrentar com sucesso os desafios encarados pelo Brasil e Am\u00e9rica Latina em geral em rela\u00e7\u00e3o \u00e0 universaliza\u00e7\u00e3o sustent\u00e1vel do acesso \u00e0 \u00e1gua pot\u00e1vel e servi\u00e7os de esgotamento sanit\u00e1rio requer solu\u00e7\u00f5es s\u00f3ciot\u00e9cnicas fundamentalmente radicais, que v\u00e3o \u00e0s ra\u00edzes do problema. Isto exige romper com o status quo [&hellip;]<\/p>\n","protected":false},"author":1,"featured_media":0,"parent":0,"menu_order":0,"comment_status":"closed","ping_status":"closed","template":"","meta":[],"_links":{"self":[{"href":"http:\/\/desafioglobal.org\/pt\/wp-json\/wp\/v2\/pages\/5"}],"collection":[{"href":"http:\/\/desafioglobal.org\/pt\/wp-json\/wp\/v2\/pages"}],"about":[{"href":"http:\/\/desafioglobal.org\/pt\/wp-json\/wp\/v2\/types\/page"}],"author":[{"embeddable":true,"href":"http:\/\/desafioglobal.org\/pt\/wp-json\/wp\/v2\/users\/1"}],"replies":[{"embeddable":true,"href":"http:\/\/desafioglobal.org\/pt\/wp-json\/wp\/v2\/comments?post=5"}],"version-history":[{"count":6,"href":"http:\/\/desafioglobal.org\/pt\/wp-json\/wp\/v2\/pages\/5\/revisions"}],"predecessor-version":[{"id":150,"href":"http:\/\/desafioglobal.org\/pt\/wp-json\/wp\/v2\/pages\/5\/revisions\/150"}],"wp:attachment":[{"href":"http:\/\/desafioglobal.org\/pt\/wp-json\/wp\/v2\/media?parent=5"}],"curies":[{"name":"wp","href":"https:\/\/api.w.org\/{rel}","templated":true}]}}