{"id":431,"date":"2013-12-03T20:00:13","date_gmt":"2013-12-03T20:00:13","guid":{"rendered":"http:\/\/desafioglobal.org\/pt\/?page_id=431"},"modified":"2017-02-12T12:19:14","modified_gmt":"2017-02-12T12:19:14","slug":"reunioes-abertas","status":"publish","type":"page","link":"http:\/\/desafioglobal.org\/pt\/reunioes\/reunioes-abertas\/","title":{"rendered":"Reuni\u00f5es de Engajamento e Dissemina\u00e7\u00e3o"},"content":{"rendered":"<p>Um dos principais <a title=\"Objetivos\" href=\"http:\/\/desafioglobal.org\/pt\/projeto\/objetivos\/\" target=\"_blank\">objetivos do DESAFIO<\/a> \u00e9 desenvolver rela\u00e7\u00f5es de trabalho com uma ampla gama de atores diretamente envolvidos em diferentes aspectos do processo de democratiza\u00e7\u00e3o do governo, gest\u00e3o e acesso aos servi\u00e7os de \u00e1gua e saneamento. Um dos instrumentos que adotamos para atingir esse objetivo \u00e9 a organiza\u00e7\u00e3o de reuni\u00f5es locais, regionais e internacionais para criar espa\u00e7os para a troca de ideias, promover o debate p\u00fablico e fomentar o processo de participa\u00e7\u00e3o democr\u00e1tica na busca de solu\u00e7\u00f5es para os graves problemas que afetam uma grande propor\u00e7\u00e3o da popula\u00e7\u00e3o em rela\u00e7\u00e3o ao acesso a servi\u00e7os p\u00fablicos essenciais. Estas reuni\u00f5es incluem eventos locais nos locais dos 10 estudos de caso do projeto, tais como oficinas e semin\u00e1rios, e tamb\u00e9m a organiza\u00e7\u00e3o de confer\u00eancias nacionais e internacionais de alto padr\u00e3o.<\/p>\n<p>Pode-se consultar outros detalhes das reuni\u00f5es nas p\u00e1ginas do <a href=\"http:\/\/desafioglobal.org\/pt\/boletim\/\">Boletim de DESAFIO<\/a>.<\/p>\n<p>&nbsp;<\/p>\n<p><b>Primeira Confer\u00eancia Internacional<\/b><\/p>\n<p>No dia 25 de fevereiro realizamos a Primeira Confer\u00eancia Internacional do projeto DESAFIO sobre \u201cInova\u00e7\u00f5es e Desafios para a Democratiza\u00e7\u00e3o dos Servi\u00e7os de Saneamento\u201d. A confer\u00eancia foi organizada por Hermelinda Ferreira e Alexandre Ramos, membros de nosso parceiro local, a Universidade Federal de Pernambuco (UFPE), em Recife. O evento ocorreu no Audit\u00f3rio do <a href=\"http:\/\/www.ctg.ufpe.br\/\">Centro de Tecnologia e Geoci\u00eancias, Escola de Engenharia de Pernambuco (CTG-EEP)<\/a> da UFPE.\u00a0Para mais informa\u00e7\u00e3o, visite a <a href=\"http:\/\/desafioglobal.org\/pt\/reunioes\/conferencia\/\">p\u00e1gina da confer\u00eancia<\/a>.<\/p>\n<p>&nbsp;<\/p>\n<p><b>Curso e Semin\u00e1rio Internacional<\/b><\/p>\n<p>O 22-23 e 29 de agosto de 2014 realizamos um Curso Internacional sobre Elementos de Ecologia Pol\u00edtica e um Semin\u00e1rio sobre \u201cConflitos Socioambientais relacionados com os Servi\u00e7os Essenciais de Saneamento\u201d. O evento foi organizado por Miguel Pe\u00f1a e Mariela Garc\u00eda, membros de nosso parceiro local, a Universidade do Valle (UNIVALLE), em Cali, Col\u00f4mbia. O Curso e o Semin\u00e1rio ocorreram no Audit\u00f3rio Valle del Cauca, no campus central da universidade. Para maiores detalhes, visite a p\u00e1gina do Curso e Semin\u00e1rio Internacional.<\/p>\n<p>&nbsp;<\/p>\n<h3>Reuni\u00f5es P\u00f3s-Projeto<\/h3>\n<p><b>Primeira Reuni\u00e3o P\u00f3s-Projeto<\/b><\/p>\n<p>Semin\u00e1rio sobre &#8220;Democratiza\u00e7\u00e3o da Pol\u00edtica de Servi\u00e7os de Saneamento B\u00e1sico por Meio de Inova\u00e7\u00f5es Sociot\u00e9cnicas. Li\u00e7\u00f5es para enfrentar os desafios\u201d, Recife, Brasil, 19 de agosto de 2015. <a href=\"http:\/\/desafioglobal.org\/es\/reuniones\/reuniones-abiertas\/reuniones-pos-proyecto\/primera-reunion-pos-proyecto\/\">Visite a p\u00e1gina do semin\u00e1rio<\/a>.<\/p>\n<p>&nbsp;<\/p>\n<p><b>Segunda Reuni\u00e3o P\u00f3s-Proyecto <\/b><\/p>\n<p>Semin\u00e1rio sobre &#8221; Materializando o Direito \u00e0 \u00c0gua e aos Servi\u00e7os de Saneamento B\u00e1sico\u201d, Bras\u00edlia, Brasil, 9-10 de setembro de 2015. <a href=\"http:\/\/desafioglobal.org\/pt\/reunioes\/reunioes-abertas\/reunioes-pos-projeto\/seminar-in-brasilia-9-10-september-2015\/\"> Visite a p\u00e1gina do semin\u00e1rio <\/a>.<\/p>\n<p>&nbsp;<\/p>\n<p><b>Ter\u00e7a Reuni\u00e3o P\u00f3s-Proyecto <\/b><\/p>\n<p>Semin\u00e1rio Internacional de Pesquisa e Debate \u2013 \u201cDemocratiza\u00e7\u00e3o da Governan\u00e7a dos Servi\u00e7os de \u00c1gua e Esgotos por Meio de Inova\u00e7\u00f5es Sociot\u00e9cnicas\u201d, Santa Fe, Argentina, 17-19 de outubro de 2016. <a href=\"http:\/\/desafioglobal.org\/pt\/reunioes\/reunioes-abertas\/reunioes-pos-projeto\/seminarios-em-santa-fe-argentina-17-19-de-outubro-de-2016\/\"> Visite a p\u00e1gina do semin\u00e1rio <\/a>.<\/p>\n<p>Semin\u00e1rio Internacional de Pesquisa e Debate \u2013 \u201cDemocratiza\u00e7\u00e3o da Governan\u00e7a dos Servi\u00e7os de \u00c1gua e Esgotos por Meio de Inova\u00e7\u00f5es Sociot\u00e9cnicas\u201d, Buenos Aires, Argentina, 21 de outubro de 2016. <a href=\"http:\/\/desafioglobal.org\/pt\/reunioes\/reunioes-abertas\/reunioes-pos-projeto\/seminario-em-buenos-aires-argentina-21-de-outubro-de-2016\/\"> Visite a p\u00e1gina do semin\u00e1rio <\/a>.<\/p>\n<p>&nbsp;<\/p>\n","protected":false},"excerpt":{"rendered":"<p>Um dos principais objetivos do DESAFIO \u00e9 desenvolver rela\u00e7\u00f5es de trabalho com uma ampla gama de atores diretamente envolvidos em diferentes aspectos do processo de democratiza\u00e7\u00e3o do governo, gest\u00e3o e acesso aos servi\u00e7os de \u00e1gua e saneamento. Um dos instrumentos que adotamos para atingir esse objetivo \u00e9 a organiza\u00e7\u00e3o de reuni\u00f5es locais, regionais e internacionais [&hellip;]<\/p>\n","protected":false},"author":3,"featured_media":0,"parent":9,"menu_order":0,"comment_status":"closed","ping_status":"closed","template":"page-templates\/full-width.php","meta":[],"_links":{"self":[{"href":"http:\/\/desafioglobal.org\/pt\/wp-json\/wp\/v2\/pages\/431"}],"collection":[{"href":"http:\/\/desafioglobal.org\/pt\/wp-json\/wp\/v2\/pages"}],"about":[{"href":"http:\/\/desafioglobal.org\/pt\/wp-json\/wp\/v2\/types\/page"}],"author":[{"embeddable":true,"href":"http:\/\/desafioglobal.org\/pt\/wp-json\/wp\/v2\/users\/3"}],"replies":[{"embeddable":true,"href":"http:\/\/desafioglobal.org\/pt\/wp-json\/wp\/v2\/comments?post=431"}],"version-history":[{"count":11,"href":"http:\/\/desafioglobal.org\/pt\/wp-json\/wp\/v2\/pages\/431\/revisions"}],"predecessor-version":[{"id":916,"href":"http:\/\/desafioglobal.org\/pt\/wp-json\/wp\/v2\/pages\/431\/revisions\/916"}],"up":[{"embeddable":true,"href":"http:\/\/desafioglobal.org\/pt\/wp-json\/wp\/v2\/pages\/9"}],"wp:attachment":[{"href":"http:\/\/desafioglobal.org\/pt\/wp-json\/wp\/v2\/media?parent=431"}],"curies":[{"name":"wp","href":"https:\/\/api.w.org\/{rel}","templated":true}]}}