{"id":430,"date":"2013-12-03T19:56:51","date_gmt":"2013-12-03T19:56:51","guid":{"rendered":"http:\/\/desafioglobal.org\/pt\/?page_id=430"},"modified":"2015-08-07T19:01:42","modified_gmt":"2015-08-07T19:01:42","slug":"reunioes-internas","status":"publish","type":"page","link":"http:\/\/desafioglobal.org\/pt\/reunioes\/reunioes-internas\/","title":{"rendered":"Reuni\u00f5es Presenciais do Projeto"},"content":{"rendered":"<p>A equipe organizou tr\u00eas reuni\u00f5es presenciais do projeto, duas no Brasil e uma na Col\u00f4mbia.<\/p>\n<p>A primeira reuni\u00e3o do cons\u00f3rcio teve lugar no Recife, Brasil, de 26 fevereiro a 1 mar\u00e7o de 2013. Esta reuni\u00e3o foi organizada pelo nosso s\u00f3cio, <a href=\"http:\/\/www.ufpe.br\/ufpenova\/\">Universidade Federal de Pernambuco (UFPE)<\/a>. <a title=\"Primeira Reuni\u00e3o Interna: Recife\" href=\"http:\/\/desafioglobal.org\/pt\/primeira-reuniao-interna-recife\/\" target=\"_blank\">Visite a p\u00e1gina da reuni\u00e3o<\/a>.<\/p>\n<p>A segunda reuni\u00e3o do cons\u00f3rcio teve lugar em Cali, na Col\u00f4mbia, de 25 a 28 de Agosto de 2014. A reuni\u00e3o foi organizado pelo nosso s\u00f3cio na Col\u00f4mbia, <a href=\"http:\/\/www.univalle.edu.co\/\">Universidade do Vale (UNIVALLE)<\/a>. <a href=\"http:\/\/desafioglobal.org\/pt\/reunioes\/reunioes-internas\/segunda-reuniao-de-projeto-cali\/\">Visite a p\u00e1gina da reuni\u00e3o<\/a>.<\/p>\n<p>A terceira e \u00faltima reuni\u00e3o do cons\u00f3rcio foi realizada no Rio de Janeiro, Brasil, de 27 a 31 de julho de 2015. Esta reuni\u00e3o foi organizada pelo nosso s\u00f3cio local, a <a href=\"http:\/\/www.prourb2.fau.ufrj.br\/\">Universidade Federal do Rio de Janeiro (UFRJ)<\/a>. <a title=\"Terceira Reuni\u00e3o do Projeto: Rio de Janeiro\" href=\"http:\/\/desafioglobal.org\/pt\/reunioes\/reunioes-internas\/terceira-reuniao-do-projeto-rio-de-janeiro\/\">Visite a p\u00e1gina da reuni\u00e3o<\/a>.<\/p>\n<p>&nbsp;<\/p>\n","protected":false},"excerpt":{"rendered":"<p>A equipe organizou tr\u00eas reuni\u00f5es presenciais do projeto, duas no Brasil e uma na Col\u00f4mbia. A primeira reuni\u00e3o do cons\u00f3rcio teve lugar no Recife, Brasil, de 26 fevereiro a 1 mar\u00e7o de 2013. Esta reuni\u00e3o foi organizada pelo nosso s\u00f3cio, Universidade Federal de Pernambuco (UFPE). Visite a p\u00e1gina da reuni\u00e3o. A segunda reuni\u00e3o do cons\u00f3rcio [&hellip;]<\/p>\n","protected":false},"author":3,"featured_media":0,"parent":9,"menu_order":0,"comment_status":"closed","ping_status":"closed","template":"page-templates\/full-width.php","meta":[],"_links":{"self":[{"href":"http:\/\/desafioglobal.org\/pt\/wp-json\/wp\/v2\/pages\/430"}],"collection":[{"href":"http:\/\/desafioglobal.org\/pt\/wp-json\/wp\/v2\/pages"}],"about":[{"href":"http:\/\/desafioglobal.org\/pt\/wp-json\/wp\/v2\/types\/page"}],"author":[{"embeddable":true,"href":"http:\/\/desafioglobal.org\/pt\/wp-json\/wp\/v2\/users\/3"}],"replies":[{"embeddable":true,"href":"http:\/\/desafioglobal.org\/pt\/wp-json\/wp\/v2\/comments?post=430"}],"version-history":[{"count":13,"href":"http:\/\/desafioglobal.org\/pt\/wp-json\/wp\/v2\/pages\/430\/revisions"}],"predecessor-version":[{"id":778,"href":"http:\/\/desafioglobal.org\/pt\/wp-json\/wp\/v2\/pages\/430\/revisions\/778"}],"up":[{"embeddable":true,"href":"http:\/\/desafioglobal.org\/pt\/wp-json\/wp\/v2\/pages\/9"}],"wp:attachment":[{"href":"http:\/\/desafioglobal.org\/pt\/wp-json\/wp\/v2\/media?parent=430"}],"curies":[{"name":"wp","href":"https:\/\/api.w.org\/{rel}","templated":true}]}}