{"id":420,"date":"2013-11-08T15:39:52","date_gmt":"2013-11-08T15:39:52","guid":{"rendered":"http:\/\/desafioglobal.org\/pt\/?page_id=420"},"modified":"2013-11-08T15:40:59","modified_gmt":"2013-11-08T15:40:59","slug":"estrutura","status":"publish","type":"page","link":"http:\/\/desafioglobal.org\/pt\/estrutura\/","title":{"rendered":"Estrutura"},"content":{"rendered":"<p>Nosso plano de trabalho foi elaborado para cumprir com os objetivos do projeto. Os diferentes Pacotes de Trabalho (PT) constituem um conjunto coerente de atividades inter-relacionadas orientadas ao objetivo geral de avaliar as experi\u00eancias existentes e desenvolver novas estrat\u00e9gias que gerem solu\u00e7\u00f5es sociot\u00e9cnicas sustent\u00e1veis, apropriadas e inovadoras para promover o desenvolvimento econ\u00f4mico e social por meio da transforma\u00e7\u00e3o social em comunidades vulner\u00e1veis, particularmente em rela\u00e7\u00e3o ao aceso a servi\u00e7os adequados de \u00e1gua e esgotamento sanit\u00e1rio.\u00a0 Estas atividades ser\u00e3o desenvolvidas com a participa\u00e7\u00e3o ativa das comunidades beneficiarias e outros atores locais em seu planejamento, projeto, avalia\u00e7\u00e3o, implementa\u00e7\u00e3o, monitoramento, valida\u00e7\u00e3o e divulga\u00e7\u00e3o.<\/p>\n<p>O seguinte diagrama mostra a rela\u00e7\u00e3o entre os diferentes pacotes de trabalho. A ordem dos pacotes de trabalho foi prevista de forma l\u00f3gica e n\u00e3o temporal, por tanto varias atividades ser\u00e3o desenvolvidas simultaneamente. O trabalho proposto no <b>PT1<\/b> garantir\u00e1 que todos os estudos de caso que ser\u00e3o realizados nos <b>PT2-4<\/b> compartam um marco te\u00f3rico e metodol\u00f3gico comum. Este marco comum nos ajudar\u00e1 a alcan\u00e7ar o n\u00edvel de comparabilidade necess\u00e1rio na analise dos casos que ser\u00e1 feita no <b>PT5<\/b>, assim como tamb\u00e9m nas li\u00e7\u00f5es que possam ser tiradas e as recomenda\u00e7\u00f5es que ser\u00e3o feitas no <b>PT6<\/b>.<\/p>\n<p>Os <b>PT2-4<\/b> examinar\u00e3o uma serie de estudos de caso que s\u00e3o muito relevantes para a pesquisa comparativa j\u00e1 que estes apresentam, ao mesmo tempo, diferen\u00e7as e semelhan\u00e7as com rela\u00e7\u00e3o as dimens\u00f5es anal\u00edticas deste projeto (ver a descri\u00e7\u00e3o individual dos casos). Estes estudos de caso foram escolhidos cuidadosamente com o fim de desenvolver uma avalia\u00e7\u00e3o integral e global e examinar a natureza complexa e fluida das experi\u00eancias hist\u00f3ricas recentes e atuais, assim como tamb\u00e9m das novas interven\u00e7\u00f5es propostas no uso de tecnologias apropriadas para o abastecimento de servi\u00e7os de \u00e1gua e esgotamento sanit\u00e1rio no Brasil e outros pa\u00edses de Am\u00e9rica Latina como Argentina y Col\u00f4mbia.<\/p>\n<p style=\"text-align: center\"><a href=\"http:\/\/desafioglobal.org\/pt\/wp-content\/uploads\/sites\/3\/2013\/10\/Research_plan_scheme_Portugue__s_vectorized.png\"><img decoding=\"async\" loading=\"lazy\" class=\"alignnone size-full wp-image-362\" alt=\"Research_plan_scheme_Portugue__s_vectorized\" src=\"http:\/\/desafioglobal.org\/pt\/wp-content\/uploads\/sites\/3\/2013\/10\/Research_plan_scheme_Portugue__s_vectorized.png\" width=\"550\" height=\"412\" srcset=\"http:\/\/desafioglobal.org\/pt\/wp-content\/uploads\/sites\/3\/2013\/10\/Research_plan_scheme_Portugue__s_vectorized.png 720w, http:\/\/desafioglobal.org\/pt\/wp-content\/uploads\/sites\/3\/2013\/10\/Research_plan_scheme_Portugue__s_vectorized-300x225.png 300w, http:\/\/desafioglobal.org\/pt\/wp-content\/uploads\/sites\/3\/2013\/10\/Research_plan_scheme_Portugue__s_vectorized-624x468.png 624w\" sizes=\"(max-width: 550px) 100vw, 550px\" \/><\/a><\/p>\n<p>&nbsp;<\/p>\n<p>&nbsp;<\/p>\n<p>&nbsp;<\/p>\n","protected":false},"excerpt":{"rendered":"<p>Nosso plano de trabalho foi elaborado para cumprir com os objetivos do projeto. Os diferentes Pacotes de Trabalho (PT) constituem um conjunto coerente de atividades inter-relacionadas orientadas ao objetivo geral de avaliar as experi\u00eancias existentes e desenvolver novas estrat\u00e9gias que gerem solu\u00e7\u00f5es sociot\u00e9cnicas sustent\u00e1veis, apropriadas e inovadoras para promover o desenvolvimento econ\u00f4mico e social por [&hellip;]<\/p>\n","protected":false},"author":3,"featured_media":0,"parent":0,"menu_order":0,"comment_status":"closed","ping_status":"closed","template":"","meta":[],"_links":{"self":[{"href":"http:\/\/desafioglobal.org\/pt\/wp-json\/wp\/v2\/pages\/420"}],"collection":[{"href":"http:\/\/desafioglobal.org\/pt\/wp-json\/wp\/v2\/pages"}],"about":[{"href":"http:\/\/desafioglobal.org\/pt\/wp-json\/wp\/v2\/types\/page"}],"author":[{"embeddable":true,"href":"http:\/\/desafioglobal.org\/pt\/wp-json\/wp\/v2\/users\/3"}],"replies":[{"embeddable":true,"href":"http:\/\/desafioglobal.org\/pt\/wp-json\/wp\/v2\/comments?post=420"}],"version-history":[{"count":3,"href":"http:\/\/desafioglobal.org\/pt\/wp-json\/wp\/v2\/pages\/420\/revisions"}],"predecessor-version":[{"id":423,"href":"http:\/\/desafioglobal.org\/pt\/wp-json\/wp\/v2\/pages\/420\/revisions\/423"}],"wp:attachment":[{"href":"http:\/\/desafioglobal.org\/pt\/wp-json\/wp\/v2\/media?parent=420"}],"curies":[{"name":"wp","href":"https:\/\/api.w.org\/{rel}","templated":true}]}}