{"id":4,"date":"2013-07-08T20:03:29","date_gmt":"2013-07-08T20:03:29","guid":{"rendered":"http:\/\/desafioglobal.org\/pt\/?page_id=4"},"modified":"2023-02-01T16:35:04","modified_gmt":"2023-02-01T16:35:04","slug":"home","status":"publish","type":"page","link":"http:\/\/desafioglobal.org\/pt\/","title":{"rendered":"DESAFIO &#8211; Democratiza\u00e7\u00e3o da Governan\u00e7a dos Servi\u00e7os de \u00c1gua e Esgotos por Meio de Inova\u00e7\u00f5es Sociot\u00e9cnicas"},"content":{"rendered":"<h2 style=\"padding-left: 30px;\"><strong><em><span style=\"color: #0000ff;\"><span style=\"color: #ff0000;\">Novo!<\/span> <\/span><\/em><\/strong><\/h2>\n<p><strong>A \u00e1rea de Ci\u00eancias Sociais e Humanidades da se\u00e7\u00e3o de Pesquisa e Inova\u00e7\u00e3o da Comiss\u00e3o Europeia publicou uma entrevista com o Coordenador de DESAFIO sobre as contribui\u00e7\u00f5es do Projeto aos debates sobre a epidemia do v\u00edrus Zika. <a href=\"http:\/\/ec.europa.eu\/research\/social-sciences\/index.cfm?pg=newspage&amp;item=160225\">Acesse a entrevista aqui (em ingl\u00eas, espanhol e portugu\u00eas)<\/a><\/strong><\/p>\n<hr>\n<p>&nbsp;<\/p>\n<p>&nbsp;<\/p>\n<p><strong>Semin\u00e1rio especial p\u00f3s-projeto &#8211; Recife, Pernambuco, <\/strong><br \/>\n19 de agosto de 2015<\/p>\n<p><span style=\"text-decoration: underline;\">Passagens da Mesa de Abertura do Semin\u00e1rio<\/span><\/p>\n<p><em>Esse semin\u00e1rio ajuda a fazer hist\u00f3ria no Brasil, a hist\u00f3ria da luta popular no Brasil, porque tem rela\u00e7\u00e3o com esses grandes desafios da [democratiza\u00e7\u00e3o] da sociedade brasileira nesse momento. <\/em><\/p>\n<p><strong>Luciano Roberto Rosas de Siqueira<\/strong>, Vice-Prefeito de Recife<\/p>\n<p>&nbsp;<\/p>\n<p><em>As quest\u00f5es [a resolver em Brazil] exigem solu\u00e7\u00f5es que podem ser aplicadas localmente mais elas exigem um projeto de desenvolvimento do pais, um projeto de pol\u00edtica de desenvolvimento urbano, a constru\u00e7\u00e3o de cidades sustent\u00e1veis [&#8230;] voc\u00eas podem desde j\u00e1 contar com a <a href=\"http:\/\/www.fundaj.gov.br\/\">Funda\u00e7\u00e3o Joaquim Nabuco<\/a>, com nossos pesquisadores, analistas, assistentes, para que podamos fazer essa discuss\u00e3o e avan\u00e7ar, consolidar essas experi\u00eancias [bem sucedidas que ser\u00e3o discutidas nesse semin\u00e1rio]. O que n\u00f3s estamos cobrando e reiterando \u00e9 exatamente uma pol\u00edtica nacional de financiamento, uma pol\u00edtica de metas, uma pol\u00edtica de controle social, afastando cada vez mais [a pol\u00edtica de privatiza\u00e7\u00e3o dos servi\u00e7os de saneamento que est\u00e1 em andamento, porque] n\u00e3o \u00e9 esse o pa\u00eds que n\u00f3s queremos. Parab\u00e9ns aos organizadores e podem contar com a Funda\u00e7ao Joaquim Nabuco nessa estrat\u00e9gia. <\/em><\/p>\n<p><strong>Paulo Rubem Santiago Ferreira<\/strong>, Presidente, Funda\u00e7\u00e3o Joaquim Nabuco<\/p>\n<p>&nbsp;<\/p>\n<p><em>Esse semin\u00e1rio vem em um momento muito oportuno. Eu participei na <a href=\" http:\/\/desafioglobal.org\/pt\/reunioes\/reunioes-abertas\/conferencia\/ \">Primeira Confer\u00eancia Internacional do Projeto DESAFIO l\u00e1 na Universidade Federal de Pernambuco <\/a> [&#8230;] n\u00f3s estamos aqui junto com outros diretores do Sindicato dos Urbanit\u00e1rios para participar desse semin\u00e1rio [&#8230;] esse semin\u00e1rio cai num bom momento, um momento em que o Brasil est\u00e1 numa efervesc\u00eancia e n\u00f3s temos que nos envolver nessa efervesc\u00eancia para passar em limpo o que tem de errado neste pa\u00eds. Parab\u00e9ns aos organizadores e a todos os que est\u00e3o aqui para participar desse semin\u00e1rio. <\/em><\/p>\n<p><strong>Jaime Jos\u00e9<\/strong>, Sindicato dos Urbanit\u00e1rios, Recife<\/p>\n<p>&nbsp;<\/p>\n<p><em>A FASE integrou esse projeto desde o in\u00edcio por entender a import\u00e2ncia do instrumental que um projeto como esse poderia trazer para refor\u00e7ar a luta pelo saneamento e o controle social [&#8230;] esperamos que os resultados dessa pesquisa apontem para avan\u00e7ar no processo de mobiliza\u00e7\u00e3o, de controle social, para que o tema do saneamento vire uma pol\u00edtica p\u00fablica sistem\u00e1tica, efetiva, e n\u00e3o uma coisa pontual dependente de quem est\u00e1 no governo l\u00e1. <\/em><\/p>\n<p><strong>Adelmo Ara\u00fajo<\/strong>, Federa\u00e7\u00e3o de \u00d3rg\u00e3os para Assist\u00eancia Social e Educacional (FASE), Pernambuco, Membro do <a href=\"http:\/\/desafioglobal.org\/pt\/coordenacao\/comites-de-assessoramento-dos-estudos-de-caso\/\/\">Comit\u00ea Assessor de Estudo de Caso Local do Projeto DESAFIO<\/a>, Recife<\/p>\n<p>&nbsp;<\/p>\n<p><em>Podemos dizer que o projeto [DESAFIO] n\u00e3o foi sobre \u00e1gua e esgotamento sanit\u00e1rio, [j\u00e1 que esse tema] \u00e9 como uma janela para ver outra coisa que nos interessa mais, que \u00e9 o processo de democratiza\u00e7\u00e3o da sociedade. O tema de \u00e1gua e esgotamento sanit\u00e1rio, o saneamento b\u00e1sico, \u00e9 um dos muitos temas que tem que ver com democratizar a sociedade, n\u00e3o somente no plano eleitoral mais democratizar a sociedade no plano material, o plano concreto, real. De fato, sim vamos a falar [neste semin\u00e1rio] sobre \u00e1gua e esgotamento sanit\u00e1rio, embora \u00e9 porque estamos interessados em como democratizar a pol\u00edtica de servi\u00e7os p\u00fablicos, incluindo a pol\u00edtica de saneamento b\u00e1sico.<\/em><\/p>\n<p><strong> Jos\u00e9 Esteban Castro<\/strong>, Newcastle University, Coordenador do Projeto DESAFIO<\/p>\n<p><a href=\"http:\/\/desafioglobal.org\/pt\/reunioes\/reunioes-abertas\/reunioes-pos-projeto\/primeira-reuniao-pos-projeto\/\">Visite a p\u00e1gina de internet do Semin\u00e1rio para consultar o Programa, a galer\u00eda fotogr\u00e1fica, e os v\u00eddeos do evento.<\/a><\/p>\n<hr>\n<p>&nbsp;<\/p>\n<p><strong>A UE publicou uma sinopse das principais recomenda\u00e7\u00f5es de DESAFIO numa sele\u00e7\u00e3o dos projetos mais relevantes na \u00e1rea de desenvolvimento financiados pelo S\u00e9timo Programa Quadro para a pesquisa e o desenvolvimento tecnol\u00f3gico (FP7): <a href=\"https:\/\/research-and-innovation.ec.europa.eu\/document\/download\/df2899d3-51e3-41bf-b264-7b881b03cc95_en\">Open the Door: Social Science Research for Development and a Sustainable Future<\/a><\/strong><\/p>\n<p><a href=\"http:\/\/desafioglobal.org\/pt\/wp-content\/uploads\/sites\/3\/2013\/07\/Cover.jpg\"><img decoding=\"async\" loading=\"lazy\" class=\"aligncenter size-medium wp-image-753\" src=\"http:\/\/desafioglobal.org\/pt\/wp-content\/uploads\/sites\/3\/2013\/07\/Cover-211x300.jpg\" alt=\"Cover\" width=\"211\" height=\"300\" srcset=\"http:\/\/desafioglobal.org\/pt\/wp-content\/uploads\/sites\/3\/2013\/07\/Cover-211x300.jpg 211w, http:\/\/desafioglobal.org\/pt\/wp-content\/uploads\/sites\/3\/2013\/07\/Cover-722x1024.jpg 722w, http:\/\/desafioglobal.org\/pt\/wp-content\/uploads\/sites\/3\/2013\/07\/Cover-624x885.jpg 624w, http:\/\/desafioglobal.org\/pt\/wp-content\/uploads\/sites\/3\/2013\/07\/Cover.jpg 1749w\" sizes=\"(max-width: 211px) 100vw, 211px\" \/><\/a><\/p>\n<hr>\n<p><a href=\"http:\/\/ec.europa.eu\/programmes\/horizon2020\/en\/news\/horizon-2020-brief-eu-framework-programme-research-innovation\"><span style=\"color: #0000ff;\">Horizonte 2020<\/span><\/a>, o maior programa de Pesquisa e Inova\u00e7\u00e3o da UE at\u00e9 hoje, com \u20ac80 bilh\u00f5es de financiamento, publicou um informe sobre o andamento de DESAFIO numa&nbsp;nota sobre projetos exitosos financiados pela UE no site oficial do programa. <a href=\"http:\/\/ec.europa.eu\/programmes\/horizon2020\/en\/news\/sanitation-gets-social\"><span style=\"color: #0000ff;\">Confira aqui.<\/span><\/a><\/p>\n<p>&nbsp;<\/p>\n<p>Galeria fotogr\u00e1fica do projeto:<br \/>\n<object width=\"576\" height=\"384\" classid=\"clsid:d27cdb6e-ae6d-11cf-96b8-444553540000\" codebase=\"http:\/\/download.macromedia.com\/pub\/shockwave\/cabs\/flash\/swflash.cab#version=6,0,40,0\"><param name=\"flashvars\" value=\"offsite=true&amp;lang=en-us&amp;page_show_url=%2Fphotos%2F125391306%40N03%2Fsets%2F72157646703365919%2Fshow%2F&amp;page_show_back_url=%2Fphotos%2F125391306%40N03%2Fsets%2F72157646703365919%2F&amp;set_id=72157646703365919&amp;jump_to=\"><param name=\"allowFullScreen\" value=\"true\"><param name=\"src\" value=\"https:\/\/www.flickr.com\/apps\/slideshow\/show.swf?v=1811922554\"><param name=\"allowfullscreen\" value=\"true\"><embed width=\"576\" height=\"384\" type=\"application\/x-shockwave-flash\" src=\"https:\/\/www.flickr.com\/apps\/slideshow\/show.swf?v=1811922554\" flashvars=\"offsite=true&amp;lang=en-us&amp;page_show_url=%2Fphotos%2F125391306%40N03%2Fsets%2F72157646703365919%2Fshow%2F&amp;page_show_back_url=%2Fphotos%2F125391306%40N03%2Fsets%2F72157646703365919%2F&amp;set_id=72157646703365919&amp;jump_to=\" allowfullscreen=\"allowfullscreen\"><\/object><\/p>\n","protected":false},"excerpt":{"rendered":"<p>Novo! A \u00e1rea de Ci\u00eancias Sociais e Humanidades da se\u00e7\u00e3o de Pesquisa e Inova\u00e7\u00e3o da Comiss\u00e3o Europeia publicou uma entrevista com o Coordenador de DESAFIO sobre as contribui\u00e7\u00f5es do Projeto aos debates sobre a epidemia do v\u00edrus Zika. Acesse a entrevista aqui (em ingl\u00eas, espanhol e portugu\u00eas) &nbsp; &nbsp; Semin\u00e1rio especial p\u00f3s-projeto &#8211; Recife, Pernambuco, [&hellip;]<\/p>\n","protected":false},"author":1,"featured_media":0,"parent":0,"menu_order":0,"comment_status":"closed","ping_status":"closed","template":"page-templates\/full-width.php","meta":[],"_links":{"self":[{"href":"http:\/\/desafioglobal.org\/pt\/wp-json\/wp\/v2\/pages\/4"}],"collection":[{"href":"http:\/\/desafioglobal.org\/pt\/wp-json\/wp\/v2\/pages"}],"about":[{"href":"http:\/\/desafioglobal.org\/pt\/wp-json\/wp\/v2\/types\/page"}],"author":[{"embeddable":true,"href":"http:\/\/desafioglobal.org\/pt\/wp-json\/wp\/v2\/users\/1"}],"replies":[{"embeddable":true,"href":"http:\/\/desafioglobal.org\/pt\/wp-json\/wp\/v2\/comments?post=4"}],"version-history":[{"count":22,"href":"http:\/\/desafioglobal.org\/pt\/wp-json\/wp\/v2\/pages\/4\/revisions"}],"predecessor-version":[{"id":928,"href":"http:\/\/desafioglobal.org\/pt\/wp-json\/wp\/v2\/pages\/4\/revisions\/928"}],"wp:attachment":[{"href":"http:\/\/desafioglobal.org\/pt\/wp-json\/wp\/v2\/media?parent=4"}],"curies":[{"name":"wp","href":"https:\/\/api.w.org\/{rel}","templated":true}]}}