{"id":375,"date":"2013-11-08T13:26:47","date_gmt":"2013-11-08T13:26:47","guid":{"rendered":"http:\/\/desafioglobal.org\/pt\/?page_id=375"},"modified":"2016-01-30T19:12:19","modified_gmt":"2016-01-30T19:12:19","slug":"estudos-de-caso","status":"publish","type":"page","link":"http:\/\/desafioglobal.org\/pt\/projeto\/estudos-de-caso\/","title":{"rendered":"Estudos de Caso"},"content":{"rendered":"<p>DESAFIO produziu 10 relat\u00f3rios de estudos de caso que cobrem oito experi\u00eancias de inova\u00e7\u00f5es s\u00f3cio-t\u00e9cnicas desenhadas para democratizar a pol\u00edtica e a gest\u00e3o dos servi\u00e7os de \u00e1gua e esgotamento sanit\u00e1rio e confrontar a situa\u00e7\u00e3o de desigualdade que afeta as comunidades vulner\u00e1veis. As inova\u00e7\u00f5es foram implementadas em Argentina, Brasil e Col\u00f4mbia durante v\u00e1rias d\u00e9cadas. Estas experi\u00eancias incluem desde sistemas de \u00e1gua para consumo humano organizados a partir de nascentes (minas de \u00e1gua), organizados e geridos pelas comunidades locais, que datam quando menos desde a d\u00e9cada de 1960, at\u00e9 interven\u00e7\u00f5es para prover servi\u00e7os b\u00e1sicos de \u00e1gua e esgotamento sanit\u00e1rio implementadas durante o per\u00edodo da pesquisa (2013-2015). Os 10 relat\u00f3rios cobrem 5 solu\u00e7\u00f5es inovadoras introduzidas em Brasil, 2 da Col\u00f4mbia, e 1 da Argentina. Abaixo voc\u00ea poder\u00e1 encontrar os links \u00e0s p\u00e1ginas individuais de cada relat\u00f3rio de estudo de caso.<\/p>\n<p>Todos os relat\u00f3rios est\u00e3o dispon\u00edveis como Cadernos de Trabalho em nossa <a title=\"DESAFIO Publications\" href=\" http:\/\/desafioglobal.org\/pt\/publicacoes\/\">p\u00e1gina de Publica\u00e7\u00f5es<\/a>.<\/p>\n<p>&nbsp;<\/p>\n<p><b>Casos Hist\u00f3ricos<\/b><\/p>\n<p><a title=\"Caso Hist\u00f3rico 2.1\" href=\"http:\/\/desafioglobal.org\/pt\/caso-historico-2-1\/\" target=\"_blank\">2.1 Avalia\u00e7\u00e3o Pol\u00edtico-Institucional do Modelo SISAR no Nordeste do Brasil<\/a><\/p>\n<p><a title=\"Caso Hist\u00f3rico 2.2\" href=\"http:\/\/desafioglobal.org\/pt\/caso-historico-2-2\/\" target=\"_blank\">2.2 O Sistema Condominial de Saneamento em Zonas Especiais de Interesse Social (ZEIS) no Recife, Brasil<\/a><\/p>\n<p><a title=\"Caso Hist\u00f3rico 2.3\" href=\"http:\/\/desafioglobal.org\/pt\/caso-historico-2-3\/\" target=\"_blank\">2.3 Avalia\u00e7\u00e3o de Tecnologias Apropriadas para o Acesso \u00e0 \u00c1gua em Comunidades Vulner\u00e1veis na Baixada Fluminense, Rio de Janeiro, Brasil<\/a><\/p>\n<p><a title=\"Caso Hist\u00f3rico 2.4\" href=\"http:\/\/desafioglobal.org\/pt\/caso-historico-2-4\/\" target=\"_blank\">2.4 Empoderamento, Resili\u00eancia e Sustentabilidade: Avalia\u00e7\u00e3o de uma Sistema Integrado de \u00c1gua e Esgotamento Sanit\u00e1rio numa Comunidade Rural na Col\u00f4mbia<\/a><\/p>\n<p><b>Casos Atuais<\/b><\/p>\n<p><a title=\"Caso Atual 3.1\" href=\"http:\/\/desafioglobal.org\/pt\/caso-atual-3-1\/\" target=\"_blank\">3.1 Estudo Etnogr\u00e1fico do Modelo SISAR<\/a><\/p>\n<p><a title=\"Caso Atual 3.2\" href=\"http:\/\/desafioglobal.org\/pt\/caso-atual-3-2\/\" target=\"_blank\">3.2 Dimens\u00f5es Sociot\u00e9cnicas do Sistema de \u2018Saneamento Integrado\u2019 em \u00c1reas de Baixa Renda no Recife, Brasil<\/a><\/p>\n<p><a title=\"Caso Atual 3.3\" href=\"http:\/\/desafioglobal.org\/pt\/case-atual-3-3\/\" target=\"_blank\">3.3 Gest\u00e3o Comunit\u00e1ria da \u00c1gua Rural e Associatividade na Col\u00f4mbia<\/a><\/p>\n<p><b>Casos de Interven\u00e7\u00e3o<\/b><\/p>\n<p><a title=\"Caso de Interven\u00e7\u00e3o 4.1\" href=\"http:\/\/desafioglobal.org\/pt\/intervention-case-4-1\/\" target=\"_blank\">4.1 Gera\u00e7\u00e3o Participativa de um Sistema de Tratamento de \u00c1gua em uma Comunidade Quilombola de Minas Gerais, Brasil<\/a><\/p>\n<p><a title=\"Caso de Interven\u00e7\u00e3o 4.2\" href=\"http:\/\/desafioglobal.org\/pt\/caso-de-intervencao-4-2\/\" target=\"_blank\">4.2 Sistema de Abastecimento de \u00c1gua e Esgotamento Sanit\u00e1rio Comunit\u00e1rio em uma Localidade Rural no Nordeste do Brasil<\/a><\/p>\n<p><a title=\"Caso de Interven\u00e7\u00e3o 4.3\" href=\"http:\/\/desafioglobal.org\/pt\/caso-de-intervencao-4-3\/\" target=\"_blank\">4.3 Desenvolvimento das Capacidades para Monitorar a Qualidade da \u00c1gua em Comunidades Vulner\u00e1veis na Argentina<\/a><\/p>\n","protected":false},"excerpt":{"rendered":"<p>DESAFIO produziu 10 relat\u00f3rios de estudos de caso que cobrem oito experi\u00eancias de inova\u00e7\u00f5es s\u00f3cio-t\u00e9cnicas desenhadas para democratizar a pol\u00edtica e a gest\u00e3o dos servi\u00e7os de \u00e1gua e esgotamento sanit\u00e1rio e confrontar a situa\u00e7\u00e3o de desigualdade que afeta as comunidades vulner\u00e1veis. As inova\u00e7\u00f5es foram implementadas em Argentina, Brasil e Col\u00f4mbia durante v\u00e1rias d\u00e9cadas. Estas experi\u00eancias [&hellip;]<\/p>\n","protected":false},"author":3,"featured_media":0,"parent":5,"menu_order":0,"comment_status":"closed","ping_status":"closed","template":"page-templates\/full-width.php","meta":[],"_links":{"self":[{"href":"http:\/\/desafioglobal.org\/pt\/wp-json\/wp\/v2\/pages\/375"}],"collection":[{"href":"http:\/\/desafioglobal.org\/pt\/wp-json\/wp\/v2\/pages"}],"about":[{"href":"http:\/\/desafioglobal.org\/pt\/wp-json\/wp\/v2\/types\/page"}],"author":[{"embeddable":true,"href":"http:\/\/desafioglobal.org\/pt\/wp-json\/wp\/v2\/users\/3"}],"replies":[{"embeddable":true,"href":"http:\/\/desafioglobal.org\/pt\/wp-json\/wp\/v2\/comments?post=375"}],"version-history":[{"count":9,"href":"http:\/\/desafioglobal.org\/pt\/wp-json\/wp\/v2\/pages\/375\/revisions"}],"predecessor-version":[{"id":871,"href":"http:\/\/desafioglobal.org\/pt\/wp-json\/wp\/v2\/pages\/375\/revisions\/871"}],"up":[{"embeddable":true,"href":"http:\/\/desafioglobal.org\/pt\/wp-json\/wp\/v2\/pages\/5"}],"wp:attachment":[{"href":"http:\/\/desafioglobal.org\/pt\/wp-json\/wp\/v2\/media?parent=375"}],"curies":[{"name":"wp","href":"https:\/\/api.w.org\/{rel}","templated":true}]}}