{"id":185,"date":"2013-09-06T19:55:38","date_gmt":"2013-09-06T19:55:38","guid":{"rendered":"http:\/\/desafioglobal.org\/pt\/?page_id=185"},"modified":"2014-03-14T12:24:38","modified_gmt":"2014-03-14T12:24:38","slug":"comites-de-assessoramento-dos-estudos-de-caso","status":"publish","type":"page","link":"http:\/\/desafioglobal.org\/pt\/coordenacao\/comites-de-assessoramento-dos-estudos-de-caso\/","title":{"rendered":"Comit\u00eas de Assessoramento dos Estudos de Caso"},"content":{"rendered":"<p><strong>1.<\/strong> <strong>Comit\u00ea Assessor Local para os Estudos de Caso sobre os Sistemas de Saneamento Condominial e Integrado, Recife, Brasil<\/strong><\/p>\n<ul>\n<li>Pergentina Vilarim. F\u00f3rum Estadual de Reforma Urbana (FERU), Pernambuco e Confedera\u00e7\u00e3o Nacional das Associa\u00e7\u00f5es de Moradores (CONAM), Brasil<\/li>\n<li>Evanildo Barbosa. Federa\u00e7\u00e3o de \u00d3rg\u00e3os para Assist\u00eancia Social e Educacional (FASE), Pernambuco, Brasil<\/li>\n<li>Paulo Henrique Martins. Universidade Federal de Pernambuco, Brasil<\/li>\n<li>Mauro Bernardo Lima. F\u00f3rum Estadual de Reforma Urbana (FERU) e Federa\u00e7\u00e3o Municipal das Entidades Comunit\u00e1rias de Abreu e Lima (FEMECOAL), Pernambuco, Brasil<\/li>\n<li>Adelmo Ara\u00fajo. Federa\u00e7\u00e3o de \u00d3rg\u00e3os para Assist\u00eancia Social e Educacional (FASE), Pernambuco, Brasil<\/li>\n<\/ul>\n<p><strong>2.<\/strong> <strong>Comit\u00ea Assessor Local para o Estudo de Caso sobre a <b>Gera\u00e7\u00e3o Participativa de um <\/b>Sistema de Tratamento de \u00c1gua em uma Comunidade Quilombola em Minas Gerais (MG), Brasil<\/strong><\/p>\n<ul>\n<li>Sandra Maria da Silva. Federa\u00e7\u00e3o das Comunidades Quilombolas de Minas Gerais (N&#8217;Golo)<\/li>\n<li>Jos\u00e9 dos Passos Barbosa. Associa\u00e7\u00e3o Quilombola de Bom Jardim, S\u00e3o Francisco, MG<\/li>\n<li>Altina Franco Cardoso. Associa\u00e7\u00e3o Comunit\u00e1ria de Lagedo, S\u00e3o Francisco, MG<\/li>\n<li>Agda Marina Ferreira Moreira. Centro de Documenta\u00e7\u00e3o Eloy Ferreira da Silva (CEDEFES)<\/li>\n<li>Luci Rodrigues Espeschit. Instituto Nacional de Coloniza\u00e7\u00e3o e Reforma Agr\u00e1ria (INCRA)<\/li>\n<li>Adriana Pereira Rodrigues e Cl\u00e9ver Alves Machado. Secretaria de Desenvolvimento Social (SEDESE) \/ Coordenadoria de Pol\u00edticas Pr\u00f3-Igualdade Racial<\/li>\n<li>Carlos Roberto Horta. N\u00facleo de Estudos Sobre o Trabalho Humano (NESTH) \/ FAFICH (UFMG)<\/li>\n<li>Val\u00e9ria Amorim. Departamento de Geografia \/ Instituto de Geoci\u00eancias (UFMG)<\/li>\n<\/ul>\n<p><b>3. Comit\u00ea Assessor Local para os Estudos de Caso sobre o Modelo SISAR (Avalia\u00e7\u00e3o Pol\u00edtico-Institucional e Estudo Etnogr\u00e1fico) e o Sistema de Abastecimento de \u00c1gua e Esgotamento Sanit\u00e1rio Comunit\u00e1rio em uma Localidade Rural no Nordeste do Brasil<\/b><\/p>\n<ul>\n<li>Jeovah Meireles, Professor do Departamento de Geografia e da P\u00f3s-gradua\u00e7\u00e3o em Desenvolvimento e Meio Ambiente, Universidade Federal do Cear\u00e1 (UFC)<\/li>\n<li><span style=\"line-height: 1.714285714;font-size: 1rem\">Alceu Galv\u00e3o, Coordenador de Saneamento da Ag\u00eancia Reguladora de Servi\u00e7os P\u00fablicos Delegados do Estado do Cear\u00e1 (ARCE)<\/span><\/li>\n<li><span style=\"line-height: 1.714285714;font-size: 1rem\">Chiquinho Texeira, Presidente da Associa\u00e7\u00e3o de Moradores da Bacia do Salgado<\/span><\/li>\n<\/ul>\n<p><b>4. Comit\u00ea Assessor Local para o Estudo de Caso sobre Desenvolvimento das Capacidades para Monitorar a Qualidade da \u00c1gua em Comunidades Vulner\u00e1veis na Argentina<\/b><\/p>\n<ul>\n<li>Carolina Kaufmann, Professora da Faculdade de Ci\u00eancias da Educa\u00e7\u00e3o, Universidade Nacional de Entre Rios e Professora da Faculdade de Humanidades e Artes, Universidade Nacional de Ros\u00e1rio (UNR).\u00a0Diretora do Grupo TIPHREA (Tend\u00eancias Ideol\u00f3gico\/Pedag\u00f3gicas na Historia Recente da Educa\u00e7\u00e3o Argentina)<\/li>\n<li><span style=\"line-height: 1.714285714;font-size: 1rem\">Elba Stancich, ONG Taller Ecologista, Presidenta da Funda\u00e7\u00e3o Sa\u00fade sem Dano Am\u00e9rica Latina e Presidenta da Junta Diretiva de Los Verdes, Foro de Ecologia Pol\u00edtica<\/span><\/li>\n<li><span style=\"line-height: 1.714285714;font-size: 1rem\">Alberto Mu\u00f1oz, Agente do Ag\u00eancia Reguladora de Servi\u00e7os Sanit\u00e1rios (ENRESS). Santa Fe, Argentina<\/span><\/li>\n<\/ul>\n<p><b>5. Comit\u00ea Assessor Local para o Estudo de Caso sobre Tecnologias Apropriadas para o Acesso \u00e0 SAS em Comunidades Vulner\u00e1veis na Baixada Fluminense, Rio de Janeiro, Brasil<\/b><\/p>\n<ul>\n<li>Orlando Alves dos Santos Junior \u2013 Professor do Instituto de Pesquisa e Planejamento Urbano e Regional (IPPUR), Universidade Federal do Rio de Janeiro (UFRJ)<b><\/b><\/li>\n<li>Henri Acselrald \u2013 Professor do Instituto de Pesquisa e Planejamento Urbano e Regional (IPPUR), Universidade Federal do Rio de Janeiro (UFRJ)<\/li>\n<li>D\u00e9cio Tubbs \u2013 Associa\u00e7\u00e3o Brasileira de \u00c1guas Subterr\u00e2neas (ABAS), Diretor do Comit\u00ea da Bacia de Guandu<\/li>\n<li>Jos\u00e9 Anuncia\u00e7\u00e3o Gon\u00e7alves \u2013 Prefeitura Municipal de Queimados, Secretaria de Meio Ambiente<\/li>\n<\/ul>\n<p>&nbsp;<\/p>\n","protected":false},"excerpt":{"rendered":"<p>1. Comit\u00ea Assessor Local para os Estudos de Caso sobre os Sistemas de Saneamento Condominial e Integrado, Recife, Brasil Pergentina Vilarim. F\u00f3rum Estadual de Reforma Urbana (FERU), Pernambuco e Confedera\u00e7\u00e3o Nacional das Associa\u00e7\u00f5es de Moradores (CONAM), Brasil Evanildo Barbosa. Federa\u00e7\u00e3o de \u00d3rg\u00e3os para Assist\u00eancia Social e Educacional (FASE), Pernambuco, Brasil Paulo Henrique Martins. Universidade Federal [&hellip;]<\/p>\n","protected":false},"author":4,"featured_media":0,"parent":7,"menu_order":0,"comment_status":"closed","ping_status":"closed","template":"","meta":[],"_links":{"self":[{"href":"http:\/\/desafioglobal.org\/pt\/wp-json\/wp\/v2\/pages\/185"}],"collection":[{"href":"http:\/\/desafioglobal.org\/pt\/wp-json\/wp\/v2\/pages"}],"about":[{"href":"http:\/\/desafioglobal.org\/pt\/wp-json\/wp\/v2\/types\/page"}],"author":[{"embeddable":true,"href":"http:\/\/desafioglobal.org\/pt\/wp-json\/wp\/v2\/users\/4"}],"replies":[{"embeddable":true,"href":"http:\/\/desafioglobal.org\/pt\/wp-json\/wp\/v2\/comments?post=185"}],"version-history":[{"count":9,"href":"http:\/\/desafioglobal.org\/pt\/wp-json\/wp\/v2\/pages\/185\/revisions"}],"predecessor-version":[{"id":530,"href":"http:\/\/desafioglobal.org\/pt\/wp-json\/wp\/v2\/pages\/185\/revisions\/530"}],"up":[{"embeddable":true,"href":"http:\/\/desafioglobal.org\/pt\/wp-json\/wp\/v2\/pages\/7"}],"wp:attachment":[{"href":"http:\/\/desafioglobal.org\/pt\/wp-json\/wp\/v2\/media?parent=185"}],"curies":[{"name":"wp","href":"https:\/\/api.w.org\/{rel}","templated":true}]}}