{"id":180,"date":"2013-09-06T18:58:25","date_gmt":"2013-09-06T18:58:25","guid":{"rendered":"http:\/\/desafioglobal.org\/pt\/?page_id=180"},"modified":"2020-02-11T20:39:47","modified_gmt":"2020-02-11T20:39:47","slug":"publicacoes","status":"publish","type":"page","link":"http:\/\/desafioglobal.org\/pt\/publicacoes\/","title":{"rendered":"Publica\u00e7\u00f5es"},"content":{"rendered":"<h2>As publica\u00e7\u00f5es de DESAFIO est\u00e3o dispon\u00edveis na <a href=\"https:\/\/zenodo.org\/collection\/user-waterlat-gobacit\">Comunidade Zenodo da Rede WATERLAT-GOBACIT<\/a><\/h2>\n<p style=\"text-align: center;\"><strong>* * *<\/strong><\/p>\n<h2>Materiais publicados<\/h2>\n<h3>Relat\u00f3rios do Projeto<\/h3>\n<p>Castro, J. E. (2015). Relat\u00f3rios Finais do Projeto (em ingl\u00eas), <span style=\"text-decoration: underline;\">Cadernos de Trabalho da Rede WATERLAT-GOBACIT<\/span>, S\u00e9rie Projeto DESAFIO SPIDES, Vol. 2, No 16. DOI: 10.13140\/RG.2.1.4441.8169 <a href=\"http:\/\/waterlat.org\/WPapers\/WPSPIDES216.pdf\">Baixe aqu\u00ed o caderno<\/a>.<\/p>\n<p style=\"text-align: center;\"><strong>* * *<\/strong><\/p>\n<p>Pinto, R., Z. Teixeira, e M. Cunha (2015), \u201cAn\u00e1lise Cross-Comparativo dos Estudos de Caso (em ingl\u00eas)\u201d, em J. E. Castro (Ed.), <span style=\"text-decoration: underline;\">Cadernos de Trabalho da Rede WATERLAT-GOBACIT<\/span>, S\u00e9rie Projeto DESAFIO SPIDES, Vol. 2, No 15, pgs. 11-88. DOI: 10.5281\/zenodo.56110 <a href=\"http:\/\/waterlat.org\/WPapers\/WPSPIDES215Art1.pdf\">Baixe aqu\u00ed o artigo<\/a>. <a href=\"http:\/\/waterlat.org\/WPapers\/WPSPIDES215.pdf\">Baixe aqu\u00ed o caderno completo (DOI: 10.13140\/RG.2.1.3786.4568)<\/a>.<\/p>\n<p style=\"text-align: center;\"><strong>* * *<\/strong><\/p>\n<p>Castro, J. E. (2015), \u201cAn\u00e1lise Cross-Comparativo por Pais no Contexto da Am\u00e9rica Latina\u201d (em ingl\u00eas), <span style=\"text-decoration: underline;\">Cadernos de Trabalho da Rede WATERLAT-GOBACIT<\/span>, S\u00e9rie Projeto DESAFIO SPIDES, Vol. 2, No 15, pgs. 90-141. DOI: 10.5281\/zenodo.56112 <a href=\"http:\/\/waterlat.org\/WPapers\/WPSPIDES215Art2.pdf\">Baixe aqu\u00ed o artigo<\/a>. <a href=\"http:\/\/waterlat.org\/WPapers\/WPSPIDES215.pdf\">Baixe aqu\u00ed o caderno completo (DOI: 10.13140\/RG.2.1.3786.4568)<\/a>.<\/p>\n<p style=\"text-align: center;\"><strong>* * *<\/strong><\/p>\n<p>Castro, J. E. (2015). Marco Te\u00f3rico e Metodol\u00f3gico (em ingl\u00eas), <span style=\"text-decoration: underline;\">Cadernos de Trabalho da Rede WATERLAT-GOBACIT<\/span>, S\u00e9rie Projeto DESAFIO SPIDES, Vol. 2, No 14. DOI: 10.13140\/RG.2.1.2737.8802 <a href=\"http:\/\/waterlat.org\/WPapers\/WPSPIDES214.pdf\">Baixe aqu\u00ed o caderno<\/a>.<\/p>\n<p style=\"text-align: center;\"><strong>* * *<\/strong><\/p>\n<p>Portapila, M., J. C. Mar\u00edn, S. Omelianiuk, M. Orta, e H. Escobar (2015), \u201cDesenvolvimento das Capacidades para Monitorar a Qualidade da \u00c1gua em Comunidades Vulner\u00e1veis na Argentina\u201d (em espanhol), em J. E. Castro (Ed.), <span style=\"text-decoration: underline;\">Cadernos de Trabalho da Rede WATERLAT-GOBACIT<\/span>, S\u00e9rie Projeto DESAFIO SPIDES, Vol. 2, No 13. DOI: 10.13140\/RG.2.1.2475.7363 <a href=\"http:\/\/waterlat.org\/WPapers\/WPSPIDES213.pdf\">Baixe aqu\u00ed o caderno<\/a>.<\/p>\n<p style=\"text-align: center;\"><strong>* * *<\/strong><\/p>\n<p>de P\u00e1dua, V. L., D. R. Vilela, e A. S. R. Silva (2015), \u201cGera\u00e7\u00e3o Participativa de um Sistema de Tratamento de \u00c1gua numa Comunidade Quilombola de Minas Gerais, Brasil\u201d, em J. E. Castro (Ed.), <span style=\"text-decoration: underline;\">Cadernos de Trabalho da Rede WATERLAT-GOBACIT<\/span>, S\u00e9rie Projeto DESAFIO SPIDES, Vol. 2, No 12. DOI: 10.13140\/RG.2.1.5097.1762 <a href=\"http:\/\/waterlat.org\/WPapers\/WPSPIDES212.pdf\">Baixe aqu\u00ed o caderno<\/a>.<\/p>\n<p style=\"text-align: center;\"><strong>* * *<\/strong><\/p>\n<p>Pe\u00f1a, M., M. Garc\u00eda, A. F. Toro, J. Vargas, V. A. Ceron, E. Mena, e V. Orjuela (2015), \u201cGest\u00e3o Comunit\u00e1ria da \u00c1gua Rural e Associatividade na Col\u00f4mbia\u201d (em espanhol), em J. E. Castro (Ed.), <span style=\"text-decoration: underline;\">Cadernos de Trabalho da Rede WATERLAT-GOBACIT<\/span>, S\u00e9rie Projeto DESAFIO SPIDES, Vol. 2, No 11. DOI: 10.13140\/RG.2.1.2148.0561 <a href=\"http:\/\/waterlat.org\/WPapers\/WPSPIDES211.pdf\">Baixe aqu\u00ed o caderno<\/a>.<\/p>\n<p style=\"text-align: center;\"><strong>* * *<\/strong><\/p>\n<p>Castro, J. E., e H. M. R. Ferreira (2015). \u201cDimens\u00f5es Sociot\u00e9cnicas do Sistema de \u2018Saneamento Integrado\u2019 em \u00c1reas de Baixa Renda no Recife, Brasil\u201d, em J. E. Castro (Ed.), <span style=\"text-decoration: underline;\">Cadernos de Trabalho da Rede WATERLAT-GOBACIT<\/span>, S\u00e9rie Projeto DESAFIO SPIDES, Vol. 2, No 10. DOI: 10.13140\/RG.2.1.2442.9682 <a href=\"http:\/\/waterlat.org\/WPapers\/WPSPIDES210.pdf\">Baixe aqu\u00ed o caderno<\/a>.<\/p>\n<p style=\"text-align: center;\"><strong>* * *<\/strong><\/p>\n<p>Pe\u00f1a, M., M. Garc\u00eda, A. F. Toro, J. Vargas, V. A. Ceron, E. Mena, e V. Orjuela (2015a), \u201cEmpoderamento, Resili\u00eancia e Sustentabilidade: Avalia\u00e7\u00e3o de uma Sistema Integrado de \u00c1gua e Esgotamento Sanit\u00e1rio numa Comunidade Rural na Col\u00f4mbia\u201d (em espanhol), em J. E. Castro (Ed.), <span style=\"text-decoration: underline;\">Cadernos de Trabalho da Rede WATERLAT-GOBACIT<\/span>, S\u00e9rie Projeto DESAFIO SPIDES, Vol. 2, No 9. DOI: 10.13140\/RG.2.1.1361.6244 <a href=\" http:\/\/waterlat.org\/WPapers\/WPSPIDES29.pdf\">Baixe aqu\u00ed o caderno<\/a>.<\/p>\n<p style=\"text-align: center;\"><strong>* * *<\/strong><\/p>\n<p>Britto, A. L., A. Maiello, e S. Quintslr (2015), \u201cAvalia\u00e7\u00e3o de Tecnologias Apropriadas para o Acesso \u00e0 \u00c1gua em Comunidades Vulner\u00e1veis na Baixada Fluminense, Rio de Janeiro, Brasil\u201d, em J. E. Castro (Ed.), <span style=\"text-decoration: underline;\">Cadernos de Trabalho da Rede WATERLAT-GOBACIT<\/span>, S\u00e9rie Projeto DESAFIO SPIDES, Vol. 2, No 8. DOI: 10.13140\/RG.2.1.4507.3521 <a href=\" http:\/\/waterlat.org\/WPapers\/WPSPIDES28.pdf\">Baixe aqu\u00ed o caderno<\/a>.<\/p>\n<p style=\"text-align: center;\"><strong>* * *<\/strong><\/p>\n<p>Castro, J. E., e H. M. R. Ferreira (2015). \u201cO Sistema Condominial de Saneamento em Zonas Especiais de Interesse Social (ZEIS) no Recife, Brasil\u201d, em J. E. Castro (Ed.), <span style=\"text-decoration: underline;\">Cadernos de Trabalho da Rede WATERLAT-GOBACIT<\/span>, S\u00e9rie Projeto DESAFIO SPIDES, Vol. 2, No 7. DOI: 10.13140\/RG.2.1.1918.6804 <a href=\" http:\/\/waterlat.org\/WPapers\/WPSPIDES27.pdf\">Baixe aqu\u00ed o caderno<\/a>.<\/p>\n<p style=\"text-align: center;\"><strong>* * *<\/strong><\/p>\n<p>Freitas, E., S. V. Castro, J. L. Pena, S. Rezende, e L. Heller (2015), \u201cAvalia\u00e7\u00e3o Pol\u00edtico-Institucional do Modelo SISAR no Nordeste do Brasil\u201d, em J. E. Castro (Ed.), \u201cO Sistema Integrado de Saneamento Rural (SISAR) no Brasil\u201d, <span style=\"text-decoration: underline;\">Cadernos de Trabalho da Rede WATERLAT-GOBACIT<\/span>, S\u00e9rie Projeto DESAFIO SPIDES, Vol. 2, No 6, pgs. 20-77. DOI: 10.5281\/zenodo.56113 <a href=\" http:\/\/waterlat.org\/WPapers\/WPSPIDES26Art1.pdf\">Baixe aqu\u00ed o artigo<\/a>. <a href=\" http:\/\/waterlat.org\/WPapers\/WPSPIDES26.pdf\">Baixe aqu\u00ed o caderno completo (DOI: 10.13140\/RG.2.1.3983.0644)<\/a>.<\/p>\n<p style=\"text-align: center;\"><strong>* * *<\/strong><\/p>\n<p>Brown, C. (2015), \u201cEstudo Etnogr\u00e1fico do Modelo SISAR\u201d, em J. E. Castro (Ed.), \u201cO Sistema Integrado de Saneamento Rural (SISAR) no Brasil\u201d, <span style=\"text-decoration: underline;\">Cadernos de Trabalho da Rede WATERLAT-GOBACIT<\/span>, S\u00e9rie Projeto DESAFIO SPIDES, Vol. 2, No 6, pgs. 78-161. DOI: 10.5281\/zenodo.56114 <a href=\" http:\/\/waterlat.org\/WPapers\/WPSPIDES26Art2.pdf\">Baixe aqu\u00ed o artigo<\/a>. <a href=\" http:\/\/waterlat.org\/WPapers\/WPSPIDES26.pdf\">Baixe aqu\u00ed o caderno completo (DOI: 10.13140\/RG.2.1.3983.0644)<\/a>.<\/p>\n<p style=\"text-align: center;\"><strong>* * *<\/strong><\/p>\n<p>Passos, B. S., B. Aleixo, J. Ayra, J. L. Pena, S. Rezende, em L. Heller (2015), \u201cSistema Comunit\u00e1rio de Abastecimento de \u00c1gua e Esgotamento Sanit\u00e1rio numa Comunidade Rural no Nordeste do Brasil\u201d, en J. E. Castro (Ed.), \u201cO Sistema Integrado de Saneamento Rural (SISAR) no Brasil\u201d, <span style=\"text-decoration: underline;\"> Cadernos de Trabalho da Rede WATERLAT-GOBACIT<\/span>, S\u00e9rie Projeto DESAFIO SPIDES, Vol. 2, No 6, pgs. 162-304. DOI: 10.5281\/zenodo.56116 <a href=\" http:\/\/waterlat.org\/WPapers\/WPSPIDES26Art3.pdf\">Baixe aqu\u00ed o artigo<\/a>. <a href=\" http:\/\/waterlat.org\/WPapers\/WPSPIDES26.pdf\">Baixe aqu\u00ed o caderno completo (DOI: 10.13140\/RG.2.1.3983.0644)<\/a>.<\/p>\n<p style=\"text-align: center;\"><strong>* * * * *<\/strong><\/p>\n<h3>Outros relat\u00f3rios e artigos<\/h3>\n<p>Passos, Barbara Silva, &#8220;Saneamento e sa\u00fade: uma experi\u00eancia de gest\u00e3o comunit\u00e1ria no semi\u00e1rido brasileiro&#8221;, <span style=\"text-decoration: underline;\">Cadernos de Trabalho da Rede WATERLAT-GOBACIT <\/span>, Vol. 4, No 5, 2017, pp. 20-34 DOI: 10.5072\/zenodo.210708 (<a href=\"http:\/\/waterlat.org\/WPapers\/WGWPVol4No5.pdf\">acesse aqui<\/a>).<br \/>\nQuintslr, Suy\u00e1, e Ana L\u00facia Britto, &#8220;Desigualdades no acesso \u00e0 agua e ao saneamento: impasses da pol\u00edtica p\u00fablica na metr\u00f3pole fluminense&#8221;, in J. E. Castro (Ed.), Contradi\u00e7\u00e3o, Obst\u00e1culos e Oportunidades que Apresenta a Implementa\u00e7\u00e3o do Direito Humano a \u00c1gua, <span style=\"text-decoration: underline;\">Cadernos de Trabalho da Rede WATERLAT-GOBACIT<\/span>, Vol. 1, No 2, 2014, pp. 44-64 DOI: 10.13140\/RG.2.1.2016.9847 (<a href=\"http:\/\/waterlat.org\/WPapers\/WPSATCUASPENo2.pdf\">acesse o caderno aqui<\/a>).<\/p>\n<p style=\"text-align: center;\"><strong>* * *<\/strong><\/p>\n<p>Castro, J. E. (Ed.), H. Rocha Ferreira e A. Ramos (Orgs.), \u201cInova\u00e7\u00f5es e desafios para a democratiza\u00e7\u00e3o dos servi\u00e7os de saneamento. S\u00edntese da Primeira Confer\u00eancia\u201d, <span style=\"text-decoration: underline;\">Cadernos de Trabalho da Rede WATERLAT<\/span>, Vol. 1, No 1, 2013, DOI: 10.13140\/RG.2.1.2541.2724 (<a href=\"http:\/\/waterlat.org\/WPapers\/WATERLAT%20Working%20Paper%20SPIDES%201.pdf\" target=\"_blank\" rel=\"noopener noreferrer\">acesse o caderno aqui<\/a>.<\/p>\n<p style=\"text-align: center;\"><strong>* * * * *<\/strong><\/p>\n","protected":false},"excerpt":{"rendered":"<p>As publica\u00e7\u00f5es de DESAFIO est\u00e3o dispon\u00edveis na Comunidade Zenodo da Rede WATERLAT-GOBACIT * * * Materiais publicados Relat\u00f3rios do Projeto Castro, J. E. (2015). Relat\u00f3rios Finais do Projeto (em ingl\u00eas), Cadernos de Trabalho da Rede WATERLAT-GOBACIT, S\u00e9rie Projeto DESAFIO SPIDES, Vol. 2, No 16. DOI: 10.13140\/RG.2.1.4441.8169 Baixe aqu\u00ed o caderno. * * * Pinto, R., [&hellip;]<\/p>\n","protected":false},"author":4,"featured_media":0,"parent":0,"menu_order":0,"comment_status":"closed","ping_status":"closed","template":"page-templates\/full-width.php","meta":[],"_links":{"self":[{"href":"http:\/\/desafioglobal.org\/pt\/wp-json\/wp\/v2\/pages\/180"}],"collection":[{"href":"http:\/\/desafioglobal.org\/pt\/wp-json\/wp\/v2\/pages"}],"about":[{"href":"http:\/\/desafioglobal.org\/pt\/wp-json\/wp\/v2\/types\/page"}],"author":[{"embeddable":true,"href":"http:\/\/desafioglobal.org\/pt\/wp-json\/wp\/v2\/users\/4"}],"replies":[{"embeddable":true,"href":"http:\/\/desafioglobal.org\/pt\/wp-json\/wp\/v2\/comments?post=180"}],"version-history":[{"count":30,"href":"http:\/\/desafioglobal.org\/pt\/wp-json\/wp\/v2\/pages\/180\/revisions"}],"predecessor-version":[{"id":924,"href":"http:\/\/desafioglobal.org\/pt\/wp-json\/wp\/v2\/pages\/180\/revisions\/924"}],"wp:attachment":[{"href":"http:\/\/desafioglobal.org\/pt\/wp-json\/wp\/v2\/media?parent=180"}],"curies":[{"name":"wp","href":"https:\/\/api.w.org\/{rel}","templated":true}]}}