{"id":11,"date":"2013-07-08T20:03:29","date_gmt":"2013-07-08T20:03:29","guid":{"rendered":"http:\/\/desafioglobal.org\/pt\/?page_id=11"},"modified":"2013-08-20T14:28:53","modified_gmt":"2013-08-20T14:28:53","slug":"politica-de-acessibilidade","status":"publish","type":"page","link":"http:\/\/desafioglobal.org\/pt\/politica-de-acessibilidade\/","title":{"rendered":"Pol\u00edtica de Acessibilidade"},"content":{"rendered":"<p><span style=\"line-height: 1.714285714; font-size: 1rem;\">Este website p\u00fablico cont\u00e9m informa\u00e7\u00f5es e documentos relacionados com as atividades do Projeto de Pesquisa DESAFIO.<\/span><\/p>\n<p>As opini\u00f5es, dados e outros materiais neste website s\u00e3o de inteira responsabilidade do cons\u00f3rcio de pesquisa respons\u00e1vel pelo projeto e n\u00e3o representam a opini\u00e3o da Uni\u00e3o Europeia. A Uni\u00e3o Europeia n\u00e3o \u00e9 respons\u00e1vel por qualquer uso que possa ser feito de dados ou outras informa\u00e7\u00f5es que aparecem neste site.<\/p>\n<p>Nosso objetivo \u00e9 manter essas informa\u00e7\u00f5es corretas e precisas. Se erros s\u00e3o reportados \u00e0 n\u00f3s, vamos tentar corrigi-los. No entanto, DESAFIO n\u00e3o aceita responsabilidade nenhuma ou obriga\u00e7\u00e3o em rela\u00e7\u00e3o ao conte\u00fado deste site.<\/p>\n<p>Este conte\u00fado \u00e9:<\/p>\n<ul>\n<li>Informa\u00e7\u00f5es de natureza geral e n\u00e3o se destina a abordar as circunst\u00e2ncias espec\u00edficas de um\u00a0 indiv\u00edduo ou entidade em particular<\/li>\n<li>N\u00e3o \u00e9 necessariamente exaustiva, completa, rigorosa ou atualizada<\/li>\n<li>As vezes est\u00e1 ligado a websites externos sobre os quais n\u00e3o temos controle e pelos quais n\u00e3o assumimos nenhuma responsabilidade<\/li>\n<\/ul>\n<p>\u00c9 nosso objetivo minimizar os inconvenientes causados \u200b\u200bpor erros t\u00e9cnicos. No entanto, alguns dados ou informa\u00e7\u00f5es em nosso site podem ter sido criados ou estruturados em ficheiros ou formatos n\u00e3o isentos de erros e n\u00f3s n\u00e3o podemos garantir que o nosso servi\u00e7o n\u00e3o ser\u00e1 interrompido ou afetado por tais problemas. N\u00f3s n\u00e3o aceitamos nenhuma responsabilidade com rela\u00e7\u00e3o a esses problemas, ou suas consequ\u00eancias, incorridos como resultado da consulta deste website ou de quaisquer website externo ligado a este.<\/p>\n<p>Esta pol\u00edtica de acessibilidade n\u00e3o se destina a contrariar nenhum dos requisitos estabelecidos na legisla\u00e7\u00e3o nacional aplic\u00e1vel, nem a excluir a responsabilidade nos casos em que n\u00e3o podem ser exclu\u00eddos ao abrigo dessa legisla\u00e7\u00e3o.<\/p>\n","protected":false},"excerpt":{"rendered":"<p>Este website p\u00fablico cont\u00e9m informa\u00e7\u00f5es e documentos relacionados com as atividades do Projeto de Pesquisa DESAFIO. As opini\u00f5es, dados e outros materiais neste website s\u00e3o de inteira responsabilidade do cons\u00f3rcio de pesquisa respons\u00e1vel pelo projeto e n\u00e3o representam a opini\u00e3o da Uni\u00e3o Europeia. A Uni\u00e3o Europeia n\u00e3o \u00e9 respons\u00e1vel por qualquer uso que possa ser [&hellip;]<\/p>\n","protected":false},"author":1,"featured_media":0,"parent":0,"menu_order":0,"comment_status":"closed","ping_status":"closed","template":"","meta":[],"_links":{"self":[{"href":"http:\/\/desafioglobal.org\/pt\/wp-json\/wp\/v2\/pages\/11"}],"collection":[{"href":"http:\/\/desafioglobal.org\/pt\/wp-json\/wp\/v2\/pages"}],"about":[{"href":"http:\/\/desafioglobal.org\/pt\/wp-json\/wp\/v2\/types\/page"}],"author":[{"embeddable":true,"href":"http:\/\/desafioglobal.org\/pt\/wp-json\/wp\/v2\/users\/1"}],"replies":[{"embeddable":true,"href":"http:\/\/desafioglobal.org\/pt\/wp-json\/wp\/v2\/comments?post=11"}],"version-history":[{"count":5,"href":"http:\/\/desafioglobal.org\/pt\/wp-json\/wp\/v2\/pages\/11\/revisions"}],"predecessor-version":[{"id":149,"href":"http:\/\/desafioglobal.org\/pt\/wp-json\/wp\/v2\/pages\/11\/revisions\/149"}],"wp:attachment":[{"href":"http:\/\/desafioglobal.org\/pt\/wp-json\/wp\/v2\/media?parent=11"}],"curies":[{"name":"wp","href":"https:\/\/api.w.org\/{rel}","templated":true}]}}