{"id":108,"date":"2013-08-21T09:06:12","date_gmt":"2013-08-21T09:06:12","guid":{"rendered":"http:\/\/desafioglobal.org\/pt\/?page_id=108"},"modified":"2013-08-23T11:47:06","modified_gmt":"2013-08-23T11:47:06","slug":"programa-da-conferencia","status":"publish","type":"page","link":"http:\/\/desafioglobal.org\/pt\/reunioes\/reunioes-abertas\/conferencia\/programa-da-conferencia\/","title":{"rendered":"Programa da confer\u00eancia"},"content":{"rendered":"<h3>Sess\u00e3o de Abertura<\/h3>\n<ul>\n<li>Exmo. Sr. Luciano Roberto Rosas de Siqueira, Vice-Prefeito de Recife<\/li>\n<li>Exmo. Sr. Jos\u00e9 Almir Cirilo,\u00a0<a href=\"http:\/\/www.srhe.pe.gov.br\/\">Secret\u00e1rio de Recursos H\u00eddricos e Energ\u00e9ticos de Pernambuco (SRHE), Governo de Pernambuco<\/a>, Recife<\/li>\n<li>Anne Le Strat, Vice-Prefeita de Paris para a Gest\u00e3o dos Servi\u00e7os de Saneamento, Presidente de \u00c1guas de Paris \/ <a href=\"http:\/\/www.eaudeparis.fr\/\">Eau de Paris<\/a>\u00a0(EDP) e Presidente da Associa\u00e7\u00e3o Europeia para a Gest\u00e3o P\u00fablica da \u00c1gua (<a href=\"http:\/\/www.aquapublica.eu\/\">Aqua Publica Europa<\/a>)<\/li>\n<li>Exmo.\u00a0Sr. Jo\u00e3o Batista,\u00a0<a href=\"http:\/\/www2.recife.pe.gov.br\/secretarias-e-orgaos\/secretarias\/saneamento\/\">Secret\u00e1rio de Saneamento, Recife<\/a><\/li>\n<li>Exmo. Sr. Anisio Brasileiro, Reitor, Universidade Federal de Pernambuco<\/li>\n<li>Dra. Cristina Marcuzzo, <a href=\"http:\/\/cordis.europa.eu\/home_es.html\">S\u00e9timo Programa-Quadro, Espa\u00e7o Europeu da Investiga\u00e7\u00e3o (EEI), Uni\u00e3o Europeia<\/a><\/li>\n<li>Sr. Adelmo Araujo, <a href=\"http:\/\/ferupernambuco.wordpress.com\/\">F\u00f3rum Estadual de Reforma Urbana (FERU)<\/a>, Recife<\/li>\n<li>Dr. Jos\u00e9 Esteban Castro, Coordenador do Projeto DESAFIO e da <a href=\"http:\/\/www.waterlat.org\/\">Rede WATERLAT<\/a><\/li>\n<\/ul>\n<p><a href=\"http:\/\/desafioglobal.org\/wp-content\/uploads\/presentations\/DESAFIO%20-%20Abertura.pdf\">Baixar a apresenta\u00e7\u00e3o de abertura<\/a><\/p>\n<h3>Painel 1 \u2013 Desafios e iniciativas para a gest\u00e3o e o acesso democr\u00e1ticos aos servi\u00e7os de saneamento: perspectivas internacionais<\/h3>\n<p>\u201cO processo internacional de municipaliza\u00e7\u00e3o de servi\u00e7os p\u00fablicos de saneamento [em ingl\u00eas]\u201d\u00a0<b>Martin Pigeon, <\/b><a href=\"http:\/\/corporateeurope.org\/\">Corporate Europe Observatory (CEO)<\/a>, Holanda [via Skype]<\/p>\n<p>\u201cGest\u00e3o democr\u00e1tica: vencendo as barreiras do preconceito\u201d\u00a0<b>Ant\u00f4nio da Costa Miranda Neto, <\/b><a href=\"http:\/\/www.unsgab.org\/\">\u00a0Membro do Conselho de Assessoramento ao Secret\u00e1rio-Geral da ONU para Assuntos de \u00c1gua e Saneamento (UNSGAB)<\/a><\/p>\n<p>\u201cPol\u00edticas de Saneamento B\u00e1sico no Brasil\u201d\u00a0<strong>Wladimir Ant\u00f4nio Ribeiro, Assessor Legal do Governo Federal Brasileiro em Pol\u00edticas e Leis de Saneamento B\u00e1sico<\/strong><\/p>\n<p>\u201cO qu\u00e9 significa \u2018democratizar\u2019 a gest\u00e3o e o acesso a servi\u00e7os p\u00fablicos de saneamento?\u201d\u00a0<b>Jos\u00e9 Esteban Castro, <\/b><a href=\"http:\/\/www.ncl.ac.uk\/gps\/\">Escola de Geografia, Ci\u00eancia Pol\u00edtica e Sociologia (GPS)<\/a> e <a href=\"http:\/\/www.ncl.ac.uk\/sustainability\">Instituto de Pesquisa sobre a Sustentabilidade (NIRES)<\/a>, Newcastle University, Reino Unido<\/p>\n<p><a href=\"http:\/\/desafioglobal.org\/wp-content\/uploads\/presentations\/DESAFIO%20-%20Castro%20Sessao%20I.pdf\">Baixar a apresenta\u00e7\u00e3o de Castro<\/a><\/p>\n<h4>Sess\u00e3o de Debate<\/h4>\n<h3><span style=\"text-decoration: underline;\">Palestra de Abertura:<\/span> \u201cA municipaliza\u00e7\u00e3o dos servi\u00e7os de saneamento em Paris, Fran\u00e7a\u201d<\/h3>\n<p><b>Anne Le Strat, <\/b>Vice-prefeita de Paris para a Gest\u00e3o dos Servi\u00e7os de Saneamento, Presidenta de <a href=\"http:\/\/www.eaudeparis.fr\/\">\u00c1guas de Paris<\/a> (Eau de Paris &#8211; EDP) e Presidenta da Associa\u00e7\u00e3o Europeia para a Gest\u00e3o P\u00fablica da \u00c1gua, <a href=\"http:\/\/www.aquapublica.eu\/\">Aqua Publica Europa<\/a><\/p>\n<p><a href=\"http:\/\/desafioglobal.org\/wp-content\/uploads\/presentations\/Anne%20LE%20STRAT%20-%20DESAFIO%20250213.pdf\">Baixar a apresenta\u00e7\u00e3o de Le Strat<\/a><\/p>\n<h3>Painel 2 \u2013 Avan\u00e7os e desafios na democratiza\u00e7\u00e3o da gest\u00e3o e do acesso aos servi\u00e7os p\u00fablicos de saneamento: experi\u00eancias recentes<\/h3>\n<p>\u201cNo\u00e7\u00f5es sobre os sistemas condominiais\u201d\u00a0<b>Jos\u00e9 Carlos Melo<\/b>, Recife<\/p>\n<p><a href=\"http:\/\/desafioglobal.org\/wp-content\/uploads\/presentations\/Melo%20Panel%202.pdf\">Baixar a apresenta\u00e7\u00e3o de Melo<\/a><\/p>\n<p>\u201cSistema condominial de esgoto: uso-funcionamento e perspectivas para a\u00a0 universaliza\u00e7\u00e3o\u201d\u00a0<b>Patr\u00edcia Campos Borja, <\/b><a href=\"http:\/\/www.ufba.br\/\">Universidade Federal da Bahia<\/a>, Salvador<\/p>\n<p><a href=\"http:\/\/desafioglobal.org\/wp-content\/uploads\/presentations\/Borja%20Panel%202.pdf\">Baixar a apresenta\u00e7\u00e3o de Borja<\/a><\/p>\n<p>\u201cArticulando a educa\u00e7\u00e3o, a tecnologia e a gest\u00e3o: uma leitura da concep\u00e7\u00e3o do saneamento integrado do Recife\u201d\u00a0<b>Andr\u00e9 Monteiro, <\/b><a href=\"http:\/\/www.cpqam.fiocruz.br\/\">Centro de Pesquisas Aggeu Magalh\u00e3es (CPqAM) FIOCRUZ<\/a>, Recife<b>\u00a0<\/b><\/p>\n<p><a href=\"http:\/\/desafioglobal.org\/wp-content\/uploads\/presentations\/Andre%20Monteiro%20Panel%202.pdf\">Baixar a apresenta\u00e7\u00e3o de Monteiro<\/a><\/p>\n<p>\u201cInova\u00e7\u00e3o em eco-tecnologias para a bio-remedia\u00e7\u00e3o da contamina\u00e7\u00e3o aqu\u00e1tica\u201d\u00a0<b>Dr. Miguel Ricardo Pe\u00f1a, <\/b>Universidade del Valle, Col\u00f4mbia<\/p>\n<p><a href=\"http:\/\/desafioglobal.org\/wp-content\/uploads\/presentations\/Pena%20Panel%202.pdf\">Baixar a apresenta\u00e7\u00e3o de Pe\u00f1a<\/a><\/p>\n<h4>Sess\u00e3o de Debate<\/h4>\n<h3>Painel 3 \u2013 Oportunidades e obst\u00e1culos para a consolida\u00e7\u00e3o da democratiza\u00e7\u00e3o da gest\u00e3o e do acesso a servi\u00e7os p\u00fablicos de saneamento<\/h3>\n<p>\u201cEstrat\u00e9gias de universaliza\u00e7\u00e3o dos servi\u00e7os de saneamento em Pernambuco\u201d\u00a0<b>Roberto Cavalcanti Tavares, <\/b>Diretor Presidente, <a href=\"http:\/\/www.compesa.com.br\/\">Companhia Pernambucana de Saneamento (COMPESA)<\/a>, Recife<\/p>\n<p><a href=\"http:\/\/desafioglobal.org\/wp-content\/uploads\/presentations\/Tavares%20Panel%203.pdf\">Baixar a apresenta\u00e7\u00e3o de Tavares<\/a><\/p>\n<p>\u201cFortalecimento do setor p\u00fablico e do controle social\u201d\u00a0<b>Edson Aparecido da Silva, <\/b>Coordenador, <a href=\"http:\/\/saneamentoparatodos.blogspot.co.uk\/\">Frente Nacional pelo Saneamento Ambiental (FNSA)<\/a><\/p>\n<p><a href=\"http:\/\/desafioglobal.org\/wp-content\/uploads\/presentations\/Presentation%20Edson.pdf\">Baixar a apresenta\u00e7\u00e3o de da Silva<\/a><\/p>\n<p>\u201cDesafios para a participa\u00e7\u00e3o da popula\u00e7\u00e3o na gest\u00e3o dos servi\u00e7os de saneamento\u201d\u00a0<b>Bismark Saraiva, <\/b><a href=\"http:\/\/ferupernambuco.wordpress.com\/\">F\u00f3rum Estadual de Reforma Urbana (FERU)<\/a>, Recife<\/p>\n<p>\u201cUniversaliza\u00e7\u00e3o e regula\u00e7\u00e3o dos servi\u00e7os p\u00fablicos de saneamento b\u00e1sico\u201d\u00a0<b>Marcos Montenegro, <\/b><a href=\"http:\/\/www.adasa.df.gov.br\/\">Ag\u00eancia Reguladora de \u00c1guas e Saneamento do Distrito Federal (ADASA)<\/a>, Bras\u00edlia<\/p>\n<p><a href=\"http:\/\/desafioglobal.org\/wp-content\/uploads\/presentations\/Montenegro%20Panel%203.pdf\">Baixar a apresenta\u00e7\u00e3o de Montenegro<\/a><\/p>\n<p>\u201cO planejamento em saneamento como instrumento para a democratiza\u00e7\u00e3o da gest\u00e3o e do acesso\u201d\u00a0<b>L\u00e9o Heller, <\/b><a href=\"http:\/\/www.desa.ufmg.br\/\">Departamento de Engenharia Sanit\u00e1ria e Ambiental da Universidade Federal de Minas Gerais (UFMG)<\/a>, Coordenador do estudo Panorama do Saneamento B\u00e1sico no Brasil, <a href=\"http:\/\/www.cidades.gov.br\/plansab\/\">Plano Nacional de Saneamento B\u00e1sico (PLANSAB)<\/a>.<\/p>\n<p><a href=\"http:\/\/desafioglobal.org\/wp-content\/uploads\/presentations\/Heller%20Panel%203.pdf\">Baixar a apresenta\u00e7\u00e3o de Heller<\/a><\/p>\n<h4>Sess\u00e3o de Debate<\/h4>\n<p><b>Encerramento<\/b><\/p>\n","protected":false},"excerpt":{"rendered":"<p>Sess\u00e3o de Abertura Exmo. Sr. Luciano Roberto Rosas de Siqueira, Vice-Prefeito de Recife Exmo. Sr. Jos\u00e9 Almir Cirilo,\u00a0Secret\u00e1rio de Recursos H\u00eddricos e Energ\u00e9ticos de Pernambuco (SRHE), Governo de Pernambuco, Recife Anne Le Strat, Vice-Prefeita de Paris para a Gest\u00e3o dos Servi\u00e7os de Saneamento, Presidente de \u00c1guas de Paris \/ Eau de Paris\u00a0(EDP) e Presidente da [&hellip;]<\/p>\n","protected":false},"author":2,"featured_media":0,"parent":27,"menu_order":0,"comment_status":"closed","ping_status":"open","template":"","meta":[],"_links":{"self":[{"href":"http:\/\/desafioglobal.org\/pt\/wp-json\/wp\/v2\/pages\/108"}],"collection":[{"href":"http:\/\/desafioglobal.org\/pt\/wp-json\/wp\/v2\/pages"}],"about":[{"href":"http:\/\/desafioglobal.org\/pt\/wp-json\/wp\/v2\/types\/page"}],"author":[{"embeddable":true,"href":"http:\/\/desafioglobal.org\/pt\/wp-json\/wp\/v2\/users\/2"}],"replies":[{"embeddable":true,"href":"http:\/\/desafioglobal.org\/pt\/wp-json\/wp\/v2\/comments?post=108"}],"version-history":[{"count":11,"href":"http:\/\/desafioglobal.org\/pt\/wp-json\/wp\/v2\/pages\/108\/revisions"}],"predecessor-version":[{"id":594,"href":"http:\/\/desafioglobal.org\/pt\/wp-json\/wp\/v2\/pages\/108\/revisions\/594"}],"up":[{"embeddable":true,"href":"http:\/\/desafioglobal.org\/pt\/wp-json\/wp\/v2\/pages\/27"}],"wp:attachment":[{"href":"http:\/\/desafioglobal.org\/pt\/wp-json\/wp\/v2\/media?parent=108"}],"curies":[{"name":"wp","href":"https:\/\/api.w.org\/{rel}","templated":true}]}}