{"id":987,"date":"2016-10-08T02:15:10","date_gmt":"2016-10-08T02:15:10","guid":{"rendered":"http:\/\/desafioglobal.org\/es\/?page_id=987"},"modified":"2020-08-03T19:20:31","modified_gmt":"2020-08-03T19:20:31","slug":"seminario-en-buenos-aires-argentina-21-de-octubre-de-2016","status":"publish","type":"page","link":"http:\/\/desafioglobal.org\/es\/reuniones\/reuniones-abiertas\/reuniones-pos-proyecto\/seminario-en-buenos-aires-argentina-21-de-octubre-de-2016\/","title":{"rendered":"Seminario en Buenos Aires, Argentina, 21 de octubre de 2016"},"content":{"rendered":"<h2>Seminario Internacional de Investigaci\u00f3n y Debate \u2013 \u201cDemocratizaci\u00f3n de la Gobernabilidad de los Servicios de Agua y Saneamiento Mediante Innovaciones Socio-t\u00e9cnicas\u201d<\/h2>\n<p>La programaci\u00f3n tuvo lugar en la Ciudad Aut\u00f3noma de Buenos Aires. Durante el Seminario se presentaron resultados del Proyecto DESAFIO relevantes para la situaci\u00f3n que confrontan los servicios de agua y saneamiento esenciales en Argentina, Brasil y Colombia<\/p>\n<h3>S\u00edntesis del Programa<\/h3>\n<p><strong>21 de octubre de 2016, 9:00-18:00, <a href=\"http:\/\/www.ccborges.org.ar\/\">Centro Cultural Jorge Luis Borges<\/a>, Ciudad Aut\u00f3noma de Buenos Aires, Argentina<\/strong><\/p>\n<p>&nbsp;<\/p>\n<p>9:30 &#8211; 9:45<br \/>\n<strong>Apertura<\/strong> \u201cIntroducci\u00f3n y Presentaci\u00f3n del Proyecto DESAFIO\u201d<\/p>\n<p><strong>Jos\u00e9 Esteban Castro<\/strong>, Consejo Nacional de Investigaciones Cient\u00edficas y T\u00e9cnicas (CONICET), Argentina, Coordinador del Proyecto DESAFIO y de la Red WATERLAT-GOBACIT.<br \/>\n<a title=\"DESAFIO Project Seminars, October 2016, Argentina\" href=\"https:\/\/www.flickr.com\/photos\/125391306@N03\/31132408286\/in\/dateposted-public\/\" data-flickr-embed=\"true\"><img decoding=\"async\" loading=\"lazy\" src=\"https:\/\/c7.staticflickr.com\/6\/5675\/31132408286_9e13f65fb8_z.jpg\" alt=\"DESAFIO Project Seminars, October 2016, Argentina\" width=\"640\" height=\"427\"><\/a><script src=\"\/\/embedr.flickr.com\/assets\/client-code.js\" async=\"\" charset=\"utf-8\"><\/script><br \/>\n&nbsp;<br \/>\n<a href=\"https:\/\/youtu.be\/F7RyY4Mxj3Q\">Asista aqu\u00ed al video<\/a><br \/>\n<a href=\"http:\/\/desafioglobal.org\/General PDFs \/Castro211016.pdf\">Baje aqu\u00ed la presentaci\u00f3n en Powerpoint<\/a><br \/>\n&nbsp;&nbsp;<\/p>\n<p>10:00 \u2013 12:30 <strong>Mesa 1<\/strong><\/p>\n<p><strong>Emilio Lentini<\/strong>, Subsecretar\u00eda de Recursos H\u00eddricos de la Naci\u00f3n, Buenos Aires, Argentina<br \/>\n<a title=\"DESAFIO Project Seminars, October 2016, Argentina\" href=\"https:\/\/www.flickr.com\/photos\/125391306@N03\/30801018220\/in\/dateposted-public\/\" data-flickr-embed=\"true\"><img decoding=\"async\" loading=\"lazy\" src=\"https:\/\/c5.staticflickr.com\/6\/5456\/30801018220_154ddf1cbf_z.jpg\" alt=\"DESAFIO Project Seminars, October 2016, Argentina\" width=\"640\" height=\"427\"><\/a><script src=\"\/\/embedr.flickr.com\/assets\/client-code.js\" async=\"\" charset=\"utf-8\"><\/script><br \/>\n&nbsp;<br \/>\n<a href=\"https:\/\/youtu.be\/MkBZnUw03B4\">Asista aqu\u00ed al video<\/a><br \/>\n<a href=\"http:\/\/desafioglobal.org\/General PDFs \/Lentini211016.pdf\">Baje aqu\u00ed la presentaci\u00f3n en Powerpoint<\/a><br \/>\n&nbsp;&nbsp;<\/p>\n<p><strong>Helder Cortez<\/strong>, Sistema Integrado de Saneamiento Rural (SISAR), Compa\u00f1\u00eda de Agua y Cloacas de Cear\u00e1 (CAGECE), Fortaleza, Cear\u00e1, Brasil<br \/>\n<a title=\"DESAFIO Project Seminars, October 2016, Argentina\" href=\"https:\/\/www.flickr.com\/photos\/125391306@N03\/31168249025\/in\/dateposted-public\/\" data-flickr-embed=\"true\"><img decoding=\"async\" loading=\"lazy\" src=\"https:\/\/c2.staticflickr.com\/6\/5829\/31168249025_e4f3c74833_z.jpg\" alt=\"DESAFIO Project Seminars, October 2016, Argentina\" width=\"581\" height=\"640\"><\/a><script src=\"\/\/embedr.flickr.com\/assets\/client-code.js\" async=\"\" charset=\"utf-8\"><\/script><br \/>\n&nbsp;<br \/>\n<a href=\"https:\/\/youtu.be\/wJvUWDARD5Q\">Asista aqu\u00ed al video<\/a><br \/>\n<a href=\"http:\/\/desafioglobal.org\/General PDFs \/Cortez211016.pdf\">Baje aqu\u00ed la presentaci\u00f3n en Powerpoint<\/a><br \/>\n&nbsp;&nbsp;<\/p>\n<p><strong>Rodolfo J. Rojas<\/strong>, Agua y Saneamientos Argentinos S.A. (AySA), Buenos Aires, Argentina<br \/>\n<a title=\"DESAFIO Project Seminars, October 2016, Argentina\" href=\"https:\/\/www.flickr.com\/photos\/125391306@N03\/30361059333\/in\/dateposted-public\/\" data-flickr-embed=\"true\"><img decoding=\"async\" loading=\"lazy\" src=\"https:\/\/c6.staticflickr.com\/6\/5576\/30361059333_7824384331_z.jpg\" alt=\"DESAFIO Project Seminars, October 2016, Argentina\" width=\"640\" height=\"427\"><\/a><script src=\"\/\/embedr.flickr.com\/assets\/client-code.js\" async=\"\" charset=\"utf-8\"><\/script><br \/>\n&nbsp;<br \/>\n<a href=\"https:\/\/youtu.be\/pPFqQRKGexM\">Asista aqu\u00ed al video<\/a><br \/>\n<a href=\"http:\/\/desafioglobal.org\/Presentations\/Rojas.pdf\">Baje aqu\u00ed la presentaci\u00f3n en Powerpoint<\/a><br \/>\n&nbsp;&nbsp;<\/p>\n<p><strong>Miguel Pe\u00f1a Var\u00f3n<\/strong>, Instituto de Investigaci\u00f3n y Desarrollo en Abastecimiento de Agua, Saneamiento Ambiental y Conservaci\u00f3n del Recurso H\u00eddrico (CINARA), Universidad del Valle (UNIVALLE), Cali, Colombia<br \/>\n<a title=\"DESAFIO Project Seminars, October 2016, Argentina\" href=\"https:\/\/www.flickr.com\/photos\/125391306@N03\/31168267515\/in\/dateposted-public\/\" data-flickr-embed=\"true\"><img decoding=\"async\" loading=\"lazy\" src=\"https:\/\/c4.staticflickr.com\/6\/5807\/31168267515_045b1049b3_z.jpg\" alt=\"DESAFIO Project Seminars, October 2016, Argentina\" width=\"640\" height=\"529\"><\/a><script src=\"\/\/embedr.flickr.com\/assets\/client-code.js\" async=\"\" charset=\"utf-8\"><\/script><br \/>\n&nbsp;<br \/>\n<a href=\"https:\/\/youtu.be\/GTjLr4YtIK0\">Asista aqu\u00ed al video<\/a><br \/>\n<a href=\"http:\/\/desafioglobal.org\/General PDFs \/Pena211016.pdf\">Baje aqu\u00ed la presentaci\u00f3n en Powerpoint<\/a><br \/>\n&nbsp;&nbsp;<\/p>\n<p><strong>Gabriela Sacco<\/strong>, Fundaci\u00f3n de los Trabajadores Sanitaristas para la Formaci\u00f3n y el Desarrollo (FUTRASAFODE), Buenos Aires, Argentina<br \/>\n<a title=\"DESAFIO Project Seminars, October 2016, Argentina\" href=\"https:\/\/www.flickr.com\/photos\/125391306@N03\/31054237131\/in\/dateposted-public\/\" data-flickr-embed=\"true\"><img decoding=\"async\" loading=\"lazy\" src=\"https:\/\/c4.staticflickr.com\/6\/5331\/31054237131_b47db6941d_z.jpg\" alt=\"DESAFIO Project Seminars, October 2016, Argentina\" width=\"640\" height=\"563\"><\/a><script src=\"\/\/embedr.flickr.com\/assets\/client-code.js\" async=\"\" charset=\"utf-8\"><\/script><br \/>\n&nbsp;<br \/>\n<a href=\"https:\/\/youtu.be\/FfyaH3QYNjM\">Asista aqu\u00ed al video<\/a><br \/>\n<a href=\"http:\/\/desafioglobal.org\/Presentations\/Sacco.pdf\">Baje aqu\u00ed la presentaci\u00f3n en Powerpoint<\/a><br \/>\n&nbsp;&nbsp;<\/p>\n<p><strong>Intervalo<\/strong><\/p>\n<p>14:00 \u2013 16:30<\/p>\n<p><strong>Mesa 2<\/strong><\/p>\n<p><strong>Margarita Portapila<\/strong>, Consejo Nacional de Investigaciones Cient\u00edficas y T\u00e9cnicas (CONICET) y Centro Internacional Franco Argentino de Ciencias de la Informaci\u00f3n y de Sistemas (CIFASIS), Universidad Nacional de Rosario (UNR), Argentina, Coordinadora local del estudio de caso de Santa Fe del Proyecto DESAFIO.<br \/>\n<a title=\"DESAFIO Project Seminars, October 2016, Argentina\" href=\"https:\/\/www.flickr.com\/photos\/125391306@N03\/31054230911\/in\/dateposted-public\/\" data-flickr-embed=\"true\"><img decoding=\"async\" loading=\"lazy\" src=\"https:\/\/c8.staticflickr.com\/6\/5807\/31054230911_ecd3fc1265_z.jpg\" alt=\"DESAFIO Project Seminars, October 2016, Argentina\" width=\"640\" height=\"601\"><\/a><script src=\"\/\/embedr.flickr.com\/assets\/client-code.js\" async=\"\" charset=\"utf-8\"><\/script><br \/>\n&nbsp;<br \/>\n<a href=\"https:\/\/youtu.be\/YwlAG3v7Uuk\">Asista aqu\u00ed al video<\/a><br \/>\n<a href=\"http:\/\/desafioglobal.org\/General PDFs \/Portapila211016.pdf\">Baje aqu\u00ed la presentaci\u00f3n en Powerpoint<\/a><br \/>\n&nbsp;&nbsp;<\/p>\n<p><strong>Hermelinda Maria Rocha Ferreira<\/strong>, Gerente de Apoyo a los Organismos de Cuencas Hidrogr\u00e1ficas, Ag\u00eancia Pernambucana de \u00c1guas e Clima (APAC), Recife, Brasil<br \/>\n<a title=\"DESAFIO Project Seminars, October 2016, Argentina\" href=\"https:\/\/www.flickr.com\/photos\/125391306@N03\/30346974184\/in\/dateposted-public\/\" data-flickr-embed=\"true\"><img decoding=\"async\" loading=\"lazy\" src=\"https:\/\/c1.staticflickr.com\/6\/5819\/30346974184_e0fe8944e0_z.jpg\" alt=\"DESAFIO Project Seminars, October 2016, Argentina\" width=\"640\" height=\"424\"><\/a><script src=\"\/\/embedr.flickr.com\/assets\/client-code.js\" async=\"\" charset=\"utf-8\"><\/script><br \/>\n&nbsp;<br \/>\n<a href=\"https:\/\/youtu.be\/8PxgOW-IfY8\">Asista aqu\u00ed al video<\/a><br \/>\n<a href=\"http:\/\/desafioglobal.org\/General PDFs \/Ferreira211016.pdf\">Baje aqu\u00ed la presentaci\u00f3n en Powerpoint<\/a><br \/>\n&nbsp;&nbsp;<\/p>\n<p><strong>Roberto Nowicki<\/strong>, Fundaci\u00f3n de los Trabajadores Sanitaristas para la Formaci\u00f3n y el Desarrollo (FUTRASAFODE), Buenos Aires, Argentina<br \/>\n<a title=\"DESAFIO Project Seminars, October 2016, Argentina\" href=\"https:\/\/www.flickr.com\/photos\/125391306@N03\/31132288436\/in\/dateposted-public\/\" data-flickr-embed=\"true\"><img decoding=\"async\" loading=\"lazy\" src=\"https:\/\/c5.staticflickr.com\/6\/5599\/31132288436_bacd515a3f_z.jpg\" alt=\"DESAFIO Project Seminars, October 2016, Argentina\" width=\"640\" height=\"456\"><\/a><script src=\"\/\/embedr.flickr.com\/assets\/client-code.js\" async=\"\" charset=\"utf-8\"><\/script><br \/>\n&nbsp;<br \/>\n<a href=\"https:\/\/youtu.be\/XHOxgULAwqs\">Asista aqu\u00ed al video<\/a><br \/>\n<a href=\"http:\/\/desafioglobal.org\/Presentations\/Nowicki.pdf\">Baje aqu\u00ed la presentaci\u00f3n en Powerpoint<\/a><br \/>\n&nbsp;&nbsp;<\/p>\n<p><strong>Mar\u00eda Eva Koutsovitis<\/strong>, C\u00e1tedra Libre de Ingenier\u00eda Comunitaria (CLIC), Universidad de Buenos Aires (UBA), y Foro H\u00eddrico de Lomas de Zamora, Buenos Aires.<br \/>\n<a title=\"DESAFIO Project Seminars, October 2016, Argentina\" href=\"https:\/\/www.flickr.com\/photos\/125391306@N03\/30800914150\/in\/dateposted-public\/\" data-flickr-embed=\"true\"><img decoding=\"async\" loading=\"lazy\" src=\"https:\/\/c7.staticflickr.com\/6\/5770\/30800914150_23cdc81a41_z.jpg\" alt=\"DESAFIO Project Seminars, October 2016, Argentina\" width=\"640\" height=\"423\"><\/a><script src=\"\/\/embedr.flickr.com\/assets\/client-code.js\" async=\"\" charset=\"utf-8\"><\/script><br \/>\n&nbsp;<br \/>\n<a href=\"https:\/\/youtu.be\/DW2Ycn0TlI4\">Asista aqu\u00ed al video<\/a><br \/>\n<a href=\"http:\/\/desafioglobal.org\/Presentations\/Koutsovitisetal.pdf\">Baje aqu\u00ed la presentaci\u00f3n en Powerpoint<\/a><br \/>\n&nbsp;&nbsp;<\/p>\n<p><strong>Jos\u00e9 Esteban Castro<\/strong>, Consejo Nacional de Investigaciones Cient\u00edficas y T\u00e9cnicas (CONICET), Argentina, Coordinador del Proyecto DESAFIO y de la Red WATERLAT-GOBACIT.<br \/>\n&nbsp;<br \/>\n<a href=\"https:\/\/youtu.be\/0I4OskgM8zQ\">Asista aqu\u00ed al video<\/a><br \/>\n<a href=\"http:\/\/desafioglobal.org\/General PDFs \/Castrob211016.pdf\">Baje aqu\u00ed la presentaci\u00f3n en Powerpoint<\/a><br \/>\n&nbsp;&nbsp;<\/p>\n<p><strong>Foto grupal<\/strong><\/p>\n<p><a title=\"DESAFIO Project Seminars, October 2016, Argentina\" href=\"https:\/\/www.flickr.com\/photos\/125391306@N03\/31132245386\/in\/dateposted-public\/\" data-flickr-embed=\"true\"><img decoding=\"async\" loading=\"lazy\" src=\"https:\/\/c3.staticflickr.com\/6\/5801\/31132245386_5f536fcba6_z.jpg\" alt=\"DESAFIO Project Seminars, October 2016, Argentina\" width=\"640\" height=\"432\"><\/a><script src=\"\/\/embedr.flickr.com\/assets\/client-code.js\" async=\"\" charset=\"utf-8\"><\/script><\/p>\n<p>&nbsp;<\/p>\n<hr>\n<p>&nbsp;<\/p>\n<p>Organizada conjuntamente por la <a href=\"http:\/\/www.waterlat.org\/\">Red WATERLAT-GOBACIT<\/a>, con el <a href=\"http:\/\/www.unr.edu.ar\/cei\">Centro de Estudios Interdisciplinarios (CEI)<\/a> y el <a href=\"http:\/\/www.cifasis-conicet.gov.ar\/index.html\">Centro Internacional Franco Argentino de Ciencias de la Informaci\u00f3n y de Sistemas (CIFASIS)<\/a> de la Universidad Nacional de Rosario (UNR).<\/p>\n<p style=\"text-align: justify;\"><a href=\"http:\/\/desafioglobal.org\/es\/wp-content\/uploads\/sites\/2\/2015\/03\/WATERLAT-DOS-LINEAS.jpg\"><img decoding=\"async\" loading=\"lazy\" class=\" wp-image-766\" src=\"http:\/\/desafioglobal.org\/es\/wp-content\/uploads\/sites\/2\/2015\/03\/WATERLAT-DOS-LINEAS-300x105.jpg\" alt=\"WATERLAT DOS LINEAS\" width=\"189\" height=\"66\" srcset=\"http:\/\/desafioglobal.org\/es\/wp-content\/uploads\/sites\/2\/2015\/03\/WATERLAT-DOS-LINEAS-300x105.jpg 300w, http:\/\/desafioglobal.org\/es\/wp-content\/uploads\/sites\/2\/2015\/03\/WATERLAT-DOS-LINEAS-1024x359.jpg 1024w, http:\/\/desafioglobal.org\/es\/wp-content\/uploads\/sites\/2\/2015\/03\/WATERLAT-DOS-LINEAS-624x219.jpg 624w, http:\/\/desafioglobal.org\/es\/wp-content\/uploads\/sites\/2\/2015\/03\/WATERLAT-DOS-LINEAS.jpg 1419w\" sizes=\"(max-width: 189px) 100vw, 189px\" \/><\/a>&nbsp;<a href=\"http:\/\/desafioglobal.org\/es\/wp-content\/uploads\/sites\/2\/2016\/10\/cei-logo-png.png\"><img decoding=\"async\" loading=\"lazy\" class=\"wp-image-976\" src=\"http:\/\/desafioglobal.org\/es\/wp-content\/uploads\/sites\/2\/2016\/10\/cei-logo-png-300x212.png\" alt=\"cei-logo-png\" width=\"125\" height=\"88\" srcset=\"http:\/\/desafioglobal.org\/es\/wp-content\/uploads\/sites\/2\/2016\/10\/cei-logo-png-300x212.png 300w, http:\/\/desafioglobal.org\/es\/wp-content\/uploads\/sites\/2\/2016\/10\/cei-logo-png-624x441.png 624w, http:\/\/desafioglobal.org\/es\/wp-content\/uploads\/sites\/2\/2016\/10\/cei-logo-png.png 842w\" sizes=\"(max-width: 125px) 100vw, 125px\" \/><\/a>&nbsp;<a href=\"http:\/\/desafioglobal.org\/es\/wp-content\/uploads\/sites\/2\/2013\/07\/unr.jpg\"><img decoding=\"async\" loading=\"lazy\" class=\" wp-image-134\" src=\"http:\/\/desafioglobal.org\/es\/wp-content\/uploads\/sites\/2\/2013\/07\/unr.jpg\" alt=\"unr\" width=\"82\" height=\"82\"><\/a><\/p>\n<p>&nbsp;<\/p>\n<p>Con apoyo de:<\/p>\n<p><a href=\"http:\/\/www.ungs.edu.ar\/ms_ungs\/\">Universidad Nacional de General Sarmiento (UNGS)<\/a>, Buenos Aires<br \/>\n<a href=\"http:\/\/futrasafode.org\/\">Fundaci\u00f3n de los Trabajadores Sanitaristas para la Formaci\u00f3n y el Desarrollo (FUTRASAFODE)<\/a>, Buenos Aires<br \/>\n<a href=\"http:\/\/www.encuentromundi.org\/\">C\u00e1tedra del Di\u00e1logo y la Cultura del Encuentro, Fundaci\u00f3n Panamericana para el Desarrollo Integral de los Altos Estudios<\/a><br \/>\nUniversidad Nacional de Tres de Febrero (UNTREF)<br \/>\n<a href=\"http:\/\/www.ina.gov.ar\/\">Instituto Nacional del Agua (INA), Argentina<\/a>,<br \/>\n<a href=\"http:\/\/www.world-psi.org\/es\/home\">Internacional de Servicios P\u00fablicos (ISP)<\/a><\/p>\n<p style=\"text-align: justify;\"><a href=\"http:\/\/desafioglobal.org\/es\/wp-content\/uploads\/sites\/2\/2016\/10\/UNGS.jpg\"><img decoding=\"async\" loading=\"lazy\" class=\" wp-image-991\" src=\"http:\/\/desafioglobal.org\/es\/wp-content\/uploads\/sites\/2\/2016\/10\/UNGS-300x113.jpg\" alt=\"ungs\" width=\"162\" height=\"61\" srcset=\"http:\/\/desafioglobal.org\/es\/wp-content\/uploads\/sites\/2\/2016\/10\/UNGS-300x113.jpg 300w, http:\/\/desafioglobal.org\/es\/wp-content\/uploads\/sites\/2\/2016\/10\/UNGS-624x234.jpg 624w, http:\/\/desafioglobal.org\/es\/wp-content\/uploads\/sites\/2\/2016\/10\/UNGS.jpg 828w\" sizes=\"(max-width: 162px) 100vw, 162px\" \/><\/a>&nbsp;<a href=\"http:\/\/desafioglobal.org\/es\/wp-content\/uploads\/sites\/2\/2016\/10\/futrasafode_logo_ok-color-1.jpg\"><img decoding=\"async\" loading=\"lazy\" class=\" wp-image-988\" src=\"http:\/\/desafioglobal.org\/es\/wp-content\/uploads\/sites\/2\/2016\/10\/futrasafode_logo_ok-color-1-286x300.jpg\" alt=\"futrasafode_logo_ok-color-1\" width=\"91\" height=\"96\" srcset=\"http:\/\/desafioglobal.org\/es\/wp-content\/uploads\/sites\/2\/2016\/10\/futrasafode_logo_ok-color-1-286x300.jpg 286w, http:\/\/desafioglobal.org\/es\/wp-content\/uploads\/sites\/2\/2016\/10\/futrasafode_logo_ok-color-1.jpg 341w\" sizes=\"(max-width: 91px) 100vw, 91px\" \/><\/a>&nbsp;<a href=\"http:\/\/desafioglobal.org\/es\/wp-content\/uploads\/sites\/2\/2016\/10\/LogoEncuentro.jpg\"><img decoding=\"async\" loading=\"lazy\" class=\" wp-image-989\" src=\"http:\/\/desafioglobal.org\/es\/wp-content\/uploads\/sites\/2\/2016\/10\/LogoEncuentro-300x96.jpg\" alt=\"logoencuentro\" width=\"184\" height=\"59\" srcset=\"http:\/\/desafioglobal.org\/es\/wp-content\/uploads\/sites\/2\/2016\/10\/LogoEncuentro-300x96.jpg 300w, http:\/\/desafioglobal.org\/es\/wp-content\/uploads\/sites\/2\/2016\/10\/LogoEncuentro.jpg 494w\" sizes=\"(max-width: 184px) 100vw, 184px\" \/><\/a>&nbsp;<a href=\"http:\/\/desafioglobal.org\/es\/wp-content\/uploads\/sites\/2\/2016\/10\/ISP-Logo.gif\"><img decoding=\"async\" loading=\"lazy\" class=\"wp-image-977\" src=\"http:\/\/desafioglobal.org\/es\/wp-content\/uploads\/sites\/2\/2016\/10\/ISP-Logo.gif\" alt=\"isp-logo\" width=\"117\" height=\"63\"><\/a>&nbsp;<a href=\"http:\/\/desafioglobal.org\/es\/wp-content\/uploads\/sites\/2\/2016\/10\/Logo_CLiC.png\"><img decoding=\"async\" loading=\"lazy\" class=\"  wp-image-1001 aligncenter\" src=\"http:\/\/desafioglobal.org\/es\/wp-content\/uploads\/sites\/2\/2016\/10\/Logo_CLiC-300x186.png\" alt=\"logo_clic\" width=\"90\" height=\"56\" srcset=\"http:\/\/desafioglobal.org\/es\/wp-content\/uploads\/sites\/2\/2016\/10\/Logo_CLiC-300x186.png 300w, http:\/\/desafioglobal.org\/es\/wp-content\/uploads\/sites\/2\/2016\/10\/Logo_CLiC-624x388.png 624w, http:\/\/desafioglobal.org\/es\/wp-content\/uploads\/sites\/2\/2016\/10\/Logo_CLiC.png 837w\" sizes=\"(max-width: 90px) 100vw, 90px\" \/><\/a><\/p>\n","protected":false},"excerpt":{"rendered":"<p>Seminario Internacional de Investigaci\u00f3n y Debate \u2013 \u201cDemocratizaci\u00f3n de la Gobernabilidad de los Servicios de Agua y Saneamiento Mediante Innovaciones Socio-t\u00e9cnicas\u201d La programaci\u00f3n tuvo lugar en la Ciudad Aut\u00f3noma de Buenos Aires. Durante el Seminario se presentaron resultados del Proyecto DESAFIO relevantes para la situaci\u00f3n que confrontan los servicios de agua y saneamiento esenciales en [&hellip;]<\/p>\n","protected":false},"author":3,"featured_media":0,"parent":836,"menu_order":0,"comment_status":"closed","ping_status":"closed","template":"page-templates\/full-width.php","meta":[],"_links":{"self":[{"href":"http:\/\/desafioglobal.org\/es\/wp-json\/wp\/v2\/pages\/987"}],"collection":[{"href":"http:\/\/desafioglobal.org\/es\/wp-json\/wp\/v2\/pages"}],"about":[{"href":"http:\/\/desafioglobal.org\/es\/wp-json\/wp\/v2\/types\/page"}],"author":[{"embeddable":true,"href":"http:\/\/desafioglobal.org\/es\/wp-json\/wp\/v2\/users\/3"}],"replies":[{"embeddable":true,"href":"http:\/\/desafioglobal.org\/es\/wp-json\/wp\/v2\/comments?post=987"}],"version-history":[{"count":20,"href":"http:\/\/desafioglobal.org\/es\/wp-json\/wp\/v2\/pages\/987\/revisions"}],"predecessor-version":[{"id":1057,"href":"http:\/\/desafioglobal.org\/es\/wp-json\/wp\/v2\/pages\/987\/revisions\/1057"}],"up":[{"embeddable":true,"href":"http:\/\/desafioglobal.org\/es\/wp-json\/wp\/v2\/pages\/836"}],"wp:attachment":[{"href":"http:\/\/desafioglobal.org\/es\/wp-json\/wp\/v2\/media?parent=987"}],"curies":[{"name":"wp","href":"https:\/\/api.w.org\/{rel}","templated":true}]}}