{"id":867,"date":"2015-09-16T16:58:30","date_gmt":"2015-09-16T16:58:30","guid":{"rendered":"http:\/\/desafioglobal.org\/es\/?page_id=867"},"modified":"2015-11-27T10:37:50","modified_gmt":"2015-11-27T10:37:50","slug":"materializando-el-derecho-a-los-servicios-de-agua-y-saneamiento-basico-dia-2","status":"publish","type":"page","link":"http:\/\/desafioglobal.org\/es\/reuniones\/reuniones-abiertas\/reuniones-pos-proyecto\/seminario-en-brasilia-9-10-de-septiembre-de-2015\/materializando-el-derecho-a-los-servicios-de-agua-y-saneamiento-basico-dia-2\/","title":{"rendered":"Materializando el Derecho a los Servicios de Agua y Saneamiento B\u00e1sico &#8211; D\u00eda 2"},"content":{"rendered":"<h2>Presentaci\u00f3n del Libro <span style=\"text-decoration: underline;\">O Direito a \u00c1gua<\/span>, Brasilia, 10 de septiembre de 2015<\/h2>\n<p><a title=\"The Right to Water as Public Policy\/O Direito a \u00c1gua como Pol\u00edtica P\u00fablica\" href=\"https:\/\/www.flickr.com\/photos\/125391306@N03\/21278501499\/\" data-flickr-embed=\"true\"><img decoding=\"async\" loading=\"lazy\" class=\"aligncenter\" src=\"https:\/\/farm1.staticflickr.com\/654\/21278501499_28e8e68269_z.jpg\" alt=\"The Right to Water as Public Policy\/O Direito a \u00c1gua como Pol\u00edtica P\u00fablica\" width=\"452\" height=\"640\" \/><\/a><script src=\"\/\/embedr.flickr.com\/assets\/client-code.js\" async=\"\" charset=\"utf-8\"><\/script><\/p>\n<h3>Programa<\/h3>\n<p><strong>Panelistas<\/strong>:<\/p>\n<p><strong>Jos\u00e9 Esteban Castro<\/strong>, Universidad de Newcastle, Reino Unido, Coordinador de la Red WATERLAT-GOBACIT<\/p>\n<p><strong>L\u00e9o Heller<\/strong>, Centro de Investigaciones Ren\u00e9 Rachou\/CPqRR, Fundaci\u00f3n Oswaldo Cruz y Relator Especial de la ONU para el Derecho Humano al Agua y al Saneamiento<\/p>\n<p><strong>Maria da Piedade Morais<\/strong>, Instituto de Investigaci\u00f3n Econ\u00f3mica Aplicada (IPEA)<\/p>\n<p><strong>Hermelinda Rocha<\/strong>, Universidad Federal de Pernambuco (UFPE) \/ Agencia Pernambucana de Aguas y Clima (APAC) <a title=\"The Right to Water as Public Policy\/O Direito a \u00c1gua como Pol\u00edtica P\u00fablica\" href=\"https:\/\/www.flickr.com\/photos\/125391306@N03\/21439731776\/\" data-flickr-embed=\"true\"><img decoding=\"async\" loading=\"lazy\" class=\"aligncenter\" src=\"https:\/\/farm6.staticflickr.com\/5809\/21439731776_e783a33254_z.jpg\" alt=\"The Right to Water as Public Policy\/O Direito a \u00c1gua como Pol\u00edtica P\u00fablica\" width=\"640\" height=\"458\" \/><\/a><script src=\"\/\/embedr.flickr.com\/assets\/client-code.js\" async=\"\" charset=\"utf-8\"><\/script><\/p>\n<p>&nbsp;<\/p>\n<p><strong>Moderador<\/strong>:<\/p>\n<p><strong>Marco Aur\u00e9lio Costa<\/strong>, Diretor de Estudios y Pol\u00edticas Regionales, Urbanas y Ambientales, Instituto de Investigaci\u00f3n Econ\u00f3mica Aplicada (IPEA)<br \/>\n<a title=\"The Right to Water as Public Policy\/O Direito a \u00c1gua como Pol\u00edtica P\u00fablica\" href=\"https:\/\/www.flickr.com\/photos\/125391306@N03\/21278677178\/\" data-flickr-embed=\"true\"><img decoding=\"async\" loading=\"lazy\" class=\"aligncenter\" src=\"https:\/\/farm6.staticflickr.com\/5835\/21278677178_e910574673_z.jpg\" alt=\"The Right to Water as Public Policy\/O Direito a \u00c1gua como Pol\u00edtica P\u00fablica\" width=\"640\" height=\"424\" \/><\/a><script src=\"\/\/embedr.flickr.com\/assets\/client-code.js\" async=\"\" charset=\"utf-8\"><\/script>\u00a0 <\/p>\n<h3><a href=\"https:\/\/youtu.be\/53SG-q4M-gQ?list=PLx6qphzdSP6tRENnfg6Df0smjG7MFCM9s\">Video completo de las presentaciones<\/a><\/h3>\n<p>&nbsp;<\/p>\n<p><strong>Comentarios<\/strong>:<\/p>\n<p><strong>Ernani Cir\u00edaco de Miranda<\/strong>, Director del Departamento de Articulaci\u00f3n Institucional, Secretar\u00eda Nacional de Saneamiento Ambiental, Ministerio de las Ciudades<\/p>\n<p><strong>Marcos Helano Montenegro<\/strong>, Presidente, Asociaci\u00f3n Brasilera de Ingenier\u00eda Sanitaria del Distrito Federal (ABES-DF), Brasilia <a title=\"The Right to Water as Public Policy\/O Direito a \u00c1gua como Pol\u00edtica P\u00fablica\" href=\"https:\/\/www.flickr.com\/photos\/125391306@N03\/21439915516\/\" data-flickr-embed=\"true\"><img decoding=\"async\" loading=\"lazy\" class=\"aligncenter\" src=\"https:\/\/farm1.staticflickr.com\/568\/21439915516_333f2918a7_z.jpg\" alt=\"The Right to Water as Public Policy\/O Direito a \u00c1gua como Pol\u00edtica P\u00fablica\" width=\"640\" height=\"424\" \/><\/a><script src=\"\/\/embedr.flickr.com\/assets\/client-code.js\" async=\"\" charset=\"utf-8\"><\/script><br \/>\n<strong>Moderador<\/strong>:<\/p>\n<p><strong>Marco Aur\u00e9lio Costa<\/strong>, Diretor de Estudios y Pol\u00edticas Regionales, Urbanas y Ambientales, Instituto de Investigaci\u00f3n Econ\u00f3mica Aplicada (IPEA)<\/p>\n<p>&nbsp;<\/p>\n<h3><a href=\"https:\/\/youtu.be\/Zz8hrkypsqg?list=PLx6qphzdSP6tRENnfg6Df0smjG7MFCM9s\">Video completo de los comentarios y de la discusi\u00f3n<\/a><\/h3>\n<p><strong>12:30 Cierre<\/strong><\/p>\n<p><a title=\"The Right to Water as Public Policy\/O Direito a \u00c1gua como Pol\u00edtica P\u00fablica\" href=\"https:\/\/www.flickr.com\/photos\/125391306@N03\/21277802638\/\" data-flickr-embed=\"true\"><img decoding=\"async\" loading=\"lazy\" class=\"aligncenter\" src=\"https:\/\/farm1.staticflickr.com\/722\/21277802638_8bcddb994f_z.jpg\" alt=\"The Right to Water as Public Policy\/O Direito a \u00c1gua como Pol\u00edtica P\u00fablica\" width=\"640\" height=\"473\" \/><\/a><script src=\"\/\/embedr.flickr.com\/assets\/client-code.js\" async=\"\" charset=\"utf-8\"><\/script><\/p>\n<hr \/>\n<p>&nbsp;<\/p>\n<p>Organizada conjuntamente por el Instituto de Investigaci\u00f3n Econ\u00f3mica Aplicada (IPEA), la Red WATERLAT-GOBACIT, la Secretar\u00eda Nacional de Saneamiento Ambiental, Ministerio de las Ciudades (MinCid), el Instituto de Relaciones Internacionales (IREL), Universidad de Brasilia, y la Asociaci\u00f3n Brasilera de Ingenier\u00eda Sanitaria del Distrito Federal (ABES-DF), Brasilia.<\/p>\n<p><a href=\"http:\/\/www.ipea.gov.br\/\">Auditorio del IPEA<\/a>, Brasilia, 10 de septiembre de 2015.<\/p>\n","protected":false},"excerpt":{"rendered":"<p>Presentaci\u00f3n del Libro O Direito a \u00c1gua, Brasilia, 10 de septiembre de 2015 Programa Panelistas: Jos\u00e9 Esteban Castro, Universidad de Newcastle, Reino Unido, Coordinador de la Red WATERLAT-GOBACIT L\u00e9o Heller, Centro de Investigaciones Ren\u00e9 Rachou\/CPqRR, Fundaci\u00f3n Oswaldo Cruz y Relator Especial de la ONU para el Derecho Humano al Agua y al Saneamiento Maria da [&hellip;]<\/p>\n","protected":false},"author":3,"featured_media":0,"parent":850,"menu_order":0,"comment_status":"closed","ping_status":"closed","template":"page-templates\/full-width.php","meta":[],"_links":{"self":[{"href":"http:\/\/desafioglobal.org\/es\/wp-json\/wp\/v2\/pages\/867"}],"collection":[{"href":"http:\/\/desafioglobal.org\/es\/wp-json\/wp\/v2\/pages"}],"about":[{"href":"http:\/\/desafioglobal.org\/es\/wp-json\/wp\/v2\/types\/page"}],"author":[{"embeddable":true,"href":"http:\/\/desafioglobal.org\/es\/wp-json\/wp\/v2\/users\/3"}],"replies":[{"embeddable":true,"href":"http:\/\/desafioglobal.org\/es\/wp-json\/wp\/v2\/comments?post=867"}],"version-history":[{"count":3,"href":"http:\/\/desafioglobal.org\/es\/wp-json\/wp\/v2\/pages\/867\/revisions"}],"predecessor-version":[{"id":909,"href":"http:\/\/desafioglobal.org\/es\/wp-json\/wp\/v2\/pages\/867\/revisions\/909"}],"up":[{"embeddable":true,"href":"http:\/\/desafioglobal.org\/es\/wp-json\/wp\/v2\/pages\/850"}],"wp:attachment":[{"href":"http:\/\/desafioglobal.org\/es\/wp-json\/wp\/v2\/media?parent=867"}],"curies":[{"name":"wp","href":"https:\/\/api.w.org\/{rel}","templated":true}]}}