{"id":861,"date":"2015-09-15T19:34:48","date_gmt":"2015-09-15T19:34:48","guid":{"rendered":"http:\/\/desafioglobal.org\/es\/?page_id=861"},"modified":"2015-09-25T09:01:57","modified_gmt":"2015-09-25T09:01:57","slug":"materializando-el-derecho-a-los-servicios-de-agua-y-saneamiento-basico-dia-1","status":"publish","type":"page","link":"http:\/\/desafioglobal.org\/es\/reuniones\/reuniones-abiertas\/reuniones-pos-proyecto\/seminario-en-brasilia-9-10-de-septiembre-de-2015\/materializando-el-derecho-a-los-servicios-de-agua-y-saneamiento-basico-dia-1\/","title":{"rendered":"Materializando el Derecho a los Servicios de Agua y Saneamiento B\u00e1sico &#8211; D\u00eda 1"},"content":{"rendered":"<h2>Seminario de Investigaci\u00f3n y Debate \u2013 Proyecto DESAFIO\u2013 9 de septiembre de 2015<\/h2>\n<p><a title=\"DESAFIO - Second Post-Project Meeting \/ Segunda Reuni\u00f3n Pos-Proyecto, Brasilia, 9-10 September 2015\" href=\"https:\/\/www.flickr.com\/photos\/125391306@N03\/21253801618\/\" data-flickr-embed=\"true\"><img decoding=\"async\" loading=\"lazy\" class=\" aligncenter\" src=\"https:\/\/farm6.staticflickr.com\/5698\/21253801618_f2d43d25a4_z.jpg\" alt=\"DESAFIO - Second Post-Project Meeting \/ Segunda Reuni\u00f3n Pos-Proyecto, Brasilia, 9-10 September 2015\" width=\"494\" height=\"640\" \/><\/a><script src=\"\/\/embedr.flickr.com\/assets\/client-code.js\" async=\"\" charset=\"utf-8\"><\/script><\/p>\n<h3>Programa<\/h3>\n<p><strong>09:00-10:00 Mesa de Apertura<\/strong><\/p>\n<p><strong>Eiiti Sato<\/strong>, Director de la Asesor\u00eda de Asuntos Internacionales, Universidad de Brasilia (INT\/UnB)<\/p>\n<p><strong>Ernani Cir\u00edaco de Miranda<\/strong>, Director del Departamento de Articulaci\u00f3n Institucional, Secretar\u00eda Nacional de Saneamiento Ambiental, Ministerio de las Ciudades, Brasilia<\/p>\n<p><strong>Marcos Helano Montenegro<\/strong>, Presidente, Asociaci\u00f3n Brasilera de Ingenier\u00eda Sanitaria, Distrito Federal (ABES-DF), Brasilia. Miembro del <a href=\" http:\/\/desafioglobal.org\/es\/coordinacion\/comite\/\">Comit\u00e9 Asesor Estrat\u00e9gico del Proyecto DESAFIO<\/a><\/p>\n<p><strong>Jos\u00e9 Esteban Castro<\/strong>, Coordinador del Proyecto y de la Red WATERLAT-GOBACIT, Universidad de Newcastle, Reino Unido <\/p>\n<h3><a href=\"https:\/\/youtu.be\/7FB2gR1zV_o\">Video completo de la Mesa de Apertura<\/a><\/h3>\n<p><a title=\"DESAFIO - Second Post-Project Meeting \/ Segunda Reuni\u00f3n Pos-Proyecto, Brasilia, 9-10 September 2015\" href=\"https:\/\/www.flickr.com\/photos\/125391306@N03\/21253196908\/\" data-flickr-embed=\"true\"><img decoding=\"async\" loading=\"lazy\" class=\" aligncenter\" src=\"https:\/\/farm1.staticflickr.com\/636\/21253196908_a596df9126_z.jpg\" alt=\"DESAFIO - Second Post-Project Meeting \/ Segunda Reuni\u00f3n Pos-Proyecto, Brasilia, 9-10 September 2015\" width=\"640\" height=\"327\" \/><\/a><script src=\"\/\/embedr.flickr.com\/assets\/client-code.js\" async=\"\" charset=\"utf-8\"><\/script><\/p>\n<p>&nbsp;<\/p>\n<p><strong>10:00-12:30 Mesa 1. Materializando el direcho humano al agua: el desaf\u00edo en perspectiva<\/strong><\/p>\n<p><strong>Ernani Cir\u00edaco de Miranda<\/strong>, Director del Departamento de Articulaci\u00f3n Institucional, Secretar\u00eda Nacional de Saneamiento Ambiental, Ministerio de las Ciudades, Brasilia<\/p>\n<p><strong>Marcos Helano Montenegro<\/strong>, Presidente, Asociaci\u00f3n Brasilera de Ingenier\u00eda Sanitaria, Distrito Federal (ABES-DF), Brasilia. Miembro del <a href=\" http:\/\/desafioglobal.org\/es\/coordinacion\/comite\/\">Comit\u00e9 Asesor Estrat\u00e9gico del Proyecto DESAFIO<\/a><\/p>\n<p><strong>Francisco dos Santos Lopes<\/strong>, Secretario Ejecutivo, Asociaci\u00f3n Nacional de los Servicios Municipales de Agua y Saneamiento (ASSEMAE), Brasilia<\/p>\n<p><strong>Juliana Zancul<\/strong>, Coordinadora, \u00c1rea de Saneamiento Rural, Departamento de Ingenier\u00eda y Salud P\u00fablica, Fundaci\u00f3n Nacional de Salud (FUNASA), Ministerio de Salud, Brasilia<\/p>\n<p><strong>Jos\u00e9 Esteban Castro<\/strong>, Coordinador del Proyecto y de la Red WATERLAT-GOBACIT, Universidad de Newcastle, Reino Unido<\/p>\n<h3><a href=\"https:\/\/youtu.be\/-IiNvfgsZEk?list=PLx6qphzdSP6sxHigH5SMJSfaa31tYyl8u\">Video completo de la Mesa 1<\/a><\/h3>\n<p>&nbsp;<\/p>\n<p><strong>Presentaciones Mesa 1 en pdf<\/strong><br \/>\n<a href=\"http:\/\/desafioglobal.org\/General PDFs \/Francisco Lopes.pdf\">Francisco Lopes, ASSEMAE<\/a><\/p>\n<p><a title=\"DESAFIO - Second Post-Project Meeting \/ Segunda Reuni\u00f3n Pos-Proyecto, Brasilia, 9-10 September 2015\" href=\"https:\/\/www.flickr.com\/photos\/125391306@N03\/21253814059\/\" data-flickr-embed=\"true\"><img decoding=\"async\" loading=\"lazy\" class=\" aligncenter\" src=\"https:\/\/farm1.staticflickr.com\/733\/21253814059_6ac79ec238_z.jpg\" alt=\"DESAFIO - Second Post-Project Meeting \/ Segunda Reuni\u00f3n Pos-Proyecto, Brasilia, 9-10 September 2015\" width=\"640\" height=\"338\" \/><\/a><script src=\"\/\/embedr.flickr.com\/assets\/client-code.js\" async=\"\" charset=\"utf-8\"><\/script><\/p>\n<p>&nbsp;<\/p>\n<p><strong>12:30-14:00 Almuerzo<\/strong><\/p>\n<p><strong>14:00-18:30 Mesa 2. Lecciones de las experiencias del estudio: los resultados en contexto<\/strong><\/p>\n<p><span style=\"text-decoration: underline;\">Primera parte \u2013 Lecciones del Proyecto: saneamiento rural<\/span><\/p>\n<p><strong>Marcondes Sobreira<\/strong>, Sistema Integrado de Saneamiento Rural (SISAR), Compa\u00f1\u00eda de Agua y Cloacas de Cear\u00e1 (CAGECE), Fortaleza, Cear\u00e1, Brasil<\/p>\n<p><strong>Miguel Pe\u00f1a Var\u00f3n<\/strong>, Director, Instituto de Investigaci\u00f3n y Desarrollo en Abastecimiento de Agua, Saneamiento Ambiental y Conservaci\u00f3n del Recurso H\u00eddrico (CINARA), Universidad del Valle (UNIVALLE), Cali, Colombia <a title=\"DESAFIO - Second Post-Project Meeting \/ Segunda Reuni\u00f3n Pos-Proyecto, Brasilia, 9-10 September 2015\" href=\"https:\/\/www.flickr.com\/photos\/125391306@N03\/21252708528\/\" data-flickr-embed=\"true\"><img decoding=\"async\" loading=\"lazy\" class=\" aligncenter\" src=\"https:\/\/farm6.staticflickr.com\/5780\/21252708528_9c7ca5f139_z.jpg\" alt=\"DESAFIO - Second Post-Project Meeting \/ Segunda Reuni\u00f3n Pos-Proyecto, Brasilia, 9-10 September 2015\" width=\"640\" height=\"321\" \/><\/a><script src=\"\/\/embedr.flickr.com\/assets\/client-code.js\" async=\"\" charset=\"utf-8\"><\/script><\/p>\n<p>&nbsp;<\/p>\n<p><span style=\"text-decoration: underline;\"> Segunda parte \u2013 Lecciones del Proyecto: \u00e1reas urbanas vulnerables<\/span><\/p>\n<p><strong>C\u00e9sar Rissoli<\/strong>, Gerente, Compan\u00eda de Saneamiento Ambiental del Distrito Federal (CAESB), Brasilia<\/p>\n<p><strong>Hermelinda Rocha<\/strong>, Investigadora, Universidad Federal de Pernambuco (UFPE), y Gerente, Departamento de Apoyo a los Organismos de Cuencas Hidrogr\u00e1ficas, Agencia Pernambucana de Aguas y Clima (APAC), Recife, Brasil<\/p>\n<h3><a href=\"https:\/\/youtu.be\/LhJ3Y0bt9Jw?list=PLx6qphzdSP6sxHigH5SMJSfaa31tYyl8u\">Video completo de la Mesa 2<\/a><\/h3>\n<p>&nbsp;<\/p>\n<p><strong>Presentaciones Mesa 2 em pdf<\/strong><br \/>\n<a href=\"http:\/\/desafioglobal.org\/General PDFs \/CAGECE.pdf\">Marcondes Sobreira, CAGECE<\/a><br \/>\n<a href=\"http:\/\/desafioglobal.org\/General PDFs \/Miguel Pena.pdf\">Miguel Pe\u00f1a, UNIVALLE<\/a><br \/>\n<a href=\"http:\/\/desafioglobal.org\/General PDFs \/Cesar Rissoli.pdf\">C\u00e9sar Rissoli, CAESB<\/a><br \/>\n<a href=\"http:\/\/desafioglobal.org\/General PDFs \/Hermelinda Rocha.pdf\">Hermelinda Rocha, UFPE-APAC<\/a><\/p>\n<p><a title=\"DESAFIO - Second Post-Project Meeting \/ Segunda Reuni\u00f3n Pos-Proyecto, Brasilia, 9-10 September 2015\" href=\"https:\/\/www.flickr.com\/photos\/125391306@N03\/21253240669\/\" data-flickr-embed=\"true\"><img decoding=\"async\" loading=\"lazy\" class=\" aligncenter\" src=\"https:\/\/farm6.staticflickr.com\/5755\/21253240669_21406d7d8d_z.jpg\" alt=\"DESAFIO - Second Post-Project Meeting \/ Segunda Reuni\u00f3n Pos-Proyecto, Brasilia, 9-10 September 2015\" width=\"640\" height=\"378\" \/><\/a><script src=\"\/\/embedr.flickr.com\/assets\/client-code.js\" async=\"\" charset=\"utf-8\"><\/script>\u00a0 <strong>18:30 Cierre<\/strong> <a title=\"DESAFIO - Second Post-Project Meeting \/ Segunda Reuni\u00f3n Pos-Proyecto, Brasilia, 9-10 September 2015\" href=\"https:\/\/www.flickr.com\/photos\/125391306@N03\/21448591531\/\" data-flickr-embed=\"true\"><img decoding=\"async\" loading=\"lazy\" class=\" aligncenter\" src=\"https:\/\/farm1.staticflickr.com\/704\/21448591531_27a6ff1642_z.jpg\" alt=\"DESAFIO - Second Post-Project Meeting \/ Segunda Reuni\u00f3n Pos-Proyecto, Brasilia, 9-10 September 2015\" width=\"640\" height=\"357\" \/><\/a><script src=\"\/\/embedr.flickr.com\/assets\/client-code.js\" async=\"\" charset=\"utf-8\"><\/script><\/p>\n<hr \/>\n<p>&nbsp;<\/p>\n<p>Organizada conjuntamente por la Red WATERLAT-GOBACIT, el Instituto de Investigaci\u00f3n Econ\u00f3mica Aplicada (IPEA), la Secretar\u00eda Nacional de Saneamiento Ambiental, Ministerio de las Ciudades (MinCid), el Instituto de Relaciones Internacionales (IREL), Universidad de Brasilia, y la Asociaci\u00f3n Brasilera de Ingenier\u00eda Sanitaria, Distrito Federal (ABES-DF), Brasilia.<\/p>\n<p><a href=\"http:\/\/irel.unb.br\/\">Auditorio del Instituto de Relaciones Internacionales (IREL), Universidad de Brasilia,<\/a>\u00a0Brasilia, Brasil 9 de septiembre de 2015.<\/p>\n","protected":false},"excerpt":{"rendered":"<p>Seminario de Investigaci\u00f3n y Debate \u2013 Proyecto DESAFIO\u2013 9 de septiembre de 2015 Programa 09:00-10:00 Mesa de Apertura Eiiti Sato, Director de la Asesor\u00eda de Asuntos Internacionales, Universidad de Brasilia (INT\/UnB) Ernani Cir\u00edaco de Miranda, Director del Departamento de Articulaci\u00f3n Institucional, Secretar\u00eda Nacional de Saneamiento Ambiental, Ministerio de las Ciudades, Brasilia Marcos Helano Montenegro, Presidente, [&hellip;]<\/p>\n","protected":false},"author":3,"featured_media":0,"parent":850,"menu_order":0,"comment_status":"closed","ping_status":"closed","template":"page-templates\/full-width.php","meta":[],"_links":{"self":[{"href":"http:\/\/desafioglobal.org\/es\/wp-json\/wp\/v2\/pages\/861"}],"collection":[{"href":"http:\/\/desafioglobal.org\/es\/wp-json\/wp\/v2\/pages"}],"about":[{"href":"http:\/\/desafioglobal.org\/es\/wp-json\/wp\/v2\/types\/page"}],"author":[{"embeddable":true,"href":"http:\/\/desafioglobal.org\/es\/wp-json\/wp\/v2\/users\/3"}],"replies":[{"embeddable":true,"href":"http:\/\/desafioglobal.org\/es\/wp-json\/wp\/v2\/comments?post=861"}],"version-history":[{"count":6,"href":"http:\/\/desafioglobal.org\/es\/wp-json\/wp\/v2\/pages\/861\/revisions"}],"predecessor-version":[{"id":884,"href":"http:\/\/desafioglobal.org\/es\/wp-json\/wp\/v2\/pages\/861\/revisions\/884"}],"up":[{"embeddable":true,"href":"http:\/\/desafioglobal.org\/es\/wp-json\/wp\/v2\/pages\/850"}],"wp:attachment":[{"href":"http:\/\/desafioglobal.org\/es\/wp-json\/wp\/v2\/media?parent=861"}],"curies":[{"name":"wp","href":"https:\/\/api.w.org\/{rel}","templated":true}]}}