{"id":850,"date":"2015-08-28T16:46:24","date_gmt":"2015-08-28T16:46:24","guid":{"rendered":"http:\/\/desafioglobal.org\/es\/?page_id=850"},"modified":"2015-09-16T17:00:53","modified_gmt":"2015-09-16T17:00:53","slug":"seminario-en-brasilia-9-10-de-septiembre-de-2015","status":"publish","type":"page","link":"http:\/\/desafioglobal.org\/es\/reuniones\/reuniones-abiertas\/reuniones-pos-proyecto\/seminario-en-brasilia-9-10-de-septiembre-de-2015\/","title":{"rendered":"Seminario en Brasilia, 9-10 de septiembre de 2015"},"content":{"rendered":"<h2>Materializando el Derecho a los Servicios de Agua y Saneamiento B\u00e1sico<\/h2>\n<p><strong>9-10 de septiembre de 2015, Brasilia, Brasil<\/strong><\/p>\n<p><a href=\"http:\/\/desafioglobal.org\/es\/reuniones\/reuniones-abiertas\/reuniones-pos-proyecto\/seminario-en-brasilia-9-10-de-septiembre-de-2015\/materializando-el-derecho-a-los-servicios-de-agua-y-saneamiento-basico-dia-1\/\">D\u00eda 1: Seminario de Investigaci\u00f3n y Debate \u2013 Proyecto DESAFIO<\/a>, Auditorio del Instituto de Relaciones Internacionales (IREL), Universidad de Brasilia, Brasilia, 9 de septiembre de 2015.<\/p>\n<p><a href=\"http:\/\/desafioglobal.org\/es\/reuniones\/reuniones-abiertas\/reuniones-pos-proyecto\/seminario-en-brasilia-9-10-de-septiembre-de-2015\/materializando-el-derecho-a-los-servicios-de-agua-y-saneamiento-basico-dia-2\/\">D\u00eda 2: Presentaci\u00f3n del Libro: O Direito \u00e0 \u00c1gua como Pol\u00edtica P\u00fablica na Am\u00e9rica Latina: uma Explora\u00e7\u00e3o Te\u00f3rica e Emp\u00edrica, Jos\u00e9 Esteban Castro, L\u00e9o Heller, y Maria da Piedade Morais (Eds.), Brasilia: Instituto de Pesquisa Econ\u00f4mica Aplicada (IPEA) \u2013 Red WATERLAT-GOBACIT, 2015.<\/a> Auditorio, Instituto de Pesquisa Econ\u00f4mica Aplicada (IPEA), 16\u00ba Piso, Quadra 1, Bloco J, Ed. BNDES, Brasilia, DF<\/p>\n<p>&nbsp;<\/p>\n<hr \/>\n<p>&nbsp;<\/p>\n<p>Organizadores<\/p>\n<p><strong>Jos\u00e9 Esteban Castro<\/strong>, Universidad de Newcastle, Reino Unido, Coordinador del Proyecto DESAFIO y de la Red WATERLAT-GOBACIT<\/p>\n<p><strong>Maria da Piedade Morais<\/strong>, Directorio de Estudios y Pol\u00edticas Regionales, Urbanas y Ambientales (DIRUR), Instituto de Pesquisa Econ\u00f4mica Aplicada (IPEA), Bras\u00edlia<\/p>\n<p><strong>Ernani Cir\u00edaco de Miranda<\/strong>, Director del Departamento de Articulaci\u00f3n Institucional, Secretar\u00eda Nacional de Saneamiento Ambiental, Ministerio de las Ciudades, Brasilia<\/p>\n<p><strong>Marcionila Fernandes<\/strong>, Universidad Estatal de Para\u00edba (UEPB) e Instituto de Relaciones Internacionales (IREL), Universidad de Brasilia<\/p>\n<p><strong>Marcos Helano Montenegro<\/strong>, Presidente, Asociaci\u00f3n Brasilera de Ingenier\u00eda Sanitaria, Distrito Federal (ABES-DF), Brasilia. Miembro del <a href=\" http:\/\/desafioglobal.org\/es\/coordinacion\/comite\/\">Comit\u00e9 Asesor Estrat\u00e9gico del Proyecto DESAFIO<\/a><\/p>\n","protected":false},"excerpt":{"rendered":"<p>Materializando el Derecho a los Servicios de Agua y Saneamiento B\u00e1sico 9-10 de septiembre de 2015, Brasilia, Brasil D\u00eda 1: Seminario de Investigaci\u00f3n y Debate \u2013 Proyecto DESAFIO, Auditorio del Instituto de Relaciones Internacionales (IREL), Universidad de Brasilia, Brasilia, 9 de septiembre de 2015. D\u00eda 2: Presentaci\u00f3n del Libro: O Direito \u00e0 \u00c1gua como Pol\u00edtica [&hellip;]<\/p>\n","protected":false},"author":3,"featured_media":0,"parent":836,"menu_order":0,"comment_status":"closed","ping_status":"closed","template":"page-templates\/full-width.php","meta":[],"_links":{"self":[{"href":"http:\/\/desafioglobal.org\/es\/wp-json\/wp\/v2\/pages\/850"}],"collection":[{"href":"http:\/\/desafioglobal.org\/es\/wp-json\/wp\/v2\/pages"}],"about":[{"href":"http:\/\/desafioglobal.org\/es\/wp-json\/wp\/v2\/types\/page"}],"author":[{"embeddable":true,"href":"http:\/\/desafioglobal.org\/es\/wp-json\/wp\/v2\/users\/3"}],"replies":[{"embeddable":true,"href":"http:\/\/desafioglobal.org\/es\/wp-json\/wp\/v2\/comments?post=850"}],"version-history":[{"count":3,"href":"http:\/\/desafioglobal.org\/es\/wp-json\/wp\/v2\/pages\/850\/revisions"}],"predecessor-version":[{"id":870,"href":"http:\/\/desafioglobal.org\/es\/wp-json\/wp\/v2\/pages\/850\/revisions\/870"}],"up":[{"embeddable":true,"href":"http:\/\/desafioglobal.org\/es\/wp-json\/wp\/v2\/pages\/836"}],"wp:attachment":[{"href":"http:\/\/desafioglobal.org\/es\/wp-json\/wp\/v2\/media?parent=850"}],"curies":[{"name":"wp","href":"https:\/\/api.w.org\/{rel}","templated":true}]}}