{"id":836,"date":"2015-08-26T17:45:21","date_gmt":"2015-08-26T17:45:21","guid":{"rendered":"http:\/\/desafioglobal.org\/es\/?page_id=836"},"modified":"2016-11-30T01:49:09","modified_gmt":"2016-11-30T01:49:09","slug":"reuniones-pos-proyecto","status":"publish","type":"page","link":"http:\/\/desafioglobal.org\/es\/reuniones\/reuniones-abiertas\/reuniones-pos-proyecto\/","title":{"rendered":"Reuniones Pos-Proyecto"},"content":{"rendered":"<p>Los socios decidieron organizar un n\u00famero de reuniones despu\u00e9s del fin del proyecto en julio de 2015 para ampliar el impacto del proyecto entre posibles beneficiarios de los resultados de investigaci\u00f3n, potencializando las actividades de diseminaci\u00f3n e interacci\u00f3n con los actores sociales relevantes. Estas reuniones son autofinanciadas por los socios, en colaboraci\u00f3n con instituciones p\u00fablicas y de la sociedad civil, y con el apoyo de la <a href=\"http:\/\/waterlat.org\/\">Red WATERLAT-GOBACIT<\/a>.<\/p>\n<p>&nbsp;<\/p>\n<h3>Primera Reuni\u00f3n Pos-Proyecto<\/h3>\n<p>La Primera Reuni\u00f3n Pos-Proyecto fue un Seminario organizado por la Universidad Federal de Pernambuco (UFPE), la Universidad de Newcastle, Reino Unido, la Red WATERLAT-GOBACIT, y la Federaci\u00f3n de \u00d3rganos para la Asistencia Social y Educativa (FASE), Pernambuco, Brasil. El Seminario tuvo lugar en la ciudad de Recife, Brasil, el 19 de agosto de 2015. <a href=\"http:\/\/desafioglobal.org\/es\/primera-reunion-pos-proyecto\/\">Visite aqu\u00ed la p\u00e1gina de la Primera Reuni\u00f3n Pos-Proyecto<\/a>.<\/p>\n<p>&nbsp;<\/p>\n<h3>Segunda Reuni\u00f3n Pos-Proyecto<\/h3>\n<p>La Segunda Reuni\u00f3n Pos-Proyecto fue un Seminario organizado por la Red WATERLAT-GOBACIT, el Instituto de Investigaci\u00f3n Econ\u00f3mica Aplicada (IPEA), la Secretar\u00eda Nacional de Saneamento Ambiental (SNSA) del Ministerio de las Ciudades (MinCid), y el Instituto de Relaciones Internacionales (IREL) de la Universidad de Brasilia. El Seminario tuvo lugar en Brasilia, el 9 y 10 de septiembre de 2015. a href=&#8221;http:\/\/desafioglobal.org\/es\/reuniones\/reuniones-abiertas\/reuniones-pos-proyecto\/seminario-en-brasilia-9-10-de-septiembre-de-2015\/&#8221;>Visite aqu\u00ed la p\u00e1gina de la Segunda Reuni\u00f3n Pos-Proyecto<\/a>.<\/p>\n<p>&nbsp;<\/p>\n<h3>Tercera Reuni\u00f3n Pos-Proyecto<\/h3>\n<p>La Tercera Reuni\u00f3n Pos-Proyecto fue un Seminario organizado por la Red WATERLAT-GOBACIT y la Universidad Nacional de Rosario (UNR &#8211; Argentina). Las actividades tuvieron lugar en Santa Fe, Argentina, del 17 al 19 de octubre, y en Buenos Aires, Argentina, el 21 de octubre de 2016. <a href=\"http:\/\/desafioglobal.org\/es\/reuniones\/reuniones-abiertas\/reuniones-pos-proyecto\/test\/\">Visite aqu\u00ed la p\u00e1gina del evento en Santa Fe, 17-19 de octubre de 2016<\/a>. <a href=\"http:\/\/desafioglobal.org\/es\/reuniones\/reuniones-abiertas\/reuniones-pos-proyecto\/seminario-en-buenos-aires-argentina-21-de-octubre-de-2016\/\">Visite aqu\u00ed la p\u00e1gina del evento en Buenos Aires, 21 de octubre de 2016<\/a>.<\/p>\n","protected":false},"excerpt":{"rendered":"<p>Los socios decidieron organizar un n\u00famero de reuniones despu\u00e9s del fin del proyecto en julio de 2015 para ampliar el impacto del proyecto entre posibles beneficiarios de los resultados de investigaci\u00f3n, potencializando las actividades de diseminaci\u00f3n e interacci\u00f3n con los actores sociales relevantes. Estas reuniones son autofinanciadas por los socios, en colaboraci\u00f3n con instituciones p\u00fablicas [&hellip;]<\/p>\n","protected":false},"author":3,"featured_media":0,"parent":441,"menu_order":0,"comment_status":"closed","ping_status":"closed","template":"page-templates\/full-width.php","meta":[],"_links":{"self":[{"href":"http:\/\/desafioglobal.org\/es\/wp-json\/wp\/v2\/pages\/836"}],"collection":[{"href":"http:\/\/desafioglobal.org\/es\/wp-json\/wp\/v2\/pages"}],"about":[{"href":"http:\/\/desafioglobal.org\/es\/wp-json\/wp\/v2\/types\/page"}],"author":[{"embeddable":true,"href":"http:\/\/desafioglobal.org\/es\/wp-json\/wp\/v2\/users\/3"}],"replies":[{"embeddable":true,"href":"http:\/\/desafioglobal.org\/es\/wp-json\/wp\/v2\/comments?post=836"}],"version-history":[{"count":8,"href":"http:\/\/desafioglobal.org\/es\/wp-json\/wp\/v2\/pages\/836\/revisions"}],"predecessor-version":[{"id":1039,"href":"http:\/\/desafioglobal.org\/es\/wp-json\/wp\/v2\/pages\/836\/revisions\/1039"}],"up":[{"embeddable":true,"href":"http:\/\/desafioglobal.org\/es\/wp-json\/wp\/v2\/pages\/441"}],"wp:attachment":[{"href":"http:\/\/desafioglobal.org\/es\/wp-json\/wp\/v2\/media?parent=836"}],"curies":[{"name":"wp","href":"https:\/\/api.w.org\/{rel}","templated":true}]}}