{"id":798,"date":"2015-08-05T20:46:28","date_gmt":"2015-08-05T20:46:28","guid":{"rendered":"http:\/\/desafioglobal.org\/es\/?page_id=798"},"modified":"2015-11-11T12:43:34","modified_gmt":"2015-11-11T12:43:34","slug":"programa-de-la-segunda-conferencia-internacional","status":"publish","type":"page","link":"http:\/\/desafioglobal.org\/es\/reuniones\/reuniones-abiertas\/segunda-conferencia-internacional\/programa-de-la-segunda-conferencia-internacional\/","title":{"rendered":"Programa de la Segunda Conferencia Internacional"},"content":{"rendered":"<header class=\"entry-header\">\n<h3 style=\"text-align: center;\"><span style=\"font-size: 1.142857143rem; line-height: 1.846153846;\">\u201cDemocratizaci\u00f3n de la pol\u00edtica de servicios de agua y saneamiento b\u00e1sico mediante innovaciones socio-t\u00e9cnicas. Lecciones para enfrentar los desaf\u00edos&#8221;.<\/span><\/h3>\n<\/header>\n<p><a href=\"http:\/\/desafioglobal.org\/wp-content\/uploads\/2015\/07\/Logo-Segunda-Conferencia.jpg\"><img decoding=\"async\" loading=\"lazy\" class=\"aligncenter  wp-image-976\" src=\"http:\/\/desafioglobal.org\/wp-content\/uploads\/2015\/07\/Logo-Segunda-Conferencia-287x300.jpg\" alt=\"Logo Segunda Conferencia\" width=\"82\" height=\"86\" \/><\/a><\/p>\n<div class=\"entry-content\">\n<p><strong>Lunes 27 de julio<\/strong><\/p>\n<p>8:00 Registro<\/p>\n<p>9:00 &#8211; 10:00 <strong>Sesi\u00f3n de Apertura<\/strong><\/p>\n<p>Ana L\u00facia Britto, Universidad Federal de R\u00edo de Janeiro (UFRJ), Coordinadora Local<\/p>\n<p>Margareth da Silva Pereira, Coordinadora del PROURB, Universidad Federal de R\u00edo de Janeiro (UFRJ)<\/p>\n<p>Jos\u00e9 Esteban Castro, Universidad de Newcastle, Reino Unido, Coordinador del Proyecto DESAFIO<\/p>\n<p>10:00 &#8211; 11:00 <strong>Presentaci\u00f3n del Proyecto DESAFIO<\/strong><\/p>\n<p>Jos\u00e9 Esteban Castro, Universidad de Newcastle, Reino Unido<\/p>\n<p>&nbsp;<\/p>\n<h3><a href=\"https:\/\/youtu.be\/bJYy73-fORk?list=PLx6qphzdSP6vKteiCnxipiFxrpl6PRAUa\">Video completo de la Sesi\u00f3n de Apertura y la Presentaci\u00f3n del Proyecto<\/a><\/h3>\n<p>&nbsp;<\/p>\n<p>11:00 \u2013 11:30 Descanso<\/p>\n<p>11:30 \u2013 13:30 <strong>Mesa 1. \u201cPensando en las causas: la producci\u00f3n y reproducci\u00f3n de la vulnerabilidad y el proceso de democratizaci\u00f3n en el sector de agua y saneamiento\u201d.<\/strong><\/p>\n<p><a title=\"DESAFIO - Second International Conference \/ Segunda Conferencia Internacional\" href=\"https:\/\/www.flickr.com\/photos\/125391306@N03\/20323235951\/\" data-flickr-embed=\"true\"><img decoding=\"async\" loading=\"lazy\" class=\" aligncenter\" src=\"https:\/\/farm1.staticflickr.com\/283\/20323235951_262b654725_z.jpg\" alt=\"DESAFIO - Second International Conference \/ Segunda Conferencia Internacional\" width=\"640\" height=\"427\" \/><\/a><\/p>\n<p><span style=\"text-decoration: underline;\">Ponentes<\/span>:<\/p>\n<p>Henri Acselrad, Universidad Federal de R\u00edo de Janeiro (UFRJ), Brasil<\/p>\n<p>Mariela Garc\u00eda, Universidad del Valle (UNIVALLE), Cali, Colombia<\/p>\n<p>Andr\u00e9 Monteiro, Fundaci\u00f3n Oswaldo Cruz (Fiocruz), Recife, Brasil<\/p>\n<p>Norma Valencio, Universidad de San Pablo (USP), Brasil<\/p>\n<p>S\u00e9rgio Portella, Fundaci\u00f3n Oswaldo Cruz (Fiocruz), Rio de Janeiro, Brasil<\/p>\n<p><span style=\"text-decoration: underline;\">Moderadora<\/span>: Ana L\u00facia Britto, Universidad Federal de R\u00edo de Janeiro (UFRJ), Brasil<\/p>\n<p>&nbsp;<\/p>\n<h3><a href=\"https:\/\/youtu.be\/hc91MHEoaDM?list=PLx6qphzdSP6vKteiCnxipiFxrpl6PRAUa\">Video completo de la Mesa 1<\/a><\/h3>\n<p>&nbsp;<\/p>\n<p><span style=\"text-decoration: underline;\">Presentaciones de la Mesa 1 disponibles para bajar<\/span>:<\/p>\n<p>Mariela Garc\u00eda &#8211; <a href=\"http:\/\/desafioglobal.org\/General PDFs \/M1 Mariela Garcia.pdf\">Baje aqu\u00ed la presentaci\u00f3n<\/a><\/p>\n<p>Andr\u00e9 Monteiro &#8211; <a href=\"http:\/\/desafioglobal.org\/General PDFs \/M1 Andre Monteiro.pdf\">Baje aqu\u00ed la presentaci\u00f3n<\/a><\/p>\n<p>&nbsp;<\/p>\n<p>13:30: 15:00 Almuerzo<\/p>\n<p>&nbsp;<\/p>\n<p>15:00 \u2013 18:00 <strong>Mesa 2. \u201cEn busca de fuerzas para el cambio: factores, condiciones y procesos que permiten explicar c\u00f3mo surgieron las innovaciones\u201d.<\/strong><\/p>\n<p><a title=\"DESAFIO - Second International Conference \/ Segunda Conferencia Internacional\" href=\"https:\/\/www.flickr.com\/photos\/125391306@N03\/20130471479\/\" data-flickr-embed=\"true\"><img decoding=\"async\" loading=\"lazy\" class=\" aligncenter\" src=\"https:\/\/farm1.staticflickr.com\/415\/20130471479_472396590b_z.jpg\" alt=\"DESAFIO - Second International Conference \/ Segunda Conferencia Internacional\" width=\"640\" height=\"427\" \/><\/a><script src=\"\/\/embedr.flickr.com\/assets\/client-code.js\" async=\"\" type=\"mce-no\/type\" charset=\"utf-8\"><\/script><a title=\"DESAFIO - Second International Conference \/ Segunda Conferencia Internacional\" href=\"https:\/\/www.flickr.com\/photos\/125391306@N03\/20130390179\/\" data-flickr-embed=\"true\"><img decoding=\"async\" loading=\"lazy\" class=\" aligncenter\" src=\"https:\/\/farm1.staticflickr.com\/345\/20130390179_7d8068c404_z.jpg\" alt=\"DESAFIO - Second International Conference \/ Segunda Conferencia Internacional\" width=\"640\" height=\"427\" \/><\/a><script src=\"\/\/embedr.flickr.com\/assets\/client-code.js\" async=\"\" type=\"mce-no\/type\" charset=\"utf-8\"><\/script><\/p>\n<p><span style=\"text-decoration: underline;\">Ponentes Parte 1<\/span>:<\/p>\n<p>Helder Cortez, Compa\u00f1\u00eda de Agua y Saneamiento de Ceara (CAGECE), Cear\u00e1, Brasil<\/p>\n<p>Antonio Miranda, Ex Secretario Municipal de Agua y Saneamiento, Recife, Brasil<\/p>\n<p>Andr\u00e9s Toro y Julieth Vargas, Universidad del Valle (UNIVALLE), Cali, Colombia<\/p>\n<p><span style=\"text-decoration: underline;\">Moderador<\/span>: L\u00e9o Heller,\u00a0Universidad Federal de Minas Gerais (UFMG)<\/p>\n<p>&nbsp;<\/p>\n<h3><a href=\"https:\/\/youtu.be\/GIVEm827SHs?list=PLx6qphzdSP6vKteiCnxipiFxrpl6PRAUa\">Video completo de la Mesa 2, Parte 1<\/a><\/h3>\n<p>&nbsp;<\/p>\n<p><span style=\"text-decoration: underline;\">Ponentes Parte 2<\/span>:<\/p>\n<p>Delmo Vilela, Universidad Federal de Minas Gerais (UFMG), Brasil<\/p>\n<p>Suy\u00e1 Quintslr, Universidad Federal de Rio de Janeiro (UFRJ), Brasil<\/p>\n<p><span style=\"text-decoration: underline;\">Moderador<\/span>: L\u00e9o Heller,\u00a0Universidad Federal de Minas Gerais (UFMG)<\/p>\n<p>&nbsp;<\/p>\n<h3><a href=\"https:\/\/youtu.be\/wvd8z2YaDZU?list=PLx6qphzdSP6vKteiCnxipiFxrpl6PRAUa\">Video completo de la Mesa 2, Parte 2<\/a><\/h3>\n<p>&nbsp;<\/p>\n<p><span style=\"text-decoration: underline;\">Presentaciones de la Mesa 2 disponibles para bajar<\/span>:<\/p>\n<p>Antonio Miranda &#8211; <a href=\"http:\/\/desafioglobal.org\/General PDFs \/M2 Antonio Miranda.pdf\">Click here to download<\/a><\/p>\n<p>Delmo Vilela &#8211; <a href=\"http:\/\/desafioglobal.org\/General PDFs \/M2 Delmo Vilela.pdf\">Baje aqu\u00ed la presentaci\u00f3n<\/a><\/p>\n<p>Helder Cortez &#8211; <a href=\"http:\/\/desafioglobal.org\/General PDFs \/M2 Helder Cortez.pdf\">Baje aqu\u00ed la presentaci\u00f3n<\/a><\/p>\n<p>Suy\u00e1 Quintslr &#8211; <a href=\"http:\/\/desafioglobal.org\/General PDFs \/M2 Suya Quintslr.pdf\">Baje aqu\u00ed la presentaci\u00f3n<\/a><\/p>\n<p>Andr\u00e9s Toro and Julieth Vargas (1) &#8211; <a href=\"http:\/\/desafioglobal.org\/General PDFs \/M2 Toro y Vargas 1.pdf\">Baje aqu\u00ed la presentaci\u00f3n<\/a><\/p>\n<p>Andr\u00e9s Toro and Julieth Vargas (2) &#8211; <a href=\"http:\/\/desafioglobal.org\/General PDFs \/M2 Toro y Vargas 2.pdf\">Baje aqu\u00ed la presentaci\u00f3n<\/a><\/p>\n<p>&nbsp;<\/p>\n<p>18:00 \u2013 18:30 <strong>Presentaci\u00f3n de Libro:<\/strong><\/p>\n<p>Jos\u00e9 Esteban Castro, L\u00e9o Heller, y Mar\u00eda da Piedade Morais (Eds.),\u00a0<a href=\"http:\/\/www.ipea.gov.br\/portal\/index.php?option=com_content&amp;view=article&amp;id=25137&amp;Itemid=383\">El Derecho al Agua como Pol\u00edtica P\u00fablica en Am\u00e9rica Latina: una Exploraci\u00f3n Te\u00f3rica y Emp\u00edrica<\/a>\u00a0[en portugu\u00e9s], Brasilia: Instituto de Pesquisa Econ\u00f4mica Aplicada (IPEA) y Red WATERLAT-GOBACIT, 2015.<\/p>\n<p><a title=\"DESAFIO - Second International Conference \/ Segunda Conferencia Internacional\" href=\"https:\/\/www.flickr.com\/photos\/125391306@N03\/19694360524\/\" data-flickr-embed=\"true\"><img decoding=\"async\" loading=\"lazy\" class=\" aligncenter\" src=\"https:\/\/farm1.staticflickr.com\/544\/19694360524_d1ac8a3ca1_z.jpg\" alt=\"DESAFIO - Second International Conference \/ Segunda Conferencia Internacional\" width=\"640\" height=\"424\" \/><\/a><\/p>\n<p><script src=\"\/\/embedr.flickr.com\/assets\/client-code.js\" async=\"\" charset=\"utf-8\"><\/script>El libro fue presentado por los editores y dos coautoras: Ana L\u00facia Britto, Universidad Federal de R\u00edo de Janeiro (UFRJ) y Hermelinda Ferreira, Agencia Pernambucana de Agua y Clima (APAC). \u00a0 <\/p>\n<h3><a href=\"https:\/\/youtu.be\/WeyBPVxfQLM?list=PLx6qphzdSP6vKteiCnxipiFxrpl6PRAUa\">Video completo de la Presentaci\u00f3n del Libro<\/a><\/h3>\n<p>La editora IPEA ofreci\u00f3 generosamente copias impresas gratuitas del libro y se distribuyeron 95 copias en el evento. El libro puede bajarse gratuitamente en formatos pdf y epub\u00a0<a href=\"http:\/\/www.ipea.gov.br\/portal\/index.php?option=com_content&amp;view=article&amp;id=25137&amp;Itemid=383\">aqu\u00ed<\/a>. \u00a0 \u00a0 <\/p>\n<hr \/>\n<\/div>\n<p>&nbsp;<\/p>\n<p><strong>Martes 28 de julio<\/strong><\/p>\n<p>09:00 \u2013 12:00 <strong>Mesa 3. \u201cLos \u2018por qu\u00e9\u2019. Factores y procesos facilitadores y obst\u00e1culos que contribuyen a explicar los \u00e9xitos, los fracasos y la posibilidad de replicar las innovaciones\u201d.<\/strong> <a title=\"DESAFIO - Second International Conference \/ Segunda Conferencia Internacional\" href=\"https:\/\/www.flickr.com\/photos\/125391306@N03\/19694244004\/\" data-flickr-embed=\"true\"><img decoding=\"async\" loading=\"lazy\" class=\" aligncenter\" src=\"https:\/\/farm4.staticflickr.com\/3721\/19694244004_97c4d39ea2_z.jpg\" alt=\"DESAFIO - Second International Conference \/ Segunda Conferencia Internacional\" width=\"640\" height=\"427\" \/><\/a><script src=\"\/\/embedr.flickr.com\/assets\/client-code.js\" async=\"\" charset=\"utf-8\"><\/script><\/p>\n<p><span style=\"text-decoration: underline;\">Ponentes<\/span>:<\/p>\n<p>Sonaly Rezende y Eliano Sousa, Universidad Federal de Minas Gerais (UFMG), Brasil<\/p>\n<p>Hermelinda Ferreira, Agencia Pernambucana de Agua y Clima (APAC) y Universidad Federal de Pernambuco (UFPE), Recife, Brasil<\/p>\n<p>Claudia Valeria Silva Melo, Compa\u00f1\u00eda de Agua y Saneamiento de Ceara (CAGECE), Cear\u00e1, Brasil<\/p>\n<p>Margarita Portapila y Sonia Omelianiuk, Universidad Nacional de Rosario (UNR), Argentina<\/p>\n<p>Rute Pinto, Centro de Investigaci\u00f3n del Mar y el Medio Ambiente, Universidad de Coimbra (IMAR-UC), Portugal<\/p>\n<p><span style=\"text-decoration: underline;\">Moderadora<\/span>: Mariela Garc\u00eda,\u00a0Universidad del Valle (UNIVALLE)<\/p>\n<p>&nbsp;<\/p>\n<h3><a href=\"https:\/\/youtu.be\/v_r3j5K2Dsg?list=PLx6qphzdSP6vKteiCnxipiFxrpl6PRAUa\">Video completo de la Mesa 3<\/a><\/h3>\n<p>&nbsp;<\/p>\n<p><span style=\"text-decoration: underline;\">Presentaciones de la Mesa 3 disponibles para bajar<\/span>:<\/p>\n<p>Sonaly Rezende y Eliano Sousa &#8211; <a href=\"http:\/\/desafioglobal.org\/General PDFs \/M3 Rezende e Souza.pdf\">Baje aqu\u00ed la presentaci\u00f3n<\/a><\/p>\n<p>Hermelinda Ferreira &#8211; <a href=\"http:\/\/desafioglobal.org\/General PDFs \/M3 Hermelinda Rocha.pdf\">Baje aqu\u00ed la presentaci\u00f3n<\/a><\/p>\n<p>Claudia Valeria Silva Melo &#8211; <a href=\"http:\/\/desafioglobal.org\/General PDFs \/M3 Valeria Melo.pdf\">Baje aqu\u00ed la presentaci\u00f3n<\/a><\/p>\n<p>Margarita Portapila y Sonia Omelianiuk &#8211; <a href=\"http:\/\/desafioglobal.org\/General PDFs \/M3 Portapila.pdf\">Baje aqu\u00ed la presentaci\u00f3n<\/a><\/p>\n<p>Rute Pinto &#8211; <a href=\"http:\/\/desafioglobal.org\/General PDFs \/M3 Pinto et al.pdf\">Baje aqu\u00ed la presentaci\u00f3n<\/a><\/p>\n<p>&nbsp;<\/p>\n<p>12:00 \u2013 13:30 <strong>Exhibici\u00f3n de p\u00f3steres y otros materiales<\/strong><\/p>\n<p><a title=\"DESAFIO - Second International Conference \/ Segunda Conferencia Internacional\" href=\"https:\/\/www.flickr.com\/photos\/125391306@N03\/20323505251\/\" data-flickr-embed=\"true\"><img decoding=\"async\" loading=\"lazy\" class=\" aligncenter\" src=\"https:\/\/farm1.staticflickr.com\/309\/20323505251_1155ac22bd_z.jpg\" alt=\"DESAFIO - Second International Conference \/ Segunda Conferencia Internacional\" width=\"640\" height=\"427\" \/><\/a><script src=\"\/\/embedr.flickr.com\/assets\/client-code.js\" async=\"\" charset=\"utf-8\"><\/script>Esta sesi\u00f3n pemiti\u00f3 un espacio para promover intercambios entre los equipos de investigaci\u00f3n que desarrollaron los 10 estudios de caso del proyecto y el p\u00fablico presente. \u00a0 \u00a0<\/p>\n<p>&nbsp;<\/p>\n<p>13:30: 15:00 Almuerzo \u00a0<\/p>\n<p>15:00 \u2013 18:00 <strong>Mesa 4, Parte 1. \u201cEl Desaf\u00edo continua: prioridades y alternativas para profundizar el proceso de democratizaci\u00f3n en la atenci\u00f3n a comunidades vulnerables\u201d.<\/strong> <a title=\"DESAFIO - Second International Conference \/ Segunda Conferencia Internacional\" href=\"https:\/\/www.flickr.com\/photos\/125391306@N03\/20322521621\/\" data-flickr-embed=\"true\"><img decoding=\"async\" loading=\"lazy\" class=\" aligncenter\" src=\"https:\/\/farm4.staticflickr.com\/3830\/20322521621_7e56623d49_z.jpg\" alt=\"DESAFIO - Second International Conference \/ Segunda Conferencia Internacional\" width=\"640\" height=\"427\" \/><\/a><script src=\"\/\/embedr.flickr.com\/assets\/client-code.js\" async=\"\" charset=\"utf-8\"><\/script><\/p>\n<p><span style=\"text-decoration: underline;\">Ponentes<\/span>:<\/p>\n<p>Ana L\u00facia Britto, Universidad Federal de R\u00edo de Janeiro (UFRJ), Brasil<\/p>\n<p>Zara Texeira, Centro de Investigaci\u00f3n del Mar y el Medio Ambiente, Universidad de Coimbra (IMAR-UC), Portugal<\/p>\n<p>Marcos Helano Montenegro, Agencia Reguladora del Agua, la Energ\u00eda y los Servicios de Saneamiento B\u00e1sico del Distrito Federal (ADASA), Brasilia, Brasil.<\/p>\n<p><span style=\"text-decoration: underline;\">Moderador<\/span>: Jos\u00e9 Esteban Castro, Universidad de Newcastle, Reino Unido<\/p>\n<p>&nbsp;<\/p>\n<h3><a href=\"https:\/\/youtu.be\/4KvsdVBwwt8?list=PLx6qphzdSP6vKteiCnxipiFxrpl6PRAUa\">Video completo de la Mesa 4, Parte 1<\/a><\/h3>\n<p><span style=\"text-decoration: underline;\">Presentaciones de la Mesa 4, Parte 1, disponibles para bajar<\/span>:<\/p>\n<p>Ana L\u00facia Britto &#8211; <a href=\"http:\/\/desafioglobal.org\/General PDFs \/M4 Britto.pdf\">Click here to download<\/a><\/p>\n<p>Zara Texeira &#8211; <a href=\"http:\/\/desafioglobal.org\/General PDFs \/M4 ZaraTeixeira.pdf\">Click here to download<\/a><\/p>\n<p>Marcos Helano Montenegro &#8211; <a href=\"http:\/\/desafioglobal.org\/General PDFs \/M4 Montenegro.pdf\">Click here to download<\/a><\/p>\n<p>&nbsp;<\/p>\n<p><strong>Mesa 4, Parte 2. \u201cEl Desaf\u00edo continua: prioridades y alternativas para profundizar el proceso de democratizaci\u00f3n en la atenci\u00f3n a comunidades vulnerables\u201d.<\/strong><br \/>\n<a title=\"DESAFIO - Second International Conference \/ Segunda Conferencia Internacional\" href=\"https:\/\/www.flickr.com\/photos\/125391306@N03\/20322397131\/\" data-flickr-embed=\"true\"><img decoding=\"async\" loading=\"lazy\" class=\" aligncenter\" src=\"https:\/\/farm1.staticflickr.com\/315\/20322397131_460123cb96_z.jpg\" alt=\"DESAFIO - Second International Conference \/ Segunda Conferencia Internacional\" width=\"640\" height=\"427\" \/><\/a><script src=\"\/\/embedr.flickr.com\/assets\/client-code.js\" async=\"\" charset=\"utf-8\"><\/script><\/p>\n<p><span style=\"text-decoration: underline;\">Ponentes<\/span>:<\/p>\n<p>Miguel Pe\u00f1a, Universidad del Valle (UNIVALLE), Colombia<\/p>\n<p>L\u00e9o Heller, Universidad Federal de Minas Gerais (UFMG), Brasil<\/p>\n<p><span style=\"text-decoration: underline;\">Moderador<\/span>: Jos\u00e9 Esteban Castro, Universidad de Newcastle, Reino Unido \u00a0 <\/p>\n<p>&nbsp;<\/p>\n<h3><a href=\"https:\/\/youtu.be\/CcIjguMDPdw?list=PLx6qphzdSP6vKteiCnxipiFxrpl6PRAUa\">Video completo de la Mesa 4, Parte 2<\/a><\/h3>\n<p><span style=\"text-decoration: underline;\">Presentaciones de la Mesa 4 disponibles para bajar<\/span>:<\/p>\n<p>Miguel Pe\u00f1a &#8211; <a href=\"http:\/\/desafioglobal.org\/General PDFs \/M4 Pena.pdf\">Click here to download<\/a><\/p>\n<p>L\u00e9o Heller &#8211; <a href=\"http:\/\/desafioglobal.org\/General PDFs \/M4 Heller.pdf\">Click here to download<\/a> \u00a0 \u00a0<\/p>\n<p>&nbsp;<\/p>\n<p><strong>18:00 \u2013 19:00 Sesi\u00f3n de Clausura<\/strong> <a title=\"DESAFIO - Second International Conference \/ Segunda Conferencia Internacional\" href=\"https:\/\/www.flickr.com\/photos\/125391306@N03\/20307959082\/\" data-flickr-embed=\"true\"><img decoding=\"async\" loading=\"lazy\" class=\" aligncenter\" src=\"https:\/\/farm1.staticflickr.com\/355\/20307959082_85b9c8db9f_z.jpg\" alt=\"DESAFIO - Second International Conference \/ Segunda Conferencia Internacional\" width=\"640\" height=\"427\" \/><\/a><script src=\"\/\/embedr.flickr.com\/assets\/client-code.js\" async=\"\" charset=\"utf-8\"><\/script><\/p>\n<p><span style=\"text-decoration: underline;\">Ponentes<\/span>:<\/p>\n<p>Jos\u00e9 Esteban Castro, Universidad de Newcastle, Reino Unido, Coordinador del Proyecto<\/p>\n<p>Ana L\u00facia Britto, Universidad Federal de R\u00edo de Janeiro (UFRJ), Brasil, Coordinadora Local<\/p>\n<p>&nbsp;<\/p>\n<h3><a href=\"https:\/\/youtu.be\/2vjqcc8fX4s?list=PLx6qphzdSP6vKteiCnxipiFxrpl6PRAUa\">Video completo de la Sesi\u00f3n de Clausura<\/a><\/h3>\n<p>&nbsp;<\/p>\n<hr \/>\n<p>El equipo organizador de la Conferencia<\/p>\n<p><a title=\"DESAFIO - Second International Conference \/ Segunda Conferencia Internacional\" href=\"https:\/\/www.flickr.com\/photos\/125391306@N03\/20129725489\/\" data-flickr-embed=\"true\"><img decoding=\"async\" loading=\"lazy\" class=\" aligncenter\" src=\"https:\/\/farm1.staticflickr.com\/470\/20129725489_8daeb159e7_z.jpg\" alt=\"DESAFIO - Second International Conference \/ Segunda Conferencia Internacional\" width=\"640\" height=\"427\" \/><\/a><script src=\"\/\/embedr.flickr.com\/assets\/client-code.js\" async=\"\" charset=\"utf-8\"><\/script><\/p>\n<hr \/>\n<p>Una sorpresa que nos di\u00f3 um miembro del p\u00fablico: <a title=\"DESAFIO - Second International Conference \/ Segunda Conferencia Internacional\" href=\"https:\/\/www.flickr.com\/photos\/125391306@N03\/20316839355\/\" data-flickr-embed=\"true\"><img decoding=\"async\" loading=\"lazy\" class=\" aligncenter\" src=\"https:\/\/farm1.staticflickr.com\/528\/20316839355_0d950a0269_z.jpg\" alt=\"DESAFIO - Second International Conference \/ Segunda Conferencia Internacional\" width=\"640\" height=\"427\" \/><\/a><script src=\"\/\/embedr.flickr.com\/assets\/client-code.js\" async=\"\" charset=\"utf-8\"><\/script><\/p>\n<p>El virtuoso pianista Victor Zveibil, quien particip\u00f3 en nuestra Conferencia, deleit\u00f3 a la audiencia con un mini concierto. \u00c9l trabaja como consultor en gesti\u00f3n ambiental del Gobierno de R\u00edo de Janeiro.<\/p>\n<h3><a href=\"https:\/\/youtu.be\/VllDUEhfr-s?list=PLx6qphzdSP6u_RzjcUyQOWXZ9v3Y-H2kc\">Video completo del Mini Concierto por Victor Zveibil<\/a><\/h3>\n<hr \/>\n<p>&nbsp;<\/p>\n<p style=\"text-align: center;\">Organizadores:<\/p>\n<p style=\"text-align: center;\"><a href=\"http:\/\/desafioglobal.org\/wp-content\/uploads\/2013\/07\/ufr.jpg\"><img decoding=\"async\" loading=\"lazy\" class=\"aligncenter  wp-image-156\" src=\"http:\/\/desafioglobal.org\/wp-content\/uploads\/2013\/07\/ufr.jpg\" alt=\"ufr\" width=\"48\" height=\"59\" \/><\/a>Universidad Federal de R\u00edo de Janeiro (UFRJ), Coordinador Local<\/p>\n<p style=\"text-align: center;\"><a href=\"http:\/\/desafioglobal.org\/wp-content\/uploads\/2013\/07\/ncllogo.png\"><img decoding=\"async\" loading=\"lazy\" class=\"aligncenter  wp-image-108\" src=\"http:\/\/desafioglobal.org\/wp-content\/uploads\/2013\/07\/ncllogo.png\" alt=\"ncllogo\" width=\"108\" height=\"36\" \/><\/a><br \/>\nUniversidad de Newcastle, Reino Unido, Coordinador del Proyecto<\/p>\n<p style=\"text-align: center;\">Apoyo para la difusi\u00f3n:<\/p>\n<p style=\"text-align: center;\"><a href=\"http:\/\/desafioglobal.org\/wp-content\/uploads\/2015\/03\/WATERLAT-DOS-LINEAS.jpg\"><img decoding=\"async\" loading=\"lazy\" class=\"aligncenter  wp-image-970\" src=\"http:\/\/desafioglobal.org\/wp-content\/uploads\/2015\/03\/WATERLAT-DOS-LINEAS-300x105.jpg\" alt=\"WATERLAT DOS LINEAS\" width=\"112\" height=\"39\" \/><\/a><\/p>\n<p style=\"text-align: center;\"><a href=\"http:\/\/www.waterlat.org\/\">Red WATERLAT-GOBACIT<\/a><\/p>\n<p style=\"text-align: center;\">27-28 de enero de 2015<\/p>\n<p style=\"text-align: center;\">Lugar:<\/p>\n<p style=\"text-align: center;\"><a href=\"http:\/\/www.cbae.forum.ufrj.br\/\" target=\"_blank\">Colegio Brasilero de Altos Estudios (CBAE)<\/a><br \/>\nUniversidad Federal de R\u00edo de Janeiro (UFRJ),<br \/>\nAv. Rui Barbosa, 762 \u2013 Praia do Flamengo, R\u00edo de Janeiro, Brasil.<\/p>\n","protected":false},"excerpt":{"rendered":"<p>\u201cDemocratizaci\u00f3n de la pol\u00edtica de servicios de agua y saneamiento b\u00e1sico mediante innovaciones socio-t\u00e9cnicas. Lecciones para enfrentar los desaf\u00edos&#8221;. Lunes 27 de julio 8:00 Registro 9:00 &#8211; 10:00 Sesi\u00f3n de Apertura Ana L\u00facia Britto, Universidad Federal de R\u00edo de Janeiro (UFRJ), Coordinadora Local Margareth da Silva Pereira, Coordinadora del PROURB, Universidad Federal de R\u00edo de [&hellip;]<\/p>\n","protected":false},"author":3,"featured_media":0,"parent":680,"menu_order":0,"comment_status":"closed","ping_status":"closed","template":"page-templates\/full-width.php","meta":[],"_links":{"self":[{"href":"http:\/\/desafioglobal.org\/es\/wp-json\/wp\/v2\/pages\/798"}],"collection":[{"href":"http:\/\/desafioglobal.org\/es\/wp-json\/wp\/v2\/pages"}],"about":[{"href":"http:\/\/desafioglobal.org\/es\/wp-json\/wp\/v2\/types\/page"}],"author":[{"embeddable":true,"href":"http:\/\/desafioglobal.org\/es\/wp-json\/wp\/v2\/users\/3"}],"replies":[{"embeddable":true,"href":"http:\/\/desafioglobal.org\/es\/wp-json\/wp\/v2\/comments?post=798"}],"version-history":[{"count":35,"href":"http:\/\/desafioglobal.org\/es\/wp-json\/wp\/v2\/pages\/798\/revisions"}],"predecessor-version":[{"id":904,"href":"http:\/\/desafioglobal.org\/es\/wp-json\/wp\/v2\/pages\/798\/revisions\/904"}],"up":[{"embeddable":true,"href":"http:\/\/desafioglobal.org\/es\/wp-json\/wp\/v2\/pages\/680"}],"wp:attachment":[{"href":"http:\/\/desafioglobal.org\/es\/wp-json\/wp\/v2\/media?parent=798"}],"curies":[{"name":"wp","href":"https:\/\/api.w.org\/{rel}","templated":true}]}}