{"id":681,"date":"2015-03-04T16:06:58","date_gmt":"2015-03-04T16:06:58","guid":{"rendered":"http:\/\/desafioglobal.org\/es\/?page_id=681"},"modified":"2015-08-07T18:53:40","modified_gmt":"2015-08-07T18:53:40","slug":"tercera-reunion-de-proyecto-rio-de-janeiro","status":"publish","type":"page","link":"http:\/\/desafioglobal.org\/es\/reuniones\/reuniones-internas\/tercera-reunion-de-proyecto-rio-de-janeiro\/","title":{"rendered":"Tercera Reuni\u00f3n de Proyecto: Rio de Janeiro"},"content":{"rendered":"<p>La Tercera Reuni\u00f3n del Proyecto DESAFIO tuvo lugar en Rio de Janeiro, Brasil, del 27 al 31 de julio de 2015. Esta reuni\u00f3n fue organizada por nuestra colega Ana Lucia Britto y su equipo de colaboradores de nuestro socio local, la Universidad Federal de Rio de Janeiro (UFRJ), con el apoyo de la Coordinaci\u00f3n del proyecto.<\/p>\n<p>Como parte de las actividades realizadas durante esta reuni\u00f3n, tuvimos la Segunda Conferencia Internacional del Proyecto DESAFIO. <a title=\"Segunda Conferencia Internacional\" href=\"http:\/\/desafioglobal.org\/es\/reuniones\/reuniones-abiertas\/segunda-conferencia-internacional\/\">Visite la p\u00e1gina de la Conferencia<\/a>.<\/p>\n<p>&nbsp;<\/p>\n","protected":false},"excerpt":{"rendered":"<p>La Tercera Reuni\u00f3n del Proyecto DESAFIO tuvo lugar en Rio de Janeiro, Brasil, del 27 al 31 de julio de 2015. Esta reuni\u00f3n fue organizada por nuestra colega Ana Lucia Britto y su equipo de colaboradores de nuestro socio local, la Universidad Federal de Rio de Janeiro (UFRJ), con el apoyo de la Coordinaci\u00f3n del [&hellip;]<\/p>\n","protected":false},"author":3,"featured_media":0,"parent":440,"menu_order":0,"comment_status":"closed","ping_status":"closed","template":"","meta":[],"_links":{"self":[{"href":"http:\/\/desafioglobal.org\/es\/wp-json\/wp\/v2\/pages\/681"}],"collection":[{"href":"http:\/\/desafioglobal.org\/es\/wp-json\/wp\/v2\/pages"}],"about":[{"href":"http:\/\/desafioglobal.org\/es\/wp-json\/wp\/v2\/types\/page"}],"author":[{"embeddable":true,"href":"http:\/\/desafioglobal.org\/es\/wp-json\/wp\/v2\/users\/3"}],"replies":[{"embeddable":true,"href":"http:\/\/desafioglobal.org\/es\/wp-json\/wp\/v2\/comments?post=681"}],"version-history":[{"count":5,"href":"http:\/\/desafioglobal.org\/es\/wp-json\/wp\/v2\/pages\/681\/revisions"}],"predecessor-version":[{"id":831,"href":"http:\/\/desafioglobal.org\/es\/wp-json\/wp\/v2\/pages\/681\/revisions\/831"}],"up":[{"embeddable":true,"href":"http:\/\/desafioglobal.org\/es\/wp-json\/wp\/v2\/pages\/440"}],"wp:attachment":[{"href":"http:\/\/desafioglobal.org\/es\/wp-json\/wp\/v2\/media?parent=681"}],"curies":[{"name":"wp","href":"https:\/\/api.w.org\/{rel}","templated":true}]}}