{"id":680,"date":"2015-03-04T16:15:45","date_gmt":"2015-03-04T16:15:45","guid":{"rendered":"http:\/\/desafioglobal.org\/es\/?page_id=680"},"modified":"2015-08-05T21:38:15","modified_gmt":"2015-08-05T21:38:15","slug":"segunda-conferencia-internacional","status":"publish","type":"page","link":"http:\/\/desafioglobal.org\/es\/reuniones\/reuniones-abiertas\/segunda-conferencia-internacional\/","title":{"rendered":"Segunda Conferencia Internacional"},"content":{"rendered":"<h3 class=\"entry-header\" style=\"text-align: center;\"><\/h3>\n<h3 class=\"entry-header\" style=\"text-align: center;\">&#8220;Democratizaci\u00f3n de la pol\u00edtica de servicios de agua y saneamiento b\u00e1sico mediante innovaciones socio-t\u00e9cnicas.\u00a0Lecciones para enfrentar los desaf\u00edos&#8221;.<\/h3>\n<p><a href=\"http:\/\/desafioglobal.org\/es\/wp-content\/uploads\/sites\/2\/2015\/07\/Logo-Segunda-Conferencia.jpg\"><img decoding=\"async\" loading=\"lazy\" class=\"aligncenter  wp-image-781\" src=\"http:\/\/desafioglobal.org\/es\/wp-content\/uploads\/sites\/2\/2015\/07\/Logo-Segunda-Conferencia-287x300.jpg\" alt=\"Logo Segunda Conferencia\" width=\"81\" height=\"85\" srcset=\"http:\/\/desafioglobal.org\/es\/wp-content\/uploads\/sites\/2\/2015\/07\/Logo-Segunda-Conferencia-287x300.jpg 287w, http:\/\/desafioglobal.org\/es\/wp-content\/uploads\/sites\/2\/2015\/07\/Logo-Segunda-Conferencia-979x1024.jpg 979w, http:\/\/desafioglobal.org\/es\/wp-content\/uploads\/sites\/2\/2015\/07\/Logo-Segunda-Conferencia-624x653.jpg 624w, http:\/\/desafioglobal.org\/es\/wp-content\/uploads\/sites\/2\/2015\/07\/Logo-Segunda-Conferencia.jpg 1157w\" sizes=\"(max-width: 81px) 100vw, 81px\" \/><\/a><\/p>\n<p>&nbsp;<\/p>\n<h3><a href=\"http:\/\/desafioglobal.org\/es\/reuniones\/reuniones-abiertas\/segunda-conferencia-internacional\/programa-de-la-segunda-conferencia-internacional\/\">Entre aqu\u00ed para ver el Programa de la Conferencia y bajar las presentaciones<\/a><\/h3>\n<p>&nbsp;<br \/>\n<span style=\"text-decoration: underline;\">Galer\u00eda de fotos de la Segunda Conferencia<\/span>:<br \/>\n<a title=\"DESAFIO Project \/ Proyecto DESAFIO, 2013-2015\" href=\"https:\/\/www.flickr.com\/photos\/125391306@N03\/sets\/72157646703365919\" data-flickr-embed=\"true\"><img decoding=\"async\" loading=\"lazy\" class=\" aligncenter\" src=\"https:\/\/farm4.staticflickr.com\/3836\/15108790962_f252b18016_z.jpg\" alt=\"DESAFIO Project \/ Proyecto DESAFIO, 2013-2015\" width=\"640\" height=\"480\" \/><\/a><script src=\"\/\/embedr.flickr.com\/assets\/client-code.js\" async=\"\" type=\"mce-no\/type\" charset=\"utf-8\"><\/script><\/p>\n<div class=\"entry-content\">\n<p style=\"text-align: center;\">Organizaron:<br \/>\n<a href=\"http:\/\/desafioglobal.org\/es\/wp-content\/uploads\/sites\/2\/2013\/07\/ufr.jpg\"><img decoding=\"async\" loading=\"lazy\" class=\"aligncenter  wp-image-132\" src=\"http:\/\/desafioglobal.org\/es\/wp-content\/uploads\/sites\/2\/2013\/07\/ufr.jpg\" alt=\"ufr\" width=\"48\" height=\"60\" \/><\/a>Universidad Federal de Rio de Janeiro (UFRJ),\u00a0Coordinador Local<\/p>\n<p style=\"text-align: center;\"><a href=\"http:\/\/desafioglobal.org\/es\/wp-content\/uploads\/sites\/2\/2013\/07\/ncllogo.png\"><img decoding=\"async\" loading=\"lazy\" class=\"aligncenter  wp-image-130\" src=\"http:\/\/desafioglobal.org\/es\/wp-content\/uploads\/sites\/2\/2013\/07\/ncllogo.png\" alt=\"ncllogo\" width=\"105\" height=\"35\" \/><\/a>Newcastle University, Reino Unido,\u00a0Coordinador del Proyecto<\/p>\n<p style=\"text-align: center;\">Apoy\u00f3 la diseminaci\u00f3n:<\/p>\n<p><a href=\"http:\/\/desafioglobal.org\/es\/wp-content\/uploads\/sites\/2\/2015\/03\/WATERLAT-DOS-LINEAS.jpg\"><img decoding=\"async\" loading=\"lazy\" class=\"aligncenter  wp-image-766\" src=\"http:\/\/desafioglobal.org\/es\/wp-content\/uploads\/sites\/2\/2015\/03\/WATERLAT-DOS-LINEAS-300x105.jpg\" alt=\"WATERLAT DOS LINEAS\" width=\"114\" height=\"40\" srcset=\"http:\/\/desafioglobal.org\/es\/wp-content\/uploads\/sites\/2\/2015\/03\/WATERLAT-DOS-LINEAS-300x105.jpg 300w, http:\/\/desafioglobal.org\/es\/wp-content\/uploads\/sites\/2\/2015\/03\/WATERLAT-DOS-LINEAS-1024x359.jpg 1024w, http:\/\/desafioglobal.org\/es\/wp-content\/uploads\/sites\/2\/2015\/03\/WATERLAT-DOS-LINEAS-624x219.jpg 624w, http:\/\/desafioglobal.org\/es\/wp-content\/uploads\/sites\/2\/2015\/03\/WATERLAT-DOS-LINEAS.jpg 1419w\" sizes=\"(max-width: 114px) 100vw, 114px\" \/><\/a><\/p>\n<p style=\"text-align: center;\"><a href=\"http:\/\/www.waterlat.org\/\">Red WATERLAT-GOBACIT<\/a><\/p>\n<p>&nbsp;<\/p>\n<p style=\"text-align: center;\"><strong>LUGAR DEL EVENTO:<\/strong><\/p>\n<p style=\"text-align: center;\"><a href=\"http:\/\/www.cbae.forum.ufrj.br\/\">Col\u00e9gio Brasileiro de Altos Estudios (CBAE)<\/a><br \/>\nUniversidad Federal de Rio de Janeiro (UFRJ),<br \/>\nAv. Rui Barbosa, 762 \u2013 Praia do Flamengo, Rio de Janeiro, Brasil.<\/p>\n<\/div>\n","protected":false},"excerpt":{"rendered":"<p>&#8220;Democratizaci\u00f3n de la pol\u00edtica de servicios de agua y saneamiento b\u00e1sico mediante innovaciones socio-t\u00e9cnicas.\u00a0Lecciones para enfrentar los desaf\u00edos&#8221;. &nbsp; Entre aqu\u00ed para ver el Programa de la Conferencia y bajar las presentaciones &nbsp; Galer\u00eda de fotos de la Segunda Conferencia: Organizaron: Universidad Federal de Rio de Janeiro (UFRJ),\u00a0Coordinador Local Newcastle University, Reino Unido,\u00a0Coordinador del Proyecto [&hellip;]<\/p>\n","protected":false},"author":3,"featured_media":0,"parent":441,"menu_order":0,"comment_status":"closed","ping_status":"closed","template":"","meta":[],"_links":{"self":[{"href":"http:\/\/desafioglobal.org\/es\/wp-json\/wp\/v2\/pages\/680"}],"collection":[{"href":"http:\/\/desafioglobal.org\/es\/wp-json\/wp\/v2\/pages"}],"about":[{"href":"http:\/\/desafioglobal.org\/es\/wp-json\/wp\/v2\/types\/page"}],"author":[{"embeddable":true,"href":"http:\/\/desafioglobal.org\/es\/wp-json\/wp\/v2\/users\/3"}],"replies":[{"embeddable":true,"href":"http:\/\/desafioglobal.org\/es\/wp-json\/wp\/v2\/comments?post=680"}],"version-history":[{"count":23,"href":"http:\/\/desafioglobal.org\/es\/wp-json\/wp\/v2\/pages\/680\/revisions"}],"predecessor-version":[{"id":821,"href":"http:\/\/desafioglobal.org\/es\/wp-json\/wp\/v2\/pages\/680\/revisions\/821"}],"up":[{"embeddable":true,"href":"http:\/\/desafioglobal.org\/es\/wp-json\/wp\/v2\/pages\/441"}],"wp:attachment":[{"href":"http:\/\/desafioglobal.org\/es\/wp-json\/wp\/v2\/media?parent=680"}],"curies":[{"name":"wp","href":"https:\/\/api.w.org\/{rel}","templated":true}]}}