{"id":65,"date":"2013-07-09T19:27:44","date_gmt":"2013-07-09T19:27:44","guid":{"rendered":"http:\/\/desafioglobal.org\/es\/?page_id=65"},"modified":"2015-09-17T19:18:21","modified_gmt":"2015-09-17T19:18:21","slug":"objetivos","status":"publish","type":"page","link":"http:\/\/desafioglobal.org\/es\/proyecto\/objetivos\/","title":{"rendered":"Objetivos"},"content":{"rendered":"<p>Nuestro proyecto representa literalmente un &#8220;desafio\u201d. El principal objetivo de este nuevo proyecto es hacer una contribuci\u00f3n a la lucha contra lo que es posiblemente uno de los mayores desaf\u00edos que enfrenta Brasil \u2212 y los pa\u00edses de Am\u00e9rica Latina y el Caribe en general \u2212 en el siglo XXI: erradicar la desigualdad social estructural en el acceso a los Servicios esenciales de Agua y Saneamiento (SAS).<\/p>\n<p>El principio fundamental de nuestro proyecto es que alcanzar los objetivos fijados por la comunidad internacional durante los pr\u00f3ximos dos decenios con relaci\u00f3n a la reducci\u00f3n de los niveles de pobreza y el mejoramiento de la sostenibilidad ambiental depende de manera crucial del aprovechamiento de las soluciones socio-t\u00e9cnicas apropiadas e innovadoras existentes y del desarrollo de nuevas soluciones para la provisi\u00f3n de SAS seguros. Por lo tanto, nuestro problema central de investigaci\u00f3n se puede resumir en las siguientes preguntas:<\/p>\n<ul>\n<li>\u00bfC\u00f3mo podemos aprovechar las innovaciones socio-t\u00e9cnicas existentes y desarrollar nuevas soluciones con el fin de cambiar pol\u00edticas, desarrollar estrategias e intervenciones pr\u00e1cticas y mejorar el proceso de aprendizaje para hacer frente a las inaceptables desigualdades e injusticias en el acceso a servicios esenciales de agua y saneamiento existentes?<\/li>\n<li>\u00bfQu\u00e9 condiciones, factores y procesos facilitan el desarrollo de innovaciones socio-t\u00e9cnicas en este sector?<\/li>\n<li>\u00bfCu\u00e1les son los requisitos cr\u00edticos para hacer que innovaciones socio-t\u00e9cnicas exitosas sean sostenibles y replicables?<\/li>\n<li>\u00bfCu\u00e1les son los obst\u00e1culos para su sostenibilidad y reproducci\u00f3n?<\/li>\n<\/ul>\n<p>Sostenemos que los principales desaf\u00edos que enfrenta la comunidad internacional en este \u00e1mbito no son meramente t\u00e9cnicos o medioambientales, sino que se basan en y est\u00e1n condicionados por, procesos econ\u00f3micos, socio-pol\u00edticos, culturales y pol\u00edtico-institucionales. Por lo tanto, lo que se requiere es el desarrollo de intervenciones socio-t\u00e9cnicas apropiadas e innovadoras, basadas en los principios de democracia y ciudadan\u00eda sustantiva, para facilitar la participaci\u00f3n de los usuarios en la identificaci\u00f3n de sus problemas y en el dise\u00f1o, implementaci\u00f3n y monitoreamiento de dichas soluciones socio-t\u00e9cnicas.<\/p>\n<p>Esto es necesario para facilitar que los actores pertinentes y en particular las comunidades y gobiernos locales, logren eficacia y efectividad, as\u00ed como eficiencia, en la universalizaci\u00f3n y organizaci\u00f3n de servicios esenciales de agua y saneamiento.<\/p>\n<p><b>Objetivos Estrat\u00e9gicos:<\/b><b>\u00a0<\/b><\/p>\n<ol>\n<li>Lograr una mejor comprensi\u00f3n de:\n<ul>\n<li>los desaf\u00edos y oportunidades existentes para la implementaci\u00f3n de principios de \u201cbuena gobernabilidad\u201d en la gesti\u00f3n racional de los servicios esenciales de agua y saneamiento;<\/li>\n<li>las condiciones, factores y procesos que facilitan el surgimiento de innovaciones socio-t\u00e9cnicas;<\/li>\n<li>los requisitos cr\u00edticos para hacer que las innovaciones socio-t\u00e9cnicas exitosas sean sostenibles y replicables y los obst\u00e1culos para su sostenibilidad y replicabilidad<\/li>\n<\/ul>\n<\/li>\n<li>Promover la coordinaci\u00f3n interdisciplinaria entre diferentes disciplinas cient\u00edficas tales como las naturales, sociales y t\u00e9cnicas;<\/li>\n<li>Llevar a cabo investigaci\u00f3n transdisciplinaria y actividades para la creaci\u00f3n de una red de contactos que involucren actores acad\u00e9micos y no acad\u00e9micos en la producci\u00f3n de conocimiento y en la implementaci\u00f3n de pol\u00edticas p\u00fablicas;<\/li>\n<li>Incrementar las posibilidades para la realizaci\u00f3n de logros pr\u00e1cticos a nivel local con relaci\u00f3n a la Iniciativa del Agua de la Uni\u00f3n Europea, los Objetivos de Desarrollo del Milenio (ODM) y las metas adicionales estipuladas en el Plan de Implementaci\u00f3n de la Cumbre Mundial del Desarrollo Sostenible. Se har\u00e1 \u00e9nfasis en la sostenibilidad, la reducci\u00f3n de la pobreza y la eliminaci\u00f3n de las inequidades en el acceso a servicios esenciales de agua y saneamiento por parte de los sectores de la poblaci\u00f3n menos favorecidos;<\/li>\n<li>Contribuir a la implementaci\u00f3n de pol\u00edticas de desarrollo Europeas y a la consolidaci\u00f3n del \u00c1rea de Investigaci\u00f3n Europea (ERA, por sus siglas en ingl\u00e9s).<\/li>\n<\/ol>\n<p><b>Objetivos Espec\u00edficos<\/b><\/p>\n<p>Nos proponemos desarrollar:<\/p>\n<ol>\n<ol>\n<li>Un marco te\u00f3rico y metodol\u00f3gico inter- y transdisciplinario para el estudio de las oportunidades y los desaf\u00edos presentes en el desarrollo y la implementaci\u00f3n de soluciones socio-t\u00e9cnicas sostenibles, apropiadas e innovadoras para el suministro seguro de servicios esenciales de agua y saneamiento. Esto nos permitir\u00e1 establecer una l\u00ednea de base contra la cual mediremos el impacto, siguiendo las siguientes seis dimensiones anal\u00edticas: socio-pol\u00edtica y cultural, econ\u00f3mico-financiera, de salud, ecol\u00f3gico-ambiental, tecno-infraestructural\/operacional y pol\u00edtico-institucional.<\/li>\n<li>Una evaluaci\u00f3n de las estrategias recientes y actuales para el dise\u00f1o e implementaci\u00f3n de soluciones socio-t\u00e9cnicas sostenibles, apropiadas e innovadoras para el suministro de servicios de agua y saneamiento en condiciones de vulnerabilidad social. Para alcanzar este objetivo, haremos lo siguiente:<\/li>\n<\/ol>\n<\/ol>\n<p>a) Evaluar el impacto, eficacia, efectividad, eficiencia y replicabilidad de los sistemas \u2018condominial\u2019 y de \u2018saneamiento integrado\u2019 dise\u00f1ados e implementados en Brasil.\u00a0 En particular, se har\u00e1 \u00e9nfasis en la interacci\u00f3n entre las dimensiones sociales y t\u00e9cnicas del proceso, tales como el nivel de apropiaci\u00f3n por parte de las comunidades locales de las innovaciones socio-t\u00e9cnicas, su papel en el proceso de dise\u00f1o-implementaci\u00f3n-mantenimiento de los sistemas y las relaciones de largo plazo entre los usuarios, autoridades y expertos t\u00e9cnicos en la gesti\u00f3n de SAS, etc. Esto producir\u00e1 una plataforma para entender los desaf\u00edos y oportunidades para el desarrollo de soluciones socio-t\u00e9cnicas sostenibles, apropiadas e innovadoras que permitan mejorar el acceso de las comunidades a SAS, incluyendo los procesos de monitoramiento de la calidad de agua, y la recuperaci\u00f3n, reciclaje y re\u00faso del agua en el marco de las diferentes limitaciones socio-culturales y econ\u00f3micas locales.<\/p>\n<p>b) Hacer una evaluaci\u00f3n de las instituciones y los instrumentos de pol\u00edtica existentes a cargo de la gobernabilidad y administraci\u00f3n de los recursos h\u00eddricos y SAS en los estudios de caso escogidos, a nivel de cuenca (pero tomando en cuenta su interconexi\u00f3n con procesos locales, regionales, nacionales, internacionales y globales), centr\u00e1ndonos en las dimensiones anal\u00edticas descritas en el objetivo 1.\u00a0 Esto incluir\u00e1:<\/p>\n<ol>\n<ul>\n<li>una descripci\u00f3n y an\u00e1lisis rigurosos de los asuntos de salud p\u00fablica relacionados con el agua identificados en los casos de estudio propuestos; tales como estimaciones de la carga impuesta a los hogares por los impactos de salud relacionados a los SAS (se dar\u00e1 atenci\u00f3n especial a garantizar que los hogares con mujeres cabeza de familia, usualmente entre los m\u00e1s pobres, est\u00e9n representados).<\/li>\n<li>una evaluaci\u00f3n de la vulnerabilidad de las infraestructuras de agua, sus condiciones de operaci\u00f3n y mantenimiento y de los impactos de las fallas de los sistemas de agua sobre las comunidades vulnerables.<\/li>\n<li>una encuesta de los patrones emergentes de uso de tecnolog\u00eda en los diferentes contextos bajo estudio y una examinaci\u00f3n de la relaci\u00f3n entre \u00e9xito y fracaso con \u00e9nfasis en la identificaci\u00f3n de las posibilidades de reproducci\u00f3n de tales \u00e9xitos y las barreras a tal reproducci\u00f3n.<\/li>\n<li>identificar el impacto local de las mejoras a los sistemas de gesti\u00f3n de los SAS.<\/li>\n<li>Esquematizar los factores y procesos socio-pol\u00edticos y culturales que condicionan y enmarcan la forma como los recursos h\u00eddricos y los SAS son gobernados y administrados. Esto incluye la consideraci\u00f3n de los valores y percepciones socio-econ\u00f3micos, culturales, religiosos y pol\u00edticos que se le adscriben a estos recursos, as\u00ed como tambi\u00e9n el papel de la educaci\u00f3n en los cambios de comportamiento con respecto a los h\u00e1bitos de uso y manejo del agua y las pr\u00e1cticas de higiene de los hogares.<\/li>\n<li>examinaci\u00f3n de los tipos de conflictos que afectan la gesti\u00f3n de los recursos h\u00eddricos y los SAS y sus causas, y de las estrategias de resoluci\u00f3n de conflicto que pueden existir.<\/li>\n<li>un inventario detallado de los factores, determinantes, umbrales y procesos que ayudan a explicar el \u00e9xito o fracaso en el dise\u00f1o, implementaci\u00f3n y sostenibilidad de largo plazo de las soluciones socio-t\u00e9cnicas bajo estudio.<\/li>\n<\/ul>\n<\/ol>\n<p>3. La planeaci\u00f3n, dise\u00f1o, evaluaci\u00f3n, implementaci\u00f3n, monitoramiento y validaci\u00f3n de soluciones socio-t\u00e9cnicas sostenibles, apropiadas e innovadoras para el suministro de servicios seguros de agua y saneamiento a comunidades vulnerables en los contextos espec\u00edficos escogidos.<\/p>\n<ol>\n<ul>\n<ul>\n<li>Esto se har\u00e1 involucrando activamente a las comunidades, autoridades locales y otros actores pertinentes en todo el proceso, desde la planeaci\u00f3n hasta la validaci\u00f3n de las soluciones escogidas.<\/li>\n<li>Las intervenciones se concentrar\u00e1n en soluciones que prioricen las necesidades de las comunidades locales pertinentes y busquen proporcionar un balance entre eficacia, efectividad y eficiencia, incluyendo consideraciones tales como los bajos costos de operaci\u00f3n, la eficiencia energ\u00e9tica, la minimizaci\u00f3n del uso de qu\u00edmicos en el tratamiento, etc.<\/li>\n<\/ul>\n<\/ul>\n<\/ol>\n<p>4. Un an\u00e1lisis comparativo sistem\u00e1tico de los resultados y hallazgos de las evaluaciones de las experiencias existentes y las intervenciones desarrolladas.<\/p>\n<p>5. Una gu\u00eda de estrategias y procesos, plasmados en la Gu\u00eda para el Dise\u00f1o e Implementaci\u00f3n de Soluciones Socio-T\u00e9cnicas Sostenibles, Apropiadas e Innovadoras para la prestaci\u00f3n de SAS seguros en comunidades vulnerables. Esto incluir\u00e1:<\/p>\n<ol>\n<ul>\n<ul>\n<li>una gama de escenarios estructurados con opciones de pol\u00edticas p\u00fablicas para consideraci\u00f3n de tomadores de decisiones en sus diferentes circunstancias;<\/li>\n<li>diagn\u00f3stico y conceptualizaci\u00f3n de los criterios institucionales viables para los SAS, enfatizando la diversidad de las opciones institucionales y de gesti\u00f3n e incluyendo el desarrollo de pol\u00edticas, estrategias, herramientas administrativas y pr\u00e1cticas integradas.<\/li>\n<li>identificaci\u00f3n, determinaci\u00f3n y formulaci\u00f3n de un conjunto apropiado de sistemas e instrumentos de apoyo para la toma de decisiones con respecto a\u00a0 SAS seguros, incorporando lecciones aprendidas de tanto de experiencias Norte-Sur como Sur-Sur.<\/li>\n<\/ul>\n<\/ul>\n<\/ol>\n<p>6. Un reporte identificando las necesidades y oportunidades para investigaciones futuras que emerjan del proyecto.<\/p>\n<p>7. Un programa integral de actividades de participaci\u00f3n activa y diseminaci\u00f3n de los resultados del proyecto. Este incluir\u00e1:<\/p>\n<ol>\n<ul>\n<ul>\n<li>la participaci\u00f3n activa (desde el comienzo) de la sociedad civil (organizaciones comunitarias, movimientos sociales, ONGs, comit\u00e9s de cuenca, etc.), el estado (gobiernos nacional, regional y local, entidades reguladoras) y actores del mercado (PYMES y otras organizaciones del sector privado en el sector de SAS).<\/li>\n<li>organizaci\u00f3n de encuentros a nivel local con la participaci\u00f3n de los actores pertinentes (agencias gubernamentales, ONGs, organizaciones comunitarias, etc.) para la presentaci\u00f3n de los resultados y la incorporaci\u00f3n de sus comentarios.<\/li>\n<li>organizaci\u00f3n de una conferencia internacional para el intercambio de experiencias y resultados<\/li>\n<li>establecimiento y mantenimiento de una p\u00e1gina web<\/li>\n<li>lanzamiento y desarrollo de un bolet\u00edn informativo distribuido regularmente<\/li>\n<li>participaci\u00f3n en conferencias pertinentes y otros encuentros acad\u00e9micos y no-acad\u00e9micos<\/li>\n<li>producci\u00f3n de publicaciones acad\u00e9micas<\/li>\n<li>producci\u00f3n de art\u00edculos cortos dirigidos a tomadores de decisiones, profesionales y otros actores pertinentes (por ejemplo, res\u00famenes de pol\u00edtica).<\/li>\n<li>incorporaci\u00f3n del trabajo de investigaci\u00f3n y sus resultados en los programas de ense\u00f1anza e investigaci\u00f3n de las instituciones acad\u00e9micas involucradas en el proyecto.<\/li>\n<\/ul>\n<\/ul>\n<\/ol>\n","protected":false},"excerpt":{"rendered":"<p>Nuestro proyecto representa literalmente un &#8220;desafio\u201d. El principal objetivo de este nuevo proyecto es hacer una contribuci\u00f3n a la lucha contra lo que es posiblemente uno de los mayores desaf\u00edos que enfrenta Brasil \u2212 y los pa\u00edses de Am\u00e9rica Latina y el Caribe en general \u2212 en el siglo XXI: erradicar la desigualdad social estructural [&hellip;]<\/p>\n","protected":false},"author":1,"featured_media":0,"parent":20,"menu_order":0,"comment_status":"closed","ping_status":"closed","template":"","meta":[],"_links":{"self":[{"href":"http:\/\/desafioglobal.org\/es\/wp-json\/wp\/v2\/pages\/65"}],"collection":[{"href":"http:\/\/desafioglobal.org\/es\/wp-json\/wp\/v2\/pages"}],"about":[{"href":"http:\/\/desafioglobal.org\/es\/wp-json\/wp\/v2\/types\/page"}],"author":[{"embeddable":true,"href":"http:\/\/desafioglobal.org\/es\/wp-json\/wp\/v2\/users\/1"}],"replies":[{"embeddable":true,"href":"http:\/\/desafioglobal.org\/es\/wp-json\/wp\/v2\/comments?post=65"}],"version-history":[{"count":11,"href":"http:\/\/desafioglobal.org\/es\/wp-json\/wp\/v2\/pages\/65\/revisions"}],"predecessor-version":[{"id":877,"href":"http:\/\/desafioglobal.org\/es\/wp-json\/wp\/v2\/pages\/65\/revisions\/877"}],"up":[{"embeddable":true,"href":"http:\/\/desafioglobal.org\/es\/wp-json\/wp\/v2\/pages\/20"}],"wp:attachment":[{"href":"http:\/\/desafioglobal.org\/es\/wp-json\/wp\/v2\/media?parent=65"}],"curies":[{"name":"wp","href":"https:\/\/api.w.org\/{rel}","templated":true}]}}