{"id":595,"date":"2014-09-10T15:21:41","date_gmt":"2014-09-10T15:21:41","guid":{"rendered":"http:\/\/desafioglobal.org\/es\/?page_id=595"},"modified":"2015-10-27T23:16:00","modified_gmt":"2015-10-27T23:16:00","slug":"galeria-multimedios","status":"publish","type":"page","link":"http:\/\/desafioglobal.org\/es\/galeria-multimedios\/","title":{"rendered":"Galer\u00eda"},"content":{"rendered":"<p>Esta secci\u00f3n utiliza diversos medios para comunicarse con el p\u00fablico, proveer informaci\u00f3n audiovisual sobre nuestras actividades,\u00a0y diseminar resultados de investigaci\u00f3n.<br \/>\n<strong>Lista de videos de reuniones del Proyecto DESAFIO en Youtube<\/strong><\/p>\n<p><iframe loading=\"lazy\" src=\"https:\/\/www.youtube.com\/embed\/videoseries?list=PLx6qphzdSP6vKteiCnxipiFxrpl6PRAUa\" width=\"560\" height=\"315\" frameborder=\"0\" allowfullscreen=\"allowfullscreen\"><\/iframe><\/p>\n<p>&nbsp;<\/p>\n<p><strong>Lista de videos de entrevistas y otras actividades del Proyecto DESAFIO en Youtube<\/strong><br \/>\n<iframe loading=\"lazy\" src=\"\/\/www.youtube.com\/embed\/videoseries?list=PLx6qphzdSP6sxHigH5SMJSfaa31tYyl8u\" width=\"560\" height=\"315\" frameborder=\"0\" allowfullscreen=\"allowfullscreen\"><\/iframe><\/p>\n<p>&nbsp;<\/p>\n<p><strong>Selecci\u00f3n fotogr\u00e1fica de DESAFIO<\/strong><\/p>\n<p><object style=\"width: 533px; height: 304px;\" width=\"400\" height=\"300\" classid=\"clsid:d27cdb6e-ae6d-11cf-96b8-444553540000\" codebase=\"http:\/\/download.macromedia.com\/pub\/shockwave\/cabs\/flash\/swflash.cab#version=6,0,40,0\"><param name=\"flashvars\" value=\"offsite=true&amp;lang=en-us&amp;page_show_url=%2Fphotos%2F125391306%40N03%2Fsets%2F72157646703365919%2Fshow%2F&amp;page_show_back_url=%2Fphotos%2F125391306%40N03%2Fsets%2F72157646703365919%2F&amp;set_id=72157646703365919&amp;jump_to=\" \/><param name=\"allowFullScreen\" value=\"true\" \/><param name=\"src\" value=\"https:\/\/www.flickr.com\/apps\/slideshow\/show.swf?v=1811922554\" \/><param name=\"allowfullscreen\" value=\"true\" \/><embed style=\"width: 533px; height: 304px;\" width=\"400\" height=\"300\" type=\"application\/x-shockwave-flash\" src=\"https:\/\/www.flickr.com\/apps\/slideshow\/show.swf?v=1811922554\" flashvars=\"offsite=true&amp;lang=en-us&amp;page_show_url=%2Fphotos%2F125391306%40N03%2Fsets%2F72157646703365919%2Fshow%2F&amp;page_show_back_url=%2Fphotos%2F125391306%40N03%2Fsets%2F72157646703365919%2F&amp;set_id=72157646703365919&amp;jump_to=\" allowfullscreen=\"allowfullscreen\" allowfullscreen=\"allowfullscreen\" \/><\/object><\/p>\n","protected":false},"excerpt":{"rendered":"<p>Esta secci\u00f3n utiliza diversos medios para comunicarse con el p\u00fablico, proveer informaci\u00f3n audiovisual sobre nuestras actividades,\u00a0y diseminar resultados de investigaci\u00f3n. Lista de videos de reuniones del Proyecto DESAFIO en Youtube &nbsp; Lista de videos de entrevistas y otras actividades del Proyecto DESAFIO en Youtube &nbsp; Selecci\u00f3n fotogr\u00e1fica de DESAFIO<\/p>\n","protected":false},"author":3,"featured_media":0,"parent":0,"menu_order":0,"comment_status":"closed","ping_status":"closed","template":"page-templates\/full-width.php","meta":[],"_links":{"self":[{"href":"http:\/\/desafioglobal.org\/es\/wp-json\/wp\/v2\/pages\/595"}],"collection":[{"href":"http:\/\/desafioglobal.org\/es\/wp-json\/wp\/v2\/pages"}],"about":[{"href":"http:\/\/desafioglobal.org\/es\/wp-json\/wp\/v2\/types\/page"}],"author":[{"embeddable":true,"href":"http:\/\/desafioglobal.org\/es\/wp-json\/wp\/v2\/users\/3"}],"replies":[{"embeddable":true,"href":"http:\/\/desafioglobal.org\/es\/wp-json\/wp\/v2\/comments?post=595"}],"version-history":[{"count":5,"href":"http:\/\/desafioglobal.org\/es\/wp-json\/wp\/v2\/pages\/595\/revisions"}],"predecessor-version":[{"id":898,"href":"http:\/\/desafioglobal.org\/es\/wp-json\/wp\/v2\/pages\/595\/revisions\/898"}],"wp:attachment":[{"href":"http:\/\/desafioglobal.org\/es\/wp-json\/wp\/v2\/media?parent=595"}],"curies":[{"name":"wp","href":"https:\/\/api.w.org\/{rel}","templated":true}]}}