{"id":569,"date":"2014-09-10T18:11:47","date_gmt":"2014-09-10T18:11:47","guid":{"rendered":"http:\/\/desafioglobal.org\/es\/?page_id=569"},"modified":"2014-09-10T18:21:18","modified_gmt":"2014-09-10T18:21:18","slug":"international-course-and-seminar-cali-2014-programme","status":"publish","type":"page","link":"http:\/\/desafioglobal.org\/es\/reuniones\/reuniones-abiertas\/curso-y-seminario-internacional-cali-2014\/international-course-and-seminar-cali-2014-programme\/","title":{"rendered":"Programa del Curso y Seminario Internacional, Cali 2014"},"content":{"rendered":"<h2>Curso sobre Elementos de Ecolog\u00eda Pol\u00edtica<\/h2>\n<p>Auditorio Valle del Cauca, Universidad del Valle (UNIVALLE), Cali, Colombia, 22-23 de agosto de 2014<br \/>\nProf. Jos\u00e9 Esteban Castro, Universidad de Newcastle, Reino Unido<\/p>\n<p><span style=\"text-decoration: underline;\">Programa del Curso<\/span>:<\/p>\n<p><strong>Sesi\u00f3n 1, 220814<\/strong>, Introducci\u00f3n \u2013 \u201cAmbiente\u201d, \u201cnaturaleza\u201d y la emergencia de la Ecolog\u00eda Pol\u00edtica<br \/>\n<strong> Sesi\u00f3n 2, 220814<\/strong>, Los objetos de investigaci\u00f3n<br \/>\n<strong> Sesi\u00f3n 3, 220814<\/strong>, Debates te\u00f3ricos: realismo vs. constructivismo y estructura vs. agencia<br \/>\n<strong> Sesi\u00f3n 4, 230814<\/strong>, Conflictos ecol\u00f3gicos distributivos \u2013 agua y ciudadan\u00eda<br \/>\n<strong> Sesi\u00f3n 5, 290814<\/strong>, Seminario Internacional sobre \u201cConflictos Socio-ambientales Relacionados con los Servicios Esenciales de Agua y Saneamiento\u201d<\/p>\n<p>&nbsp;<\/p>\n<h2>Seminario Internacional sobre \u201cConflictos Socio-ambientales Relacionados con los Servicios Esenciales de Agua y Saneamiento\u201d<\/h2>\n<p>Auditorio Valle del Cauca, Universidad del Valle (UNIVALLE), Cali, Colombia, 29 de agosto de 2014<\/p>\n<h3>Apertura<\/h3>\n<p>Prof. Miguel Pe\u00f1a, Director, Instituto de Investigaci\u00f3n y Desarrollo en Abastecimiento de Agua, Saneamiento Ambiental y Conservaci\u00f3n del Recurso H\u00eddrico (CINARA), Universidad del Valle (UNIVALLE)<\/p>\n<h3>Mesa Redonda I. Conflictos locales y regionales en Colombia<\/h3>\n<p>&#8220;Conflictos por el agua en la comunidad de Pavas, La Cumbre, Valle del Cauca&#8221;<br \/>\nPiedad Gabriel Libreros, Representante de la comunidad de Pavas<br \/>\n<a href=\"http:\/\/desafioglobal.org\/General PDFs \/Comunidad Pavas.pdf\">Acceda aqu\u00ed a la presentaci\u00f3n de Libreros<\/a>.<\/p>\n<p>&nbsp;<\/p>\n<p>&#8220;Conflictos por el uso del agua en la R\u00edo Pance, Cali&#8221;<\/p>\n<p>Luis Dar\u00edo S\u00e1nchez Torres, CINARA, UNIVALLE<br \/>\n<a href=\"http:\/\/desafioglobal.org\/General PDFs \/Sanchez Torres.pdf\"> Acceda aqu\u00ed a la presentaci\u00f3n de S\u00e1nchez Torres<\/a>.<\/p>\n<p>&nbsp;<\/p>\n<p>&#8220;Estad\u00edsticas de los conflictos ambientales en Colombia&#8221;<\/p>\n<p>Mario Alejandro P\u00e9rez Rinc\u00f3n, CINARA, UNIVALLE<br \/>\n<a href=\"http:\/\/desafioglobal.org\/General PDFs \/Perez.pdf\">Acceda aqu\u00ed a la presentaci\u00f3n de P\u00e9rez Rinc\u00f3n<\/a>.<\/p>\n<p>&nbsp;<\/p>\n<p>&#8220;Conflicto Socio-Ambiental Eco-ciudad Navarro, Cali, Colombia&#8221;<\/p>\n<p>Miguel Pe\u00f1a, CINARA, UNIVALLE<br \/>\n<a href=\"http:\/\/desafioglobal.org\/General PDFs \/Miguel Pena.pdf\">Acceda aqu\u00ed a la presentaci\u00f3n de Pe\u00f1a<\/a>.<\/p>\n<p>&nbsp;<\/p>\n<h3>Mesa Redonda II. Conflictos Internacionales: experiencias del Proyecto DESAFIO<\/h3>\n<p>&#8220;Modelos tecnol\u00f3gicos de servicios de agua y saneamiento para \u00e1reas de bajos ingresos, Recife, Brasil. Potencialidades para la democratizaci\u00f3n del acceso y conflitos potenciales en la gesti\u00f3n&#8221;<br \/>\nHermelinda Ferreira, Universidad Federal de Pernambuco (UFPE) y Agencia Pernambucana de Agua y Clima (APAC), Recife, Brasil<br \/>\n<a href=\"http:\/\/desafioglobal.org\/General PDFs \/Ferreira.pdf\"> Acceda aqu\u00ed a la presentaci\u00f3n de Ferreira<\/a>.<\/p>\n<p>&nbsp;<\/p>\n<p>&#8220;Conflictos potenciales en la introducci\u00f3n de sistemas de abastecimiento de agua y ba\u00f1os en una comunidad rural de Cear\u00e1, Brasil&#8221;<\/p>\n<p>L\u00e9o Heller, Universidad Federal de Minas Gerais, Brasil<br \/>\n<a href=\"http:\/\/desafioglobal.org\/General PDFs \/Heller.pdf\"> Acceda aqu\u00ed a la presentaci\u00f3n de Heller<\/a>.<\/p>\n<p>&nbsp;<\/p>\n<p>&#8220;El desaf\u00edo de los servicios de agua y saneamiento urbanos: planificaci\u00f3n estrat\u00e9gica para el mejoramiento de la gesti\u00f3n de los residuos cloacales)<\/p>\n<p>Jaime Amezaga, Universidad de Newcastle, Reino Unido<br \/>\n<a href=\"http:\/\/desafioglobal.org\/General PDFs \/Amezaga.pdf\"> Acceda aqu\u00ed a la presentaci\u00f3n de Amezaga<\/a>.<\/p>\n","protected":false},"excerpt":{"rendered":"<p>Curso sobre Elementos de Ecolog\u00eda Pol\u00edtica Auditorio Valle del Cauca, Universidad del Valle (UNIVALLE), Cali, Colombia, 22-23 de agosto de 2014 Prof. Jos\u00e9 Esteban Castro, Universidad de Newcastle, Reino Unido Programa del Curso: Sesi\u00f3n 1, 220814, Introducci\u00f3n \u2013 \u201cAmbiente\u201d, \u201cnaturaleza\u201d y la emergencia de la Ecolog\u00eda Pol\u00edtica Sesi\u00f3n 2, 220814, Los objetos de investigaci\u00f3n Sesi\u00f3n [&hellip;]<\/p>\n","protected":false},"author":4,"featured_media":0,"parent":567,"menu_order":0,"comment_status":"closed","ping_status":"closed","template":"page-templates\/full-width.php","meta":[],"_links":{"self":[{"href":"http:\/\/desafioglobal.org\/es\/wp-json\/wp\/v2\/pages\/569"}],"collection":[{"href":"http:\/\/desafioglobal.org\/es\/wp-json\/wp\/v2\/pages"}],"about":[{"href":"http:\/\/desafioglobal.org\/es\/wp-json\/wp\/v2\/types\/page"}],"author":[{"embeddable":true,"href":"http:\/\/desafioglobal.org\/es\/wp-json\/wp\/v2\/users\/4"}],"replies":[{"embeddable":true,"href":"http:\/\/desafioglobal.org\/es\/wp-json\/wp\/v2\/comments?post=569"}],"version-history":[{"count":2,"href":"http:\/\/desafioglobal.org\/es\/wp-json\/wp\/v2\/pages\/569\/revisions"}],"predecessor-version":[{"id":610,"href":"http:\/\/desafioglobal.org\/es\/wp-json\/wp\/v2\/pages\/569\/revisions\/610"}],"up":[{"embeddable":true,"href":"http:\/\/desafioglobal.org\/es\/wp-json\/wp\/v2\/pages\/567"}],"wp:attachment":[{"href":"http:\/\/desafioglobal.org\/es\/wp-json\/wp\/v2\/media?parent=569"}],"curies":[{"name":"wp","href":"https:\/\/api.w.org\/{rel}","templated":true}]}}