{"id":567,"date":"2014-09-10T18:14:47","date_gmt":"2014-09-10T18:14:47","guid":{"rendered":"http:\/\/desafioglobal.org\/es\/?page_id=567"},"modified":"2014-11-08T13:02:35","modified_gmt":"2014-11-08T13:02:35","slug":"curso-y-seminario-internacional-cali-2014","status":"publish","type":"page","link":"http:\/\/desafioglobal.org\/es\/reuniones\/reuniones-abiertas\/curso-y-seminario-internacional-cali-2014\/","title":{"rendered":"Curso y Seminario Internacional, Cali 2014"},"content":{"rendered":"<p>Curso sobre Elementos de Ecolog\u00eda Pol\u00edtica y Seminario sobre \u201cConflictos Socio-ambientales Relacionados con los Servicios Esenciales de Agua y Saneamiento\u201d<\/p>\n<p>El Curso sobre Elementos de Ecolog\u00eda Pol\u00edtica tuvo lugar el 22-23 de agosto de 2014 y estuvo a cargo del Prof. Jos\u00e9 Esteban Castro, Coordinador de DESAFIO. El curso estuvo dirigido a estudiantes de posgrado y acad\u00e9micos y cont\u00f3 con unos 100 participantes.<\/p>\n<p>El Curso fue integrado con un Seminario sobre \u201cConflictos Socio-ambientales Relacionados con los Servicios Esenciales de Agua y Saneamiento\u201d que tuvo lugar el d\u00eda 29 de agosto de 2014. Ambas actividades tuvieron lugar en el Auditorio Valle del Cauca, en el campus principal de la <a href=\"http:\/\/www.univalle.edu.co\/\">Universidad del Valle (UNIVALLE), Cali, Colombia<\/a>.<\/p>\n<p>&nbsp;<\/p>\n<p><strong>Entrevistas con participantes<\/strong><\/p>\n<p><iframe loading=\"lazy\" width=\"560\" height=\"315\" src=\"\/\/www.youtube.com\/embed\/g6kvZuuXoFw?list=UUja_b7G87kNB4-jT6sm9wbQ\" frameborder=\"0\" allowfullscreen><\/iframe><\/p>\n<p>El Seminario Internacional cont\u00f3 con presentaciones de acad\u00e9micos y representantes de organizaciones sociales sobre la situaci\u00f3n en Colombia, as\u00ed como tambi\u00e9n presentaciones de investigadores de DESAFIO sobre las lecciones que emergen de la investigaci\u00f3n.<\/p>\n<p>Acceda <a href=\"http:\/\/desafioglobal.org\/es\/reuniones\/reuniones-abiertas\/curso-y-seminario-internacional-cali-2014\/international-course-and-seminar-cali-2014-programme\/\">aqu\u00ed al Programa del Curso y Seminario Internacional y sus presentaciones<\/a>.<\/p>\n<p>Se pueden consultar otros detalles de la reuni\u00f3n en las p\u00e1ginas del <a href=\"http:\/\/desafioglobal.org\/es\/boletin\/\">Bolet\u00edn del Proyecto DESAFIO<\/a>.<\/p>\n","protected":false},"excerpt":{"rendered":"<p>Curso sobre Elementos de Ecolog\u00eda Pol\u00edtica y Seminario sobre \u201cConflictos Socio-ambientales Relacionados con los Servicios Esenciales de Agua y Saneamiento\u201d El Curso sobre Elementos de Ecolog\u00eda Pol\u00edtica tuvo lugar el 22-23 de agosto de 2014 y estuvo a cargo del Prof. Jos\u00e9 Esteban Castro, Coordinador de DESAFIO. El curso estuvo dirigido a estudiantes de posgrado [&hellip;]<\/p>\n","protected":false},"author":4,"featured_media":0,"parent":441,"menu_order":0,"comment_status":"closed","ping_status":"closed","template":"page-templates\/full-width.php","meta":[],"_links":{"self":[{"href":"http:\/\/desafioglobal.org\/es\/wp-json\/wp\/v2\/pages\/567"}],"collection":[{"href":"http:\/\/desafioglobal.org\/es\/wp-json\/wp\/v2\/pages"}],"about":[{"href":"http:\/\/desafioglobal.org\/es\/wp-json\/wp\/v2\/types\/page"}],"author":[{"embeddable":true,"href":"http:\/\/desafioglobal.org\/es\/wp-json\/wp\/v2\/users\/4"}],"replies":[{"embeddable":true,"href":"http:\/\/desafioglobal.org\/es\/wp-json\/wp\/v2\/comments?post=567"}],"version-history":[{"count":8,"href":"http:\/\/desafioglobal.org\/es\/wp-json\/wp\/v2\/pages\/567\/revisions"}],"predecessor-version":[{"id":644,"href":"http:\/\/desafioglobal.org\/es\/wp-json\/wp\/v2\/pages\/567\/revisions\/644"}],"up":[{"embeddable":true,"href":"http:\/\/desafioglobal.org\/es\/wp-json\/wp\/v2\/pages\/441"}],"wp:attachment":[{"href":"http:\/\/desafioglobal.org\/es\/wp-json\/wp\/v2\/media?parent=567"}],"curies":[{"name":"wp","href":"https:\/\/api.w.org\/{rel}","templated":true}]}}