{"id":440,"date":"2013-12-04T12:07:05","date_gmt":"2013-12-04T12:07:05","guid":{"rendered":"http:\/\/desafioglobal.org\/es\/?page_id=440"},"modified":"2015-08-07T18:49:28","modified_gmt":"2015-08-07T18:49:28","slug":"reuniones-internas","status":"publish","type":"page","link":"http:\/\/desafioglobal.org\/es\/reuniones\/reuniones-internas\/","title":{"rendered":"Reuniones de Proyecto Presenciales"},"content":{"rendered":"<p>El equipo de DESAFIO realiz\u00f3 tres Reuniones de Proyecto Presenciales, dos en Brasil y una en Colombia.<\/p>\n<p>La primera reuni\u00f3n tuvo lugar en Recife, Brasil, del 26 de febrero al 1 de marzo de 2013. Esta reuni\u00f3n fue organizada por nuestro socio, <a href=\"http:\/\/www.ufpe.br\/ufpenova\/\">Universidad Federal de Pernambuco (UFPE)<\/a>. <a title=\"Primera Reuni\u00f3n Interna: Recife\" href=\"http:\/\/desafioglobal.org\/es\/primera-reunion-interna-recife\/\" target=\"_blank\">Visite la p\u00e1gina de la reuni\u00f3n<\/a>.<\/p>\n<p>La segunda reuni\u00f3n tuvo lugar en Cali, Colombia, del 25 al 28 Agosto de 2014. La reuni\u00f3n fue organizada por nuestro socio en Colombia, <a href=\"http:\/\/www.univalle.edu.co\/\">University of the Valley (UNIVALLE) <\/a>. <a href=\"http:\/\/desafioglobal.org\/es\/reuniones\/reuniones-internas\/segunda-reunion-de-proyecto-cali\/\">Visite la p\u00e1gina de la reuni\u00f3n<\/a>.<\/p>\n<p>La tercera y \u00faltima reuni\u00f3n tuvo lugar en R\u00edo de Janeiro, Brasil, del 27 al 31 de julio de 2015. Esta reuni\u00f3n fue organizada por nuestro socio local, la <a href=\"http:\/\/www.prourb2.fau.ufrj.br\/\">Universidad Federal de R\u00edo de Janeiro (UFRJ)<\/a>. <a title=\"Tercera Reuni\u00f3n de Proyecto: Rio de Janeiro\" href=\"http:\/\/desafioglobal.org\/es\/reuniones\/reuniones-internas\/tercera-reunion-de-proyecto-rio-de-janeiro\/\">Visite la p\u00e1gina de la reuni\u00f3n<\/a>.<\/p>\n<p>&nbsp;<\/p>\n","protected":false},"excerpt":{"rendered":"<p>El equipo de DESAFIO realiz\u00f3 tres Reuniones de Proyecto Presenciales, dos en Brasil y una en Colombia. La primera reuni\u00f3n tuvo lugar en Recife, Brasil, del 26 de febrero al 1 de marzo de 2013. Esta reuni\u00f3n fue organizada por nuestro socio, Universidad Federal de Pernambuco (UFPE). Visite la p\u00e1gina de la reuni\u00f3n. La segunda [&hellip;]<\/p>\n","protected":false},"author":3,"featured_media":0,"parent":29,"menu_order":0,"comment_status":"closed","ping_status":"closed","template":"page-templates\/full-width.php","meta":[],"_links":{"self":[{"href":"http:\/\/desafioglobal.org\/es\/wp-json\/wp\/v2\/pages\/440"}],"collection":[{"href":"http:\/\/desafioglobal.org\/es\/wp-json\/wp\/v2\/pages"}],"about":[{"href":"http:\/\/desafioglobal.org\/es\/wp-json\/wp\/v2\/types\/page"}],"author":[{"embeddable":true,"href":"http:\/\/desafioglobal.org\/es\/wp-json\/wp\/v2\/users\/3"}],"replies":[{"embeddable":true,"href":"http:\/\/desafioglobal.org\/es\/wp-json\/wp\/v2\/comments?post=440"}],"version-history":[{"count":13,"href":"http:\/\/desafioglobal.org\/es\/wp-json\/wp\/v2\/pages\/440\/revisions"}],"predecessor-version":[{"id":828,"href":"http:\/\/desafioglobal.org\/es\/wp-json\/wp\/v2\/pages\/440\/revisions\/828"}],"up":[{"embeddable":true,"href":"http:\/\/desafioglobal.org\/es\/wp-json\/wp\/v2\/pages\/29"}],"wp:attachment":[{"href":"http:\/\/desafioglobal.org\/es\/wp-json\/wp\/v2\/media?parent=440"}],"curies":[{"name":"wp","href":"https:\/\/api.w.org\/{rel}","templated":true}]}}