{"id":432,"date":"2013-11-08T15:36:55","date_gmt":"2013-11-08T15:36:55","guid":{"rendered":"http:\/\/desafioglobal.org\/es\/?page_id=432"},"modified":"2013-11-08T15:36:55","modified_gmt":"2013-11-08T15:36:55","slug":"estructura","status":"publish","type":"page","link":"http:\/\/desafioglobal.org\/es\/estructura\/","title":{"rendered":"Estructura"},"content":{"rendered":"<p>Nuestro plan de trabajo est\u00e1 dise\u00f1ado para cumplir con los objetivos que nos hemos trazado. Los diferentes paquetes de trabajo (PT) forman un conjunto coherente de actividades interrelacionadas orientadas hacia el objetivo general de evaluar las experiencias existentes y desarrollar nuevas estrategias que den lugar a soluciones socio-t\u00e9cnicas sustentables, apropiadas e innovadoras para fomentar el desarrollo econ\u00f3mico y social a trav\u00e9s de la transformaci\u00f3n social en comunidades vulnerables, particularmente con respecto al acceso a servicios seguros de agua y saneamiento. Estas actividades se desarrollar\u00e1n mediante la participaci\u00f3n activa de las comunidades beneficiarias y otros actores locales en su planificaci\u00f3n, dise\u00f1o, evaluaci\u00f3n, implementaci\u00f3n, seguimiento, validaci\u00f3n y difusi\u00f3n.<\/p>\n<p>El siguiente esquema muestra la relaci\u00f3n entre los diferentes paquetes de trabajo. El orden de los paquetes de trabajo se ha previsto de manera l\u00f3gica y no de manera temporal, por lo que varias actividades se llevar\u00e1n a cabo simult\u00e1neamente. El trabajo propuesto en el <b>PT<\/b><b>1<\/b> garantizar\u00e1 que todos los estudios de caso que se llevar\u00e1n a cabo en los <b>PT2<\/b><b>-4 <\/b>compartan un marco te\u00f3rico y metodol\u00f3gico com\u00fan. Este marco com\u00fan nos ayudar\u00e1 a alcanzar el nivel necesario de comparabilidad en el an\u00e1lisis de los casos que se har\u00e1 en el <b>PT<\/b><b>5<\/b>, as\u00ed como tambi\u00e9n en las lecciones que se pueden obtener y las recomendaciones que se har\u00e1n en el<b> PT<\/b><b>6<\/b>.<\/p>\n<p>Los <b>PT2-4<\/b> examinar\u00e1n una serie de estudios de caso que son muy relevantes para la investigaci\u00f3n comparativa ya que muestran, al mismo tiempo, diferencias y similitudes, con relaci\u00f3n a las dimensiones anal\u00edticas de este estudio (v\u00e9ase la descripci\u00f3n individual de los casos). Estos estudios de caso han sido cuidadosamente seleccionados con el fin de desarrollar una evaluaci\u00f3n integral y global y examinar la naturaleza compleja y fluida de experiencias hist\u00f3ricas recientes y actuales, as\u00ed como de las nuevas intervenciones propuestas en el uso de tecnolog\u00edas apropiadas para el suministro de servicios de agua y saneamiento en Brasil y otros pa\u00edses de Am\u00e9rica del Sur como Argentina y Colombia.<\/p>\n<p style=\"text-align: center\"><a href=\"http:\/\/desafioglobal.org\/es\/wp-content\/uploads\/sites\/2\/2013\/10\/Research_plan_scheme_DESAFIO_espanol.jpgvector.jpg\"><img decoding=\"async\" loading=\"lazy\" class=\"alignnone size-full wp-image-363\" alt=\"Research_plan_scheme_DESAFIO_espanol.jpgvector\" src=\"http:\/\/desafioglobal.org\/es\/wp-content\/uploads\/sites\/2\/2013\/10\/Research_plan_scheme_DESAFIO_espanol.jpgvector.jpg\" width=\"551\" height=\"413\" srcset=\"http:\/\/desafioglobal.org\/es\/wp-content\/uploads\/sites\/2\/2013\/10\/Research_plan_scheme_DESAFIO_espanol.jpgvector.jpg 2000w, http:\/\/desafioglobal.org\/es\/wp-content\/uploads\/sites\/2\/2013\/10\/Research_plan_scheme_DESAFIO_espanol.jpgvector-300x225.jpg 300w, http:\/\/desafioglobal.org\/es\/wp-content\/uploads\/sites\/2\/2013\/10\/Research_plan_scheme_DESAFIO_espanol.jpgvector-1024x768.jpg 1024w, http:\/\/desafioglobal.org\/es\/wp-content\/uploads\/sites\/2\/2013\/10\/Research_plan_scheme_DESAFIO_espanol.jpgvector-624x468.jpg 624w\" sizes=\"(max-width: 551px) 100vw, 551px\" \/><\/a><\/p>\n<p style=\"text-align: center\">\n<p>&nbsp;<\/p>\n<p>&nbsp;<\/p>\n<p style=\"text-align: center\">\n<p>&nbsp;<\/p>\n","protected":false},"excerpt":{"rendered":"<p>Nuestro plan de trabajo est\u00e1 dise\u00f1ado para cumplir con los objetivos que nos hemos trazado. Los diferentes paquetes de trabajo (PT) forman un conjunto coherente de actividades interrelacionadas orientadas hacia el objetivo general de evaluar las experiencias existentes y desarrollar nuevas estrategias que den lugar a soluciones socio-t\u00e9cnicas sustentables, apropiadas e innovadoras para fomentar el [&hellip;]<\/p>\n","protected":false},"author":3,"featured_media":0,"parent":0,"menu_order":0,"comment_status":"closed","ping_status":"closed","template":"","meta":[],"_links":{"self":[{"href":"http:\/\/desafioglobal.org\/es\/wp-json\/wp\/v2\/pages\/432"}],"collection":[{"href":"http:\/\/desafioglobal.org\/es\/wp-json\/wp\/v2\/pages"}],"about":[{"href":"http:\/\/desafioglobal.org\/es\/wp-json\/wp\/v2\/types\/page"}],"author":[{"embeddable":true,"href":"http:\/\/desafioglobal.org\/es\/wp-json\/wp\/v2\/users\/3"}],"replies":[{"embeddable":true,"href":"http:\/\/desafioglobal.org\/es\/wp-json\/wp\/v2\/comments?post=432"}],"version-history":[{"count":1,"href":"http:\/\/desafioglobal.org\/es\/wp-json\/wp\/v2\/pages\/432\/revisions"}],"predecessor-version":[{"id":433,"href":"http:\/\/desafioglobal.org\/es\/wp-json\/wp\/v2\/pages\/432\/revisions\/433"}],"wp:attachment":[{"href":"http:\/\/desafioglobal.org\/es\/wp-json\/wp\/v2\/media?parent=432"}],"curies":[{"name":"wp","href":"https:\/\/api.w.org\/{rel}","templated":true}]}}