{"id":387,"date":"2013-11-08T12:58:00","date_gmt":"2013-11-08T12:58:00","guid":{"rendered":"http:\/\/desafioglobal.org\/es\/?page_id=387"},"modified":"2016-01-30T18:53:19","modified_gmt":"2016-01-30T18:53:19","slug":"estudios-de-caso","status":"publish","type":"page","link":"http:\/\/desafioglobal.org\/es\/estudios-de-caso\/","title":{"rendered":"Estudios de Caso"},"content":{"rendered":"<p>DESAFIO produjo 10 informes de estudios de caso que cubren ocho experiencias de innovaciones socio-t\u00e9cnicas dise\u00f1adas para democratizar la pol\u00edtica y la gesti\u00f3n de los servicios de agua y saneamiento y confrontar la situaci\u00f3n de desigualdad que afecta a las comunidades vulnerables. Las innovaciones fueron implementadas en Argentina, Brasil y Colombia durante varias d\u00e9cadas. Estas experiencias incluyen desde sistemas de agua para consumo humano organizados a partir de surgentes, organizados y gestionados por comunidades locales, que datan por lo menos desde la d\u00e9cada de 1960, hasta intervenciones para proveer servicios b\u00e1sicos de agua y saneamiento implementadas durante el per\u00edodo de la investigaci\u00f3n (2013-2015). Los 10 informes cubren 5 soluciones innovadoras introducidas en Brasil, 2 de Colombia, y 1 de Argentina. M\u00e1s abajo podr\u00e1 encontrar los v\u00ednculos a las p\u00e1ginas individuales de cada informe de estudio de caso.<\/p>\n<p>Todos los informes est\u00e1n disponibles gratuitamente como Cuadernos de Trabajo en nuestra <a title=\"DESAFIO Publications\" href=\" http:\/\/desafioglobal.org\/es\/publicaciones\/\">p\u00e1gina de Publicaciones<\/a>.<\/p>\n<p>&nbsp;<\/p>\n<p><b>Casos Hist\u00f3ricos<\/b><\/p>\n<p><a title=\"Caso Hist\u00f3rico 2.1\" href=\"http:\/\/desafioglobal.org\/es\/caso-historico-2-1\/\" target=\"_blank\">2.1 Evaluaci\u00f3n Pol\u00edtico-Institucional del Modelo SISAR en el Noreste de Brasil<\/a><\/p>\n<p><a title=\"Caso Hist\u00f3rico 2.2\" href=\"http:\/\/desafioglobal.org\/es\/caso-historico-2-2\/\" target=\"_blank\">2.2 El Sistema Condominial de Saneamiento en Zonas Especiales de Inter\u00e9s Social (ZEIS) en Recife, Brasil<\/a><\/p>\n<p><a title=\"Caso Hist\u00f3rico 2.3\" href=\"http:\/\/desafioglobal.org\/es\/caso-historico-2-3\/\" target=\"_blank\">2.3 Evaluaci\u00f3n de Tecnolog\u00edas Apropiadas para el Acceso al Agua en Comunidades Vulnerables en la Baixada Fluminense, R\u00edo de Janeiro, Brasil<\/a><\/p>\n<p><a title=\"Caso Hist\u00f3rico 2.4\" href=\"http:\/\/desafioglobal.org\/es\/caso-historico-2-4\/\" target=\"_blank\">2.4 Empoderamiento, Resiliencia y Sustentabilidad: Evaluaci\u00f3n de un Sistema Integrado de Agua y Saneamiento en una Comunidad Rural en Colombia<\/a><\/p>\n<p><b>Casos Actuales<\/b><\/p>\n<p><a title=\"Caso Actual 3.1\" href=\"http:\/\/desafioglobal.org\/es\/caso-actual-3-1\/\" target=\"_blank\">3.1 Estudio Etnogr\u00e1fico del Modelo SISAR<\/a><\/p>\n<p><a title=\"Caso Actual 3.2\" href=\"http:\/\/desafioglobal.org\/es\/caso-actual-3-2\/\" target=\"_blank\">3.2 Dimensiones Socio-T\u00e9cnicas del Sistema de \u2018Saneamiento Integrado\u2019 en Barrios de Bajos Ingresos en Recife, Brasil<\/a><\/p>\n<p><a title=\"Caso Actual 3.3\" href=\"http:\/\/desafioglobal.org\/es\/caso-actual-3-3\/\" target=\"_blank\">3.3 Gesti\u00f3n Comunitaria del Agua Rural y Asociatividad en Colombia<\/a><\/p>\n<p><b>Casos de Intervenci\u00f3n<\/b><\/p>\n<p><a title=\"Caso de Intervenci\u00f3n 4.1\" href=\"http:\/\/desafioglobal.org\/es\/intervention-case-4-1\/\" target=\"_blank\">4.1 Generaci\u00f3n Participativa de un Sistema de Tratamiento de Agua en una Comunidad Quilombola en Minas Gerais, Brasil<\/a><\/p>\n<p><a title=\"Caso de Intervenci\u00f3n 4.2\" href=\"http:\/\/desafioglobal.org\/es\/caso-de-intervencion-4-2\/\" target=\"_blank\">4.2 Sistema Comunitario de Abastecimiento de Agua y Saneamiento en una Comunidad Rural en el Noreste de Brasil<\/a><\/p>\n<p><a title=\"Caso de Intervenci\u00f3n 4.3\" href=\"http:\/\/desafioglobal.org\/es\/caso-de-intervencion-4-3\/\" target=\"_blank\">4.3 Desarrollo de Capacidades para Monitorear la Calidad del Agua en Comunidades Vulnerables en Argentina<\/a><\/p>\n<p>&nbsp;<\/p>\n","protected":false},"excerpt":{"rendered":"<p>DESAFIO produjo 10 informes de estudios de caso que cubren ocho experiencias de innovaciones socio-t\u00e9cnicas dise\u00f1adas para democratizar la pol\u00edtica y la gesti\u00f3n de los servicios de agua y saneamiento y confrontar la situaci\u00f3n de desigualdad que afecta a las comunidades vulnerables. Las innovaciones fueron implementadas en Argentina, Brasil y Colombia durante varias d\u00e9cadas. Estas [&hellip;]<\/p>\n","protected":false},"author":3,"featured_media":0,"parent":0,"menu_order":0,"comment_status":"closed","ping_status":"closed","template":"","meta":[],"_links":{"self":[{"href":"http:\/\/desafioglobal.org\/es\/wp-json\/wp\/v2\/pages\/387"}],"collection":[{"href":"http:\/\/desafioglobal.org\/es\/wp-json\/wp\/v2\/pages"}],"about":[{"href":"http:\/\/desafioglobal.org\/es\/wp-json\/wp\/v2\/types\/page"}],"author":[{"embeddable":true,"href":"http:\/\/desafioglobal.org\/es\/wp-json\/wp\/v2\/users\/3"}],"replies":[{"embeddable":true,"href":"http:\/\/desafioglobal.org\/es\/wp-json\/wp\/v2\/comments?post=387"}],"version-history":[{"count":9,"href":"http:\/\/desafioglobal.org\/es\/wp-json\/wp\/v2\/pages\/387\/revisions"}],"predecessor-version":[{"id":940,"href":"http:\/\/desafioglobal.org\/es\/wp-json\/wp\/v2\/pages\/387\/revisions\/940"}],"wp:attachment":[{"href":"http:\/\/desafioglobal.org\/es\/wp-json\/wp\/v2\/media?parent=387"}],"curies":[{"name":"wp","href":"https:\/\/api.w.org\/{rel}","templated":true}]}}