{"id":31,"date":"2013-07-08T20:00:54","date_gmt":"2013-07-08T20:00:54","guid":{"rendered":"http:\/\/desafioglobal.org\/es\/?page_id=31"},"modified":"2013-08-20T14:26:01","modified_gmt":"2013-08-20T14:26:01","slug":"politica-de-accesibilidad","status":"publish","type":"page","link":"http:\/\/desafioglobal.org\/es\/politica-de-accesibilidad\/","title":{"rendered":"Pol\u00edtica de Accesibilidad"},"content":{"rendered":"<p><span style=\"line-height: 1.714285714; font-size: 1rem;\">Esta p\u00e1gina web p\u00fablica contiene informaci\u00f3n y documentos relacionados con las actividades del Proyecto de Investigaci\u00f3n DESAFIO.<\/span><\/p>\n<p><span style=\"line-height: 1.714285714; font-size: 1rem;\">Las opiniones, datos y otros materiales en esta p\u00e1gina web son exclusivamente de responsabilidad del consorcio de investigaci\u00f3n responsable por el proyecto y no representa la opini\u00f3n de la Uni\u00f3n Europea. La Uni\u00f3n Europea no es responsable por el uso que pueda hacerse de los datos u otras informaciones que aparecen en esta p\u00e1gina.<\/span><\/p>\n<p><span style=\"line-height: 1.714285714; font-size: 1rem;\">Nuestro objetivo es mantener esta informaci\u00f3n correcta y precisa. Si alg\u00fan error es reportado, vamos a intentar corregirlo. Sin embargo, DESAFIO no acepta ninguna responsabilidad u obligaci\u00f3n con relaci\u00f3n al contenido de esta p\u00e1gina.<\/span><\/p>\n<p>Este contenido es:<\/p>\n<ul>\n<li>Informaci\u00f3n de naturaleza general y no se destina a abordar las circunstancias especificas de ning\u00fan individuo o entidad en particular<\/li>\n<li>No es necesariamente exhaustivo, completo, rigoroso o actualizado<\/li>\n<li>A veces est\u00e1 ligado a p\u00e1ginas web externas sobre las cuales no tenemos control y por las cuales no asumimos ninguna responsabilidad<\/li>\n<\/ul>\n<p>Nuestro objetivo es minimizar los inconvenientes causados por errores t\u00e9cnicos. Sin embargo, algunos datos e informaciones en nuestra p\u00e1gina pueden haber sido creados o estructurados en ficheros o formatos que no est\u00e1n exentos de errores y no podemos garantizar que nuestro servicio no ser\u00e1 interrumpido o afectado por tales problemas. No aceptamos ninguna responsabilidad con relaci\u00f3n a estos problemas o sus consecuencias, los cuales pueden ocurrir como resultado de una consulta a esta p\u00e1gina web o cualquier otra p\u00e1gina externa ligada a \u00e9sta.<\/p>\n<p>Esta pol\u00edtica de accesibilidad no se destina a contrariar ninguno de los requisitos establecidos en la legislaci\u00f3n nacional aplicable, ni a eliminar la responsabilidad en los casos en que no puede ser eliminada la aplicaci\u00f3n de \u00e9sta.<\/p>\n","protected":false},"excerpt":{"rendered":"<p>Esta p\u00e1gina web p\u00fablica contiene informaci\u00f3n y documentos relacionados con las actividades del Proyecto de Investigaci\u00f3n DESAFIO. Las opiniones, datos y otros materiales en esta p\u00e1gina web son exclusivamente de responsabilidad del consorcio de investigaci\u00f3n responsable por el proyecto y no representa la opini\u00f3n de la Uni\u00f3n Europea. La Uni\u00f3n Europea no es responsable por [&hellip;]<\/p>\n","protected":false},"author":1,"featured_media":0,"parent":0,"menu_order":0,"comment_status":"closed","ping_status":"open","template":"","meta":[],"_links":{"self":[{"href":"http:\/\/desafioglobal.org\/es\/wp-json\/wp\/v2\/pages\/31"}],"collection":[{"href":"http:\/\/desafioglobal.org\/es\/wp-json\/wp\/v2\/pages"}],"about":[{"href":"http:\/\/desafioglobal.org\/es\/wp-json\/wp\/v2\/types\/page"}],"author":[{"embeddable":true,"href":"http:\/\/desafioglobal.org\/es\/wp-json\/wp\/v2\/users\/1"}],"replies":[{"embeddable":true,"href":"http:\/\/desafioglobal.org\/es\/wp-json\/wp\/v2\/comments?post=31"}],"version-history":[{"count":5,"href":"http:\/\/desafioglobal.org\/es\/wp-json\/wp\/v2\/pages\/31\/revisions"}],"predecessor-version":[{"id":189,"href":"http:\/\/desafioglobal.org\/es\/wp-json\/wp\/v2\/pages\/31\/revisions\/189"}],"wp:attachment":[{"href":"http:\/\/desafioglobal.org\/es\/wp-json\/wp\/v2\/media?parent=31"}],"curies":[{"name":"wp","href":"https:\/\/api.w.org\/{rel}","templated":true}]}}