{"id":29,"date":"2013-07-08T20:00:54","date_gmt":"2013-07-08T20:00:54","guid":{"rendered":"http:\/\/desafioglobal.org\/es\/?page_id=29"},"modified":"2015-08-20T21:42:04","modified_gmt":"2015-08-20T21:42:04","slug":"reuniones","status":"publish","type":"page","link":"http:\/\/desafioglobal.org\/es\/reuniones\/","title":{"rendered":"Reuniones"},"content":{"rendered":"<p>Durante el per\u00edodo del proyecto (1-2-2013 a 31-7-2015), DESAFIO organiz\u00f3 una variedad de reuniones que cubrieron actividades de coordinaci\u00f3n y gesti\u00f3n del proyecto, de investigaci\u00f3n, de involucramiento con el p\u00fablico y de diseminaci\u00f3n de nuestras actividades y resultados. Agrupamos estos eventos en Reuniones de Proyecto y Reuniones de Involucramiento y Diseminaci\u00f3n. Nuestro <a href=\"http:\/\/desafioglobal.org\/es\/boletin\/\">Bolet\u00edn<\/a> suministr\u00f3 informaci\u00f3n regular sobre estas reuniones. Adicionalmente, los socios decidieron organizar Reuniones Pos-Proyecto, autofinanciadas, a partir del fin del proyecto en julio de 2015. Estos encuentros tienen como finalidad potenciar las actividades de diseminaci\u00f3n de los resultados del proyecto y la interacci\u00f3n con actores sociales relevantes a los temas de investigaci\u00f3n del mismo.<\/p>\n<h2>Reuniones de Proyecto<\/h2>\n<p>El Equipo de DESAFIO realiz\u00f3 en total tres reuniones presenciales durante la vida del Proyecto, en febrero de 2013, en agosto de 2014, y en julio de 2015 (ver abajo Reuniones de Proyecto Presenciales). Estas fueron\u00a0reuniones plenarias presenciales con la participaci\u00f3n de representantes de todas las instituciones que componen el Equipo de Investigaci\u00f3n para discutir el progreso del proyecto y elaborar planes para las siguientes etapas. En general, invitamos a estas reuniones a los miembros de nuestro <a href=\"http:\/\/desafioglobal.org\/es\/coordinacion\/comite\/\">Comit\u00e9 Asesor Estrat\u00e9gico<\/a> y de nuestros <a href=\"http:\/\/desafioglobal.org\/coordination\/case-study-advisory-committees\/\">Comit\u00e9s Asesores de los Estudios de Caso<\/a>. Estas reuniones presenciales incluyeron sesiones del Equipo de Gesti\u00f3n del Proyecto, que estuvo a cargo de las decisiones sobre el progreso, los problemas y la gesti\u00f3n del proyecto.<\/p>\n<p>Vea m\u00e1s detalles sobre nuestras tres <a href=\"http:\/\/desafioglobal.org\/es\/reuniones\/reuniones-internas\/\">Reuniones Presenciales de Proyecto aqu\u00ed<\/a>.<\/p>\n<p>Entre estas tres reuniones presenciales nuestro proyecto realiz\u00f3 regularmente reuniones plenarias virtuales del Equipo de Investigaci\u00f3n v\u00eda Internet, con objetivos similares. Entre la primera y la segunda reuni\u00f3n presencial nuestro proyecto realiz\u00f3 cuatro reuniones plenarias virtuales, el 18 de junio de 2013, el 26 de agosto de 2013, el 25 de noviembre de 2013, y el 19 de marzo de 2014. Entre la segunda y la tercera reuni\u00f3n presencial, realizamos tres reuniones virtuales, el 13 de enero, el 24 de abril y el 8 de julio de 2015.<\/p>\n<p>Adicionalmente, la Unidad de Coordinaci\u00f3n del Proyecto mantuvo una comunicaci\u00f3n regular, normalmente semanal, en persona o por tel\u00e9fono, correo electr\u00f3nico o Internet. El Coordinador del Proyecto tambi\u00e9n mantuvo reuniones regulares, presenciales y virtuales, con miembros de los Equipos de Investigaci\u00f3n y de Gesti\u00f3n del Proyecto locales en Argentina, Brasil, Colombia y Portugal. Estos encuentros incluyeron reuniones individuales programadas, presenciales y virtuales, con cada equipo de investigaci\u00f3n a cargo de los <a href=\"http:\/\/desafioglobal.org\/es\/estudios-de-caso\/\/\">diez Estudios de Caso del proyecto<\/a>, para discutir los avances de la investigaci\u00f3n. Estas reuniones incluyeron regularmente a miembros de nuestro <a href=\"http:\/\/desafioglobal.org\/es\/coordinacion\/comite\/\">Comit\u00e9 Asesor Estrat\u00e9gico<\/a> y de nuestros <a href=\"http:\/\/desafioglobal.org\/coordination\/case-study-advisory-committees\/\">Comit\u00e9s Asesores de los Estudios de Caso<\/a>.<\/p>\n<p>&nbsp;<\/p>\n<h2>Reuniones de Involucramiento y Diseminaci\u00f3n<\/h2>\n<p>Nuestro proyecto organiz\u00f3 una serie de eventos orientados a involucrar en nuestras actividades de investigaci\u00f3n a actores relevantes externos a DESAFIO, as\u00ed como para diseminar nuestro trabajo y recibir comentarios. A este efecto invitamos a miembros de las comunidades locales con las cuales trabajamos en nuestros casos de estudio, y representantes de instituciones del sector p\u00fablico, ONGs, organizaciones sociales, sindicatos de trabajadores y otros actores relevantes, incluyendo expertos, acad\u00e9micos y estudiantes, y otros profesionales que trabajan en nuestro campo.<\/p>\n<p>Aprovechando el hecho de que nuestro Proyecto realiz\u00f3 tres grandes reuniones plenarias internacionales, presenciales, con la participaci\u00f3n de todos los miembros senior de nuestro Equipo de Investigaci\u00f3n, tambi\u00e9n organizamos conferencias y seminarios que tuvieron lugar durante la misma semana que nuestras Reuniones de Proyecto. Organizamos una Conferencia Internacional el 25 de febrero de 2013 , un Curso y Seminario Internacional el 29 de agosto de 2014 y una Segunda Conferencia Internacional el 27 y 28 de julio de 2015.<\/p>\n<p>Vea m\u00e1s detalles de nuestras <a href=\"http:\/\/desafioglobal.org\/es\/reuniones\/reuniones-abiertas\/\">Reuniones de Involucramiento y Diseminaci\u00f3n aqu\u00ed<\/a>.<\/p>\n<p>Adicionalmente, organizamos reuniones regulares de involucramiento y diseminaci\u00f3n a nivel local, regional y nacional en los pa\u00edses participantes en DESAFIO, as\u00ed como tambi\u00e9n a nivel internacional. Estos eventos incluyeron la participaci\u00f3n de nuestros miembros en reuniones profesionales y acad\u00e9micas, as\u00ed como la organizaci\u00f3n de sesiones especiales en las reuniones anuales de la <a href=\"http:\/\/waterlat.org\/es\/encuentros\/public-meetings\/\">Red WATERLAT-GOBACIT<\/a>.<\/p>\n<p>&nbsp;<\/p>\n<h2>Reuniones Pos-Proyecto<\/h2>\n<p>Los socios decidieron organizar un n\u00famero de reuniones con posterioridad al fin del proyecto en julio de 2015 para amplificar el impacto del proyecto entre posibles beneficiarios de los resultados de investigaci\u00f3n, potenciando las actividades de diseminaci\u00f3n y de interacci\u00f3n con actores sociales relevantes. Estas reuniones son autofinanciadas por los socios, en colaboraci\u00f3n con organizaciones p\u00fablicas y de la sociedad civil, y con el apoyo de la <a href=\"http:\/\/waterlat.org\/es\/encuentros\/public-meetings\/\">Red WATERLAT-GOBACIT<\/a>.<\/p>\n<p>&nbsp;<\/p>\n<p>L\u00e9a m\u00e1s sobre nuestras reuniones en el <a href=\"http:\/\/desafioglobal.org\/es\/boletin\/\">Bolet\u00edn de DESAFIO<\/a>.<\/p>\n<p>&nbsp;<\/p>\n","protected":false},"excerpt":{"rendered":"<p>Durante el per\u00edodo del proyecto (1-2-2013 a 31-7-2015), DESAFIO organiz\u00f3 una variedad de reuniones que cubrieron actividades de coordinaci\u00f3n y gesti\u00f3n del proyecto, de investigaci\u00f3n, de involucramiento con el p\u00fablico y de diseminaci\u00f3n de nuestras actividades y resultados. Agrupamos estos eventos en Reuniones de Proyecto y Reuniones de Involucramiento y Diseminaci\u00f3n. Nuestro Bolet\u00edn suministr\u00f3 informaci\u00f3n [&hellip;]<\/p>\n","protected":false},"author":1,"featured_media":0,"parent":0,"menu_order":0,"comment_status":"closed","ping_status":"closed","template":"page-templates\/full-width.php","meta":[],"_links":{"self":[{"href":"http:\/\/desafioglobal.org\/es\/wp-json\/wp\/v2\/pages\/29"}],"collection":[{"href":"http:\/\/desafioglobal.org\/es\/wp-json\/wp\/v2\/pages"}],"about":[{"href":"http:\/\/desafioglobal.org\/es\/wp-json\/wp\/v2\/types\/page"}],"author":[{"embeddable":true,"href":"http:\/\/desafioglobal.org\/es\/wp-json\/wp\/v2\/users\/1"}],"replies":[{"embeddable":true,"href":"http:\/\/desafioglobal.org\/es\/wp-json\/wp\/v2\/comments?post=29"}],"version-history":[{"count":23,"href":"http:\/\/desafioglobal.org\/es\/wp-json\/wp\/v2\/pages\/29\/revisions"}],"predecessor-version":[{"id":835,"href":"http:\/\/desafioglobal.org\/es\/wp-json\/wp\/v2\/pages\/29\/revisions\/835"}],"wp:attachment":[{"href":"http:\/\/desafioglobal.org\/es\/wp-json\/wp\/v2\/media?parent=29"}],"curies":[{"name":"wp","href":"https:\/\/api.w.org\/{rel}","templated":true}]}}