{"id":24,"date":"2013-07-08T20:00:54","date_gmt":"2013-07-08T20:00:54","guid":{"rendered":"http:\/\/desafioglobal.org\/es\/?page_id=24"},"modified":"2015-09-13T12:04:15","modified_gmt":"2015-09-13T12:04:15","slug":"coordinacion","status":"publish","type":"page","link":"http:\/\/desafioglobal.org\/es\/coordinacion\/","title":{"rendered":"Equipo de Coordinaci\u00f3n y Gesti\u00f3n"},"content":{"rendered":"<h2>\u00a0<\/h2>\n<h2>Unidad de Coordinaci\u00f3n de Proyecto<\/h2>\n<h4>\u00a0<\/h4>\n<h4>Coordinador del Proyecto<\/h4>\n<p>Prof. Jos\u00e9 Esteban Castro, Universidad de Newcastle, Reino Unido<\/p>\n<h4>Subcoordinador<\/h4>\n<p>Prof. L\u00e9o Heller, Universidad Federal de Minas Gerais, Belo Horizonte, Brasil<\/p>\n<h4>Asesor del Proyecto<\/h4>\n<p>Dr Jaime Amezaga, Universidad de Newcastle, Reino Unido<\/p>\n<h4>Asesora Especial para Brasil<\/h4>\n<p>Dra Marcionila Fernandes, Universidad Estatal de Para\u00edba (UEPB), Brasil<\/p>\n<h4>Administradora del Proyecto<\/h4>\n<p>Dr Gisela Zapata, Universidad de Newcastle, Reino Unido<\/p>\n<p>&nbsp;<\/p>\n<p style=\"text-align: center\"><strong>______________________________________<\/strong><\/p>\n<p>&nbsp;<\/p>\n<h2>Equipo de Gesti\u00f3n del Proyecto<\/h2>\n<p>Prof. Jos\u00e9 Esteban Castro, Universidad de Newcastle, Reino Unido, Coordinador del Equipo<\/p>\n<p>Prof. L\u00e9o Heller, Universidad Federal de Minas Gerais, Belo Horizonte, Brasil<\/p>\n<p>Dr. Jaime Amezaga, Universidad de Newcastle, Reino Unido<\/p>\n<p>Mtra. Hermelinda Maria Rocha Ferreira, Universidad Federal de Pernambuco (UFPE), Recife, Brasil, en representaci\u00f3n de la Dra. Suzana Maria Gico Lima Montenegro (UFPE)<\/p>\n<p>Dra. Ana L\u00facia Britto, Universidad Federal de Rio de Janeiro (UFRJ), Rio de Janeiro, Brasil<\/p>\n<p>Ing. Helder dos Santos Cortez, Compa\u00f1\u00eda de Agua y Saneamiento de Cear\u00e1 (CAGECE), Fortaleza, Brasil<\/p>\n<p>Dra. Margarita Portapila, Universidad Nacional de Rosario (UNR), Rosario, Argentina<\/p>\n<p>Prof. Miguel Pe\u00f1a, Universidad del Valle (UNIVALLE), Cali, Colombia<\/p>\n<p>Profa. Mariela Vargas, Universidad del Valle (UNIVALLE), Cali, Colombia<\/p>\n<p>Profa. Maria Cunha, IMAR-UC, Instituto del Mar, Universidad de Coimbra, Coimbra, Portugal<\/p>\n","protected":false},"excerpt":{"rendered":"<p>\u00a0 Unidad de Coordinaci\u00f3n de Proyecto \u00a0 Coordinador del Proyecto Prof. Jos\u00e9 Esteban Castro, Universidad de Newcastle, Reino Unido Subcoordinador Prof. L\u00e9o Heller, Universidad Federal de Minas Gerais, Belo Horizonte, Brasil Asesor del Proyecto Dr Jaime Amezaga, Universidad de Newcastle, Reino Unido Asesora Especial para Brasil Dra Marcionila Fernandes, Universidad Estatal de Para\u00edba (UEPB), Brasil [&hellip;]<\/p>\n","protected":false},"author":1,"featured_media":0,"parent":0,"menu_order":0,"comment_status":"closed","ping_status":"open","template":"page-templates\/full-width.php","meta":[],"_links":{"self":[{"href":"http:\/\/desafioglobal.org\/es\/wp-json\/wp\/v2\/pages\/24"}],"collection":[{"href":"http:\/\/desafioglobal.org\/es\/wp-json\/wp\/v2\/pages"}],"about":[{"href":"http:\/\/desafioglobal.org\/es\/wp-json\/wp\/v2\/types\/page"}],"author":[{"embeddable":true,"href":"http:\/\/desafioglobal.org\/es\/wp-json\/wp\/v2\/users\/1"}],"replies":[{"embeddable":true,"href":"http:\/\/desafioglobal.org\/es\/wp-json\/wp\/v2\/comments?post=24"}],"version-history":[{"count":11,"href":"http:\/\/desafioglobal.org\/es\/wp-json\/wp\/v2\/pages\/24\/revisions"}],"predecessor-version":[{"id":860,"href":"http:\/\/desafioglobal.org\/es\/wp-json\/wp\/v2\/pages\/24\/revisions\/860"}],"wp:attachment":[{"href":"http:\/\/desafioglobal.org\/es\/wp-json\/wp\/v2\/media?parent=24"}],"curies":[{"name":"wp","href":"https:\/\/api.w.org\/{rel}","templated":true}]}}