{"id":224,"date":"2013-09-06T19:50:25","date_gmt":"2013-09-06T19:50:25","guid":{"rendered":"http:\/\/desafioglobal.org\/es\/?page_id=224"},"modified":"2014-03-14T12:18:42","modified_gmt":"2014-03-14T12:18:42","slug":"case-study-advisory-committees","status":"publish","type":"page","link":"http:\/\/desafioglobal.org\/es\/coordinacion\/case-study-advisory-committees\/","title":{"rendered":"Comit\u00e9s Asesores de los Estudios de Caso"},"content":{"rendered":"<p><strong>1.<\/strong> <strong>Comit\u00e9 Asesor Local para los Estudios de Caso sobre los Sistemas de Agua y Saneamiento Condominial e Integrado, Recife, Brasil<\/strong><\/p>\n<ul>\n<li>Pergentina Vilarim. Foro Estatal de la Reforma Urbana (FERU), Pernambuco y Confederaci\u00f3n Nacional de las Associaciones de Moradores (CONAM), Brasil<\/li>\n<li>Evanildo Barbosa. Federaci\u00f3n de \u00d3rganos para la Asistencia Social y Educacional (FASE), Pernambuco, Brasil<\/li>\n<li>Paulo Henrique Martins. Universidad Federal de Pernambuco, Brasil<\/li>\n<li>Mauro Bernardo Lima. Foro Estatal de la Reforma Urbana (FERU) y Federaci\u00f3n Municipal de las Entidades Comunitarias de Abreu e Lima\u00a0 (FEMECOAL), Pernambuco, Brasil<\/li>\n<li>Adelmo Ara\u00fajo. Federaci\u00f3n de \u00d3rganos para la Asistencia Social y Educacional (FASE), Pernambuco, Brasil<\/li>\n<\/ul>\n<p><b>2.<\/b> <b>Comit\u00e9 Asesor Local para el Estudio de Caso sobre la Producci\u00f3n Participativa de un Sistema de Tratamiento de Agua en una Comunidad Quilombola en Minas Gerais (MG), Brasil<\/b><\/p>\n<ul>\n<li>Sandra Maria da Silva. Federaci\u00f3n de Comunidades Quilombolas de Minas Gerais (N&#8217;Golo)<\/li>\n<li>Jos\u00e9 dos Passos Barbosa. Asociaci\u00f3n Quilombola de Bom Jardim, San Francisco, MG<\/li>\n<li>Altina Franco Cardoso. Asociaci\u00f3n Comunitaria de Lagedo, San Francisco, MG<\/li>\n<li>Agda Marina Ferreira Moreira. Centro de Documentaci\u00f3n Eloy Ferreira da Silva (CEDEFES)<\/li>\n<li>Luci Rodrigues Espeschit. Instituto Nacional de Colonizaci\u00f3n y Reforma Agraria (INCRA)<\/li>\n<li>Adriana Pereira Rodrigues e Cl\u00e9ver Alves Machado. Secretar\u00eda de Desarrollo Social (SEDESE) \/ Coordinaci\u00f3n de Pol\u00edticas de Pro-Igualdad Racial<\/li>\n<li>Carlos Roberto Horta. N\u00facleo de Estudios Sobre Trabajo Humano (NESTH) \/ FAFICH (UFMG)<\/li>\n<li>Val\u00e9ria Amorim. Departamento de Geograf\u00eda \/ Instituto de Geociencias (UFMG)<\/li>\n<\/ul>\n<p><b>3. Comit\u00e9 Asesor Local para los Estudios de Caso sobre el Modelo SISAR (Evaluaci\u00f3n Pol\u00edtico-Institucional y Estudio Etnogr\u00e1fico) y del Sistema Comunitario de Abastecimiento de Agua y Saneamiento en una Comunidad Rural en el Noreste de Brasil<\/b><\/p>\n<ul>\n<li>Jeovah Meireles, Profesor del Departamento de Geograf\u00eda y del Programa de Pos-graduaci\u00f3n en Desarrollo y Medio Ambiente, Universidad Federal de Cear\u00e1 (UFC)<\/li>\n<li><span style=\"line-height: 1.714285714;font-size: 1rem\">Alceu Galv\u00e3o, Coordinador de Saneamiento de la Agencia Reguladora de Servicios P\u00fablicos Delegados del Estado de Cear\u00e1 (ARCE)<\/span><\/li>\n<li><span style=\"line-height: 1.714285714;font-size: 1rem\">Chiquinho Texeira, Presidente de la Asociaci\u00f3n de Residentes de la Cuenca de Salgado<\/span><\/li>\n<\/ul>\n<p><b>4. Comit\u00e9 Asesor Local para el Estudio de Caso sobre Desarrollo de Capacidades para Monitorear la Calidad del Agua en Comunidades Vulnerables en Argentina<\/b><\/p>\n<ul>\n<li>Carolina Kaufmann, Profesora de la Facultad de Ciencias de la Educaci\u00f3n, Universidad Nacional de Entre R\u00edos y Profesora de la Facultad de Humanidades y Artes, Universidad Nacional de Rosario (UNR).\u00a0Directora del Grupo TIPHREA (Tendencias Ideol\u00f3gico\/Pedag\u00f3gicas en la Historia Reciente de la Educaci\u00f3n Argentina)<\/li>\n<li><span style=\"line-height: 1.714285714;font-size: 1rem\">Elba Stancich, ONG Taller Ecologista, Presidenta de la Fundaci\u00f3n Salud sin Da\u00f1o Am\u00e9rica Latina y Presidenta de la Junta Directiva de Los Verdes, Foro de Ecolog\u00eda Pol\u00edtica<\/span><\/li>\n<li><span style=\"line-height: 1.714285714;font-size: 1rem\">Alberto Mu\u00f1oz, Vocal del Ente Regulador de Servicios Sanitarios (ENRESS). Santa Fe, Argentina<\/span><\/li>\n<\/ul>\n<p><b>5. Comit\u00e9 Asesor Local para el Estudio de Caso sobre Tecnolog\u00edas Apropiadas para el Acceso a SAS en Comunidades Vulnerables en la Baixada Fluminense, Rio de Janeiro, Brasil<\/b><b><\/b><\/p>\n<ul>\n<li>Orlando Alves dos Santos Junior \u2013 Profesor del Instituto de Investigaci\u00f3n y Planificaci\u00f3n Urbana y Regional (IPPUR), Universidad Federal de Rio de Janeiro (UFRJ)<\/li>\n<li>Henri Acselrald \u2013 Profesor del Instituto de Investigaci\u00f3n y Planificaci\u00f3n Urbana y Regional (IPPUR), Universidad Federal de Rio de Janeiro (UFRJ)<\/li>\n<li>D\u00e9cio Tubbs \u2013 Asociaci\u00f3n Brasilera de Aguas Subterr\u00e1neas (ABAS), Director del Comit\u00e9 de Cuenca de Guandu<\/li>\n<li>Jos\u00e9 Anuncia\u00e7\u00e3o Gon\u00e7alves \u2013 Alcald\u00eda Municipal de Queimados, Secretaria del Medio Ambiente<\/li>\n<\/ul>\n","protected":false},"excerpt":{"rendered":"<p>1. Comit\u00e9 Asesor Local para los Estudios de Caso sobre los Sistemas de Agua y Saneamiento Condominial e Integrado, Recife, Brasil Pergentina Vilarim. Foro Estatal de la Reforma Urbana (FERU), Pernambuco y Confederaci\u00f3n Nacional de las Associaciones de Moradores (CONAM), Brasil Evanildo Barbosa. Federaci\u00f3n de \u00d3rganos para la Asistencia Social y Educacional (FASE), Pernambuco, Brasil [&hellip;]<\/p>\n","protected":false},"author":4,"featured_media":0,"parent":24,"menu_order":0,"comment_status":"closed","ping_status":"closed","template":"","meta":[],"_links":{"self":[{"href":"http:\/\/desafioglobal.org\/es\/wp-json\/wp\/v2\/pages\/224"}],"collection":[{"href":"http:\/\/desafioglobal.org\/es\/wp-json\/wp\/v2\/pages"}],"about":[{"href":"http:\/\/desafioglobal.org\/es\/wp-json\/wp\/v2\/types\/page"}],"author":[{"embeddable":true,"href":"http:\/\/desafioglobal.org\/es\/wp-json\/wp\/v2\/users\/4"}],"replies":[{"embeddable":true,"href":"http:\/\/desafioglobal.org\/es\/wp-json\/wp\/v2\/comments?post=224"}],"version-history":[{"count":9,"href":"http:\/\/desafioglobal.org\/es\/wp-json\/wp\/v2\/pages\/224\/revisions"}],"predecessor-version":[{"id":530,"href":"http:\/\/desafioglobal.org\/es\/wp-json\/wp\/v2\/pages\/224\/revisions\/530"}],"up":[{"embeddable":true,"href":"http:\/\/desafioglobal.org\/es\/wp-json\/wp\/v2\/pages\/24"}],"wp:attachment":[{"href":"http:\/\/desafioglobal.org\/es\/wp-json\/wp\/v2\/media?parent=224"}],"curies":[{"name":"wp","href":"https:\/\/api.w.org\/{rel}","templated":true}]}}