{"id":218,"date":"2013-09-06T18:57:00","date_gmt":"2013-09-06T18:57:00","guid":{"rendered":"http:\/\/desafioglobal.org\/es\/?page_id=218"},"modified":"2020-02-11T20:39:48","modified_gmt":"2020-02-11T20:39:48","slug":"publicaciones","status":"publish","type":"page","link":"http:\/\/desafioglobal.org\/es\/publicaciones\/","title":{"rendered":"Publicaciones"},"content":{"rendered":"<h2>Las publicaciones de DESAFIO est\u00e1n disponibles en la <a href=\"https:\/\/zenodo.org\/collection\/user-waterlat-gobacit\">Comunidad Zenodo de la Red WATERLAT-GOBACIT<\/a><\/h2>\n<p style=\"text-align: center;\"><strong>* * *<\/strong><\/p>\n<h2>Materiales publicados<\/h2>\n<h3>Informes del Proyecto<\/h3>\n<p>Castro, J. E. (2015). Informes Finales del Proyecto (en ingl\u00e9s), <span style=\"text-decoration: underline;\">Cuadernos de Trabajo de la Red WATERLAT-GOBACIT<\/span>, Serie Proyecto DESAFIO SPIDES, Vol. 2, No 16. DOI: 10.13140\/RG.2.1.4441.8169 <a href=\"http:\/\/waterlat.org\/WPapers\/WPSPIDES216.pdf\">Acceda aqu\u00ed al cuaderno<\/a>.<\/p>\n<p style=\"text-align: center;\"><strong>* * *<\/strong><\/p>\n<p>Pinto, R., Z. Teixeira, y M. Cunha (2015), \u201cAn\u00e1lisis Cros-Comparativo de los Estudios de caso (en ingl\u00e9s)\u201d, en J. E. Castro (Ed.), <span style=\"text-decoration: underline;\">Cuadernos de Trabajo de la Red WATERLAT-GOBACIT<\/span>, Serie Proyecto DESAFIO SPIDES, Vol. 2, No 15, pgs. 11-88. DOI: 10.5281\/zenodo.56110 <a href=\"http:\/\/waterlat.org\/WPapers\/WPSPIDES215Art1.pdf\">Acceda aqu\u00ed al art\u00edculo <\/a>. <a href=\"http:\/\/waterlat.org\/WPapers\/WPSPIDES215.pdf\">Acceda aqu\u00ed al cuaderno completo (DOI: 10.13140\/RG.2.1.3786.4568)<\/a>.<\/p>\n<p style=\"text-align: center;\"><strong>* * *<\/strong><\/p>\n<p>Castro, J. E. (2015), \u201cAn\u00e1lisis Cros-Comparativo por Pa\u00eds dentro del Contexto de Am\u00e9rica Latina\u201d (en ingl\u00e9s), <span style=\"text-decoration: underline;\">Cuadernos de Trabajo de la Red WATERLAT-GOBACIT<\/span>, Serie Proyecto DESAFIO SPIDES, Vol. 2, No 15, pgs. 90-141. DOI: 10.5281\/zenodo.56112 <a href=\"http:\/\/waterlat.org\/WPapers\/WPSPIDES215Art2.pdf\">Acceda aqu\u00ed al art\u00edculo<\/a>. <a href=\"http:\/\/waterlat.org\/WPapers\/WPSPIDES215.pdf\">Acceda aqu\u00ed al cuaderno completo (DOI: 0.13140\/RG.2.1.3786.4568<\/a>.<\/p>\n<p style=\"text-align: center;\"><strong>* * *<\/strong><\/p>\n<p>Castro, J. E. (2015). Marco Te\u00f3rico y Metodol\u00f3gico (en ingl\u00e9s), <span style=\"text-decoration: underline;\">Cuadernos de Trabajo de la Red WATERLAT-GOBACIT<\/span>, Serie Proyecto DESAFIO SPIDES, Vol. 2, No 14. DOI: 10.13140\/RG.2.1.2737.8802 <a href=\"http:\/\/waterlat.org\/WPapers\/WPSPIDES214.pdf\">Acceda aqu\u00ed al cuaderno<\/a>.<\/p>\n<p style=\"text-align: center;\"><strong>* * *<\/strong><\/p>\n<p>Portapila, M., J. C. Mar\u00edn, S. Omelianiuk, M. Orta, y H. Escobar (2015), \u201cDesarrollo de Capacidades para Monitorear la Calidad del Agua en Comunidades Vulnerables en Argentina\u201d, en J. E. Castro (Ed.), <span style=\"text-decoration: underline;\">Cuadernos de Trabajo de la Red WATERLAT-GOBACIT<\/span>, Serie Proyecto DESAFIO SPIDES, Vol. 2, No 13. DOI: 10.13140\/RG.2.1.2475.7363 <a href=\"http:\/\/waterlat.org\/WPapers\/WPSPIDES213.pdf\">Acceda aqu\u00ed al cuaderno<\/a>.<\/p>\n<p style=\"text-align: center;\"><strong>* * *<\/strong><\/p>\n<p>de P\u00e1dua, V. L., D. R. Vilela, y A. S. R. Silva (2015), \u201cGeneraci\u00f3n Participativa de un Sistema de Tratamiento de Agua en una Comunidad Quilombola en Minas Gerais, Brasil\u201d (en portugu\u00e9s), en J. E. Castro (Ed.), <span style=\"text-decoration: underline;\"> Cuadernos de Trabajo de la Red WATERLAT-GOBACIT<\/span>, Serie Proyecto DESAFIO SPIDES, Vol. 2, No 12. DOI: 10.13140\/RG.2.1.5097.1762 <a href=\"http:\/\/waterlat.org\/WPapers\/WPSPIDES212.pdf\">Acceda aqu\u00ed al cuaderno<\/a>.<\/p>\n<p style=\"text-align: center;\"><strong>* * *<\/strong><\/p>\n<p>Pe\u00f1a, M., M. Garc\u00eda, A. F. Toro, J. Vargas, V. A. Ceron, E. Mena, y V. Orjuela (2015), \u201cGesti\u00f3n Comunitaria del Agua Rural y Asociatividad en Colombia\u201d, en J. E. Castro (Ed.), <span style=\"text-decoration: underline;\">Cuadernos de Trabajo de la Red WATERLAT-GOBACIT<\/span>, Serie Proyecto DESAFIO SPIDES, Vol. 2, No 11. DOI: 10.13140\/RG.2.1.2148.0561 <a href=\"http:\/\/waterlat.org\/WPapers\/WPSPIDES211.pdf\">Acceda aqu\u00ed al cuaderno<\/a>.<\/p>\n<p style=\"text-align: center;\"><strong>* * *<\/strong><\/p>\n<p>Castro, J. E., y H. M. R. Ferreira (2015). \u201cDimensiones Socio-T\u00e9cnicas del Sistema de \u2018Saneamiento Integrado\u2019 en Barrios de Bajos Ingresos en Recife, Brasil\u201d (en portugu\u00e9s), en J. E. Castro (Ed.), <span style=\"text-decoration: underline;\">Cuadernos de Trabajo de la Red WATERLAT-GOBACIT<\/span>, Serie Proyecto DESAFIO SPIDES, Vol. 2, No 10. DOI: 10.13140\/RG.2.1.2442.9682 <a href=\"http:\/\/waterlat.org\/WPapers\/WPSPIDES210.pdf\">Acceda aqu\u00ed al cuaderno<\/a>.<\/p>\n<p style=\"text-align: center;\"><strong>* * *<\/strong><\/p>\n<p>Pe\u00f1a, M., M. Garc\u00eda, A. F. Toro, J. Vargas, V. A. Ceron, E. Mena, y V. Orjuela (2015a), \u201cEmpoderamiento, Resiliencia y Sustentabilidad: Evaluaci\u00f3n de un Sistema Integrado de Agua y Saneamiento en una Comunidad Rural en Colombia\u201d, en J. E. Castro (Ed.), <span style=\"text-decoration: underline;\">Cuadernos de Trabajo de la Red WATERLAT-GOBACIT<\/span>, Serie Proyecto DESAFIO SPIDES, Vol. 2, No 9. DOI: 10.13140\/RG.2.1.1361.6244 <a href=\" http:\/\/waterlat.org\/WPapers\/WPSPIDES29.pdf\">Acceda aqu\u00ed al cuaderno<\/a>.<\/p>\n<p style=\"text-align: center;\"><strong>* * *<\/strong><\/p>\n<p>Britto, A. L., A. Maiello, y S. Quintslr (2015), \u201cEvaluaci\u00f3n de Tecnolog\u00edas Apropiadas para el Acceso a Agua en Comunidades Vulnerables en la Baixada Fluminense, Rio de Janeiro, Brasil\u201d (en portugu\u00e9s), en J. E. Castro (Ed.), <span style=\"text-decoration: underline;\"> Cuadernos de Trabajo de la Red WATERLAT-GOBACIT<\/span>, Serie Proyecto DESAFIO SPIDES, Vol. 2, No 8. DOI: 10.13140\/RG.2.1.4507.3521 <a href=\" http:\/\/waterlat.org\/WPapers\/WPSPIDES28.pdf\">Acceda aqu\u00ed al cuaderno<\/a>.<\/p>\n<p style=\"text-align: center;\"><strong>* * *<\/strong><\/p>\n<p>Castro, J. E., y H. M. R. Ferreira (2015). \u201cEl Sistema Condominial de Saneamiento en Zonas Especiales de Inter\u00e9s Social (ZEIS) en Recife, Brasil\u201d (en portugu\u00e9s), en J. E. Castro (Ed.), <span style=\"text-decoration: underline;\">Cuadernos de Trabajo de la Red WATERLAT-GOBACIT<\/span>, Serie Proyecto DESAFIO SPIDES, Vol. 2, No 7. DOI: 10.13140\/RG.2.1.1918.6804 <a href=\" http:\/\/waterlat.org\/WPapers\/WPSPIDES27.pdf\">Acceda aqu\u00ed al cuaderno<\/a>.<\/p>\n<p style=\"text-align: center;\"><strong>* * *<\/strong><\/p>\n<p>Freitas, E., S. V. Castro, J. L. Pena, S. Rezende, y L. Heller (2015), \u201cEvaluaci\u00f3n Pol\u00edtico-Institucional del Modelo SISAR en el Noreste de Brasil\u201d (en portugu\u00e9s), en J. E. Castro (Ed.), \u201cEl Sistema Integrado de Agua y Saneamento Rural (SISAR) en Brasil\u201d, <span style=\"text-decoration: underline;\">Cuadernos de Trabajo de la Red WATERLAT-GOBACIT<\/span>, Serie Proyecto DESAFIO SPIDES, Vol. 2, No 6, pgs. 20-77. DOI: 10.5281\/zenodo.56113 <a href=\" http:\/\/waterlat.org\/WPapers\/WPSPIDES26Art1.pdf\">Acceda aqu\u00ed al art\u00edculo<\/a>. <a href=\" http:\/\/waterlat.org\/WPapers\/WPSPIDES26.pdf\">Acceda aqu\u00ed al cuaderno completo (DOI: 10.13140\/RG.2.1.3983.0644)<\/a>.<\/p>\n<p style=\"text-align: center;\"><strong>* * *<\/strong><\/p>\n<p>Brown, C. (2015), \u201cEstudio Etnogr\u00e1fico del modelo SISAR\u201d (en portugu\u00e9s), en J. E. Castro (Ed.), \u201cEl Sistema Integrado de Agua y Saneamento Rural (SISAR) en Brasil\u201d, <span style=\"text-decoration: underline;\">Cuadernos de Trabajo de la Red WATERLAT-GOBACIT<\/span>, Serie Proyecto DESAFIO SPIDES, Vol. 2, No 6, pgs. 78-161. DOI: 10.5281\/zenodo.56114 <a href=\" http:\/\/waterlat.org\/WPapers\/WPSPIDES26Art2.pdf\">Acceda aqu\u00ed al art\u00edculo<\/a>. <a href=\" http:\/\/waterlat.org\/WPapers\/WPSPIDES26.pdf\">Acceda aqu\u00ed al cuaderno completo (DOI: 10.13140\/RG.2.1.3983.0644)<\/a>.<\/p>\n<p style=\"text-align: center;\"><strong>* * *<\/strong><\/p>\n<p>Passos, B. S., B. Aleixo, J. Ayra, J. L. Pena, S. Rezende, y L. Heller (2015), \u201cSistema Comunitario de Abastecimiento de Agua y Saneamiento en una Comunidad Rural en el Noreste de Brasil\u201d (en portugu\u00e9s), en J. E. Castro (Ed.), \u201cEl Sistema Integrado de Agua y Saneamento Rural (SISAR) en Brasil\u201d, <span style=\"text-decoration: underline;\">Cuadernos de Trabajo de la Red WATERLAT-GOBACIT<\/span>, Serie Proyecto DESAFIO SPIDES, Vol. 2, No 6, pgs. 162-304. DOI: 10.5281\/zenodo.56116 <a href=\" http:\/\/waterlat.org\/WPapers\/WPSPIDES26Art3.pdf\">Acceda aqu\u00ed al art\u00edculo<\/a>. <a href=\" http:\/\/waterlat.org\/WPapers\/WPSPIDES26.pdf\">Acceda aqu\u00ed al cuaderno completo (DOI: 10.13140\/RG.2.1.3983.0644)<\/a>.<\/p>\n<p style=\"text-align: center;\"><strong>* * * * *<\/strong><\/p>\n<h3>Otros informes y art\u00edculos<\/h3>\n<p>Passos, Barbara Silva, &#8220;Saneamento e sa\u00fade: uma experi\u00eancia de gest\u00e3o comunit\u00e1ria no semi\u00e1rido brasileiro&#8221;, <span style=\"text-decoration: underline;\">Cuadernos de Trabajo de la Red WATERLAT-GOBACIT <\/span>, Vol. 4, No 5, 2017, p\u00e1gs. 20-34 DOI: 10.5072\/zenodo.210708 (<a href=\"http:\/\/waterlat.org\/WPapers\/WGWPVol4No5.pdf\">disponible aqu\u00ed<\/a>).<br \/>\nQuintslr, Suy\u00e1 y Ana L\u00facia Britto, &#8220;Desigualdades no acesso \u00e0 agua e ao saneamento: impasses da pol\u00edtica p\u00fablica na metr\u00f3pole fluminense&#8221;, en J. E. Castro (Ed.), Contradicci\u00f3n, Obst\u00e1culos y Opportunidades que presenta la Implementaci\u00f3n del Derecho Humano al Agua, <span style=\"text-decoration: underline;\">Cuadernos de Trabajo de la Red WATERLAT-GOBACIT<\/span>, Vol. 1, No 2, 2014, pgs. 44-64 DOI: 10.13140\/RG.2.1.2016.9847 (<a href=\"http:\/\/waterlat.org\/WPapers\/WPSATCUASPENo2.pdf\">disponible aqu\u00ed<\/a>).<\/p>\n<p style=\"text-align: center;\"><strong>* * *<\/strong><\/p>\n<p>Castro, J. E. (Ed.), H. Rocha Ferreira e A. Ramos (Orgs.), \u201cInova\u00e7\u00f5es e desafios para a democratiza\u00e7\u00e3o dos servi\u00e7os de saneamento. S\u00edntese da Primeira Confer\u00eancia\u201d (Innovaciones y desaf\u00edos para la democratizaci\u00f3n de los servicios de agua y saneamiento. S\u00edntesis de la Primera Conferencia), Cuadernos de Trabajo de la Red WATERLAT, Vol 1, No 1, 2013. DOI: 10.13140\/RG.2.1.2541.2724 (<a href=\"http:\/\/waterlat.org\/WPapers\/WATERLAT%20Working%20Paper%20SPIDES%201.pdf\" target=\"_blank\" rel=\"noopener noreferrer\">disponible aqu\u00ed<\/a><\/p>\n<p style=\"text-align: center;\"><strong>* * * * *<\/strong><\/p>\n","protected":false},"excerpt":{"rendered":"<p>Las publicaciones de DESAFIO est\u00e1n disponibles en la Comunidad Zenodo de la Red WATERLAT-GOBACIT * * * Materiales publicados Informes del Proyecto Castro, J. E. (2015). Informes Finales del Proyecto (en ingl\u00e9s), Cuadernos de Trabajo de la Red WATERLAT-GOBACIT, Serie Proyecto DESAFIO SPIDES, Vol. 2, No 16. DOI: 10.13140\/RG.2.1.4441.8169 Acceda aqu\u00ed al cuaderno. * * [&hellip;]<\/p>\n","protected":false},"author":4,"featured_media":0,"parent":0,"menu_order":0,"comment_status":"closed","ping_status":"closed","template":"page-templates\/full-width.php","meta":[],"_links":{"self":[{"href":"http:\/\/desafioglobal.org\/es\/wp-json\/wp\/v2\/pages\/218"}],"collection":[{"href":"http:\/\/desafioglobal.org\/es\/wp-json\/wp\/v2\/pages"}],"about":[{"href":"http:\/\/desafioglobal.org\/es\/wp-json\/wp\/v2\/types\/page"}],"author":[{"embeddable":true,"href":"http:\/\/desafioglobal.org\/es\/wp-json\/wp\/v2\/users\/4"}],"replies":[{"embeddable":true,"href":"http:\/\/desafioglobal.org\/es\/wp-json\/wp\/v2\/comments?post=218"}],"version-history":[{"count":35,"href":"http:\/\/desafioglobal.org\/es\/wp-json\/wp\/v2\/pages\/218\/revisions"}],"predecessor-version":[{"id":1056,"href":"http:\/\/desafioglobal.org\/es\/wp-json\/wp\/v2\/pages\/218\/revisions\/1056"}],"wp:attachment":[{"href":"http:\/\/desafioglobal.org\/es\/wp-json\/wp\/v2\/media?parent=218"}],"curies":[{"name":"wp","href":"https:\/\/api.w.org\/{rel}","templated":true}]}}