{"id":20,"date":"2013-07-08T19:37:32","date_gmt":"2013-07-08T19:37:32","guid":{"rendered":"http:\/\/desafioglobal.org\/es\/?page_id=20"},"modified":"2013-10-02T18:10:08","modified_gmt":"2013-10-02T18:10:08","slug":"proyecto","status":"publish","type":"page","link":"http:\/\/desafioglobal.org\/es\/proyecto\/","title":{"rendered":"Proyecto"},"content":{"rendered":"<p><b>Hip\u00f3tesis y Argumentos de Base<\/b><\/p>\n<p>DESAFIO parte del supuesto de que para enfrentar con \u00e9xito los desaf\u00edos que enfrentan Brasil y Am\u00e9rica Latina en general, con relaci\u00f3n a la universalizaci\u00f3n sostenible del acceso a servicios de agua y saneamiento seguros, se requiere de soluciones socio-t\u00e9cnicas fundamentalmente radicales, es decir, que atacan las ra\u00edces del problema. Para ello es necesario romper con el status quo imperante dominado por soluciones centradas en la tecnolog\u00eda, impuestas desde arriba, y a menudo paternalistas e incluso, autoritarias. Tambi\u00e9n es necesario ir m\u00e1s all\u00e1 de la situaci\u00f3n imperante donde las organizaciones internacionales y los pa\u00edses donantes, por mencionar s\u00f3lo algunos de los actores principales en este campo, en teor\u00eda \u201cfavorecen\u201d tales innovaciones t\u00e9cnicas como los sistemas de agua y saneamiento de baja escala (por ejemplo, el sistema condominial de Brasil, los vendedores artesanales de agua de Paraguay, etc.), pero en la pr\u00e1ctica siguen ayudando la reproducci\u00f3n de un status quo que privilegia intereses de corto plazo sobre las necesidades de los pobres y muy pobres.<\/p>\n<p>Si queremos alcanzar los Objetivos de Desarrollo del Milenio (ODM), por no decir la universalizaci\u00f3n plena de SAS y otros servicios esenciales, existe la necesidad de subordinar la pol\u00edtica y la tecnolog\u00eda a los objetivos primarios de lograr eficacia y efectividad, no s\u00f3lo eficiencia, en el suministro de SAS. Por ejemplo, el an\u00e1lisis de la evidencia presentada en informes recientes sugiere que incluso en los casos en que se han mejorado algunos aspectos con respecto al acceso al agua, existe la necesidad de abordar el problema de la calidad del agua. Para proporcionar las herramientas, a nivel m\u00e1s global, para el monitoreo r\u00e1pido, confiable y barato de la calidad del agua, sobre todo en las comunidades vulnerables, es necesario desarrollar intervenciones socio-t\u00e9cnicas innovadoras, incluyendo avances tecnol\u00f3gicos y m\u00e9todos innovadores de valoraci\u00f3n.<\/p>\n<p>En este escenario, deben ser promovidas vigorosamente las tecnolog\u00edas apropiadas que permitan mejorar el suministro y la calidad del agua, la recuperaci\u00f3n, el reciclaje y la reutilizaci\u00f3n del agua, dentro de las limitaciones ambientales y socio-econ\u00f3micas locales. El desarrollo y adopci\u00f3n exitosos de estas innovaciones socio-t\u00e9cnicas requiere un enfoque de base con la participaci\u00f3n activa de las comunidades locales y otros actores relevantes en todas las etapas del proceso de investigaci\u00f3n-acci\u00f3n, desde su concepci\u00f3n hasta su dise\u00f1o, implementaci\u00f3n, monitoreo y validaci\u00f3n.<\/p>\n<p>DESAFIO tambi\u00e9n har\u00e1 una contribuci\u00f3n sustancial hacia una mejor comprensi\u00f3n de las necesidades, oportunidades, obst\u00e1culos, factores y procesos que permitan la implementaci\u00f3n exitosa de soluciones socio-t\u00e9cnicas mediante pr\u00e1cticas de gobernabilidad efectivas. Es ampliamente reconocido que el dise\u00f1o de estrategias de pol\u00edtica orientadas a la producci\u00f3n de la transformaci\u00f3n social, sobre todo entre las poblaciones vulnerables, requiere una acci\u00f3n coordinada a distintos niveles (principio de subsidiariedad), con la participaci\u00f3n p\u00fablica de todos los sectores (ciudadan\u00eda activa), incluyendo mujeres y ni\u00f1os, transparencia, y responsabilidad. Nuestro objetivo es producir conocimiento acerca de las estructuras econ\u00f3micas, socio-pol\u00edticas, culturales y pol\u00edtico-institucionales necesarias en cada una de las comunidades participantes para desarrollar innovaciones socio-t\u00e9cnicas adecuadas que generen escenarios alternativos de desarrollo econ\u00f3mico y social en el \u00e1rea de la gesti\u00f3n de los servicios de agua y saneamiento.<\/p>\n<p>Esto nos permitir\u00e1 identificar las barreras y oportunidades existentes para mejorar el acceso a tecnolog\u00edas del agua, especialmente para aquellos sectores de la poblaci\u00f3n que son el blanco principal de los ODM, los pobres y los sectores m\u00e1s vulnerables, en particular las mujeres (que suelen ser las responsables de la reproducci\u00f3n social del hogar). Al trabajar en estrecha colaboraci\u00f3n con las propias comunidades, as\u00ed como con las autoridades locales y otras autoridades competentes, esperamos facilitar un proceso de di\u00e1logo y cooperaci\u00f3n entre sectores que a menudo contin\u00faan trabajando de forma aislada (por ejemplo, autoridades de cuenca y administradores de SAS), lo cual es uno de los principales obst\u00e1culos para el \u00e9xito en este \u00e1mbito de pol\u00edtica.<\/p>\n<p>DESAFIO tambi\u00e9n fomentar\u00e1 nuestra capacidad para aprovechar las soluciones socio-t\u00e9cnicas apropiadas e innovadoras existentes y desarrollar nuevas soluciones para el suministro de servicios de agua y saneamiento seguros. Tambi\u00e9n facilitar\u00e1 la transferencia de tecnolog\u00edas y buenas pr\u00e1cticas y la elaboraci\u00f3n de recomendaciones sobre c\u00f3mo las soluciones socio-t\u00e9cnicas bajo consideraci\u00f3n puede ser apoyadas e implementadas en diferentes contextos socioecon\u00f3micos y culturales en Brasil, Am\u00e9rica Latina y otros pa\u00edses del sur.<\/p>\n","protected":false},"excerpt":{"rendered":"<p>Hip\u00f3tesis y Argumentos de Base DESAFIO parte del supuesto de que para enfrentar con \u00e9xito los desaf\u00edos que enfrentan Brasil y Am\u00e9rica Latina en general, con relaci\u00f3n a la universalizaci\u00f3n sostenible del acceso a servicios de agua y saneamiento seguros, se requiere de soluciones socio-t\u00e9cnicas fundamentalmente radicales, es decir, que atacan las ra\u00edces del problema. [&hellip;]<\/p>\n","protected":false},"author":1,"featured_media":0,"parent":0,"menu_order":0,"comment_status":"closed","ping_status":"open","template":"","meta":[],"_links":{"self":[{"href":"http:\/\/desafioglobal.org\/es\/wp-json\/wp\/v2\/pages\/20"}],"collection":[{"href":"http:\/\/desafioglobal.org\/es\/wp-json\/wp\/v2\/pages"}],"about":[{"href":"http:\/\/desafioglobal.org\/es\/wp-json\/wp\/v2\/types\/page"}],"author":[{"embeddable":true,"href":"http:\/\/desafioglobal.org\/es\/wp-json\/wp\/v2\/users\/1"}],"replies":[{"embeddable":true,"href":"http:\/\/desafioglobal.org\/es\/wp-json\/wp\/v2\/comments?post=20"}],"version-history":[{"count":11,"href":"http:\/\/desafioglobal.org\/es\/wp-json\/wp\/v2\/pages\/20\/revisions"}],"predecessor-version":[{"id":339,"href":"http:\/\/desafioglobal.org\/es\/wp-json\/wp\/v2\/pages\/20\/revisions\/339"}],"wp:attachment":[{"href":"http:\/\/desafioglobal.org\/es\/wp-json\/wp\/v2\/media?parent=20"}],"curies":[{"name":"wp","href":"https:\/\/api.w.org\/{rel}","templated":true}]}}